{"id":995,"date":"2025-03-15T21:08:06","date_gmt":"2025-03-15T21:08:06","guid":{"rendered":"https:\/\/keysdock.com\/?post_type=product&#038;p=995"},"modified":"2025-10-19T07:36:20","modified_gmt":"2025-10-19T07:36:20","slug":"avast-driver-updater-2025-1-uredjaj-1-godina-licenca","status":"publish","type":"product","link":"https:\/\/keysdock.tajnaveza.net\/hr\/proizvod\/avast-driver-updater-2025-1-uredjaj-1-godina-licenca\/","title":{"rendered":"Avast Driver Updater 2025 |1 ure\u0111aj - 1 godina|Key Licenca"},"content":{"rendered":"<p><strong>Kupi Avast Driver Updater 2025 licencu za 1 ure\u0111aj (1 godina) po najboljoj cijeni. Jednostavno a\u017eurirajte upravlja\u010dke programe.<\/strong><\/p>\n<h3><strong>Opis<\/strong><\/h3>\n<p>Avast Driver Updater je <strong>automatizirani alat za upravljanje voza\u010dem<\/strong> koji osigurava va\u0161 <strong>Ra\u010dunalne hardverske komponente i periferija<\/strong> uvijek tr\u010de s <strong>najnoviji i najstabilniji drajveri<\/strong>. To <strong>skenira, a\u017eurira i popravlja zastarjele, pokvarene ili nedostaju\u0107e upravlja\u010dke programe<\/strong>, sustav za pobolj\u0161anje <strong>performanse, stabilnost i sigurnost<\/strong>.<\/p>\n<p>s a <strong>velika baza podataka voza\u010da<\/strong> i <strong>a\u017euriranja u stvarnom vremenu<\/strong>, Avast Driver Updater poma\u017ee sprije\u010diti <strong>sukobi hardvera, pad sustava, zaostale performanse i problemi s kompatibilno\u0161\u0107u<\/strong>. Bilo da ste igra\u010d, profesionalac ili povremeni korisnik, ovaj alat jam\u010di <strong>optimalna u\u010dinkovitost sustava<\/strong>.<\/p>\n<h3><strong>Klju\u010dne zna\u010dajke<\/strong><\/h3>\n<p>\u2705 <strong>Automatsko skeniranje i a\u017euriranje upravlja\u010dkih programa<\/strong> \u2013 Identificira i a\u017eurira <strong>preko 25 milijuna voza\u010da<\/strong> za <strong>grafika, zvuk, mre\u017ea i periferija<\/strong>.<br \/>\n\u2705 <strong>Smanjuje padove i pogre\u0161ke sustava<\/strong> \u2013 Odr\u017eava voza\u010de a\u017euriranima, <strong>rje\u0161avanje problema koji uzrokuju usporavanje sustava, BSOD-ove i nestabilnost<\/strong>.<br \/>\n\u2705 <strong>Pobolj\u0161ava grafi\u010dke i igra\u0107e performanse<\/strong> \u2013 A\u017euriranja <strong>GPU upravlja\u010dki programi<\/strong> za <strong>bolji FPS, glatkije renderiranje i optimizirane performanse<\/strong>.<br \/>\n\u2705 <strong>Pobolj\u0161ava kvalitetu zvuka i zvuka<\/strong> \u2013 Osigurava <strong>\u010distiji zvuk, manje ispadanja zvuka i smanjeno izobli\u010denje<\/strong>.<br \/>\n\u2705 <strong>Pove\u0107ava stabilnost mre\u017ee i povezivanja<\/strong> \u2013 Popravci <strong>Problemi s upravlja\u010dkim programom za Wi-Fi, Bluetooth i Ethernet<\/strong> za vi\u0161e <strong>stabilna internetska veza<\/strong>.<br \/>\n\u2705 <strong>A\u017euriranje jednim klikom<\/strong> \u2013 A\u017eurira sve upravlja\u010dke programe s a <strong>jednim klikom<\/strong> radi prakti\u010dnosti.<br \/>\n\u2705 <strong>Sigurnosno kopiranje i vra\u0107anje upravlja\u010dkih programa<\/strong> \u2013 Automatski stvara <strong>to\u010dke vra\u0107anja<\/strong> prije a\u017euriranja, omogu\u0107uju\u0107i vam da <strong>roll back<\/strong> ako je potrebno.<br \/>\n\u2705 <strong>Pra\u0107enje voza\u010da u stvarnom vremenu<\/strong> \u2013 Otkriva <strong>zastarjeli upravlja\u010dki programi u stvarnom vremenu<\/strong> i upozorava vas na a\u017euriranja.<br \/>\n\u2705 <strong>Sigurni i WHQL certificirani upravlja\u010dki programi<\/strong> \u2013 <strong>Osigurava samo pouzdane voza\u010de<\/strong> instalirani su kako bi se sprije\u010dili problemi s kompatibilno\u0161\u0107u.<br \/>\n\u2705 <strong>Optimizirano za performanse sustava Windows<\/strong> \u2013 Sprje\u010dava <strong>usporavanje sustava, zamrzavanje i pogre\u0161ke povezane s upravlja\u010dkim programom<\/strong>.<\/p>\n<h3><strong>Minimalni sistemski zahtjevi<\/strong><\/h3>\n<ul>\n<li><strong>Procesor<\/strong>: 1 GHz ili br\u017ei<\/li>\n<li><strong>OVAN<\/strong>: minimalno 256 MB<\/li>\n<li><strong>Skladi\u0161tenje<\/strong>: 400 MB slobodnog prostora na disku<\/li>\n<li><strong>Operativni Sustavi<\/strong>: Windows 11, Windows 10, Windows 8.1, Windows 8, Windows 7 (SP1)<\/li>\n<li><strong>Internetska veza<\/strong>: Potrebno za a\u017euriranje upravlja\u010dkih programa i skeniranje<\/li>\n<\/ul>\n<h3><strong>Za\u0161to odabrati Avast Driver Updater?<\/strong><\/h3>\n<p>\ud83d\udd39 <strong>Automatizirano odr\u017eavanje upravlja\u010dkog programa<\/strong> \u2013 <strong>Skenira, a\u017eurira i popravlja upravlja\u010dke programe bez napora<\/strong>.<br \/>\n\ud83d\udd39 <strong>Pobolj\u0161ava performanse i stabilnost<\/strong> \u2013 Sprje\u010dava <strong>Padovi ra\u010dunala, usporavanja i kvarovi hardvera<\/strong>.<br \/>\n\ud83d\udd39 <strong>Bolje igranje i grafika<\/strong> \u2013 A\u017euriranja <strong>GPU upravlja\u010dki programi<\/strong> za <strong>glatko igranje i visokokvalitetni vizualni prikazi<\/strong>.<br \/>\n\ud83d\udd39 <strong>A\u017euriranja i vra\u0107anja jednim klikom<\/strong> \u2013 Lako <strong>vratiti prethodne verzije<\/strong> ako je potrebno.<br \/>\n\ud83d\udd39 <strong>Sigurni i provjereni voza\u010di<\/strong> \u2013 Samo preuzimanja <strong>slu\u017ebeni upravlja\u010dki programi s WHQL certifikatom<\/strong>.<\/p>\n<p>Nadogradite na <strong>Avast Driver Updater<\/strong> danas i <strong>iskusite br\u017ee, stabilnije ra\u010dunalo s boljim performansama<\/strong>! \ud83d\ude80\ud83d\udd27\ud83d\udcbb<\/p>","protected":false},"excerpt":{"rendered":"<p>Avast Driver Updater \u2013 Keep Your PC Running Smoothly with Updated Drivers Description Avast Driver Updater is an automated driver management tool that ensures your PC&#8217;s hardware components and peripherals are always running with the latest and most stable drivers. It scans, updates, and fixes outdated, broken, or missing drivers, enhancing system performance, stability, and [&hellip;]<\/p>","protected":false},"featured_media":1021,"comment_status":"open","ping_status":"closed","template":"","meta":{"_gspb_post_css":""},"product_brand":[],"product_cat":[76],"product_tag":[79],"class_list":{"0":"post-995","1":"product","2":"type-product","3":"status-publish","4":"has-post-thumbnail","6":"product_cat-antivirus","7":"product_tag-avast","9":"first","10":"instock","11":"shipping-taxable","12":"product-type-external"},"_links":{"self":[{"href":"https:\/\/keysdock.tajnaveza.net\/hr\/wp-json\/wp\/v2\/product\/995","targetHints":{"allow":["GET"]}}],"collection":[{"href":"https:\/\/keysdock.tajnaveza.net\/hr\/wp-json\/wp\/v2\/product"}],"about":[{"href":"https:\/\/keysdock.tajnaveza.net\/hr\/wp-json\/wp\/v2\/types\/product"}],"replies":[{"embeddable":true,"href":"https:\/\/keysdock.tajnaveza.net\/hr\/wp-json\/wp\/v2\/comments?post=995"}],"wp:featuredmedia":[{"embeddable":true,"href":"https:\/\/keysdock.tajnaveza.net\/hr\/wp-json\/wp\/v2\/media\/1021"}],"wp:attachment":[{"href":"https:\/\/keysdock.tajnaveza.net\/hr\/wp-json\/wp\/v2\/media?parent=995"}],"wp:term":[{"taxonomy":"product_brand","embeddable":true,"href":"https:\/\/keysdock.tajnaveza.net\/hr\/wp-json\/wp\/v2\/product_brand?post=995"},{"taxonomy":"product_cat","embeddable":true,"href":"https:\/\/keysdock.tajnaveza.net\/hr\/wp-json\/wp\/v2\/product_cat?post=995"},{"taxonomy":"product_tag","embeddable":true,"href":"https:\/\/keysdock.tajnaveza.net\/hr\/wp-json\/wp\/v2\/product_tag?post=995"}],"curies":[{"name":"wp","href":"https:\/\/api.w.org\/{rel}","templated":true}]}}