{"id":996,"date":"2025-03-15T21:08:06","date_gmt":"2025-03-15T21:08:06","guid":{"rendered":"https:\/\/keysdock.com\/?post_type=product&#038;p=996"},"modified":"2025-10-19T07:36:12","modified_gmt":"2025-10-19T07:36:12","slug":"avast-cleanup-premium-2025-1-uredjaj-1-godina-licenca","status":"publish","type":"product","link":"https:\/\/keysdock.tajnaveza.net\/hr\/proizvod\/avast-cleanup-premium-2025-1-uredjaj-1-godina-licenca\/","title":{"rendered":"Avast Cleanup Premium 2025 |1 ure\u0111aj - 1 godina|Key Licenca"},"content":{"rendered":"<p><strong>Avast Cleanup Premium \u2013 optimizirajte i ubrzajte svoje ra\u010dunalo bez napora<\/strong><\/p>\n<h3><strong>Opis<\/strong><\/h3>\n<p>Avast Cleanup Premium je <strong>napredni alat za optimizaciju ra\u010dunala<\/strong> dizajniran za <strong>o\u010distite ne\u017eeljene datoteke, pobolj\u0161ajte performanse i rije\u0161ite probleme<\/strong> koji usporavaju va\u0161e ra\u010dunalo. S <strong>automatizirano odr\u017eavanje, pra\u0107enje u stvarnom vremenu i mogu\u0107nosti dubinskog \u010di\u0161\u0107enja<\/strong>, poma\u017ee u odr\u017eavanju va\u0161eg <strong>Windows PC radi brzo, glatko i bez nereda<\/strong>.<\/p>\n<p>Uklanjanjem <strong>nepotrebne datoteke, zastarjele aplikacije i napuhanost registra<\/strong>, Avast Cleanup Premium <strong>produljuje trajanje baterije, smanjuje padove i pove\u0107ava ukupnu u\u010dinkovitost sustava<\/strong>.<\/p>\n<h3><strong>Klju\u010dne zna\u010dajke<\/strong><\/h3>\n<p>\u2705 <strong>\u010cista\u010d ne\u017eeljenih datoteka i predmemorije<\/strong> \u2013 <strong>Uklanja privremene datoteke, predmemorije preglednika i nered u sustavu<\/strong> da biste oslobodili prostor za pohranu.<br \/>\n\u2705 <strong>PC Speed Booster<\/strong> \u2013 <strong>Onemogu\u0107uje nepotrebne aplikacije za pokretanje, pozadinske procese i bloatware<\/strong> kako bi va\u0161e ra\u010dunalo radilo br\u017ee.<br \/>\n\u2705 <strong>Automatsko odr\u017eavanje<\/strong> \u2013 <strong>Redovito skenira i \u010disti<\/strong> sme\u0107e sustava, kola\u010di\u0107e za pra\u0107enje i neispravne stavke registra.<br \/>\n\u2705 <strong>Na\u010din mirovanja za aplikacije<\/strong> \u2013 <strong>Pauzira neiskori\u0161tene programe<\/strong> za pobolj\u0161anje performansi bez njihovog deinstaliranja.<br \/>\n\u2705 <strong>\u010cista\u010d registra<\/strong> \u2013 <strong>Popravlja pokvarene ili o\u0161te\u0107ene unose registra<\/strong> za smanjenje padova i gre\u0161aka u sustavu.<br \/>\n\u2705 <strong>Deinstalacija za Bloatware<\/strong> \u2013 <strong>Otkriva i uklanja ne\u017eeljene programe, alatne trake i unaprijed instalirani softver<\/strong>.<br \/>\n\u2705 <strong>\u010cista\u010d pre\u010daca<\/strong> \u2013 <strong>Bri\u0161e pokvarene pre\u010dace na radnoj povr\u0161ini<\/strong> i zastarjelih unosa sustava.<br \/>\n\u2705 <strong>Defragmentacija i optimizacija diska<\/strong> \u2013 <strong>Optimizira smje\u0161taj datoteke<\/strong> za br\u017eu reakciju sustava.<br \/>\n\u2705 <strong>Produ\u017eiva\u010d trajanja baterije<\/strong> \u2013 <strong>Optimizira potro\u0161nju energije<\/strong> za dulje trajanje baterije laptopa.<br \/>\n\u2705 <strong>A\u017euriranja i upozorenja u stvarnom vremenu<\/strong> \u2013 <strong>Prati performanse sustava<\/strong> i <strong>obavje\u0161tava vas o mogu\u0107im problemima<\/strong>.<\/p>\n<h3><strong>Minimalni sistemski zahtjevi<\/strong><\/h3>\n<ul>\n<li><strong>Procesor<\/strong>: 1 GHz ili br\u017ei<\/li>\n<li><strong>OVAN<\/strong>: minimalno 256 MB<\/li>\n<li><strong>Skladi\u0161tenje<\/strong>: 2 GB dostupnog prostora na disku<\/li>\n<li><strong>Operativni Sustavi<\/strong>: Windows 11, Windows 10, Windows 8.1, Windows 8, Windows 7 (SP1)<\/li>\n<li><strong>Internetska veza<\/strong>: Potrebno za aktivaciju, a\u017euriranja i skeniranje u oblaku<\/li>\n<\/ul>\n<h3><strong>Za\u0161to odabrati Avast Cleanup Premium?<\/strong><\/h3>\n<p>\ud83d\udd39 <strong>Pove\u0107ava brzinu i performanse ra\u010dunala<\/strong> \u2013 <strong>Optimizira resurse sustava<\/strong> za br\u017ee ra\u010dunalno iskustvo.<br \/>\n\ud83d\udd39 <strong>Osloba\u0111a prostor na disku<\/strong> \u2013 <strong>Uklanja ne\u017eeljene datoteke, predmemorije i stare zapisnike sustava<\/strong> za povrat pohrane.<br \/>\n\ud83d\udd39 <strong>Rje\u0161ava uobi\u010dajene probleme sa sustavom Windows<\/strong> \u2013 <strong>Popravlja pogre\u0161ke registra, neispravne pre\u010dace i probleme s bloatwareom<\/strong>.<br \/>\n\ud83d\udd39 <strong>Pove\u0107ava trajanje baterije<\/strong> \u2013 <strong>Optimizira potro\u0161nju energije za produ\u017eeni rad baterije prijenosnog ra\u010dunala<\/strong>.<br \/>\n\ud83d\udd39 <strong>Sigurno i automatizirano odr\u017eavanje<\/strong> \u2013 <strong>Pokre\u0107e zadatke automatskog \u010di\u0161\u0107enja<\/strong> bez prekidanja va\u0161eg tijeka rada.<\/p>\n<p>Nadogradite na <strong>Avast Cleanup Premium<\/strong> danas i <strong>u\u017eivajte u br\u017eem, osjetljivijem ra\u010dunalu bez nereda<\/strong>! \ud83d\ude80\ud83d\udee0\ufe0f\ud83d\udcbb<\/p>","protected":false},"excerpt":{"rendered":"<p>Avast Cleanup Premium \u2013 Optimize &amp; Speed Up Your PC Effortlessly Description Avast Cleanup Premium is an advanced PC optimization tool designed to clean up junk files, boost performance, and fix issues that slow down your computer. With automated maintenance, real-time monitoring, and deep cleaning capabilities, it helps keep your Windows PC running fast, smooth, [&hellip;]<\/p>","protected":false},"featured_media":1022,"comment_status":"open","ping_status":"closed","template":"","meta":{"_gspb_post_css":""},"product_brand":[],"product_cat":[76],"product_tag":[79],"class_list":{"0":"post-996","1":"product","2":"type-product","3":"status-publish","4":"has-post-thumbnail","6":"product_cat-antivirus","7":"product_tag-avast","9":"first","10":"instock","11":"shipping-taxable","12":"product-type-external"},"_links":{"self":[{"href":"https:\/\/keysdock.tajnaveza.net\/hr\/wp-json\/wp\/v2\/product\/996","targetHints":{"allow":["GET"]}}],"collection":[{"href":"https:\/\/keysdock.tajnaveza.net\/hr\/wp-json\/wp\/v2\/product"}],"about":[{"href":"https:\/\/keysdock.tajnaveza.net\/hr\/wp-json\/wp\/v2\/types\/product"}],"replies":[{"embeddable":true,"href":"https:\/\/keysdock.tajnaveza.net\/hr\/wp-json\/wp\/v2\/comments?post=996"}],"wp:featuredmedia":[{"embeddable":true,"href":"https:\/\/keysdock.tajnaveza.net\/hr\/wp-json\/wp\/v2\/media\/1022"}],"wp:attachment":[{"href":"https:\/\/keysdock.tajnaveza.net\/hr\/wp-json\/wp\/v2\/media?parent=996"}],"wp:term":[{"taxonomy":"product_brand","embeddable":true,"href":"https:\/\/keysdock.tajnaveza.net\/hr\/wp-json\/wp\/v2\/product_brand?post=996"},{"taxonomy":"product_cat","embeddable":true,"href":"https:\/\/keysdock.tajnaveza.net\/hr\/wp-json\/wp\/v2\/product_cat?post=996"},{"taxonomy":"product_tag","embeddable":true,"href":"https:\/\/keysdock.tajnaveza.net\/hr\/wp-json\/wp\/v2\/product_tag?post=996"}],"curies":[{"name":"wp","href":"https:\/\/api.w.org\/{rel}","templated":true}]}}