{"id":997,"date":"2025-03-15T21:08:06","date_gmt":"2025-03-15T21:08:06","guid":{"rendered":"https:\/\/keysdock.com\/?post_type=product&#038;p=997"},"modified":"2025-10-19T07:35:54","modified_gmt":"2025-10-19T07:35:54","slug":"bitdefender-total-security-2025-5-uredaja-1-godina-licenca","status":"publish","type":"product","link":"https:\/\/keysdock.tajnaveza.net\/hr\/proizvod\/bitdefender-total-security-2025-5-uredaja-1-godina-licenca\/","title":{"rendered":"BitDefender Total Security 2025 |5 ure\u0111aja - 1 godina|Key Licenca"},"content":{"rendered":"<p><strong>Kupi BitDefender Total Security 2025 licencu za 5 ure\u0111aja (1 godina) po najboljoj cijeni. Sveobuhvatna za\u0161tita.<\/strong><\/p>\n<h3><strong>Opis<\/strong><\/h3>\n<p>Bitdefender Total Security je <strong>napredno, vi\u0161eslojno rje\u0161enje za kiberneti\u010dku sigurnost<\/strong> dizajniran za <strong>za\u0161titite svoje ure\u0111aje od virusa, malwarea, ransomwarea, phishinga i online prijetnji<\/strong>. S <strong>podr\u0161ka za vi\u0161e platformi<\/strong>, osigurava <strong>Windows, macOS, Android i iOS<\/strong> ure\u0111aja, osiguravanje <strong>potpuna privatnost, za\u0161tita identiteta i optimizacija performansi<\/strong>.<\/p>\n<p>Opremljen sa <strong>Otkrivanje prijetnji koje pokre\u0107e AI, sigurnost u stvarnom vremenu i ugra\u0111eni VPN<\/strong>, donosi Bitdefender Total Security <strong>kiberneti\u010dka sigurnost sljede\u0107e razine bez ugro\u017eavanja brzine ili upotrebljivosti<\/strong>.<\/p>\n<h3><strong>Klju\u010dne zna\u010dajke<\/strong><\/h3>\n<p>\u2705 <strong>Vi\u0161eslojna za\u0161tita<\/strong> \u2013 Detekcijski blokovi vo\u0111eni umjetnom inteligencijom <strong>malware, ransomware, spyware i rootkit programi<\/strong> prije nego \u0161to mogu zaraziti va\u0161 ure\u0111aj.<br \/>\n\u2705 <strong>Sigurnost na vi\u0161e platformi<\/strong> \u2013 Radi dalje <strong>Windows, macOS, Android i iOS<\/strong>, nude\u0107i potpunu za\u0161titu na svim ure\u0111ajima.<br \/>\n\u2705 <strong>Napredna za\u0161tita od ransomwarea<\/strong> \u2013 Sprje\u010dava <strong>neovla\u0161teno \u0161ifriranje datoteka<\/strong> s pra\u0107enjem pona\u0161anja u stvarnom vremenu.<br \/>\n\u2705 <strong>Web za\u0161tita i za\u0161tita od kra\u0111e identiteta<\/strong> \u2013 Blokovi <strong>opasne web stranice, prijevare i la\u017ene bankovne stranice<\/strong>.<br \/>\n\u2705 <strong>Ugra\u0111eni VPN (200MB\/dan)<\/strong> \u2013 <strong>\u0160ifrira internetski promet<\/strong> za anonimno i sigurno pregledavanje.<br \/>\n\u2705 <strong>Roditeljski nadzor<\/strong> \u2013 Pratite i ograni\u010dite vrijeme ispred ekrana, pratite online aktivnosti va\u0161eg djeteta i filtrirajte neprikladan sadr\u017eaj.<br \/>\n\u2705 <strong>Za\u0161tita od kra\u0111e i pra\u0107enje ure\u0111aja<\/strong> \u2013 Locirajte, zaklju\u010dajte ili daljinski obri\u0161ite izgubljene ili ukradene ure\u0111aje.<br \/>\n\u2705 <strong>Vatrozid i mre\u017ena za\u0161tita<\/strong> \u2013 Sprje\u010dava neovla\u0161teni pristup va\u0161em sustavu i osigurava javne Wi-Fi veze.<br \/>\n\u2705 <strong>Za\u0161tita web kamere i mikrofona<\/strong> \u2013 Blokovi <strong>neovla\u0161teni pristup<\/strong> svojoj kameri i mikrofonu radi privatnosti.<br \/>\n\u2705 <strong>Na\u010din rada autopilota<\/strong> \u2013 Vo\u0111en umjetnom inteligencijom <strong>automatsko otkrivanje i rje\u0161avanje prijetnji<\/strong> bez intervencije korisnika.<br \/>\n\u2705 <strong>Minimalni utjecaj na sustav<\/strong> \u2013 Optimiziran za brzinu i izvedbu, osiguravaju\u0107i glatki rad ure\u0111aja.<br \/>\n\u2705 <strong>Password Manager<\/strong> \u2013 Sigurno pohranite i automatski popunite vjerodajnice za online ra\u010dune.<\/p>\n<h3><strong>Minimalni sistemski zahtjevi<\/strong><\/h3>\n<h4><strong>Windows<\/strong><\/h4>\n<ul>\n<li><strong>Procesor<\/strong>: Dvojezgreni 1,6 GHz ili br\u017ei<\/li>\n<li><strong>OVAN<\/strong>: najmanje 2 GB<\/li>\n<li><strong>Skladi\u0161tenje<\/strong>: 2,5 GB slobodnog prostora na disku<\/li>\n<li><strong>Operativni Sustavi<\/strong>: Windows 11, Windows 10, Windows 8.1, Windows 7 (SP1)<\/li>\n<li><strong>Internetska veza<\/strong>: Potrebno za aktivaciju i a\u017euriranja<\/li>\n<\/ul>\n<h4><strong>macOS<\/strong><\/h4>\n<ul>\n<li><strong>Procesor<\/strong>: Mac temeljen na Intelu ili Apple Silicon (M1\/M2)<\/li>\n<li><strong>OVAN<\/strong>: najmanje 2 GB<\/li>\n<li><strong>Skladi\u0161tenje<\/strong>: 1 GB dostupnog prostora na disku<\/li>\n<li><strong>Operativni Sustavi<\/strong>: macOS 10.10 (Yosemite) ili noviji<\/li>\n<\/ul>\n<h4><strong>Android<\/strong><\/h4>\n<ul>\n<li><strong>Operativni Sustavi<\/strong>: Android 5.0 ili noviji<\/li>\n<li><strong>Internetska veza<\/strong>: Potrebno za aktivaciju i za\u0161titu u stvarnom vremenu<\/li>\n<\/ul>\n<h4><strong>iOS (ograni\u010dene zna\u010dajke)<\/strong><\/h4>\n<ul>\n<li><strong>Operativni Sustavi<\/strong>: iOS 12.0 ili noviji<\/li>\n<li><strong>Dostupne zna\u010dajke<\/strong>: Web za\u0161tita, za\u0161tita od kra\u0111e, VPN i pra\u0107enje privatnosti ra\u010duna<\/li>\n<\/ul>\n<h3><strong>Za\u0161to odabrati Bitdefender Total Security?<\/strong><\/h3>\n<p>\ud83d\udd39 <strong>Za\u0161tita sve u jednom<\/strong> \u2013 Sigurno <strong>Ra\u010dunala, Macovi, pametni telefoni i tableti<\/strong> uz jednu pretplatu.<br \/>\n\ud83d\udd39 <strong>Sigurnost koju pokre\u0107e AI<\/strong> \u2013 Za\u0161tita u stvarnom vremenu sa <strong>otkrivanje bihevioralnih prijetnji<\/strong>.<br \/>\n\ud83d\udd39 <strong>Privatnost i online sigurnost<\/strong> \u2013 <strong>Za\u0161tita VPN-a, web kamere i mikrofona<\/strong> za potpunu privatnost.<br \/>\n\ud83d\udd39 <strong>Roditeljski nadzor i za\u0161tita od kra\u0111e<\/strong> \u2013 \u010cuvajte svoju djecu i ure\u0111aje <strong>siguran od online opasnosti<\/strong>.<br \/>\n\ud83d\udd39 <strong>Minimalni utjecaj na sustav<\/strong> \u2013 <strong>Optimizirano za brzinu<\/strong> bez usporavanja va\u0161ih ure\u0111aja.<\/p>\n<p>Nadogradite na <strong>Bitdefender potpuna sigurnost<\/strong> danas za <strong>potpuna digitalna za\u0161tita i privatnost na svim va\u0161im ure\u0111ajima<\/strong>! \ud83d\ude80\ud83d\udee1\ufe0f\ud83d\udd12<\/p>","protected":false},"excerpt":{"rendered":"<p>Bitdefender Total Security \u2013 All-in-One Protection for Your Digital Life Description Bitdefender Total Security is an advanced, multi-layered cybersecurity solution designed to protect your devices from viruses, malware, ransomware, phishing, and online threats. With cross-platform support, it secures Windows, macOS, Android, and iOS devices, ensuring complete privacy, identity protection, and performance optimization. Equipped with AI-powered [&hellip;]<\/p>","protected":false},"featured_media":1023,"comment_status":"open","ping_status":"closed","template":"","meta":{"_gspb_post_css":""},"product_brand":[],"product_cat":[76],"product_tag":[80],"class_list":{"0":"post-997","1":"product","2":"type-product","3":"status-publish","4":"has-post-thumbnail","6":"product_cat-antivirus","7":"product_tag-bitdefender","9":"first","10":"instock","11":"shipping-taxable","12":"product-type-external"},"_links":{"self":[{"href":"https:\/\/keysdock.tajnaveza.net\/hr\/wp-json\/wp\/v2\/product\/997","targetHints":{"allow":["GET"]}}],"collection":[{"href":"https:\/\/keysdock.tajnaveza.net\/hr\/wp-json\/wp\/v2\/product"}],"about":[{"href":"https:\/\/keysdock.tajnaveza.net\/hr\/wp-json\/wp\/v2\/types\/product"}],"replies":[{"embeddable":true,"href":"https:\/\/keysdock.tajnaveza.net\/hr\/wp-json\/wp\/v2\/comments?post=997"}],"wp:featuredmedia":[{"embeddable":true,"href":"https:\/\/keysdock.tajnaveza.net\/hr\/wp-json\/wp\/v2\/media\/1023"}],"wp:attachment":[{"href":"https:\/\/keysdock.tajnaveza.net\/hr\/wp-json\/wp\/v2\/media?parent=997"}],"wp:term":[{"taxonomy":"product_brand","embeddable":true,"href":"https:\/\/keysdock.tajnaveza.net\/hr\/wp-json\/wp\/v2\/product_brand?post=997"},{"taxonomy":"product_cat","embeddable":true,"href":"https:\/\/keysdock.tajnaveza.net\/hr\/wp-json\/wp\/v2\/product_cat?post=997"},{"taxonomy":"product_tag","embeddable":true,"href":"https:\/\/keysdock.tajnaveza.net\/hr\/wp-json\/wp\/v2\/product_tag?post=997"}],"curies":[{"name":"wp","href":"https:\/\/api.w.org\/{rel}","templated":true}]}}