{"id":998,"date":"2025-03-15T21:08:06","date_gmt":"2025-03-15T21:08:06","guid":{"rendered":"https:\/\/keysdock.com\/?post_type=product&#038;p=998"},"modified":"2026-02-16T05:49:37","modified_gmt":"2026-02-16T05:49:37","slug":"bitdefender-antivirus-plus-2025-1-uredjaj-1-godina-licenca","status":"publish","type":"product","link":"https:\/\/keysdock.tajnaveza.net\/hr\/proizvod\/bitdefender-antivirus-plus-2025-1-uredjaj-1-godina-licenca\/","title":{"rendered":"BitDefender Antivirus Plus 2025 |1 ure\u0111aj - 1 godina|Key Licenca"},"content":{"rendered":"<p><strong>Kupi BitDefender Antivirus Plus 2025 licencu za 1 ure\u0111aj (1 godina) po najboljoj cijeni. Osnovna za\u0161tita.<\/strong><\/p>\n<h3><strong>Opis<\/strong><\/h3>\n<p>Bitdefender Antivirus Plus je <strong>lagano, sna\u017eno sigurnosno rje\u0161enje koje pokre\u0107e umjetna inteligencija<\/strong> dizajniran za <strong>Windows korisnici<\/strong> koji trebaju <strong>za\u0161tita u stvarnom vremenu od virusa, malwarea, ransomwarea, phishinga i online prijetnji<\/strong>. Nudi se <strong>napredne zna\u010dajke kiberneti\u010dke sigurnosti<\/strong>, uklju\u010duju\u0107i <strong>vi\u0161eslojnu za\u0161titu od ransomwarea, siguran VPN i alate protiv kra\u0111e identiteta<\/strong>, sve uz osiguravanje <strong>minimalan utjecaj na performanse sustava<\/strong>.<\/p>\n<p>S <strong>automatsko otkrivanje prijetnji i pobolj\u0161ana web sigurnost<\/strong>, Bitdefender Antivirus Plus savr\u0161en je za <strong>svakodnevnim korisnicima<\/strong> koji \u017eele a <strong>brzo, sigurno i bezbri\u017eno<\/strong> ra\u010dunalno iskustvo.<\/p>\n<h3><strong>Klju\u010dne zna\u010dajke<\/strong><\/h3>\n<p>\u2705 <strong>Otkrivanje prijetnji u stvarnom vremenu<\/strong> \u2013 Blokovi <strong>virusi, trojanci, spyware i napredni malware<\/strong> prije nego \u0161to mogu zaraziti va\u0161 sustav.<br \/>\n\u2705 <strong>Napredna za\u0161tita od ransomwarea<\/strong> \u2013 Vi\u0161eslojna obrana sprje\u010dava <strong>enkripcija datoteka i napadi ransomwarea<\/strong>.<br \/>\n\u2705 <strong>Web za\u0161tita i za\u0161tita od kra\u0111e identiteta<\/strong> \u2013 Blokovi <strong>la\u017ene bankovne stranice, phishing prijevare i online prijevare<\/strong>.<br \/>\n\u2705 <strong>Bitdefender VPN (200MB\/dan)<\/strong> \u2013 \u0160ifrira va\u0161 internet promet za <strong>sigurno i privatno pregledavanje<\/strong>.<br \/>\n\u2705 <strong>Anti-Tracker<\/strong> \u2013 Sprje\u010dava web stranice da prate va\u0161e pona\u0161anje pregledavanja i prikupljaju osobne podatke.<br \/>\n\u2705 <strong>Sigurnost internetskog bankarstva (Safepay\u2122)<\/strong> \u2013 \u0160titi <strong>financijske transakcije i online kupnja<\/strong> od cyber prijetnji.<br \/>\n\u2705 <strong>Na\u010din spa\u0161avanja<\/strong> \u2013 Eliminira <strong>tvrdokorni malware, rootkit i infekcije sektora za pokretanje<\/strong> pokretanjem sigurnog skeniranja prije pokretanja sustava.<br \/>\n\u2705 <strong>Autopilot i sigurnost pomo\u0107u umjetne inteligencije<\/strong> \u2013 Automatski <strong>detektira i neutralizira<\/strong> sigurnosne prijetnje bez ru\u010dne intervencije.<br \/>\n\u2705 <strong>Minimalni utjecaj na sustav<\/strong> \u2013 <strong>Optimiziran za brzinu i performanse<\/strong>, osiguravaju\u0107i bez usporavanja tijekom igranja ili multitaskinga.<br \/>\n\u2705 <strong>Vi\u0161eslojna obrana od zlonamjernog softvera<\/strong> \u2013 Koristi <strong>heuristi\u010dka analiza, skeniranje temeljeno na oblaku i otkrivanje pona\u0161anja<\/strong> zaustaviti prijetnje nultog dana.<br \/>\n\u2705 <strong>Password Manager<\/strong> \u2013 Sigurno pohranjivanje i automatsko popunjavanje <strong>vjerodajnice za prijavu<\/strong> za sve va\u0161e ra\u010dune.<br \/>\n\u2705 <strong>Skener ranjivosti<\/strong> \u2013 Otkriva <strong>zastarjeli softver, slabe lozinke i ranjivosti sustava<\/strong> prije nego postanu sigurnosni rizici.<\/p>\n<h3><strong>Minimalni sistemski zahtjevi<\/strong><\/h3>\n<ul>\n<li><strong>Procesor<\/strong>: Dvojezgreni 1,6 GHz ili br\u017ei<\/li>\n<li><strong>OVAN<\/strong>: najmanje 2 GB<\/li>\n<li><strong>Skladi\u0161tenje<\/strong>: 2,5 GB dostupnog prostora na disku<\/li>\n<li><strong>Operativni Sustavi<\/strong>: Windows 11, Windows 10, Windows 8.1, Windows 7 (SP1)<\/li>\n<li><strong>Internetska veza<\/strong>: Potrebno za aktivaciju, a\u017euriranja i skeniranje u oblaku<\/li>\n<\/ul>\n<h3><strong>Za\u0161to odabrati Bitdefender Antivirus Plus?<\/strong><\/h3>\n<p>\ud83d\udd39 <strong>Osnovna za\u0161tita za Windows<\/strong> \u2013 Brani od <strong>virusi, spyware, ransomware i online prijetnje<\/strong>.<br \/>\n\ud83d\udd39 <strong>Ultra brze performanse<\/strong> \u2013 <strong>Lagani sigurnosni motor<\/strong> to ne\u0107e usporiti va\u0161e ra\u010dunalo.<br \/>\n\ud83d\udd39 <strong>Sigurne online transakcije<\/strong> \u2013 <strong>Safepay\u2122 i za\u0161tita od kra\u0111e identiteta<\/strong> alati \u0161tite bankarske i kupovne sesije.<br \/>\n\ud83d\udd39 <strong>VPN za sigurno pregledavanje<\/strong> \u2013 Pregledajte <strong>anonimno<\/strong> s <strong>Bitdefender VPN (200MB\/dan uklju\u010deno)<\/strong>.<br \/>\n\ud83d\udd39 <strong>Postavi i zaboravi sigurnost<\/strong> \u2013 <strong>Automatski na\u010din rada autopilota<\/strong> optimizira sigurnosne postavke za za\u0161titu bez muke.<\/p>\n<p>Nadogradite na <strong>Bitdefender Antivirus Plus<\/strong> danas i <strong>iskusite brzu, inteligentnu i pouzdanu za\u0161titu za svoje Windows ra\u010dunalo<\/strong>! \ud83d\ude80\ud83d\udee1\ufe0f\ud83d\udd12<\/p>","protected":false},"excerpt":{"rendered":"<p>Bitdefender Antivirus Plus \u2013 Essential Protection for Windows PCs Description Bitdefender Antivirus Plus is a lightweight, powerful, and AI-driven security solution designed for Windows users who need real-time protection against viruses, malware, ransomware, phishing, and online threats. It offers advanced cybersecurity features, including multi-layered ransomware protection, a secure VPN, and anti-phishing tools, all while ensuring [&hellip;]<\/p>","protected":false},"featured_media":1024,"comment_status":"open","ping_status":"closed","template":"","meta":{"_gspb_post_css":""},"product_brand":[],"product_cat":[76],"product_tag":[80],"class_list":{"0":"post-998","1":"product","2":"type-product","3":"status-publish","4":"has-post-thumbnail","6":"product_cat-antivirus","7":"product_tag-bitdefender","9":"first","10":"instock","11":"shipping-taxable","12":"product-type-external"},"_links":{"self":[{"href":"https:\/\/keysdock.tajnaveza.net\/hr\/wp-json\/wp\/v2\/product\/998","targetHints":{"allow":["GET"]}}],"collection":[{"href":"https:\/\/keysdock.tajnaveza.net\/hr\/wp-json\/wp\/v2\/product"}],"about":[{"href":"https:\/\/keysdock.tajnaveza.net\/hr\/wp-json\/wp\/v2\/types\/product"}],"replies":[{"embeddable":true,"href":"https:\/\/keysdock.tajnaveza.net\/hr\/wp-json\/wp\/v2\/comments?post=998"}],"wp:featuredmedia":[{"embeddable":true,"href":"https:\/\/keysdock.tajnaveza.net\/hr\/wp-json\/wp\/v2\/media\/1024"}],"wp:attachment":[{"href":"https:\/\/keysdock.tajnaveza.net\/hr\/wp-json\/wp\/v2\/media?parent=998"}],"wp:term":[{"taxonomy":"product_brand","embeddable":true,"href":"https:\/\/keysdock.tajnaveza.net\/hr\/wp-json\/wp\/v2\/product_brand?post=998"},{"taxonomy":"product_cat","embeddable":true,"href":"https:\/\/keysdock.tajnaveza.net\/hr\/wp-json\/wp\/v2\/product_cat?post=998"},{"taxonomy":"product_tag","embeddable":true,"href":"https:\/\/keysdock.tajnaveza.net\/hr\/wp-json\/wp\/v2\/product_tag?post=998"}],"curies":[{"name":"wp","href":"https:\/\/api.w.org\/{rel}","templated":true}]}}