{"id":999,"date":"2025-03-15T21:08:06","date_gmt":"2025-03-15T21:08:06","guid":{"rendered":"https:\/\/keysdock.com\/?post_type=product&#038;p=999"},"modified":"2025-10-19T07:35:35","modified_gmt":"2025-10-19T07:35:35","slug":"bitdefender-internet-security-2025-1-uredjaj-1-godina-licenca","status":"publish","type":"product","link":"https:\/\/keysdock.tajnaveza.net\/hr\/proizvod\/bitdefender-internet-security-2025-1-uredjaj-1-godina-licenca\/","title":{"rendered":"BitDefender Internet Security 2025 |1 ure\u0111aj - 1 godina|Key Licenca"},"content":{"rendered":"<p><strong>Kupi BitDefender Internet Security 2025 licencu za 1 ure\u0111aj (1 godina) po najboljoj cijeni. Sigurno na mre\u017ei.<\/strong><\/p>\n<h3><strong>Opis<\/strong><\/h3>\n<p>Bitdefender Internet Security je <strong>napredno sigurnosno rje\u0161enje<\/strong> dizajniran posebno za <strong>Windows korisnici<\/strong> koji trebaju <strong>pobolj\u0161ana za\u0161tita od online prijetnji, virusa, ransomwarea, kra\u0111e identiteta i cyber napada<\/strong>. S <strong>vi\u0161eslojnu sigurnost, ugra\u0111eni vatrozid i zna\u010dajke usmjerene na privatnost<\/strong>, pru\u017ea a <strong>brzo, sigurno i bezbri\u017eno digitalno iskustvo<\/strong>.<\/p>\n<p>Ovo izdanje <strong>nadilazi tradicionalnu antivirusnu za\u0161titu<\/strong> uklju\u010divanjem a <strong>siguran vatrozid, anti-tracker, za\u0161tita web kamere i mikrofona i roditeljski nadzor<\/strong>, \u0161to ga \u010dini izvrsnim izborom za <strong>osobnim i poslovnim korisnicima<\/strong>.<\/p>\n<h3><strong>Klju\u010dne zna\u010dajke<\/strong><\/h3>\n<p>\u2705 <strong>Za\u0161tita od zlonamjernog softvera i virusa u stvarnom vremenu<\/strong> \u2013 Koristi <strong>Sigurnost koju pokre\u0107e AI<\/strong> otkriti i ukloniti <strong>viruse, trojance, spyware i rootkite<\/strong> prije nego \u0161to mogu uzrokovati \u0161tetu.<br \/>\n\u2705 <strong>Vi\u0161eslojna za\u0161tita od ransomwarea<\/strong> \u2013 Zastaje <strong>ransomware napadi<\/strong> i <strong>sprje\u010dava \u0161ifriranje osobnih datoteka<\/strong>.<br \/>\n\u2705 <strong>Dvosmjerni vatrozid<\/strong> \u2013 <strong>Prati mre\u017eni promet<\/strong> za blokiranje neovla\u0161tenog pristupa i sprje\u010davanje poku\u0161aja hakiranja.<br \/>\n\u2705 <strong>Za\u0161tita web kamere i mikrofona<\/strong> \u2013 <strong>Sprje\u010dava neovla\u0161teni pristup<\/strong> na va\u0161u kameru i mikrofon, \u0161tite\u0107i va\u0161u privatnost.<br \/>\n\u2705 <strong>Sigurno internetsko bankarstvo i kupnja (Safepay\u2122)<\/strong> \u2013 <strong>\u0160ifrirani preglednik<\/strong> za sigurne financijske transakcije.<br \/>\n\u2705 <strong>Anti-phishing i web za\u0161tita<\/strong> \u2013 Blokovi <strong>la\u017ene web stranice, internetske prijevare i la\u017ene bankarske stranice<\/strong>.<br \/>\n\u2705 <strong>Bitdefender VPN (200MB\/dan)<\/strong> \u2013 \u0160ifrira va\u0161e <strong>internetski promet<\/strong> kako bi pregledavanje bilo sigurno i privatno.<br \/>\n\u2705 <strong>Za\u0161tita od ne\u017eeljene po\u0161te i e-po\u0161te<\/strong> \u2013 \u0160titi od <strong>zlonamjerne privitke e-po\u0161te, phishing prijevare i ne\u017eeljenu po\u0161tu<\/strong>.<br \/>\n\u2705 <strong>Roditeljski nadzor<\/strong> \u2013 Omogu\u0107uje vam da <strong>postaviti ograni\u010denja vremena kori\u0161tenja, blokirati neprikladan sadr\u017eaj i pratiti online aktivnosti<\/strong>.<br \/>\n\u2705 <strong>Wi-Fi sigurnosni savjetnik<\/strong> \u2013 Skenira <strong>Wi-Fi mre\u017ee<\/strong> za ranjivosti i upozorava vas na mogu\u0107e rizike.<br \/>\n\u2705 <strong>Napredna obrana od prijetnji<\/strong> \u2013 Koristi <strong>otkrivanje pona\u0161anja<\/strong> identificirati i blokirati <strong>napadi nultog dana<\/strong> prije nego \u0161to mogu na\u0161tetiti va\u0161em sustavu.<br \/>\n\u2705 <strong>Minimalni utjecaj na sustav<\/strong> \u2013 Dizajniran za <strong>brza izvedba<\/strong>, osiguravaju\u0107i bez usporavanja tijekom igranja ili multitaskinga.<\/p>\n<h3><strong>Minimalni sistemski zahtjevi<\/strong><\/h3>\n<ul>\n<li><strong>Procesor<\/strong>: Dvojezgreni 1,6 GHz ili br\u017ei<\/li>\n<li><strong>OVAN<\/strong>: najmanje 2 GB<\/li>\n<li><strong>Skladi\u0161tenje<\/strong>: 2,5 GB dostupnog prostora na disku<\/li>\n<li><strong>Operativni Sustavi<\/strong>: Windows 11, Windows 10, Windows 8.1, Windows 7 (SP1)<\/li>\n<li><strong>Internetska veza<\/strong>: Potrebno za aktivaciju, a\u017euriranja i skeniranje u oblaku<\/li>\n<\/ul>\n<h3><strong>Za\u0161to odabrati Bitdefender Internet Security?<\/strong><\/h3>\n<p>\ud83d\udd39 <strong>Sveobuhvatna za\u0161tita<\/strong> \u2013 <strong>\u0160titi od zlonamjernog softvera, ransomwarea i cyber prijetnji<\/strong> s naprednim sigurnosnim slojevima.<br \/>\n\ud83d\udd39 <strong>Sigurne online transakcije<\/strong> \u2013 <strong>Safepay\u2122 i alati protiv kra\u0111e identiteta<\/strong> za\u0161titite internetsko bankarstvo i kupnju.<br \/>\n\ud83d\udd39 <strong>Vatrozid i za\u0161tita privatnosti<\/strong> \u2013 Sprje\u010dava <strong>poku\u0161aja hakiranja i neovla\u0161tenog pristupa<\/strong> na osobne podatke.<br \/>\n\ud83d\udd39 <strong>Sigurnost web kamere i mikrofona<\/strong> \u2013 <strong>Blokira \u0161pijunski softver od tajnog pristupa va\u0161oj kameri i mikrofonu<\/strong>.<br \/>\n\ud83d\udd39 <strong>Roditeljski nadzor i za\u0161tita od ne\u017eeljene po\u0161te<\/strong> \u2013 \u010cuva va\u0161u obitelj i pristiglu po\u0161tu <strong>siguran od online prijetnji<\/strong>.<\/p>\n<p>Nadogradite na <strong>Bitdefender internetska sigurnost<\/strong> danas i u\u017eivajte <strong>sigurno, privatno i munjevito Windows iskustvo<\/strong>! \ud83d\ude80\ud83d\udee1\ufe0f\ud83d\udd12<\/p>","protected":false},"excerpt":{"rendered":"<p>Bitdefender Internet Security \u2013 Advanced Protection for Windows PCs Description Bitdefender Internet Security is an advanced security solution designed specifically for Windows users who need enhanced protection against online threats, viruses, ransomware, phishing, and cyber attacks. With multi-layered security, a built-in firewall, and privacy-focused features, it provides a fast, secure, and worry-free digital experience. This [&hellip;]<\/p>","protected":false},"featured_media":1025,"comment_status":"open","ping_status":"closed","template":"","meta":{"_gspb_post_css":""},"product_brand":[],"product_cat":[76],"product_tag":[80],"class_list":{"0":"post-999","1":"product","2":"type-product","3":"status-publish","4":"has-post-thumbnail","6":"product_cat-antivirus","7":"product_tag-bitdefender","9":"first","10":"instock","11":"shipping-taxable","12":"product-type-external"},"_links":{"self":[{"href":"https:\/\/keysdock.tajnaveza.net\/hr\/wp-json\/wp\/v2\/product\/999","targetHints":{"allow":["GET"]}}],"collection":[{"href":"https:\/\/keysdock.tajnaveza.net\/hr\/wp-json\/wp\/v2\/product"}],"about":[{"href":"https:\/\/keysdock.tajnaveza.net\/hr\/wp-json\/wp\/v2\/types\/product"}],"replies":[{"embeddable":true,"href":"https:\/\/keysdock.tajnaveza.net\/hr\/wp-json\/wp\/v2\/comments?post=999"}],"wp:featuredmedia":[{"embeddable":true,"href":"https:\/\/keysdock.tajnaveza.net\/hr\/wp-json\/wp\/v2\/media\/1025"}],"wp:attachment":[{"href":"https:\/\/keysdock.tajnaveza.net\/hr\/wp-json\/wp\/v2\/media?parent=999"}],"wp:term":[{"taxonomy":"product_brand","embeddable":true,"href":"https:\/\/keysdock.tajnaveza.net\/hr\/wp-json\/wp\/v2\/product_brand?post=999"},{"taxonomy":"product_cat","embeddable":true,"href":"https:\/\/keysdock.tajnaveza.net\/hr\/wp-json\/wp\/v2\/product_cat?post=999"},{"taxonomy":"product_tag","embeddable":true,"href":"https:\/\/keysdock.tajnaveza.net\/hr\/wp-json\/wp\/v2\/product_tag?post=999"}],"curies":[{"name":"wp","href":"https:\/\/api.w.org\/{rel}","templated":true}]}}