{"id":1053,"date":"2025-03-16T08:36:10","date_gmt":"2025-03-16T08:36:10","guid":{"rendered":"https:\/\/keysdock.com\/?post_type=product&#038;p=1053"},"modified":"2025-10-19T07:36:55","modified_gmt":"2025-10-19T07:36:55","slug":"windows-11-pro-key-licenza","status":"publish","type":"product","link":"https:\/\/keysdock.tajnaveza.net\/it\/prodotto\/windows-11-pro-key-licenza\/","title":{"rendered":"Windows 11 Pro Product Key Licenza"},"content":{"rendered":"<p><strong>Acquista Windows 11 Pro (retail &amp; OEM) al miglior prezzo \u2013 licenza con attivazione a vita.<\/strong><\/p>\n<h3><strong>Descrizione<\/strong><\/h3>\n<p>Windows 11 Professional \u00e8 un <strong>ricco di funzionalit\u00e0, sicuro e ad alte prestazioni<\/strong> sistema operativo progettato per professionisti, aziende e utenti esperti. Con <strong>sicurezza avanzata, supporto alla virtualizzazione, accesso al desktop remoto e strumenti di gestione avanzati.<\/strong>Windows 11 Pro \u00e8 il sistema operativo ideale per chi ha bisogno di qualcosa di pi\u00f9 di un'esperienza informatica standard. Che si tratti di gestire un'azienda, di lavorare in remoto o di gestire dati sensibili, Windows 11 Pro offre <strong>efficienza, flessibilit\u00e0 e sicurezza di livello aziendale<\/strong>.<\/p>\n<h3><strong>Caratteristiche principali<\/strong><\/h3>\n<p>\u2705 <strong>Interfaccia utente moderna e intuitiva<\/strong> - Menu Start ridisegnato, barra delle applicazioni centrata e transizioni fluide per un'esperienza elegante.<br \/>\n\u2705 <strong>Layout Snap e desktop virtuali<\/strong> - Organizzate pi\u00f9 attivit\u00e0 e aumentate la produttivit\u00e0 con un sistema multitasking avanzato.<br \/>\n\u2705 <strong>Crittografia BitLocker<\/strong> - Protegge i file e le unit\u00e0 con una sicurezza di livello aziendale.<br \/>\n\u2705 <strong>Accesso desktop remoto<\/strong> - Lavorate da qualsiasi luogo accedendo in modo sicuro al vostro PC da remoto.<br \/>\n\u2705 <strong>Windows Sandbox e Hyper-V<\/strong> - Eseguire applicazioni o macchine virtuali non attendibili in un ambiente isolato.<br \/>\n\u2705 <strong>Criteri di gruppo e gestione aziendale<\/strong> - Gestite le impostazioni di sistema, gli utenti e i criteri di sicurezza su pi\u00f9 dispositivi.<br \/>\n\u2705 <strong>Maggiore sicurezza con TPM 2.0 e Secure Boot<\/strong> - Protegge da malware, accessi non autorizzati e minacce informatiche.<br \/>\n\u2705 <strong>Microsoft Defender per Endpoint<\/strong> - Protezione avanzata in tempo reale contro ransomware e cyberattacchi.<br \/>\n\u2705 <strong>Integrazione perfetta con Microsoft 365<\/strong> - Ottimizzato per l'uso professionale con Office, OneDrive e Teams.<br \/>\n\u2705 <strong>Supporto al lavoro in cloud e ibrido<\/strong> - Funziona senza problemi con <strong>Azure Active Directory<\/strong> e <strong>Pilota automatico di Windows<\/strong> per una facile distribuzione.<br \/>\n\u2705 <strong>DirectStorage e AutoHDR per il gioco<\/strong> - Tempi di caricamento pi\u00f9 rapidi e grafica migliorata per gli utenti business che giocano.<\/p>\n<h3><strong>Requisiti minimi di sistema<\/strong><\/h3>\n<ul>\n<li><strong>Processore<\/strong>: 1 GHz o pi\u00f9 veloce con pi\u00f9 di 2 core su un processore o un System on a Chip (SoC) a 64 bit compatibile<\/li>\n<li><strong>RAM<\/strong>: 4 GB minimo<\/li>\n<li><strong>Immagazzinamento<\/strong>64 GB di spazio libero minimo<\/li>\n<li><strong>Grafica<\/strong>: DirectX 12 compatibile con il driver WDDM 2.0<\/li>\n<li><strong>Display<\/strong>Risoluzione 720p, schermo da 9\u2033 o pi\u00f9 grande<\/li>\n<li><strong>TPM<\/strong>: \u00c8 richiesta la versione 2.0 del Trusted Platform Module (TPM).<\/li>\n<li><strong>Avvio sicuro e firmware UEFI<\/strong>: Richiesto per una maggiore sicurezza<\/li>\n<li><strong>Connessione a Internet<\/strong>: Richiesto per l'attivazione, gli aggiornamenti e la configurazione dell'account Microsoft.<\/li>\n<\/ul>\n<h3><strong>Perch\u00e9 scegliere Windows 11 Professional?<\/strong><\/h3>\n<p>\ud83d\udd39 <strong>Perfetto per le aziende e i potenti utenti<\/strong> - Funzioni avanzate di sicurezza e gestione per uso professionale.<br \/>\n\ud83d\udd39 <strong>Sicurezza di livello aziendale<\/strong> - Protegge i dati sensibili con <strong>BitLocker, Secure Boot e Windows Defender<\/strong>.<br \/>\n\ud83d\udd39 <strong>Lavoro remoto e virtualizzazione<\/strong> - <strong>Desktop remoto, Windows Sandbox e Hyper-V<\/strong> sostenere ambienti di lavoro flessibili.<br \/>\n\ud83d\udd39 <strong>Ottimizzato per l'efficienza<\/strong> - Senza cuciture <strong>Microsoft 365, OneDrive e Teams<\/strong> integrazione per una migliore produttivit\u00e0.<br \/>\n\ud83d\udd39 <strong>A prova di futuro e sicuro<\/strong> - Costruito per le moderne esigenze aziendali con <strong>lavoro in cloud e ibrido<\/strong> capacit\u00e0.<\/p>\n<p>Aggiornamento a <strong>Windows 11 Professional<\/strong> oggi e sperimenta <strong>prestazioni, sicurezza e flessibilit\u00e0 di livello superiore<\/strong> per uso aziendale e professionale! \ud83d\udcbc\ud83d\ude80\ud83d\udd12<\/p>","protected":false},"excerpt":{"rendered":"<p>Windows 11 Professional \u2013 Power, Security, and Productivity for Business Users Description Windows 11 Professional is a feature-rich, secure, and high-performance operating system designed for professionals, businesses, and power users. With enhanced security, virtualization support, remote desktop access, and advanced management tools, Windows 11 Pro is the ideal OS for those who need more than [&hellip;]<\/p>","protected":false},"featured_media":1076,"comment_status":"open","ping_status":"closed","template":"","meta":{"_gspb_post_css":""},"product_brand":[],"product_cat":[56],"product_tag":[60],"class_list":{"0":"post-1053","1":"product","2":"type-product","3":"status-publish","4":"has-post-thumbnail","6":"product_cat-operating-system","7":"product_tag-windows-11","9":"first","10":"instock","11":"shipping-taxable","12":"product-type-external"},"_links":{"self":[{"href":"https:\/\/keysdock.tajnaveza.net\/it\/wp-json\/wp\/v2\/product\/1053","targetHints":{"allow":["GET"]}}],"collection":[{"href":"https:\/\/keysdock.tajnaveza.net\/it\/wp-json\/wp\/v2\/product"}],"about":[{"href":"https:\/\/keysdock.tajnaveza.net\/it\/wp-json\/wp\/v2\/types\/product"}],"replies":[{"embeddable":true,"href":"https:\/\/keysdock.tajnaveza.net\/it\/wp-json\/wp\/v2\/comments?post=1053"}],"wp:featuredmedia":[{"embeddable":true,"href":"https:\/\/keysdock.tajnaveza.net\/it\/wp-json\/wp\/v2\/media\/1076"}],"wp:attachment":[{"href":"https:\/\/keysdock.tajnaveza.net\/it\/wp-json\/wp\/v2\/media?parent=1053"}],"wp:term":[{"taxonomy":"product_brand","embeddable":true,"href":"https:\/\/keysdock.tajnaveza.net\/it\/wp-json\/wp\/v2\/product_brand?post=1053"},{"taxonomy":"product_cat","embeddable":true,"href":"https:\/\/keysdock.tajnaveza.net\/it\/wp-json\/wp\/v2\/product_cat?post=1053"},{"taxonomy":"product_tag","embeddable":true,"href":"https:\/\/keysdock.tajnaveza.net\/it\/wp-json\/wp\/v2\/product_tag?post=1053"}],"curies":[{"name":"wp","href":"https:\/\/api.w.org\/{rel}","templated":true}]}}