{"id":1116,"date":"2025-03-16T10:34:08","date_gmt":"2025-03-16T10:34:08","guid":{"rendered":"https:\/\/keysdock.com\/?post_type=product&#038;p=1116"},"modified":"2025-10-19T07:44:02","modified_gmt":"2025-10-19T07:44:02","slug":"office-2021-professional-plus-key-licenza","status":"publish","type":"product","link":"https:\/\/keysdock.tajnaveza.net\/it\/prodotto\/office-2021-professional-plus-key-licenza\/","title":{"rendered":"Office 2021 Professional Plus Product Key Licenza"},"content":{"rendered":"<p><strong>Microsoft Office 2021 Professional Plus - La suite di produttivit\u00e0 definitiva per aziende e professionisti<\/strong><\/p>\n<h3><strong>Descrizione<\/strong><\/h3>\n<p class=\"translation-block\">Microsoft Office 2021 Professional Plus \u00e8 una suite di produttivit\u00e0 <strong>potente e ricca di funzionalit\u00e0<\/strong> progettata per <strong>aziende, imprese e professionisti<\/strong> che necessitano di <strong>strumenti avanzati di creazione di documenti, analisi dei dati, collaborazione e comunicazione<\/strong>. Con <strong>nessun abbonamento richiesto<\/strong>, questo <strong>acquisto una tantum<\/strong> garantisce affidabilit\u00e0 e sicurezza a lungo termine per gli utenti che preferiscono un'esperienza stabile e offline, offrendo al contempo la connettivit\u00e0 cloud per i moderni flussi di lavoro.<\/p>\n<p class=\"translation-block\">Quest'ultima versione include prestazioni migliorate, nuovi strumenti di collaborazione e funzionalit\u00e0 basate sull'intelligenza artificiale per aumentare la produttivit\u00e0 e semplificare i processi di lavoro.<\/p>\n<h3><strong>Applicazioni incluse<\/strong><\/h3>\n<ul>\n<li class=\"translation-block\"><strong>Word 2021<\/strong> - Elaborazione testi migliorata con <strong>collaborazione in tempo reale ed editing potenziato dall'intelligenza artificiale<\/strong>.<\/li>\n<li class=\"translation-block\"><strong>Excel 2021<\/strong> - Fogli di calcolo migliorati con <strong>XLOOKUP, Array dinamici e Power Query e Tabelle pivot migliorate<\/strong>.<\/li>\n<li class=\"translation-block\"><strong>PowerPoint 2021<\/strong> - Creare presentazioni straordinarie con <strong>la transizione morfologica, le animazioni migliorate e il co-authoring<\/strong>.<\/li>\n<li class=\"translation-block\"><strong>Outlook 2021<\/strong> - Gestione pi\u00f9 intelligente di e-mail e calendario con <strong>migliore ricerca, casella di posta focalizzata e @menzioni<\/strong>.<\/li>\n<li class=\"translation-block\"><strong>Access 2021<\/strong> - Un potente strumento di gestione di database per l'<strong>archiviazione, l'analisi e il reporting dei dati<\/strong>.<\/li>\n<li class=\"translation-block\"><strong>Editore 2021<\/strong> - Progetta materiali professionali di <strong>marketing, brochure e pubblicazioni<\/strong>.<\/li>\n<li class=\"translation-block\"><strong>OneNote 2021<\/strong> - Un taccuino digitale con <strong>sincronizzazione cloud per organizzare e prendere appunti<\/strong>.<\/li>\n<li class=\"translation-block\"><b>Teams - <\/b>uno spazio di lavoro<b> per la collaborazione in tempo reale <\/b>e la comunicazione, le riunioni, la condivisione di file e app.<\/li>\n<\/ul>\n<h3><strong>Caratteristiche principali<\/strong><\/h3>\n<p class=\"translation-block\">\u2705 <strong>Acquisto una tantum, nessun abbonamento<\/strong> - <strong>Propriet\u00e0 di Office 2021 a tempo indeterminato<\/strong> senza costi ricorrenti.<br>\r\n\u2705 <strong>Coauthoring in tempo reale<\/strong> - Lavorate sui documenti <strong>simultaneamente con i colleghi<\/strong> utilizzando la collaborazione in tempo reale.<br>\r\n\u2705 <strong>Prestazioni e velocit\u00e0 migliorate<\/strong> - Tempi di avvio dell'app pi\u00f9 rapidi e stabilit\u00e0 migliorata.<br>\r\n\u2705 <strong>Opzioni di archiviazione locale e su cloud<\/strong> - Salvate i documenti <strong>localmente o tramite OneDrive, SharePoint e Teams<\/strong>.<br>\r\n\u2705 <strong>Strumenti avanzati di Excel<\/strong> - <strong>Nuove funzioni (XLOOKUP, LET e Array dinamici) e tabelle pivot migliori<\/strong>.<br>\r\n\u2705 <strong>Interfaccia utente modernizzata<\/strong> - Un look pulito e rinnovato con <strong>miglioramento della navigazione e dell'accessibilit\u00e0<\/strong>.<br>\r\n\u2705 <strong>Gestione pi\u00f9 intelligente di e-mail e calendario<\/strong> - <strong>Migliore filtraggio delle e-mail, assistente di pianificazione e strumento di traduzione di Outlook<\/strong>.<br>\r\n\u2705 <strong>Aggiornamenti di PowerPoint<\/strong> - <strong>Ink Replay, registrazione diapositive migliorata ed esportazione di video 4K<\/strong>.<br>\r\n\u2705 <strong>Miglioramento della sicurezza e della conformit\u00e0<\/strong> - <strong>Prevenzione della perdita di dati (DLP), autenticazione a pi\u00f9 fattori e crittografia avanzata<\/strong>.<br>\r\n\u2705 <strong>Migliore supporto della modalit\u00e0 scura<\/strong> - Riducete l'affaticamento degli occhi con la <strong>modalit\u00e0 scura migliorata in tutte le app di Office<\/strong>.<\/p>\n<h3><strong>Requisiti minimi di sistema<\/strong><\/h3>\n<ul>\n<li class=\"translation-block\"><strong>Processore<\/strong>: 1,6 GHz o pi\u00f9 veloce, processore dual-core<\/li>\n<li class=\"translation-block\"><strong>RAM<\/strong>: 4 GB (64-bit) \/ 2 GB (32-bit)<\/li>\n<li class=\"translation-block\"><strong>Storage<\/strong>: 4 GB di spazio su disco disponibile<\/li>\n<li class=\"translation-block\"><strong>Display<\/strong>: risoluzione 1280\u00d7768 o superiore<\/li>\n<li class=\"translation-block\"><strong>Sistema operativo<\/strong>: Windows 10, Windows 11, Windows Server 2019\/2022<\/li>\n<li class=\"translation-block\"><strong>Grafica<\/strong>: DirectX 9 o successivo con driver WDDM 2.0+<\/li>\n<li class=\"translation-block\"><strong>Connessione a Internet<\/strong>: Necessaria per l'attivazione, gli aggiornamenti e i servizi cloud<\/li>\n<\/ul>\n<h3><strong>Perch\u00e9 scegliere Microsoft Office 2021 Professional Plus?<\/strong><\/h3>\n<p class=\"translation-block\">\ud83d\udd39 <strong>Perfetto per aziende e imprese<\/strong> - Una suite completa per la creazione di documenti, la gestione dei dati e la comunicazione<\/strong>.\r\n\ud83d\udd39 <strong>Nessun costo ricorrente<\/strong> - <strong>Acquisto unico per l'utilizzo a vita<\/strong> senza abbonamenti.<br>\r\n\ud83d\udd39 <strong>Seamless Collaboration &amp; Cloud Access<\/strong> - Lavora in modo efficiente con l'integrazione di <strong>OneDrive, SharePoint e Teams<\/strong>.<br>\r\n\ud83d\udd39 <strong>Funzioni avanzate di Excel e PowerPoint<\/strong> - Aumentate la produttivit\u00e0 con <strong>nuove funzioni e strumenti visivi migliorati<\/strong>.<br>\r\n\ud83d\udd39 <strong>Sicuro e affidabile<\/strong> - Strumenti di sicurezza e conformit\u00e0 di livello enterprise<\/strong> per proteggere i dati aziendali sensibili.<\/p>\n<p class=\"translation-block\">Aggiornate oggi stesso a <strong>Microsoft Office 2021 Professional Plus<\/strong> e godetevi <strong>un'esperienza di produttivit\u00e0 veloce, sicura e potente<\/strong> per le moderne esigenze aziendali! \ud83d\ude80\ud83d\udcbb\ud83d\udcca<\/p>","protected":false},"excerpt":{"rendered":"<p>Microsoft Office 2021 Professional Plus \u2013 The Ultimate Productivity Suite for Businesses &amp; Professionals Description Microsoft Office 2021 Professional Plus is a powerful and feature-rich productivity suite designed for businesses, enterprises, and professionals who need advanced document creation, data analysis, collaboration, and communication tools. With no subscription required, this one-time purchase provides long-term reliability and [&hellip;]<\/p>","protected":false},"featured_media":1081,"comment_status":"open","ping_status":"closed","template":"","meta":{"_gspb_post_css":""},"product_brand":[],"product_cat":[62],"product_tag":[63],"class_list":{"0":"post-1116","1":"product","2":"type-product","3":"status-publish","4":"has-post-thumbnail","6":"product_cat-office","7":"product_tag-office-pc","9":"first","10":"instock","11":"shipping-taxable","12":"product-type-external"},"_links":{"self":[{"href":"https:\/\/keysdock.tajnaveza.net\/it\/wp-json\/wp\/v2\/product\/1116","targetHints":{"allow":["GET"]}}],"collection":[{"href":"https:\/\/keysdock.tajnaveza.net\/it\/wp-json\/wp\/v2\/product"}],"about":[{"href":"https:\/\/keysdock.tajnaveza.net\/it\/wp-json\/wp\/v2\/types\/product"}],"replies":[{"embeddable":true,"href":"https:\/\/keysdock.tajnaveza.net\/it\/wp-json\/wp\/v2\/comments?post=1116"}],"wp:featuredmedia":[{"embeddable":true,"href":"https:\/\/keysdock.tajnaveza.net\/it\/wp-json\/wp\/v2\/media\/1081"}],"wp:attachment":[{"href":"https:\/\/keysdock.tajnaveza.net\/it\/wp-json\/wp\/v2\/media?parent=1116"}],"wp:term":[{"taxonomy":"product_brand","embeddable":true,"href":"https:\/\/keysdock.tajnaveza.net\/it\/wp-json\/wp\/v2\/product_brand?post=1116"},{"taxonomy":"product_cat","embeddable":true,"href":"https:\/\/keysdock.tajnaveza.net\/it\/wp-json\/wp\/v2\/product_cat?post=1116"},{"taxonomy":"product_tag","embeddable":true,"href":"https:\/\/keysdock.tajnaveza.net\/it\/wp-json\/wp\/v2\/product_tag?post=1116"}],"curies":[{"name":"wp","href":"https:\/\/api.w.org\/{rel}","templated":true}]}}