{"id":946,"date":"2025-03-15T21:07:21","date_gmt":"2025-03-15T21:07:21","guid":{"rendered":"https:\/\/keysdock.com\/?post_type=product&#038;p=946"},"modified":"2025-10-19T07:29:58","modified_gmt":"2025-10-19T07:29:58","slug":"office-2021-home-business-mac-key-licenza","status":"publish","type":"product","link":"https:\/\/keysdock.tajnaveza.net\/it\/prodotto\/office-2021-home-business-mac-key-licenza\/","title":{"rendered":"Office 2021 Home &#038; Business MAC Product Key Lifetime License"},"content":{"rendered":"<p><strong>Microsoft Office 2021 Home &amp; Business per Mac - La suite di produttivit\u00e0 definitiva per professionisti e piccole imprese<\/strong><\/p>\n<h3><strong>Descrizione<\/strong><\/h3>\n<p>Microsoft Office 2021 Home &amp; Business per Mac \u00e8 un programma di <strong>suite di produttivit\u00e0 ricca di funzioni e ottimizzata<\/strong> progettato per <strong>professionisti, piccole imprese e utenti privati<\/strong> che hanno bisogno di strumenti affidabili per <strong>creazione di documenti, gestione dei dati, comunicazione e presentazioni<\/strong>. Costruito per <strong>macOS<\/strong>Questa edizione offre una <strong>Interfaccia utente rinnovata, prestazioni migliorate e migliori funzioni di collaborazione.<\/strong>garantendo un flusso di lavoro fluido ed efficiente.<\/p>\n<p>Con <strong>un modello di acquisto unico<\/strong>, Office 2021 Home &amp; Business per Mac offre tutte le applicazioni essenziali di Office senza richiedere un abbonamento, il che lo rende una soluzione conveniente e a lungo termine.<\/p>\n<h3><strong>Applicazioni incluse<\/strong><\/h3>\n<ul>\n<li><strong>Word 2021 per Mac<\/strong> - Elaborazione testi professionale con strumenti di formattazione e collaborazione migliorati.<\/li>\n<li><strong>Excel 2021 per Mac<\/strong> - Fogli di calcolo avanzati con <strong>nuove funzioni come XLOOKUP, LET e Array dinamici<\/strong>.<\/li>\n<li><strong>PowerPoint 2021 per Mac<\/strong> - Creare presentazioni straordinarie con <strong>transizioni migliorate, esportazione di video in 4K e interfaccia utente ridisegnata.<\/strong>.<\/li>\n<li><strong>Outlook 2021 per Mac<\/strong> - Gestione avanzata delle e-mail con <strong>una casella di posta mirata, una ricerca pi\u00f9 veloce e le @menzioni<\/strong>.<\/li>\n<li><strong>OneNote per Mac<\/strong> - Un taccuino digitale per organizzare appunti, compiti e idee.<\/li>\n<\/ul>\n<h3><strong>Caratteristiche principali<\/strong><\/h3>\n<p>\u2705 <strong>Ottimizzato per macOS<\/strong> - <strong>Supporto nativo per Apple Silicon (chip M1 e M2)<\/strong> e <strong>macOS Monterey e successivi<\/strong>.<br \/>\n\u2705 <strong>Integrazione perfetta con il cloud<\/strong> - Salvate e accedete ai documenti ovunque con <strong>OneDrive e SharePoint<\/strong>.<br \/>\n\u2705 <strong>Collaborazione in tempo reale<\/strong> - Lavorare insieme su documenti con <strong>funzioni di co-authoring e salvataggio automatico<\/strong>.<br \/>\n\u2705 <strong>Miglioramenti delle prestazioni e della velocit\u00e0<\/strong> - Pi\u00f9 veloce <strong>tempi di avvio, migliore reattivit\u00e0 e transizioni dell'interfaccia utente pi\u00f9 fluide<\/strong>.<br \/>\n\u2705 <strong>Nuove funzionalit\u00e0 di Excel<\/strong> - <strong>XLOOKUP, array dinamici, funzione LET e nuovi tipi di dati<\/strong> per una migliore analisi.<br \/>\n\u2705 <strong>Miglioramenti di PowerPoint<\/strong> - <strong>Transizioni morph, migliori registrazioni delle diapositive e gestione dei media migliorata<\/strong>.<br \/>\n\u2705 <strong>Miglioramenti di Outlook<\/strong> - <strong>Nuovo strumento di traduzione, aggiornamenti del calendario e ricerca migliorata per una gestione pi\u00f9 rapida delle e-mail.<\/strong>.<br \/>\n\u2705 <strong>Salvataggio automatico e cronologia delle versioni<\/strong> - Salva automaticamente le modifiche e ripristina le versioni precedenti dei file.<br \/>\n\u2705 <strong>Acquisto una tantum, senza abbonamento<\/strong> - Godere <strong>accesso permanente<\/strong> senza canoni mensili o annuali.<\/p>\n<h3><strong>Requisiti minimi di sistema<\/strong><\/h3>\n<ul>\n<li><strong>Processore<\/strong>: Mac basato su Intel o Apple Silicon (M1\/M2)<\/li>\n<li><strong>RAM<\/strong>: 4 GB minimo<\/li>\n<li><strong>Immagazzinamento<\/strong>: 10 GB di spazio disponibile su disco<\/li>\n<li><strong>Display<\/strong>: Risoluzione 1280\u00d7800 o superiore<\/li>\n<li><strong>Sistema operativo<\/strong>macOS Monterey (12.0) o successivo<\/li>\n<li class=\"translation-block\"><strong>Connessione a Internet<\/strong>: Necessaria per l'attivazione, gli aggiornamenti e i servizi cloud<\/li>\n<\/ul>\n<h3><strong>Perch\u00e9 scegliere Microsoft Office 2021 Home &amp; Business per Mac?<\/strong><\/h3>\n<p>\ud83d\udd39 <strong>Perfetto per gli utenti domestici e aziendali<\/strong> - Ottenete una suite di produttivit\u00e0 completa per <strong>documenti, fogli di calcolo, e-mail e presentazioni<\/strong>.<br \/>\n\ud83d\udd39 <strong>Ottimizzato per macOS e Apple Silicon<\/strong> - Corse <strong>senza problemi su MacBook, iMac, Mac Mini e Mac Studio<\/strong>.<br \/>\n\ud83d\udd39 <strong>Collaborazione senza soluzione di continuit\u00e0<\/strong> - Lavorare in modo efficiente con <strong>OneDrive, SharePoint e strumenti di co-autorizzazione<\/strong>.<br \/>\n\ud83d\udd39 <strong>Potenti funzioni di produttivit\u00e0<\/strong> - <strong>Funzioni di Excel migliorate, animazioni di PowerPoint e gestione pi\u00f9 intelligente delle e-mail<\/strong>.<br \/>\n\ud83d\udd39 <strong>Nessun abbonamento richiesto<\/strong> - <strong>Acquisto una tantum<\/strong>garantendo un valore a lungo termine senza costi continui.<\/p>\n<p>Aggiornamento a <strong>Microsoft Office 2021 Home &amp; Business per Mac<\/strong> oggi e <strong>migliorate la vostra produttivit\u00e0 con la pi\u00f9 recente e potente suite Office per macOS<\/strong>! \ud83d\ude80\ud83d\udcbb\ud83d\udcca<\/p>","protected":false},"excerpt":{"rendered":"<p>Microsoft Office 2021 Home &amp; Business for Mac \u2013 The Ultimate Productivity Suite for Professionals &amp; Small Businesses Description Microsoft Office 2021 Home &amp; Business for Mac is a feature-rich and optimized productivity suite designed for professionals, small businesses, and home users who need reliable tools for document creation, data management, communication, and presentations. Built [&hellip;]<\/p>","protected":false},"featured_media":984,"comment_status":"open","ping_status":"closed","template":"","meta":{"_gspb_post_css":""},"product_brand":[],"product_cat":[62],"product_tag":[64],"class_list":{"0":"post-946","1":"product","2":"type-product","3":"status-publish","4":"has-post-thumbnail","6":"product_cat-office","7":"product_tag-office-mac","9":"first","10":"instock","11":"shipping-taxable","12":"product-type-external"},"_links":{"self":[{"href":"https:\/\/keysdock.tajnaveza.net\/it\/wp-json\/wp\/v2\/product\/946","targetHints":{"allow":["GET"]}}],"collection":[{"href":"https:\/\/keysdock.tajnaveza.net\/it\/wp-json\/wp\/v2\/product"}],"about":[{"href":"https:\/\/keysdock.tajnaveza.net\/it\/wp-json\/wp\/v2\/types\/product"}],"replies":[{"embeddable":true,"href":"https:\/\/keysdock.tajnaveza.net\/it\/wp-json\/wp\/v2\/comments?post=946"}],"wp:featuredmedia":[{"embeddable":true,"href":"https:\/\/keysdock.tajnaveza.net\/it\/wp-json\/wp\/v2\/media\/984"}],"wp:attachment":[{"href":"https:\/\/keysdock.tajnaveza.net\/it\/wp-json\/wp\/v2\/media?parent=946"}],"wp:term":[{"taxonomy":"product_brand","embeddable":true,"href":"https:\/\/keysdock.tajnaveza.net\/it\/wp-json\/wp\/v2\/product_brand?post=946"},{"taxonomy":"product_cat","embeddable":true,"href":"https:\/\/keysdock.tajnaveza.net\/it\/wp-json\/wp\/v2\/product_cat?post=946"},{"taxonomy":"product_tag","embeddable":true,"href":"https:\/\/keysdock.tajnaveza.net\/it\/wp-json\/wp\/v2\/product_tag?post=946"}],"curies":[{"name":"wp","href":"https:\/\/api.w.org\/{rel}","templated":true}]}}