{"id":972,"date":"2025-03-15T21:07:43","date_gmt":"2025-03-15T21:07:43","guid":{"rendered":"https:\/\/keysdock.com\/?post_type=product&#038;p=972"},"modified":"2025-10-19T07:32:18","modified_gmt":"2025-10-19T07:32:18","slug":"outlook-2021-key-licenza","status":"publish","type":"product","link":"https:\/\/keysdock.tajnaveza.net\/it\/prodotto\/outlook-2021-key-licenza\/","title":{"rendered":"Outlook 2021 Product Key Licenza"},"content":{"rendered":"<p><strong>Microsoft Outlook 2021 - La soluzione definitiva per la gestione della posta elettronica e del calendario<\/strong><\/p>\n<h3><strong>Descrizione<\/strong><\/h3>\n<p>Microsoft Outlook 2021 \u00e8 un <strong>gestione potente ed efficiente della posta elettronica, del calendario e delle attivit\u00e0<\/strong> applicazione progettata per <strong>professionisti, aziende e utenti privati<\/strong>. Con <strong>Maggiore sicurezza, organizzazione pi\u00f9 intelligente delle e-mail e perfetta integrazione con Microsoft 365 e i servizi cloud.<\/strong>Outlook 2021 offre un'esperienza pi\u00f9 intuitiva e produttiva. Che si tratti di gestire pi\u00f9 account di posta elettronica, di pianificare riunioni o di collaborare con i team, Outlook 2021 vi garantisce di rimanere organizzati e connessi.<\/p>\n<h3><strong>Caratteristiche principali<\/strong><\/h3>\n<p>\u2705 <strong>Gestione semplificata delle e-mail<\/strong> - <strong>Posta in arrivo focalizzata, filtri intelligenti e ricerca migliorata<\/strong> per una facile organizzazione delle e-mail.<br \/>\n\u2705 <strong>Calendario e programmazione modernizzati<\/strong> - <strong>Impostate promemoria, prenotate riunioni e sincronizzate pi\u00f9 calendari senza soluzione di continuit\u00e0.<\/strong>.<br \/>\n\u2705 <strong>Sicurezza avanzata e protezione anti-phishing<\/strong> - <strong>Funzioni di sicurezza integrate<\/strong> proteggere da spam, phishing e malware.<br \/>\n\u2705 <strong>Accesso e sincronizzazione offline<\/strong> - Leggere, comporre e gestire i messaggi di posta elettronica anche <strong>senza connessione a Internet<\/strong>.<br \/>\n\u2705 <strong>Integrazione perfetta con Microsoft 365<\/strong> - Funziona senza problemi con <strong>Exchange, OneDrive, SharePoint e Teams<\/strong>.<br \/>\n\u2705 <strong>Supporto per account e-mail multipli<\/strong> - Gestire <strong>Gmail, Yahoo, Outlook.com, account IMAP\/POP<\/strong> in un unico luogo.<br \/>\n\u2705 <strong>Funzionalit\u00e0 di ricerca migliorate<\/strong> - <strong>Ricerca pi\u00f9 veloce e intelligente<\/strong> utilizzando l'intelligenza artificiale di Microsoft per trovare e-mail, allegati ed eventi.<br \/>\n\u2705 <strong>Integrazione di attivit\u00e0 e elenchi di cose da fare<\/strong> - Tenere traccia di <strong>compiti importanti, note adesive e promemoria<\/strong>.<br \/>\n\u2705 <strong>Regole per la risposta automatica e le e-mail<\/strong> - <strong>Impostazione di messaggi fuori ufficio, regole di automazione e modelli di e-mail.<\/strong>.<br \/>\n\u2705 <strong>Interfaccia utente aggiornata<\/strong> - A <strong>design moderno e pulito con opzioni di nastro personalizzabili<\/strong> per migliorare l'esperienza dell'utente.<br \/>\n\u2705 <strong>Caratteristiche del traduttore e della dettatura<\/strong> - Facilmente <strong>tradurre le e-mail in tempo reale<\/strong> e utilizzare <strong>digitazione vocale<\/strong> per l'efficienza.<br \/>\n\u2705 <strong>Miglioramenti alle prestazioni e alla stabilit\u00e0<\/strong> - Pi\u00f9 veloce <strong>tempo di avvio, migliore reattivit\u00e0 e riduzione dei crash<\/strong>.<\/p>\n<h3><strong>Requisiti minimi di sistema<\/strong><\/h3>\n<ul>\n<li><strong>Processore<\/strong>: 1,6 GHz o pi\u00f9 veloce, processore a 2 core<\/li>\n<li class=\"translation-block\"><strong>RAM<\/strong>: 4 GB (64-bit) \/ 2 GB (32-bit)<\/li>\n<li class=\"translation-block\"><strong>Storage<\/strong>: 4 GB di spazio su disco disponibile<\/li>\n<li class=\"translation-block\"><strong>Display<\/strong>: risoluzione 1280\u00d7768 o superiore<\/li>\n<li><strong>Sistema operativo<\/strong>: Windows 10 \/ Windows 11<\/li>\n<li class=\"translation-block\"><strong>Grafica<\/strong>: DirectX 9 o successivo con driver WDDM 2.0+<\/li>\n<li><strong>Connessione a Internet<\/strong>: Richiesto per l'attivazione, gli aggiornamenti e i servizi di Microsoft 365.<\/li>\n<\/ul>\n<h3><strong>Perch\u00e9 scegliere Microsoft Outlook 2021?<\/strong><\/h3>\n<p>\ud83d\udd39 <strong>Ideale per uso personale e aziendale<\/strong> - Gestite in modo efficiente e-mail, calendari e attivit\u00e0 in un'unica applicazione.<br \/>\n\ud83d\udd39 <strong>Integrazione perfetta con il cloud<\/strong> - Sincronizzate e-mail e file tra i vari dispositivi con <strong>OneDrive e Microsoft 365<\/strong>.<br \/>\n\ud83d\udd39 <strong>Gestione intelligente e sicura delle e-mail<\/strong> - <strong>Anti-phishing, protezione da malware e filtraggio avanzato<\/strong> per una casella di posta elettronica pi\u00f9 sicura.<br \/>\n\ud83d\udd39 <strong>Prestazioni pi\u00f9 veloci e funzioni AI<\/strong> - Migliorata <strong>strumenti di ricerca, dettatura e traduzione<\/strong> incrementare la produttivit\u00e0.<br \/>\n\ud83d\udd39 <strong>Modalit\u00e0 offline e supporto per pi\u00f9 account<\/strong> - <strong>Produttivit\u00e0 ovunque<\/strong>anche senza una connessione a Internet.<\/p>\n<p>Aggiornamento a <strong>Microsoft Outlook 2021<\/strong> oggi e godetevi un <strong>pi\u00f9 veloce, pi\u00f9 intelligente e pi\u00f9 sicuro<\/strong> esperienza in materia di e-mail e programmazione! \ud83d\udce7\ud83d\udcc5\ud83d\ude80<\/p>","protected":false},"excerpt":{"rendered":"<p>Microsoft Outlook 2021 \u2013 The Ultimate Email &amp; Calendar Management Solution Description Microsoft Outlook 2021 is a powerful and efficient email, calendar, and task management application designed for professionals, businesses, and personal users. With enhanced security, smarter email organization, and seamless integration with Microsoft 365 and cloud services, Outlook 2021 offers a more intuitive and [&hellip;]<\/p>","protected":false},"featured_media":1008,"comment_status":"open","ping_status":"closed","template":"","meta":{"_gspb_post_css":""},"product_brand":[],"product_cat":[62],"product_tag":[74],"class_list":{"0":"post-972","1":"product","2":"type-product","3":"status-publish","4":"has-post-thumbnail","6":"product_cat-office","7":"product_tag-outlook","9":"first","10":"instock","11":"shipping-taxable","12":"product-type-external"},"_links":{"self":[{"href":"https:\/\/keysdock.tajnaveza.net\/it\/wp-json\/wp\/v2\/product\/972","targetHints":{"allow":["GET"]}}],"collection":[{"href":"https:\/\/keysdock.tajnaveza.net\/it\/wp-json\/wp\/v2\/product"}],"about":[{"href":"https:\/\/keysdock.tajnaveza.net\/it\/wp-json\/wp\/v2\/types\/product"}],"replies":[{"embeddable":true,"href":"https:\/\/keysdock.tajnaveza.net\/it\/wp-json\/wp\/v2\/comments?post=972"}],"wp:featuredmedia":[{"embeddable":true,"href":"https:\/\/keysdock.tajnaveza.net\/it\/wp-json\/wp\/v2\/media\/1008"}],"wp:attachment":[{"href":"https:\/\/keysdock.tajnaveza.net\/it\/wp-json\/wp\/v2\/media?parent=972"}],"wp:term":[{"taxonomy":"product_brand","embeddable":true,"href":"https:\/\/keysdock.tajnaveza.net\/it\/wp-json\/wp\/v2\/product_brand?post=972"},{"taxonomy":"product_cat","embeddable":true,"href":"https:\/\/keysdock.tajnaveza.net\/it\/wp-json\/wp\/v2\/product_cat?post=972"},{"taxonomy":"product_tag","embeddable":true,"href":"https:\/\/keysdock.tajnaveza.net\/it\/wp-json\/wp\/v2\/product_tag?post=972"}],"curies":[{"name":"wp","href":"https:\/\/api.w.org\/{rel}","templated":true}]}}