{"id":983,"date":"2025-03-15T21:07:44","date_gmt":"2025-03-15T21:07:44","guid":{"rendered":"https:\/\/keysdock.com\/?post_type=product&#038;p=983"},"modified":"2025-10-19T07:33:52","modified_gmt":"2025-10-19T07:33:52","slug":"avast-ultimate-2025-1-dispositivo-1-anno-licenza","status":"publish","type":"product","link":"https:\/\/keysdock.tajnaveza.net\/it\/prodotto\/avast-ultimate-2025-1-dispositivo-1-anno-licenza\/","title":{"rendered":"Avast Ultimate 2025 |1 dispositivo - 1 anno| Key Licenza"},"content":{"rendered":"<p><strong>Avast Ultimate - La suite all-in-one per la sicurezza, le prestazioni e la privacy<\/strong><\/p>\n<h3><strong>Descrizione<\/strong><\/h3>\n<p>Avast Ultimate \u00e8 un <strong>suite di sicurezza premium all-in-one<\/strong> che fornisce <strong>protezione completa, ottimizzazione del sistema e strumenti per la privacy<\/strong> per il vostro <strong>Dispositivi Windows, macOS, Android e iOS<\/strong>. Include <strong>Avast Premium Security, Avast Cleanup Premium, Avast SecureLine VPN e Avast AntiTrack.<\/strong>, garantendo <strong>sicurezza online completa, migliori prestazioni del dispositivo e privacy migliorata<\/strong>.<\/p>\n<p>Con <strong>Protezione in tempo reale contro malware, ransomware, attacchi di phishing e minacce informatiche.<\/strong>, insieme a <strong>Strumenti di crittografia VPN e di ottimizzazione del sistema<\/strong>Avast Ultimate \u00e8 il pacchetto perfetto per <strong>utenti che desiderano la massima sicurezza, velocit\u00e0 e privacy online<\/strong>.<\/p>\n<h3><strong>Prodotti inclusi<\/strong><\/h3>\n<ul>\n<li><strong>Avast Premium Security<\/strong> - Avanzato <strong>antivirus, firewall, protezione da ransomware e sicurezza web<\/strong>.<\/li>\n<li><strong>Avast Cleanup Premium<\/strong> - Ottimizza <strong>Prestazioni del PC, rimozione dei file spazzatura e aumento della velocit\u00e0<\/strong>.<\/li>\n<li><strong>Avast SecureLine VPN<\/strong> - Crittografa il traffico internet per <strong>navigazione privata e anonima<\/strong>.<\/li>\n<li><strong>Avast AntiTrack<\/strong> - Blocchi <strong>tracker online, impedisce agli inserzionisti di profilare l'utente e migliora la privacy digitale.<\/strong>.<\/li>\n<\/ul>\n<h3><strong>Caratteristiche principali<\/strong><\/h3>\n<p>\u2705 <strong>Protezione completa da antivirus e ransomware<\/strong> - Blocchi <strong>virus, malware, spyware e minacce di phishing<\/strong>.<br \/>\n\u2705 <strong>Firewall avanzato e sicurezza web<\/strong> - <strong>Firewall bidirezionale, anti-phishing e protezione della navigazione sicura<\/strong>.<br \/>\n\u2705 <strong>Rimozione di Junk e Bloatware<\/strong> - <strong>Pulisce la cache, i file duplicati e le applicazioni indesiderate.<\/strong> per liberare spazio su disco.<br \/>\n\u2705 <strong>Aggiornamenti automatici di software e driver<\/strong> - Assicura che il vostro <strong>Il PC rimane ottimizzato e sicuro<\/strong>.<br \/>\n\u2705 <strong>Protezione della webcam e del microfono<\/strong> - Previene <strong>accesso non autorizzato alla webcam e al microfono<\/strong>.<br \/>\n\u2705 <strong>VPN sicura (dati illimitati)<\/strong> - <strong>Cripta le vostre attivit\u00e0 online<\/strong> per una navigazione privata e connessioni pi\u00f9 sicure.<br \/>\n\u2705 <strong>Protezione anti-tracciamento<\/strong> - Blocchi <strong>i tracker web e le reti pubblicitarie non possono monitorare la vostra attivit\u00e0<\/strong>.<br \/>\n\u2705 <strong>Prestazioni del PC pi\u00f9 veloci<\/strong> - <strong>Disattiva i programmi di avvio non necessari<\/strong> e ottimizza le risorse del sistema.<br \/>\n\u2705 <strong>Sicurezza nel banking e negli acquisti online<\/strong> - Protegge <strong>transazioni finanziarie e previene le frodi bancarie<\/strong>.<br \/>\n\u2705 <strong>Controlli parentali e funzioni antifurto<\/strong> - Assicura <strong>sicurezza della famiglia e protezione dei dispositivi dal furto<\/strong>.<\/p>\n<h3><strong>Requisiti minimi di sistema<\/strong><\/h3>\n<h4><strong>Windows<\/strong><\/h4>\n<ul>\n<li><strong>Processore<\/strong>: 1 GHz o pi\u00f9 veloce<\/li>\n<li><strong>RAM<\/strong>Almeno 2 GB<\/li>\n<li><strong>Immagazzinamento<\/strong>2 GB di spazio disponibile su disco<\/li>\n<li><strong>Sistema operativo<\/strong>: Windows 11, Windows 10, Windows 8.1, Windows 8, Windows 7 (SP1)<\/li>\n<li><strong>Connessione a Internet<\/strong>: Richiesto per l'attivazione, gli aggiornamenti e il rilevamento delle minacce basato sul cloud.<\/li>\n<\/ul>\n<h4><strong>macOS<\/strong><\/h4>\n<ul>\n<li><strong>Processore<\/strong>: Mac basato su Intel o Apple Silicon (M1\/M2)<\/li>\n<li><strong>RAM<\/strong>Almeno 2 GB<\/li>\n<li><strong>Immagazzinamento<\/strong>: 1 GB di spazio disponibile su disco<\/li>\n<li><strong>Sistema operativo<\/strong>macOS 10.10 (Yosemite) o successivo<\/li>\n<\/ul>\n<h4><strong>Android e iOS<\/strong><\/h4>\n<ul>\n<li><strong>Sistema operativo<\/strong>: Android 6.0 o successivo \/ iOS 12.0 o successivo<\/li>\n<li><strong>Caratteristiche disponibili<\/strong>: Antivirus, antifurto, VPN e protezione web<\/li>\n<\/ul>\n<h3><strong>Perch\u00e9 scegliere Avast Ultimate?<\/strong><\/h3>\n<p>\ud83d\udd39 <strong>Protezione completa su tutti i dispositivi<\/strong> - A <strong>L'abbonamento singolo copre Windows, Mac, Android e iOS.<\/strong>.<br \/>\n\ud83d\udd39 <strong>Suite all-in-one per la sicurezza e le prestazioni<\/strong> - Combinazioni <strong>strumenti antivirus, di ottimizzazione, VPN e per la privacy<\/strong>.<br \/>\n\ud83d\udd39 <strong>VPN sicura illimitata<\/strong> - <strong>Sfogliare in modo anonimo<\/strong> e <strong>proteggere le informazioni sensibili<\/strong> con <strong>crittografia di livello militare<\/strong>.<br \/>\n\ud83d\udd39 <strong>PC pi\u00f9 veloce, pi\u00f9 pulito e pi\u00f9 sicuro<\/strong> - Potenziamenti <strong>prestazioni, rimuove la spazzatura e risolve i problemi del sistema.<\/strong>.<br \/>\n\ud83d\udd39 <strong>Massima protezione della privacy<\/strong> - Blocchi <strong>tracker, annunci pubblicitari e criminali informatici dalla raccolta di dati personali<\/strong>.<\/p>\n<p>Aggiornamento a <strong>Avast Ultimate<\/strong> oggi e godetevi <strong>il massimo livello di sicurezza, privacy e prestazioni per tutti i vostri dispositivi.<\/strong>! \ud83d\ude80\ud83d\udee1\ufe0f\ud83d\udd12<\/p>","protected":false},"excerpt":{"rendered":"<p>Avast Ultimate \u2013 The All-in-One Security, Performance &amp; Privacy Suite Description Avast Ultimate is a premium all-in-one security suite that provides comprehensive protection, system optimization, and privacy tools for your Windows, macOS, Android, and iOS devices. It includes Avast Premium Security, Avast Cleanup Premium, Avast SecureLine VPN, and Avast AntiTrack, ensuring complete online safety, better [&hellip;]<\/p>","protected":false},"featured_media":1019,"comment_status":"open","ping_status":"closed","template":"","meta":{"_gspb_post_css":""},"product_brand":[],"product_cat":[76],"product_tag":[79],"class_list":{"0":"post-983","1":"product","2":"type-product","3":"status-publish","4":"has-post-thumbnail","6":"product_cat-antivirus","7":"product_tag-avast","9":"first","10":"instock","11":"shipping-taxable","12":"product-type-external"},"_links":{"self":[{"href":"https:\/\/keysdock.tajnaveza.net\/it\/wp-json\/wp\/v2\/product\/983","targetHints":{"allow":["GET"]}}],"collection":[{"href":"https:\/\/keysdock.tajnaveza.net\/it\/wp-json\/wp\/v2\/product"}],"about":[{"href":"https:\/\/keysdock.tajnaveza.net\/it\/wp-json\/wp\/v2\/types\/product"}],"replies":[{"embeddable":true,"href":"https:\/\/keysdock.tajnaveza.net\/it\/wp-json\/wp\/v2\/comments?post=983"}],"wp:featuredmedia":[{"embeddable":true,"href":"https:\/\/keysdock.tajnaveza.net\/it\/wp-json\/wp\/v2\/media\/1019"}],"wp:attachment":[{"href":"https:\/\/keysdock.tajnaveza.net\/it\/wp-json\/wp\/v2\/media?parent=983"}],"wp:term":[{"taxonomy":"product_brand","embeddable":true,"href":"https:\/\/keysdock.tajnaveza.net\/it\/wp-json\/wp\/v2\/product_brand?post=983"},{"taxonomy":"product_cat","embeddable":true,"href":"https:\/\/keysdock.tajnaveza.net\/it\/wp-json\/wp\/v2\/product_cat?post=983"},{"taxonomy":"product_tag","embeddable":true,"href":"https:\/\/keysdock.tajnaveza.net\/it\/wp-json\/wp\/v2\/product_tag?post=983"}],"curies":[{"name":"wp","href":"https:\/\/api.w.org\/{rel}","templated":true}]}}