{"id":1000,"date":"2025-03-15T21:08:06","date_gmt":"2025-03-15T21:08:06","guid":{"rendered":"https:\/\/keysdock.com\/?post_type=product&#038;p=1000"},"modified":"2025-10-19T07:35:28","modified_gmt":"2025-10-19T07:35:28","slug":"bitdefender-antivirus-mac-2025-1-urzadzenie-1-rok-klucz","status":"publish","type":"product","link":"https:\/\/keysdock.tajnaveza.net\/pl\/produkt\/bitdefender-antivirus-mac-2025-1-urzadzenie-1-rok-klucz\/","title":{"rendered":"BitDefender Antivirus MAC 2025 |1 urzadzenie - 1 rok|Key Klucz Licencja"},"content":{"rendered":"<p><strong>Bitdefender Antivirus for Mac - Najwy\u017csze bezpiecze\u0144stwo i wydajno\u015b\u0107 dla macOS<\/strong><\/p>\n<h3><strong>Opis<\/strong><\/h3>\n<p>Bitdefender Antivirus dla komputer\u00f3w Mac jest <strong>wydajne i lekkie rozwi\u0105zanie zabezpieczaj\u0105ce<\/strong> zaprojektowany do <strong>chroni komputer Mac przed wirusami, z\u0142o\u015bliwym oprogramowaniem, oprogramowaniem ransomware, atakami phishingowymi i zagro\u017ceniami internetowymi<\/strong>. Z <strong>ochrona w czasie rzeczywistym, wielowarstwowe zabezpieczenia i szybkie skanowanie<\/strong>Bitdefender zapewnia <strong>pe\u0142ne bezpiecze\u0144stwo cybernetyczne bez spowalniania systemu<\/strong>.<\/p>\n<p>Jest zoptymalizowany pod k\u0105tem <strong>macOS<\/strong>zapewniaj\u0105c <strong>p\u0142ynna wydajno\u015b\u0107, minimalny wp\u0142yw na system i pe\u0142na kompatybilno\u015b\u0107<\/strong> z najnowszymi protoko\u0142ami bezpiecze\u0144stwa Apple.<\/p>\n<h3><strong>Kluczowe cechy<\/strong><\/h3>\n<p>\u2705 <strong>Ochrona w czasie rzeczywistym<\/strong> - Ci\u0105g\u0142e monitorowanie w celu <strong>wykrywanie i blokowanie wirus\u00f3w, oprogramowania ransomware, spyware i innych zagro\u017ce\u0144<\/strong>.<br \/>\n\u2705 <strong>Ochrona przed oprogramowaniem ransomware<\/strong> - Zapobiega szyfrowaniu plik\u00f3w przez haker\u00f3w i \u017c\u0105daniu okupu.<br \/>\n\u2705 <strong>Usuwanie adware i malware<\/strong> - Czy\u015bci niechciane oprogramowanie i chroni komputer Mac przed natr\u0119tnymi wyskakuj\u0105cymi okienkami.<br \/>\n\u2705 <strong>Ochrona sieci i ochrona przed phishingiem<\/strong> - Bloki <strong>niebezpieczne strony internetowe, fa\u0142szywe strony bankowe i pr\u00f3by phishingu<\/strong>.<br \/>\n\u2705 <strong>Autopilot i bezpiecze\u0144stwo oparte na sztucznej inteligencji<\/strong> - Zastosowania <strong>sztuczna inteligencja<\/strong> do automatycznego wykrywania i zapobiegania zagro\u017ceniom.<br \/>\n\u2705 <strong>Ochrona Time Machine<\/strong> - Zapobiega ingerencji oprogramowania ransomware w kopie zapasowe.<br \/>\n\u2705 <strong>Ultraszybkie skanowanie<\/strong> - Dzia\u0142a szybko w tle bez spowalniania systemu.<br \/>\n\u2705 <strong>Minimalny wp\u0142yw na system<\/strong> - <strong>Zaprojektowany dla macOS<\/strong> aby zapewni\u0107 najwy\u017csze bezpiecze\u0144stwo dzi\u0119ki <strong>zerowy spadek wydajno\u015bci<\/strong>.<br \/>\n\u2705 <strong>VPN w zestawie (200 MB\/dzie\u0144)<\/strong> - Bezpieczne przegl\u0105danie i ochrona prywatno\u015bci dzi\u0119ki <strong>wbudowane szyfrowanie VPN<\/strong>.<br \/>\n\u2705 <strong>Kontrola rodzicielska<\/strong> - Zarz\u0105dzanie i filtrowanie tre\u015bci w celu bezpieczniejszego przegl\u0105dania Internetu.<\/p>\n<h3><strong>Minimalne wymagania systemowe<\/strong><\/h3>\n<ul>\n<li><strong>Procesor<\/strong>: Mac z procesorem Intel lub Apple Silicon (M1\/M2)<\/li>\n<li><strong>RAM<\/strong>minimum 2 GB<\/li>\n<li><strong>Przechowywanie<\/strong>: 1 GB dost\u0119pnego miejsca na dysku<\/li>\n<li><strong>System operacyjny<\/strong>macOS 10.10 (Yosemite) lub nowszy<\/li>\n<li><strong>Po\u0142\u0105czenie internetowe<\/strong>: Wymagane do instalacji, aktualizacji i wykrywania zagro\u017ce\u0144 w chmurze.<\/li>\n<\/ul>\n<h3><strong>Dlaczego warto wybra\u0107 Bitdefender Antivirus for Mac?<\/strong><\/h3>\n<p>\ud83d\udd39 <strong>Najlepsza w swojej klasie ochrona przed z\u0142o\u015bliwym oprogramowaniem<\/strong> - <strong>Najwy\u017cej oceniany silnik bezpiecze\u0144stwa<\/strong> wykrywa i usuwa <strong>Zagro\u017cenia specyficzne dla komputer\u00f3w Mac<\/strong>.<br \/>\n\ud83d\udd39 <strong>Lekki i szybki<\/strong> - <strong>Zoptymalizowany dla macOS<\/strong> bez spowolnie\u0144 systemu.<br \/>\n\ud83d\udd39 <strong>Blokuje phishing i niebezpieczne strony internetowe<\/strong> - Chroni <strong>dane osobowe, has\u0142a i informacje finansowe<\/strong>.<br \/>\n\ud83d\udd39 <strong>Ochrona przed ransomware i ochrona Time Machine<\/strong> - Zapewnia bezpiecze\u0144stwo plik\u00f3w i kopii zapasowych.<br \/>\n\ud83d\udd39 <strong>Ochrona prywatno\u015bci dzi\u0119ki VPN<\/strong> - Bezpieczne przegl\u0105danie Internetu dzi\u0119ki <strong>Szyfrowanie i anonimowo\u015b\u0107<\/strong>.<\/p>\n<p>Aktualizacja do <strong>Bitdefender Antivirus dla komputer\u00f3w Mac<\/strong> ju\u017c dzi\u015b i ciesz si\u0119 <strong>szybka, wydajna i kompletna ochrona urz\u0105dzenia z systemem macOS<\/strong>! \ud83d\ude80\ud83d\udee1\ufe0f\ud83d\udcbb<\/p>","protected":false},"excerpt":{"rendered":"<p>Bitdefender Antivirus for Mac \u2013 Ultimate Security &amp; Performance for macOS Description Bitdefender Antivirus for Mac is a powerful and lightweight security solution designed to protect your Mac from viruses, malware, ransomware, phishing attacks, and online threats. With real-time protection, multi-layered security, and fast scanning, Bitdefender provides complete cybersecurity without slowing down your system. It [&hellip;]<\/p>","protected":false},"featured_media":1026,"comment_status":"open","ping_status":"closed","template":"","meta":{"_gspb_post_css":""},"product_brand":[],"product_cat":[76],"product_tag":[80],"class_list":{"0":"post-1000","1":"product","2":"type-product","3":"status-publish","4":"has-post-thumbnail","6":"product_cat-antivirus","7":"product_tag-bitdefender","9":"first","10":"instock","11":"shipping-taxable","12":"product-type-external"},"_links":{"self":[{"href":"https:\/\/keysdock.tajnaveza.net\/pl\/wp-json\/wp\/v2\/product\/1000","targetHints":{"allow":["GET"]}}],"collection":[{"href":"https:\/\/keysdock.tajnaveza.net\/pl\/wp-json\/wp\/v2\/product"}],"about":[{"href":"https:\/\/keysdock.tajnaveza.net\/pl\/wp-json\/wp\/v2\/types\/product"}],"replies":[{"embeddable":true,"href":"https:\/\/keysdock.tajnaveza.net\/pl\/wp-json\/wp\/v2\/comments?post=1000"}],"wp:featuredmedia":[{"embeddable":true,"href":"https:\/\/keysdock.tajnaveza.net\/pl\/wp-json\/wp\/v2\/media\/1026"}],"wp:attachment":[{"href":"https:\/\/keysdock.tajnaveza.net\/pl\/wp-json\/wp\/v2\/media?parent=1000"}],"wp:term":[{"taxonomy":"product_brand","embeddable":true,"href":"https:\/\/keysdock.tajnaveza.net\/pl\/wp-json\/wp\/v2\/product_brand?post=1000"},{"taxonomy":"product_cat","embeddable":true,"href":"https:\/\/keysdock.tajnaveza.net\/pl\/wp-json\/wp\/v2\/product_cat?post=1000"},{"taxonomy":"product_tag","embeddable":true,"href":"https:\/\/keysdock.tajnaveza.net\/pl\/wp-json\/wp\/v2\/product_tag?post=1000"}],"curies":[{"name":"wp","href":"https:\/\/api.w.org\/{rel}","templated":true}]}}