{"id":1001,"date":"2025-03-15T21:08:06","date_gmt":"2025-03-15T21:08:06","guid":{"rendered":"https:\/\/keysdock.com\/?post_type=product&#038;p=1001"},"modified":"2025-10-19T07:35:20","modified_gmt":"2025-10-19T07:35:20","slug":"windows-server-2022-standard-klucz-licencja","status":"publish","type":"product","link":"https:\/\/keysdock.tajnaveza.net\/pl\/produkt\/windows-server-2022-standard-klucz-licencja\/","title":{"rendered":"Windows Server 2022 Standard Key Klucz Licencja"},"content":{"rendered":"<p><strong>Kup klucz Windows Server 2022 Standard  w najlepszej cenie \u2013 oryginalna licencja z do\u017cywotni\u0105 aktywacj\u0105.<\/strong><\/p>\n<h3><strong>Opis<\/strong><\/h3>\n<p>Windows Server 2022 Standard to <strong>wydajny, bezpieczny i wszechstronny serwerowy system operacyjny<\/strong> przeznaczony dla ma\u0142ych i \u015brednich firm oraz organizacji. Oferuje <strong>solidne zabezpieczenia, mo\u017cliwo\u015bci chmury hybrydowej i lepsza wydajno\u015b\u0107 aplikacji<\/strong> zapewniaj\u0105c jednocze\u015bnie wsparcie dla <strong>wirtualizacja, praca zdalna i integracja z chmur\u0105<\/strong>. Idealny dla firm poszukuj\u0105cych <strong>skalowalno\u015b\u0107, niezawodno\u015b\u0107 i zwi\u0119kszone bezpiecze\u0144stwo<\/strong>Windows Server 2022 Standard jest zbudowany do obs\u0142ugi <strong>nowoczesne wymagania IT<\/strong> skutecznie.<\/p>\n<h3><strong>Kluczowe cechy<\/strong><\/h3>\n<p>\u2705 <strong>Zwi\u0119kszone bezpiecze\u0144stwo dzi\u0119ki Secured-Core<\/strong> - Zaawansowany <strong>Windows Defender ATP, bezpieczny rozruch i ochrona oprogramowania uk\u0142adowego<\/strong>.<br \/>\n\u2705 <strong>Ulepszona wirtualizacja<\/strong> - Wsparcie <strong>dwie maszyny wirtualne (VM)<\/strong> oraz <strong>jeden host Hyper-V<\/strong>.<br \/>\n\u2705 <strong>Wsparcie dla chmury hybrydowej<\/strong> - Bezproblemowa integracja z <strong>Microsoft Azure<\/strong> dla wdro\u017ce\u0144 hybrydowych.<br \/>\n\u2705 <strong>Centrum administracyjne Windows<\/strong> - Scentralizowane, oparte na przegl\u0105darce internetowej zarz\u0105dzanie u\u0142atwia administrowanie serwerem.<br \/>\n\u2705 <strong>Us\u0142uga migracji pami\u0119ci masowej<\/strong> - \u0141atwa migracja serwer\u00f3w i danych ze starszych wersji.<br \/>\n\u2705 <strong>Lepsza praca w sieci dzi\u0119ki SMB over QUIC<\/strong> - Szybszy i bezpieczniejszy zdalny dost\u0119p do plik\u00f3w.<br \/>\n\u2705 <strong>Zaawansowane zarz\u0105dzanie plikami i pami\u0119ci\u0105 masow\u0105<\/strong> - Wsparcie <strong>ReFS, Storage Spaces Direct (S2D) i deduplikacja<\/strong>.<br \/>\n\u2705 <strong>Klaster pracy awaryjnej i r\u00f3wnowa\u017cenie obci\u0105\u017cenia<\/strong> - <strong>Minimalizuje przestoje<\/strong> dla krytycznych aplikacji biznesowych.<br \/>\n\u2705 <strong>Wbudowane kontenery Windows<\/strong> - Nowoczesny bieg <strong>aplikacje kontenerowe<\/strong> przy u\u017cyciu <strong>Kontenery Windows i Kubernetes<\/strong>.<br \/>\n\u2705 <strong>Wsparcie dla us\u0142ug pulpitu zdalnego (RDS)<\/strong> - Bezpieczny zdalny dost\u0119p do stacji roboczych dzi\u0119ki <strong>RDS CALs<\/strong>.<\/p>\n<h3><strong>Minimalne wymagania systemowe<\/strong><\/h3>\n<ul>\n<li><strong>Procesor<\/strong>: 64-bitowy procesor 1,4 GHz z <strong>Architektura x64<\/strong><\/li>\n<li><strong>RAM<\/strong>2 GB (komputer stacjonarny) \/ 512 MB (rdze\u0144 serwera)<\/li>\n<li><strong>Przechowywanie<\/strong>: 36 GB wolnego miejsca<\/li>\n<li><strong>Grafika<\/strong>: DirectX 9 kompatybilny z <strong>Sterownik WDDM 1.0<\/strong><\/li>\n<li><strong>Wy\u015bwietlacz<\/strong>: Rozdzielczo\u015b\u0107 1024\u00d7768 lub wy\u017csza<\/li>\n<li><strong>Sie\u0107<\/strong>: Karta Gigabit Ethernet<\/li>\n<li><strong>Oprogramowanie uk\u0142adowe<\/strong>: UEFI 2.3.1c z funkcj\u0105 bezpiecznego rozruchu (zalecane)<\/li>\n<li><strong>Po\u0142\u0105czenie internetowe<\/strong>: Wymagane do aktualizacji i aktywacji<\/li>\n<\/ul>\n<h3><strong>Dlaczego warto wybra\u0107 Windows Server 2022 Standard?<\/strong><\/h3>\n<p>\ud83d\udd39 <strong>Idealny dla ma\u0142ych i \u015brednich firm<\/strong> - Skalowalne, ekonomiczne i zoptymalizowane pod k\u0105tem codziennych obci\u0105\u017ce\u0144.<br \/>\n\ud83d\udd39 <strong>Silne zabezpieczenia i zgodno\u015b\u0107 z przepisami<\/strong> - <strong>Serwer z zabezpieczonym rdzeniem<\/strong> zapewnia ochron\u0119 przed nowoczesnymi zagro\u017ceniami.<br \/>\n\ud83d\udd39 <strong>Infrastruktura gotowa do pracy w chmurze<\/strong> - <strong>Mo\u017cliwo\u015bci hybrydowe platformy Azure<\/strong> rozszerzenie serwera do chmury.<br \/>\n\ud83d\udd39 <strong>Niezawodna obs\u0142uga wirtualizacji<\/strong> - Umo\u017cliwia <strong>dwie maszyny wirtualne<\/strong> dla lepszego zarz\u0105dzania zasobami.<br \/>\n\ud83d\udd39 <strong>Ulepszona praca w sieci i zdalny dost\u0119p<\/strong> - <strong>SMB przez QUIC i RDS<\/strong> umo\u017cliwiaj\u0105 bezpieczn\u0105 prac\u0119 zdaln\u0105.<\/p>\n<p>Aktualizacja do <strong>Windows Server 2022 Standard<\/strong> dzisiaj i <strong>Zwi\u0119ksz mo\u017cliwo\u015bci swojej firmy dzi\u0119ki wydajno\u015bci, bezpiecze\u0144stwu i skalowalno\u015bci<\/strong>! \ud83c\udfe2\ud83d\udd12\u26a1<\/p>","protected":false},"excerpt":{"rendered":"<p>Windows Server 2022 Standard \u2013 Secure, Reliable, and Optimized for Business Workloads Description Windows Server 2022 Standard is a high-performance, secure, and versatile server operating system designed for small to medium-sized businesses and organizations. It offers robust security, hybrid cloud capabilities, and improved application performance while providing support for virtualization, remote work, and cloud integration. [&hellip;]<\/p>","protected":false},"featured_media":1027,"comment_status":"open","ping_status":"closed","template":"","meta":{"_gspb_post_css":""},"product_brand":[],"product_cat":[81],"product_tag":[82],"class_list":{"0":"post-1001","1":"product","2":"type-product","3":"status-publish","4":"has-post-thumbnail","6":"product_cat-server","7":"product_tag-server","9":"first","10":"instock","11":"shipping-taxable","12":"product-type-external"},"_links":{"self":[{"href":"https:\/\/keysdock.tajnaveza.net\/pl\/wp-json\/wp\/v2\/product\/1001","targetHints":{"allow":["GET"]}}],"collection":[{"href":"https:\/\/keysdock.tajnaveza.net\/pl\/wp-json\/wp\/v2\/product"}],"about":[{"href":"https:\/\/keysdock.tajnaveza.net\/pl\/wp-json\/wp\/v2\/types\/product"}],"replies":[{"embeddable":true,"href":"https:\/\/keysdock.tajnaveza.net\/pl\/wp-json\/wp\/v2\/comments?post=1001"}],"wp:featuredmedia":[{"embeddable":true,"href":"https:\/\/keysdock.tajnaveza.net\/pl\/wp-json\/wp\/v2\/media\/1027"}],"wp:attachment":[{"href":"https:\/\/keysdock.tajnaveza.net\/pl\/wp-json\/wp\/v2\/media?parent=1001"}],"wp:term":[{"taxonomy":"product_brand","embeddable":true,"href":"https:\/\/keysdock.tajnaveza.net\/pl\/wp-json\/wp\/v2\/product_brand?post=1001"},{"taxonomy":"product_cat","embeddable":true,"href":"https:\/\/keysdock.tajnaveza.net\/pl\/wp-json\/wp\/v2\/product_cat?post=1001"},{"taxonomy":"product_tag","embeddable":true,"href":"https:\/\/keysdock.tajnaveza.net\/pl\/wp-json\/wp\/v2\/product_tag?post=1001"}],"curies":[{"name":"wp","href":"https:\/\/api.w.org\/{rel}","templated":true}]}}