{"id":1116,"date":"2025-03-16T10:34:08","date_gmt":"2025-03-16T10:34:08","guid":{"rendered":"https:\/\/keysdock.com\/?post_type=product&#038;p=1116"},"modified":"2025-10-19T07:44:02","modified_gmt":"2025-10-19T07:44:02","slug":"office-2021-professional-plus-klucz-licencja","status":"publish","type":"product","link":"https:\/\/keysdock.tajnaveza.net\/pl\/produkt\/office-2021-professional-plus-klucz-licencja\/","title":{"rendered":"Office 2021 Professional Plus Key Klucz Licencja"},"content":{"rendered":"<p><strong>Microsoft Office 2021 Professional Plus - najlepszy pakiet biurowy dla firm i profesjonalist\u00f3w<\/strong><\/p>\n<h3><strong>Opis<\/strong><\/h3>\n<p class=\"translation-block\">Microsoft Office 2021 Professional Plus to <strong>pot\u0119\u017cny i bogaty w funkcje pakiet biurowy<\/strong> przeznaczony dla <strong>firm, przedsi\u0119biorstw i profesjonalist\u00f3w<\/strong>, kt\u00f3rzy potrzebuj\u0105 <strong>zaawansowanych narz\u0119dzi do tworzenia dokument\u00f3w, analizy danych, wsp\u00f3\u0142pracy i komunikacji<\/strong>. Dzi\u0119ki <strong>bezp\u0142atnej subskrypcji<\/strong>, ten <strong>jednorazowy zakup<\/strong> zapewnia d\u0142ugoterminow\u0105 niezawodno\u015b\u0107 i bezpiecze\u0144stwo dla u\u017cytkownik\u00f3w, kt\u00f3rzy preferuj\u0105 stabilne \u015brodowisko offline, oferuj\u0105c jednocze\u015bnie \u0142\u0105czno\u015b\u0107 z chmur\u0105 dla nowoczesnych przep\u0142yw\u00f3w pracy.<\/p>\n<p class=\"translation-block\">Najnowsza wersja zawiera zwi\u0119kszon\u0105 <strong>wydajno\u015b\u0107, nowe narz\u0119dzia do wsp\u00f3\u0142pracy i funkcje oparte na sztucznej inteligencji<\/strong>, aby zwi\u0119kszy\u0107 produktywno\u015b\u0107 i usprawni\u0107 procesy pracy.<\/p>\n<h3><strong>Do\u0142\u0105czone aplikacje<\/strong><\/h3>\n<ul>\n<li class=\"translation-block\"><strong>Word 2021<\/strong> - Ulepszone przetwarzanie tekstu z <strong>wsp\u00f3\u0142prac\u0105 w czasie rzeczywistym i edycj\u0105 opart\u0105 na sztucznej inteligencji<\/strong>.<\/li>\n<li class=\"translation-block\"><strong>Excel 2021<\/strong> - Ulepszone arkusze kalkulacyjne z <strong>XLOOKUP, dynamicznymi tablicami i ulepszonymi Power Query i tabelami przestawnymi<\/strong>.<\/li>\n<li class=\"translation-block\"><strong>PowerPoint 2021<\/strong> - Tw\u00f3rz osza\u0142amiaj\u0105ce prezentacje z <strong>przej\u015bciem morficznym, ulepszonymi animacjami i wsp\u00f3\u0142autorstwem<\/strong>.<\/li>\n<li class=\"translation-block\"><strong>Outlook 2021<\/strong> - Inteligentniejsze zarz\u0105dzanie poczt\u0105 e-mail i kalendarzem z <strong>lepszym wyszukiwaniem, skoncentrowan\u0105 skrzynk\u0105 odbiorcz\u0105 i @wzmiankami<\/strong>.<\/li>\n<li class=\"translation-block\"><strong>Access 2021<\/strong> - pot\u0119\u017cne narz\u0119dzie do zarz\u0105dzania bazami danych do <strong>przechowywania, analizowania i raportowania danych<\/strong>.<\/li>\n<li class=\"translation-block\"><strong>Publisher 2021<\/strong> - Projektowanie profesjonalnych <strong>materia\u0142\u00f3w marketingowych, broszur i publikacji<\/strong>.<\/li>\n<li class=\"translation-block\"><strong>OneNote 2021<\/strong> - cyfrowy notatnik z <strong>synchronizacj\u0105 w chmurze do organizacji i tworzenia notatek<\/strong>.<\/li>\n<li class=\"translation-block\"><b>Teams - <\/b>przestrze\u0144 robocza<b> do wsp\u00f3\u0142pracy <\/b>i komunikacji w czasie rzeczywistym, spotka\u0144, udost\u0119pniania plik\u00f3w i aplikacji.<\/li>\n<\/ul>\n<h3><strong>Kluczowe cechy<\/strong><\/h3>\n<p class=\"translation-block\">\u2705 <strong>Jednorazowy zakup, bez subskrypcji<\/strong> - <strong>Posiadaj Office 2021 na sta\u0142e<\/strong> bez koszt\u00f3w cyklicznych.<br>\r\n\u2705 <strong>Wsp\u00f3\u0142tworzenie w czasie rzeczywistym<\/strong> - Pracuj nad dokumentami <strong>jednocze\u015bnie ze wsp\u00f3\u0142pracownikami<\/strong>, korzystaj\u0105c ze wsp\u00f3\u0142pracy na \u017cywo.<br>\r\n\u2705 <strong>Zwi\u0119kszona wydajno\u015b\u0107 i szybko\u015b\u0107<\/strong> - Szybsze uruchamianie aplikacji i lepsza stabilno\u015b\u0107.<br>\r\n\u2705 <strong>Opcje przechowywania w chmurze i lokalnie<\/strong> - Zapisuj dokumenty <strong>lokalnie lub za po\u015brednictwem OneDrive, SharePoint i Teams<\/strong>.<br>\r\n\u2705 <strong>Zaawansowane narz\u0119dzia programu Excel<\/strong> - <strong>Nowe funkcje (XLOOKUP, LET i tablice dynamiczne) oraz lepsze tabele przestawne<\/strong>.<br>\r\n\u2705 <strong>Zmodernizowany interfejs u\u017cytkownika<\/strong> - Czysty, od\u015bwie\u017cony wygl\u0105d z <strong>lepsz\u0105 nawigacj\u0105 i dost\u0119pno\u015bci\u0105<\/strong>.<br>\r\n\u2705 <strong>\u0141atwiejsze zarz\u0105dzanie poczt\u0105 e-mail i kalendarzem<\/strong> - <strong>lepsze filtrowanie wiadomo\u015bci e-mail, asystent planowania i narz\u0119dzie do t\u0142umaczenia programu Outlook<\/strong>.<br>\r\n\u2705 <strong>Ulepszenia PowerPoint<\/strong> - <strong>Powt\u00f3rka z atramentu, ulepszone nagrywanie slajd\u00f3w i eksport wideo 4K<\/strong>.<br>\r\n\u2705 <strong>Zwi\u0119kszone bezpiecze\u0144stwo i zgodno\u015b\u0107<\/strong> - <strong>Zapobieganie utracie danych (DLP), uwierzytelnianie wielosk\u0142adnikowe i zaawansowane szyfrowanie<\/strong>.<br>\r\n\u2705 <strong>lepsza obs\u0142uga trybu ciemnego<\/strong> - Zmniejsz zm\u0119czenie oczu dzi\u0119ki <strong>ulepszonemu trybowi ciemnemu we wszystkich aplikacjach pakietu Office<\/strong>.<\/p>\n<h3><strong>Minimalne wymagania systemowe<\/strong><\/h3>\n<ul>\n<li class=\"translation-block\"><strong>Procesor<\/strong>: dwurdzeniowy procesor 1,6 GHz lub szybszy<\/li>\n<li class=\"translation-block\"><strong>Pami\u0119\u0107 RAM<\/strong>: 4 GB (64-bitowa) \/ 2 GB (32-bitowa)<\/li>\n<li class=\"translation-block\"><strong>Pami\u0119\u0107 masowa<\/strong>: 4 GB dost\u0119pnego miejsca na dysku<\/li>\n<li class=\"translation-block\"><strong>Wy\u015bwietlacz<\/strong>: rozdzielczo\u015b\u0107 1280\u00d7768 lub wy\u017csza<\/li>\n<li class=\"translation-block\"><strong>System operacyjny<\/strong>: Windows 10, Windows 11, Windows Server 2019\/2022<\/li>\n<li class=\"translation-block\"><strong>Grafika<\/strong>: DirectX 9 lub nowszy ze sterownikiem WDDM 2.0+<\/li>\n<li class=\"translation-block\"><strong>Po\u0142\u0105czenie internetowe<\/strong>: Wymagane do aktywacji, aktualizacji i us\u0142ug w chmurze<\/li>\n<\/ul>\n<h3><strong>Dlaczego warto wybra\u0107 Microsoft Office 2021 Professional Plus?<\/strong><\/h3>\n<p class=\"translation-block\">\ud83d\udd39 <strong>Doskona\u0142y dla firm i przedsi\u0119biorstw<\/strong> - Kompletny pakiet do <strong>tworzenia dokument\u00f3w, zarz\u0105dzania danymi i komunikacji<\/strong>.<br>\r\n\ud83d\udd39 <strong>Bez op\u0142at cyklicznych<\/strong> - <strong>Jednorazowy zakup na ca\u0142e \u017cycie<\/strong> bez subskrypcji.<br>\r\n\ud83d\udd39 <strong>Bezproblemowa wsp\u00f3\u0142praca i dost\u0119p do chmury<\/strong> - wydajna praca dzi\u0119ki integracji z <strong>OneDrive, SharePoint i Teams<\/strong>.<br>\r\n\ud83d\udd39 <strong>Zaawansowane funkcje Excel i PowerPoint<\/strong> - Zwi\u0119ksz produktywno\u015b\u0107 dzi\u0119ki <strong>nowym funkcjom i ulepszonym narz\u0119dziom wizualnym<\/strong>.<br>\r\n\ud83d\udd39 <strong>Bezpieczne i niezawodne<\/strong> - <strong>Narz\u0119dzia bezpiecze\u0144stwa i zgodno\u015bci klasy korporacyjnej<\/strong> chroni\u0105 wra\u017cliwe dane biznesowe.<\/p>\n<p class=\"translation-block\">Uaktualnij do <strong>Microsoft Office 2021 Professional Plus<\/strong> ju\u017c dzi\u015b i ciesz si\u0119 <strong>szybkim, bezpiecznym i wydajnym do\u015bwiadczeniem produktywno\u015bci<\/strong> dla nowoczesnych potrzeb biznesowych! \ud83d\ude80\ud83d\udcbb\ud83d\udcca<\/p>","protected":false},"excerpt":{"rendered":"<p>Microsoft Office 2021 Professional Plus \u2013 The Ultimate Productivity Suite for Businesses &amp; Professionals Description Microsoft Office 2021 Professional Plus is a powerful and feature-rich productivity suite designed for businesses, enterprises, and professionals who need advanced document creation, data analysis, collaboration, and communication tools. With no subscription required, this one-time purchase provides long-term reliability and [&hellip;]<\/p>","protected":false},"featured_media":1081,"comment_status":"open","ping_status":"closed","template":"","meta":{"_gspb_post_css":""},"product_brand":[],"product_cat":[62],"product_tag":[63],"class_list":{"0":"post-1116","1":"product","2":"type-product","3":"status-publish","4":"has-post-thumbnail","6":"product_cat-office","7":"product_tag-office-pc","9":"first","10":"instock","11":"shipping-taxable","12":"product-type-external"},"_links":{"self":[{"href":"https:\/\/keysdock.tajnaveza.net\/pl\/wp-json\/wp\/v2\/product\/1116","targetHints":{"allow":["GET"]}}],"collection":[{"href":"https:\/\/keysdock.tajnaveza.net\/pl\/wp-json\/wp\/v2\/product"}],"about":[{"href":"https:\/\/keysdock.tajnaveza.net\/pl\/wp-json\/wp\/v2\/types\/product"}],"replies":[{"embeddable":true,"href":"https:\/\/keysdock.tajnaveza.net\/pl\/wp-json\/wp\/v2\/comments?post=1116"}],"wp:featuredmedia":[{"embeddable":true,"href":"https:\/\/keysdock.tajnaveza.net\/pl\/wp-json\/wp\/v2\/media\/1081"}],"wp:attachment":[{"href":"https:\/\/keysdock.tajnaveza.net\/pl\/wp-json\/wp\/v2\/media?parent=1116"}],"wp:term":[{"taxonomy":"product_brand","embeddable":true,"href":"https:\/\/keysdock.tajnaveza.net\/pl\/wp-json\/wp\/v2\/product_brand?post=1116"},{"taxonomy":"product_cat","embeddable":true,"href":"https:\/\/keysdock.tajnaveza.net\/pl\/wp-json\/wp\/v2\/product_cat?post=1116"},{"taxonomy":"product_tag","embeddable":true,"href":"https:\/\/keysdock.tajnaveza.net\/pl\/wp-json\/wp\/v2\/product_tag?post=1116"}],"curies":[{"name":"wp","href":"https:\/\/api.w.org\/{rel}","templated":true}]}}