{"id":938,"date":"2025-03-15T21:07:21","date_gmt":"2025-03-15T21:07:21","guid":{"rendered":"https:\/\/keysdock.com\/?post_type=product&#038;p=938"},"modified":"2025-10-19T07:31:27","modified_gmt":"2025-10-19T07:31:27","slug":"windows-10-enterprise-klucz-licencja","status":"publish","type":"product","link":"https:\/\/keysdock.tajnaveza.net\/pl\/produkt\/windows-10-enterprise-klucz-licencja\/","title":{"rendered":"Windows 10 Enterprise Key Klucz Licencja"},"content":{"rendered":"<p><strong>Windows 10 Enterprise - najlepsze rozwi\u0105zanie dla biznesu i bezpiecze\u0144stwa<\/strong><\/p>\n<h3><strong>Opis<\/strong><\/h3>\n<p>Windows 10 Enterprise to wydajny, bezpieczny i skalowalny system operacyjny przeznaczony dla firm, korporacji i specjalist\u00f3w IT. Z <strong>Zaawansowane funkcje bezpiecze\u0144stwa<\/strong>, <strong>narz\u0119dzia do zdalnego zarz\u0105dzania<\/strong>oraz <strong>Wydajno\u015b\u0107 klasy korporacyjnej<\/strong>zapewnia wydajno\u015b\u0107, zgodno\u015b\u0107 z przepisami i produktywno\u015b\u0107 w r\u00f3\u017cnych organizacjach. Ta wersja systemu Windows 10 jest zoptymalizowana pod k\u0105tem wdro\u017ce\u0144 na du\u017c\u0105 skal\u0119, zapewniaj\u0105c administratorom IT pe\u0142n\u0105 kontrol\u0119 nad aktualizacjami systemu, zasadami bezpiecze\u0144stwa i zarz\u0105dzaniem urz\u0105dzeniami.<\/p>\n<h3><strong>Kluczowe cechy<\/strong><\/h3>\n<p>\u2705 <strong>Zaawansowane zabezpieczenia i ochrona przed zagro\u017ceniami<\/strong> - Zawiera <strong>Zaawansowana ochrona przed zagro\u017ceniami (ATP) w us\u0142udze Windows Defender<\/strong>, <strong>Szyfrowanie BitLocker<\/strong>oraz <strong>Windows Hello<\/strong> uwierzytelnianie biometryczne.<br \/>\n\u2705 <strong>Kana\u0142 obs\u0142ugi d\u0142ugoterminowej (LTSC)<\/strong> - Zmniejsz przerwy w aktualizacjach dzi\u0119ki rozszerzonej stabilno\u015bci i poprawkom bezpiecze\u0144stwa.<br \/>\n\u2705 <strong>Autopilot systemu Windows<\/strong> - Upraszcza konfiguracj\u0119 i wdra\u017canie urz\u0105dze\u0144 dla firm.<br \/>\n\u2705 <strong>Microsoft Defender dla punkt\u00f3w ko\u0144cowych<\/strong> - Zabezpieczenia klasy korporacyjnej przed z\u0142o\u015bliwym oprogramowaniem, oprogramowaniem ransomware i cyberzagro\u017ceniami.<br \/>\n\u2705 <strong>Azure Active Directory i zasady grupy<\/strong> - P\u0142ynne zarz\u0105dzanie to\u017csamo\u015bci\u0105 w chmurze i scentralizowana kontrola systemu.<br \/>\n\u2705 <strong>Windows Virtual Desktop i dost\u0119p zdalny<\/strong> - Zarz\u0105dzanie stacjami roboczymi z dowolnego miejsca dzi\u0119ki wbudowanemu <strong>Us\u0142ugi pulpitu zdalnego (RDS)<\/strong>.<br \/>\n\u2705 <strong>Zarz\u0105dzanie aplikacjami i danymi klasy korporacyjnej<\/strong> - Kontroluj dost\u0119p, zarz\u0105dzaj aktualizacjami i egzekwuj zasady bezpiecze\u0144stwa.<br \/>\n\u2705 <strong>Obs\u0142uga DirectAccess i VPN<\/strong> - Bezpieczne po\u0142\u0105czenia zdalne dla pracownik\u00f3w pracuj\u0105cych poza biurem.<br \/>\n\u2705 <strong>Windows Sandbox i Hyper-V<\/strong> - Uruchamiaj aplikacje w bezpiecznym, odizolowanym \u015brodowisku do testowania i rozwoju.<br \/>\n\u2705 <strong>Tryb korporacyjny dla starszych aplikacji<\/strong> - Zapewnia kompatybilno\u015b\u0107 ze starszymi aplikacjami biznesowymi.<\/p>\n<h3><strong>Minimalne wymagania systemowe<\/strong><\/h3>\n<ul>\n<li><strong>Procesor<\/strong>: Zgodny procesor 1 GHz lub szybszy<\/li>\n<li><strong>RAM<\/strong>2 GB (64-bitowy) \/ 1 GB (32-bitowy)<\/li>\n<li><strong>Przechowywanie<\/strong>20 GB (64-bitowy) \/ 16 GB (32-bitowy)<\/li>\n<li><strong>Grafika<\/strong>: DirectX 9 kompatybilny ze sterownikiem WDDM 1.0<\/li>\n<li><strong>Wy\u015bwietlacz<\/strong>Rozdzielczo\u015b\u0107 800\u00d7600 lub wy\u017csza<\/li>\n<li><strong>Po\u0142\u0105czenie internetowe<\/strong>: Wymagane do aktywacji, aktualizacji i funkcji korporacyjnych.<\/li>\n<\/ul>\n<h3><strong>Dlaczego warto wybra\u0107 Windows 10 Enterprise?<\/strong><\/h3>\n<p>\ud83d\udd39 <strong>Idealny dla du\u017cych firm i dzia\u0142\u00f3w IT<\/strong> - Skalowalne narz\u0119dzia bezpiecze\u0144stwa, zarz\u0105dzania i wdra\u017cania.<br \/>\n\ud83d\udd39 <strong>Najwy\u017cszy poziom bezpiecze\u0144stwa i zgodno\u015bci<\/strong> - Chroni przed nowoczesnymi cyberzagro\u017ceniami dzi\u0119ki rozwi\u0105zaniom bezpiecze\u0144stwa klasy korporacyjnej.<br \/>\n\ud83d\udd39 <strong>Elastyczne wdra\u017canie i aktualizacje<\/strong> - Kontrola cykli aktualizacji i zmian systemu w celu utrzymania wydajno\u015bci.<br \/>\n\ud83d\udd39 <strong>P\u0142ynna integracja z oprogramowaniem biznesowym<\/strong> - Zoptymalizowany dla <strong>Microsoft 365, Azure i us\u0142ugi w chmurze<\/strong>.<\/p>\n<p>Aktualizacja do <strong>Windows 10 Enterprise<\/strong> dla <strong>bezpieczny, stabilny i wydajny<\/strong> \u015brodowisko komputerowe dostosowane do <strong>du\u017ce organizacje<\/strong> oraz <strong>Specjali\u015bci IT<\/strong>! \ud83c\udfe2\ud83d\udd12\ud83d\ude80<\/p>","protected":false},"excerpt":{"rendered":"<p>Windows 10 Enterprise \u2013 The Ultimate Solution for Business &amp; Security Description Windows 10 Enterprise is a powerful, secure, and scalable operating system designed for businesses, corporations, and IT professionals. With advanced security features, remote management tools, and enterprise-grade performance, it ensures efficiency, compliance, and productivity across organizations. This version of Windows 10 is optimized [&hellip;]<\/p>","protected":false},"featured_media":957,"comment_status":"open","ping_status":"closed","template":"","meta":{"_gspb_post_css":""},"product_brand":[],"product_cat":[56],"product_tag":[57],"class_list":{"0":"post-938","1":"product","2":"type-product","3":"status-publish","4":"has-post-thumbnail","6":"product_cat-operating-system","7":"product_tag-windows-10","9":"first","10":"instock","11":"shipping-taxable","12":"product-type-external"},"_links":{"self":[{"href":"https:\/\/keysdock.tajnaveza.net\/pl\/wp-json\/wp\/v2\/product\/938","targetHints":{"allow":["GET"]}}],"collection":[{"href":"https:\/\/keysdock.tajnaveza.net\/pl\/wp-json\/wp\/v2\/product"}],"about":[{"href":"https:\/\/keysdock.tajnaveza.net\/pl\/wp-json\/wp\/v2\/types\/product"}],"replies":[{"embeddable":true,"href":"https:\/\/keysdock.tajnaveza.net\/pl\/wp-json\/wp\/v2\/comments?post=938"}],"wp:featuredmedia":[{"embeddable":true,"href":"https:\/\/keysdock.tajnaveza.net\/pl\/wp-json\/wp\/v2\/media\/957"}],"wp:attachment":[{"href":"https:\/\/keysdock.tajnaveza.net\/pl\/wp-json\/wp\/v2\/media?parent=938"}],"wp:term":[{"taxonomy":"product_brand","embeddable":true,"href":"https:\/\/keysdock.tajnaveza.net\/pl\/wp-json\/wp\/v2\/product_brand?post=938"},{"taxonomy":"product_cat","embeddable":true,"href":"https:\/\/keysdock.tajnaveza.net\/pl\/wp-json\/wp\/v2\/product_cat?post=938"},{"taxonomy":"product_tag","embeddable":true,"href":"https:\/\/keysdock.tajnaveza.net\/pl\/wp-json\/wp\/v2\/product_tag?post=938"}],"curies":[{"name":"wp","href":"https:\/\/api.w.org\/{rel}","templated":true}]}}