{"id":941,"date":"2025-03-15T21:07:21","date_gmt":"2025-03-15T21:07:21","guid":{"rendered":"https:\/\/keysdock.com\/?post_type=product&#038;p=941"},"modified":"2025-10-19T07:30:36","modified_gmt":"2025-10-19T07:30:36","slug":"office-2016-professional-plus-klucz-licencja","status":"publish","type":"product","link":"https:\/\/keysdock.tajnaveza.net\/pl\/produkt\/office-2016-professional-plus-klucz-licencja\/","title":{"rendered":"Office 2016 Professional Plus Key Klucz Licencja"},"content":{"rendered":"<p><strong>Microsoft Office 2016 Professional Plus - wydajny pakiet biurowy dla firm i profesjonalist\u00f3w<\/strong><\/p>\n<h3><strong>Opis<\/strong><\/h3>\n<p>Microsoft Office 2016 Professional Plus to <strong>Kompleksowy i wydajny pakiet zwi\u0119kszaj\u0105cy produktywno\u015b\u0107<\/strong> zaprojektowany dla <strong>firmy, profesjonali\u015bci i zaawansowani u\u017cytkownicy<\/strong> kt\u00f3rzy potrzebuj\u0105 <strong>solidne narz\u0119dzia do tworzenia dokument\u00f3w, zarz\u0105dzania danymi i komunikacji<\/strong>. Z <strong>Ulepszone funkcje wsp\u00f3\u0142pracy, integracja z chmur\u0105 i zwi\u0119kszone bezpiecze\u0144stwo<\/strong>Office 2016 Professional Plus pomaga usprawni\u0107 przep\u0142yw pracy i zwi\u0119kszy\u0107 wydajno\u015b\u0107 w zespo\u0142ach i organizacjach.<\/p>\n<h3><strong>Do\u0142\u0105czone aplikacje<\/strong><\/h3>\n<ul>\n<li><strong>Word 2016<\/strong> - Zaawansowane przetwarzanie tekstu z nowymi narz\u0119dziami do wsp\u00f3\u0142pracy.<\/li>\n<li><strong>Excel 2016<\/strong> - Rozszerzone mo\u017cliwo\u015bci arkusza kalkulacyjnego dzi\u0119ki <strong>Power Query, Power Pivot i nowe typy wykres\u00f3w<\/strong>.<\/li>\n<li><strong>PowerPoint 2016<\/strong> - Profesjonalne tworzenie prezentacji za pomoc\u0105 <strong>Przej\u015bcie morficzne i funkcja projektanta<\/strong>.<\/li>\n<li><strong>Outlook 2016<\/strong> - Ulepszone zarz\u0105dzanie poczt\u0105 e-mail i kalendarzem dzi\u0119ki <strong>skoncentrowana skrzynka odbiorcza i szybsze wyszukiwanie<\/strong>.<\/li>\n<li><strong>Dost\u0119p 2016<\/strong> - Zarz\u0105dzanie baz\u0105 danych do \u015bledzenia, analizowania i raportowania danych.<\/li>\n<li><strong>Wydawca 2016<\/strong> - Projektowanie profesjonalnej jako\u015bci materia\u0142\u00f3w marketingowych i publikacji.<\/li>\n<li><strong>OneNote 2016<\/strong> - Cyfrowe tworzenie notatek za pomoc\u0105 <strong>Synchronizacja w chmurze na wielu urz\u0105dzeniach<\/strong>.<\/li>\n<li><strong>Skype dla firm<\/strong> - Zintegrowana komunikacja dla po\u0142\u0105cze\u0144 wideo, wiadomo\u015bci i spotka\u0144 online.<\/li>\n<\/ul>\n<h3><strong>Kluczowe cechy<\/strong><\/h3>\n<p>\u2705 <strong>Ulepszona wsp\u00f3\u0142praca<\/strong> - <strong>Wsp\u00f3\u0142tworzenie w czasie rzeczywistym<\/strong> w programach Word, PowerPoint i OneNote.<br \/>\n\u2705 <strong>Integracja w chmurze<\/strong> - Bezproblemowa \u0142\u0105czno\u015b\u0107 z <strong>OneDrive, SharePoint i us\u0142ugi Microsoft 365<\/strong>.<br \/>\n\u2705 <strong>Ulepszona analiza danych w programie Excel<\/strong> - Nowe funkcje, wykresy i narz\u0119dzia do wizualizacji danych.<br \/>\n\u2705 <strong>Lepsze zarz\u0105dzanie poczt\u0105 e-mail w Outlooku<\/strong> - <strong>Skoncentrowana skrzynka odbiorcza, inteligentniejsze za\u0142\u0105czniki i ulepszone filtrowanie<\/strong>.<br \/>\n\u2705 <strong>Inteligentne wyszukiwanie<\/strong> - Zintegrowany <strong>Narz\u0119dzie badawcze oparte na wyszukiwarce Bing<\/strong> dla szybkiego wyszukiwania informacji.<br \/>\n\u2705 <strong>Funkcja Tell Me<\/strong> - A <strong>Wbudowany asystent pomocy<\/strong> do szybszego znajdowania funkcji.<br \/>\n\u2705 <strong>Lepsze bezpiecze\u0144stwo i zgodno\u015b\u0107<\/strong> - <strong>Zapobieganie utracie danych (DLP)<\/strong> oraz <strong>uwierzytelnianie wielosk\u0142adnikowe<\/strong> dla wi\u0119kszego bezpiecze\u0144stwa.<br \/>\n\u2705 <strong>Konfigurowalna wst\u0105\u017cka i interfejs<\/strong> - \u0141atwe personalizowanie pask\u00f3w narz\u0119dzi i polece\u0144 w celu zwi\u0119kszenia wydajno\u015bci pracy.<br \/>\n\u2705 <strong>Zakup jednorazowy<\/strong> - Nie wymaga subskrypcji, dzi\u0119ki czemu jest <strong>op\u0142acalne rozwi\u0105zanie<\/strong> dla firm.<\/p>\n<h3><strong>Minimalne wymagania systemowe<\/strong><\/h3>\n<ul>\n<li><strong>Procesor<\/strong>: 1 GHz lub szybszy, procesor x86 lub x64-bitowy z zestawem instrukcji SSE2<\/li>\n<li><strong>RAM<\/strong>2 GB (32-bitowy) \/ 4 GB (64-bitowy)<\/li>\n<li><strong>Przechowywanie<\/strong>: 3 GB dost\u0119pnego miejsca na dysku<\/li>\n<li><strong>Wy\u015bwietlacz<\/strong>: Rozdzielczo\u015b\u0107 1280\u00d7800 lub wy\u017csza<\/li>\n<li><strong>System operacyjny<\/strong>: Windows 7, Windows 8, Windows 8.1, Windows 10, Windows Server 2008 R2, Windows Server 2012<\/li>\n<li><strong>Grafika<\/strong>: Zalecany procesor graficzny zgodny z DirectX 10<\/li>\n<li><strong>Po\u0142\u0105czenie internetowe<\/strong>: Wymagane do aktywacji, aktualizacji i us\u0142ug online.<\/li>\n<\/ul>\n<h3><strong>Dlaczego warto wybra\u0107 Microsoft Office 2016 Professional Plus?<\/strong><\/h3>\n<p>\ud83d\udd39 <strong>Idealny dla firm i profesjonalist\u00f3w<\/strong> - Bogate w funkcje narz\u0119dzia do tworzenia dokument\u00f3w, zarz\u0105dzania danymi i komunikacji.<br \/>\n\ud83d\udd39 <strong>Stabilno\u015b\u0107 i niezawodno\u015b\u0107<\/strong> - Sprawdzona wydajno\u015b\u0107 z d\u0142ugoterminowym wsparciem i aktualizacjami zabezpiecze\u0144.<br \/>\n\ud83d\udd39 <strong>P\u0142ynna chmura i wsp\u00f3\u0142praca<\/strong> - Po\u0142\u0105cz z <strong>OneDrive, SharePoint i Skype dla firm<\/strong>.<br \/>\n\ud83d\udd39 <strong>Zaawansowane zarz\u0105dzanie danymi i poczt\u0105 e-mail<\/strong> - <strong>Power Query programu Excel, Power Pivot i inteligentniejsze filtrowanie programu Outlook<\/strong>.<br \/>\n\ud83d\udd39 <strong>Zakup jednorazowy<\/strong> - Brak powtarzaj\u0105cych si\u0119 op\u0142at, oferuj\u0105cy d\u0142ugoterminow\u0105 warto\u015b\u0107 dla firm.<\/p>\n<p>Aktualizacja do <strong>Microsoft Office 2016 Professional Plus<\/strong> dzisiaj i <strong>zwi\u0119kszenie produktywno\u015bci dzi\u0119ki zaawansowanym funkcjom zarz\u0105dzania dokumentami, wsp\u00f3\u0142pracy i zabezpiecze\u0144<\/strong>! \ud83d\ude80\ud83d\udcca\ud83d\udce7<\/p>","protected":false},"excerpt":{"rendered":"<p>Microsoft Office 2016 Professional Plus \u2013 Powerful Productivity Suite for Businesses &amp; Professionals Description Microsoft Office 2016 Professional Plus is a comprehensive and efficient productivity suite designed for businesses, professionals, and power users who need robust document creation, data management, and communication tools. With enhanced collaboration features, cloud integration, and improved security, Office 2016 Professional [&hellip;]<\/p>","protected":false},"featured_media":1079,"comment_status":"open","ping_status":"closed","template":"","meta":{"_gspb_post_css":""},"product_brand":[],"product_cat":[62],"product_tag":[63],"class_list":{"0":"post-941","1":"product","2":"type-product","3":"status-publish","4":"has-post-thumbnail","6":"product_cat-office","7":"product_tag-office-pc","9":"first","10":"instock","11":"shipping-taxable","12":"product-type-external"},"_links":{"self":[{"href":"https:\/\/keysdock.tajnaveza.net\/pl\/wp-json\/wp\/v2\/product\/941","targetHints":{"allow":["GET"]}}],"collection":[{"href":"https:\/\/keysdock.tajnaveza.net\/pl\/wp-json\/wp\/v2\/product"}],"about":[{"href":"https:\/\/keysdock.tajnaveza.net\/pl\/wp-json\/wp\/v2\/types\/product"}],"replies":[{"embeddable":true,"href":"https:\/\/keysdock.tajnaveza.net\/pl\/wp-json\/wp\/v2\/comments?post=941"}],"wp:featuredmedia":[{"embeddable":true,"href":"https:\/\/keysdock.tajnaveza.net\/pl\/wp-json\/wp\/v2\/media\/1079"}],"wp:attachment":[{"href":"https:\/\/keysdock.tajnaveza.net\/pl\/wp-json\/wp\/v2\/media?parent=941"}],"wp:term":[{"taxonomy":"product_brand","embeddable":true,"href":"https:\/\/keysdock.tajnaveza.net\/pl\/wp-json\/wp\/v2\/product_brand?post=941"},{"taxonomy":"product_cat","embeddable":true,"href":"https:\/\/keysdock.tajnaveza.net\/pl\/wp-json\/wp\/v2\/product_cat?post=941"},{"taxonomy":"product_tag","embeddable":true,"href":"https:\/\/keysdock.tajnaveza.net\/pl\/wp-json\/wp\/v2\/product_tag?post=941"}],"curies":[{"name":"wp","href":"https:\/\/api.w.org\/{rel}","templated":true}]}}