{"id":944,"date":"2025-03-15T21:07:21","date_gmt":"2025-03-15T21:07:21","guid":{"rendered":"https:\/\/keysdock.com\/?post_type=product&#038;p=944"},"modified":"2025-10-19T07:30:19","modified_gmt":"2025-10-19T07:30:19","slug":"office-2016-home-business-mac-klucz-licencja","status":"publish","type":"product","link":"https:\/\/keysdock.tajnaveza.net\/pl\/produkt\/office-2016-home-business-mac-klucz-licencja\/","title":{"rendered":"Office 2016 Home &#038; Business MAC Product Key Lifetime License"},"content":{"rendered":"<div class=\"woocommerce-tabs wc-tabs-wrapper\">\n<div id=\"tab-description\" class=\"woocommerce-Tabs-panel woocommerce-Tabs-panel--description panel entry-content wc-tab\" role=\"tabpanel\" aria-labelledby=\"tab-title-description\">\n<div class=\"vc_row wpb_row vc_row-fluid\">\n<div class=\"wpb_column vc_column_container vc_col-sm-12\">\n<div class=\"vc_column-inner\">\n<div class=\"wpb_wrapper\">\n<div class=\"wpb_text_column wpb_content_element\">\n<div class=\"wpb_wrapper\"><\/div>\n<\/div>\n<\/div>\n<\/div>\n<\/div>\n<\/div>\n<\/div>\n<\/div>\n<div id=\"judgeme_product_reviews\" class=\"jdgm-widget jdgm-review-widget jdgm--done-setup-widget\" data-product-title=\"Microsoft Office 2016 Home &amp; Business for MAC Bind\" data-id=\"2274\" data-widget-name=\"review_widget\" data-impressions-tracked=\"true\" data-views-tracked=\"true\">\n<div class=\"jdgm-rev-widg\" data-updated-at=\"2025-02-10T10:37:55Z\" data-average-rating=\"4.78\" data-number-of-reviews=\"36\" data-number-of-questions=\"0\">\n<div class=\"jdgm-rev-widg__header\">\n<p><strong>Microsoft Office 2016 Home &amp; Business dla komputer\u00f3w Mac - Niezb\u0119dny pakiet produktywno\u015bci dla profesjonalist\u00f3w<\/strong><\/p>\n<h3><strong>Opis<\/strong><\/h3>\n<p>Pakiet Microsoft Office 2016 Home &amp; Business dla komputer\u00f3w Mac to <strong>pot\u0119\u017cny i wszechstronny pakiet zwi\u0119kszaj\u0105cy produktywno\u015b\u0107<\/strong> zaprojektowany dla <strong>profesjonali\u015bci, ma\u0142e firmy i u\u017cytkownicy domowi<\/strong> kt\u00f3rzy potrzebuj\u0105 podstawowych aplikacji Office do tworzenia dokument\u00f3w, komunikacji i zarz\u0105dzania danymi. Zoptymalizowany dla <strong>macOS<\/strong>Ta edycja zapewnia znajomy, ale nowoczesny interfejs, <strong>p\u0142ynna integracja z ekosystemem Apple<\/strong>i ulepszony <strong>\u0142\u0105czno\u015b\u0107 w chmurze<\/strong> dla bardziej produktywnego przep\u0142ywu pracy.<\/p>\n<h3><strong>Do\u0142\u0105czone aplikacje<\/strong><\/h3>\n<ul>\n<li><strong>Word 2016 dla komputer\u00f3w Mac<\/strong> - Zaawansowany edytor tekstu z profesjonalnymi narz\u0119dziami do formatowania i edycji.<\/li>\n<li><strong>Excel 2016 dla komputer\u00f3w Mac<\/strong> - Zaawansowane zarz\u0105dzanie arkuszami kalkulacyjnymi z nowymi typami wykres\u00f3w i formu\u0142ami.<\/li>\n<li><strong>PowerPoint 2016 dla komputer\u00f3w Mac<\/strong> - Tw\u00f3rz wspania\u0142e prezentacje z przej\u015bciami slajd\u00f3w i narz\u0119dziami do projektowania.<\/li>\n<li><strong>Outlook 2016 dla komputer\u00f3w Mac<\/strong> - Efektywne zarz\u0105dzanie wiadomo\u015bciami e-mail, kalendarzami i kontaktami.<\/li>\n<li><strong>OneNote 2016 dla komputer\u00f3w Mac<\/strong> - Cyfrowe tworzenie notatek i organizacja z synchronizacj\u0105 w chmurze na r\u00f3\u017cnych urz\u0105dzeniach.<\/li>\n<\/ul>\n<h3><strong>Kluczowe cechy<\/strong><\/h3>\n<p>\u2705 <strong>Zoptymalizowany dla macOS<\/strong> - Natywne wsparcie dla <strong>Wy\u015bwietlacz Mac Retina<\/strong>, widok pe\u0142noekranowy i gesty Multi-Touch.<br \/>\n\u2705 <strong>Bezproblemowa integracja z chmur\u0105<\/strong> - Zapisuj i uzyskuj dost\u0119p do dokument\u00f3w w dowolnym momencie dzi\u0119ki <strong>OneDrive i SharePoint<\/strong> wsparcie.<br \/>\n\u2705 <strong>Ulepszona wsp\u00f3\u0142praca<\/strong> - Wsp\u00f3\u0142tworzenie w czasie rzeczywistym w <strong>Word, Excel i PowerPoint<\/strong> dla produktywno\u015bci zespo\u0142u.<br \/>\n\u2705 <strong>Ulepszone funkcje programu Outlook<\/strong> - <strong>Lepsze zarz\u0105dzanie poczt\u0105 e-mail, planowanie i skoncentrowana skrzynka odbiorcza<\/strong>.<br \/>\n\u2705 <strong>Analiza danych w programie Excel<\/strong> - Nowo\u015b\u0107 <strong>Narz\u0119dzia do wycinania tabel przestawnych, wykresy i formu\u0142y<\/strong> dla lepszego wgl\u0105du.<br \/>\n\u2705 <strong>Inteligentne wyszukiwanie i narz\u0119dzie badawcze<\/strong> - Szybkie wyszukiwanie istotnych informacji bezpo\u015brednio z dokument\u00f3w.<br \/>\n\u2705 <strong>Nowy interfejs wst\u0105\u017cki<\/strong> - Usprawniony uk\u0142ad paska narz\u0119dzi dla lepszej nawigacji i wydajno\u015bci.<br \/>\n\u2705 <strong>AutoSave i historia wersji<\/strong> - Automatyczne zapisywanie i przywracanie poprzednich wersji plik\u00f3w.<br \/>\n\u2705 <strong>Zakup jednorazowy<\/strong> - Sta\u0142a licencja z <strong>brak op\u0142at abonamentowych<\/strong>.<\/p>\n<h3><strong>Minimalne wymagania systemowe<\/strong><\/h3>\n<ul>\n<li><strong>Procesor<\/strong>: Procesor Intel dla komputer\u00f3w Mac<\/li>\n<li><strong>RAM<\/strong>: 4 GB lub wi\u0119cej<\/li>\n<li><strong>Przechowywanie<\/strong>6 GB dost\u0119pnego miejsca na dysku<\/li>\n<li><strong>Wy\u015bwietlacz<\/strong>: Rozdzielczo\u015b\u0107 1280\u00d7800 lub wy\u017csza<\/li>\n<li><strong>System operacyjny<\/strong>macOS 10.10 (Yosemite) lub nowszy<\/li>\n<li><strong>Po\u0142\u0105czenie internetowe<\/strong>: Wymagane do aktywacji, aktualizacji i funkcji w chmurze.<\/li>\n<\/ul>\n<h3><strong>Dlaczego warto wybra\u0107 Microsoft Office 2016 Home &amp; Business dla komputer\u00f3w Mac?<\/strong><\/h3>\n<p>\ud83d\udd39 <strong>Idealny dla domu i ma\u0142ych firm<\/strong> - Profesjonalny pakiet dla <strong>tworzenie dokument\u00f3w, zarz\u0105dzanie danymi i komunikacja<\/strong>.<br \/>\n\ud83d\udd39 <strong>Bezproblemowa integracja z komputerami Mac<\/strong> - Zaprojektowany do pracy <strong>bezb\u0142\u0119dna wsp\u00f3\u0142praca z ekosystemem Apple<\/strong> i funkcje macOS.<br \/>\n\ud83d\udd39 <strong>Ulepszona wsp\u00f3\u0142praca i dost\u0119p do chmury<\/strong> - Praca na r\u00f3\u017cnych urz\u0105dzeniach z <strong>Obs\u0142uga OneDrive i SharePoint<\/strong>.<br \/>\n\ud83d\udd39 <strong>Jednorazowy zakup, bez subskrypcji<\/strong> - W\u0142asny pakiet Office 2016 dla komputer\u00f3w Mac <strong>Na zawsze bez powtarzaj\u0105cych si\u0119 koszt\u00f3w<\/strong>.<br \/>\n\ud83d\udd39 <strong>Niezawodno\u015b\u0107 i bezpiecze\u0144stwo<\/strong> - Chro\u0144 swoje pliki i komunikacj\u0119 dzi\u0119ki <strong>regularne aktualizacje zabezpiecze\u0144<\/strong>.<\/p>\n<p>Aktualizacja do <strong>Microsoft Office 2016 Dom i Firma dla komputer\u00f3w Mac<\/strong> dzisiaj i <strong>zwi\u0119kszenie produktywno\u015bci dzi\u0119ki bogatemu w funkcje, bezpiecznemu i zoptymalizowanemu pod k\u0105tem macOS pakietowi Office<\/strong>! \ud83d\ude80\ud83d\udcbb\ud83d\udcca<\/p>\n<\/div>\n<\/div>\n<\/div>","protected":false},"excerpt":{"rendered":"<p>Microsoft Office 2016 Home &amp; Business for Mac \u2013 Essential Productivity Suite for Professionals Description Microsoft Office 2016 Home &amp; Business for Mac is a powerful and versatile productivity suite designed for professionals, small businesses, and home users who need essential Office applications for document creation, communication, and data management. Optimized for macOS, this edition [&hellip;]<\/p>","protected":false},"featured_media":962,"comment_status":"open","ping_status":"closed","template":"","meta":{"_gspb_post_css":""},"product_brand":[],"product_cat":[62],"product_tag":[64],"class_list":{"0":"post-944","1":"product","2":"type-product","3":"status-publish","4":"has-post-thumbnail","6":"product_cat-office","7":"product_tag-office-mac","9":"first","10":"instock","11":"shipping-taxable","12":"product-type-external"},"_links":{"self":[{"href":"https:\/\/keysdock.tajnaveza.net\/pl\/wp-json\/wp\/v2\/product\/944","targetHints":{"allow":["GET"]}}],"collection":[{"href":"https:\/\/keysdock.tajnaveza.net\/pl\/wp-json\/wp\/v2\/product"}],"about":[{"href":"https:\/\/keysdock.tajnaveza.net\/pl\/wp-json\/wp\/v2\/types\/product"}],"replies":[{"embeddable":true,"href":"https:\/\/keysdock.tajnaveza.net\/pl\/wp-json\/wp\/v2\/comments?post=944"}],"wp:featuredmedia":[{"embeddable":true,"href":"https:\/\/keysdock.tajnaveza.net\/pl\/wp-json\/wp\/v2\/media\/962"}],"wp:attachment":[{"href":"https:\/\/keysdock.tajnaveza.net\/pl\/wp-json\/wp\/v2\/media?parent=944"}],"wp:term":[{"taxonomy":"product_brand","embeddable":true,"href":"https:\/\/keysdock.tajnaveza.net\/pl\/wp-json\/wp\/v2\/product_brand?post=944"},{"taxonomy":"product_cat","embeddable":true,"href":"https:\/\/keysdock.tajnaveza.net\/pl\/wp-json\/wp\/v2\/product_cat?post=944"},{"taxonomy":"product_tag","embeddable":true,"href":"https:\/\/keysdock.tajnaveza.net\/pl\/wp-json\/wp\/v2\/product_tag?post=944"}],"curies":[{"name":"wp","href":"https:\/\/api.w.org\/{rel}","templated":true}]}}