{"id":945,"date":"2025-03-15T21:07:21","date_gmt":"2025-03-15T21:07:21","guid":{"rendered":"https:\/\/keysdock.com\/?post_type=product&#038;p=945"},"modified":"2025-10-19T07:30:09","modified_gmt":"2025-10-19T07:30:09","slug":"office-2019-home-business-mac-klucz-licencja","status":"publish","type":"product","link":"https:\/\/keysdock.tajnaveza.net\/pl\/produkt\/office-2019-home-business-mac-klucz-licencja\/","title":{"rendered":"Office 2019 Home &#038; Business MAC Product Key Lifetime License"},"content":{"rendered":"<p><strong>Microsoft Office 2019 Home &amp; Business dla komputer\u00f3w Mac - wydajny pakiet dla profesjonalist\u00f3w i ma\u0142ych firm<\/strong><\/p>\n<h3><strong>Opis<\/strong><\/h3>\n<p>Pakiet Microsoft Office 2019 Home &amp; Business dla komputer\u00f3w Mac to <strong>bogaty w funkcje i zoptymalizowany pakiet produktywno\u015bci<\/strong> zaprojektowany dla <strong>u\u017cytkownicy domowi, profesjonali\u015bci i ma\u0142e firmy<\/strong> kt\u00f3rzy potrzebuj\u0105 niezawodnych narz\u0119dzi do <strong>tworzenie dokument\u00f3w, analiza danych, komunikacja i prezentacje<\/strong>. Z <strong>zaktualizowany interfejs u\u017cytkownika, zwi\u0119kszona wydajno\u015b\u0107 i p\u0142ynna integracja z macOS<\/strong>Office 2019 zapewnia p\u0142ynny i wydajny przep\u0142yw pracy.<\/p>\n<p>To <strong>jednorazowy zakup<\/strong> edycja oferuje podstawowe aplikacje pakietu Office z <strong>brak cyklicznych op\u0142at abonamentowych<\/strong>Dzi\u0119ki temu jest to op\u0142acalne rozwi\u0105zanie dla tych, kt\u00f3rzy wol\u0105 samodzielny pakiet Office.<\/p>\n<h3><strong>Do\u0142\u0105czone aplikacje<\/strong><\/h3>\n<ul>\n<li><strong>Word 2019 dla komputer\u00f3w Mac<\/strong> - Profesjonalny edytor tekstu z ulepszonym uk\u0142adem i narz\u0119dziami do formatowania.<\/li>\n<li><strong>Excel 2019 dla komputer\u00f3w Mac<\/strong> - Zaawansowane arkusze kalkulacyjne z nowymi wykresami, funkcjami i narz\u0119dziami do wizualizacji danych.<\/li>\n<li><strong>PowerPoint 2019 dla komputer\u00f3w Mac<\/strong> - Tw\u00f3rz efektowne prezentacje za pomoc\u0105 <strong>Przej\u015bcie morficzne, zoom i ulepszone animacje<\/strong>.<\/li>\n<li><strong>Outlook 2019 dla komputer\u00f3w Mac<\/strong> - Ulepszone zarz\u0105dzanie poczt\u0105 e-mail dzi\u0119ki <strong>skoncentrowana skrzynka odbiorcza, asystent planowania i ulepszone wyszukiwanie<\/strong>.<\/li>\n<li><strong>OneNote dla komputer\u00f3w Mac<\/strong> - Cyfrowe tworzenie notatek z synchronizacj\u0105 w chmurze na wielu urz\u0105dzeniach.<\/li>\n<\/ul>\n<h3><strong>Kluczowe cechy<\/strong><\/h3>\n<p>\u2705 <strong>Zoptymalizowany dla macOS<\/strong> - <strong>Natywna obs\u0142uga wy\u015bwietlaczy Retina<\/strong>, widok pe\u0142noekranowy i integracja z paskiem Touch Bar dla MacBook\u00f3w.<br \/>\n\u2705 <strong>Bezproblemowa integracja z chmur\u0105<\/strong> - Synchronizacja i przechowywanie plik\u00f3w za pomoc\u0105 <strong>OneDrive i SharePoint<\/strong> dla \u0142atwego dost\u0119pu w dowolnym miejscu.<br \/>\n\u2705 <strong>Wsp\u00f3\u0142praca w czasie rzeczywistym<\/strong> - Wsp\u00f3lna praca nad plikami Word, Excel i PowerPoint za pomoc\u0105 <strong>Wsparcie dla wsp\u00f3\u0142autor\u00f3w<\/strong>.<br \/>\n\u2705 <strong>Nowe funkcje w programie Excel<\/strong> - <strong>Tablice dynamiczne, XLOOKUP i nowe wykresy<\/strong> dla lepszej analizy danych.<br \/>\n\u2705 <strong>Ulepszone narz\u0119dzia PowerPoint<\/strong> - <strong>Przej\u015bcie morficzne, eksport wideo 4K i nowe narz\u0119dzia pokazu slajd\u00f3w<\/strong>.<br \/>\n\u2705 <strong>Ulepszona obs\u0142uga programu Outlook<\/strong> - <strong>Skoncentrowana skrzynka odbiorcza, @wzmianki i asystent planowania<\/strong> dla lepszej produktywno\u015bci poczty e-mail.<br \/>\n\u2705 <strong>AutoSave i historia wersji<\/strong> - Automatyczne zapisywanie zmian i przywracanie poprzednich wersji dokument\u00f3w.<br \/>\n\u2705 <strong>Dost\u0119p offline i jednorazowy zakup<\/strong> - <strong>Subskrypcja nie jest wymagana<\/strong>dzi\u0119ki czemu jest to op\u0142acalne rozwi\u0105zanie.<\/p>\n<h3><strong>Minimalne wymagania systemowe<\/strong><\/h3>\n<ul>\n<li><strong>Procesor<\/strong>: Procesor Intel dla komputer\u00f3w Mac<\/li>\n<li><strong>RAM<\/strong>: 4 GB minimum<\/li>\n<li><strong>Przechowywanie<\/strong>: 10 GB dost\u0119pnego miejsca na dysku<\/li>\n<li><strong>Wy\u015bwietlacz<\/strong>: Rozdzielczo\u015b\u0107 1280\u00d7800 lub wy\u017csza<\/li>\n<li><strong>System operacyjny<\/strong>macOS Mojave (10.14) lub nowszy<\/li>\n<li class=\"translation-block\"><strong>Po\u0142\u0105czenie internetowe<\/strong>: Wymagane do aktywacji, aktualizacji i us\u0142ug w chmurze<\/li>\n<\/ul>\n<h3><strong>Dlaczego warto wybra\u0107 pakiet Microsoft Office 2019 dla U\u017cytkownik\u00f3w Domowych i Ma\u0142ych Firm dla komputer\u00f3w Mac?<\/strong><\/h3>\n<p>\ud83d\udd39 <strong>Idealny dla u\u017cytkownik\u00f3w domowych i biznesowych<\/strong> - Kompletny pakiet dla <strong>edytory tekstu, arkusze kalkulacyjne, poczta elektroniczna i prezentacje<\/strong>.<br \/>\n\ud83d\udd39 <strong>Zoptymalizowany dla macOS<\/strong> - Biegi <strong>bezproblemowa wsp\u00f3\u0142praca z urz\u0105dzeniami MacBook, iMac i Mac Mini<\/strong>w tym <strong>Obs\u0142uga wy\u015bwietlaczy Retina<\/strong>.<br \/>\n\ud83d\udd39 <strong>Ulepszona wsp\u00f3\u0142praca<\/strong> - <strong>Integracja z OneDrive i SharePoint<\/strong> do udost\u0119pniania i edytowania dokument\u00f3w w dowolnym miejscu.<br \/>\n\ud83d\udd39 <strong>Zaawansowane funkcje zwi\u0119kszaj\u0105ce produktywno\u015b\u0107<\/strong> - Zaawansowany <strong>Funkcje programu Excel, animacje programu PowerPoint i ulepszone wyszukiwanie w programie Outlook<\/strong>.<br \/>\n\ud83d\udd39 <strong>Zakup jednorazowy<\/strong> - <strong>Brak miesi\u0119cznych lub rocznych op\u0142at abonamentowych<\/strong>zapewniaj\u0105c d\u0142ugoterminow\u0105 warto\u015b\u0107.<\/p>\n<p>Aktualizacja do <strong>Microsoft Office 2019 dla U\u017cytkownik\u00f3w Domowych i Ma\u0142ych Firm dla komputer\u00f3w Mac<\/strong> dzisiaj i <strong>zwi\u0119kszenie produktywno\u015bci dzi\u0119ki nowoczesnemu, niezawodnemu i bogatemu w funkcje pakietowi Office<\/strong>! \ud83d\ude80\ud83d\udcbb\ud83d\udcca<\/p>","protected":false},"excerpt":{"rendered":"<p>Microsoft Office 2019 Home &amp; Business for Mac \u2013 Powerful Productivity Suite for Professionals &amp; Small Businesses Description Microsoft Office 2019 Home &amp; Business for Mac is a feature-rich and optimized productivity suite designed for home users, professionals, and small businesses who need reliable tools for document creation, data analysis, communication, and presentations. With an [&hellip;]<\/p>","protected":false},"featured_media":963,"comment_status":"open","ping_status":"closed","template":"","meta":{"_gspb_post_css":""},"product_brand":[],"product_cat":[62],"product_tag":[64],"class_list":{"0":"post-945","1":"product","2":"type-product","3":"status-publish","4":"has-post-thumbnail","6":"product_cat-office","7":"product_tag-office-mac","9":"first","10":"instock","11":"shipping-taxable","12":"product-type-external"},"_links":{"self":[{"href":"https:\/\/keysdock.tajnaveza.net\/pl\/wp-json\/wp\/v2\/product\/945","targetHints":{"allow":["GET"]}}],"collection":[{"href":"https:\/\/keysdock.tajnaveza.net\/pl\/wp-json\/wp\/v2\/product"}],"about":[{"href":"https:\/\/keysdock.tajnaveza.net\/pl\/wp-json\/wp\/v2\/types\/product"}],"replies":[{"embeddable":true,"href":"https:\/\/keysdock.tajnaveza.net\/pl\/wp-json\/wp\/v2\/comments?post=945"}],"wp:featuredmedia":[{"embeddable":true,"href":"https:\/\/keysdock.tajnaveza.net\/pl\/wp-json\/wp\/v2\/media\/963"}],"wp:attachment":[{"href":"https:\/\/keysdock.tajnaveza.net\/pl\/wp-json\/wp\/v2\/media?parent=945"}],"wp:term":[{"taxonomy":"product_brand","embeddable":true,"href":"https:\/\/keysdock.tajnaveza.net\/pl\/wp-json\/wp\/v2\/product_brand?post=945"},{"taxonomy":"product_cat","embeddable":true,"href":"https:\/\/keysdock.tajnaveza.net\/pl\/wp-json\/wp\/v2\/product_cat?post=945"},{"taxonomy":"product_tag","embeddable":true,"href":"https:\/\/keysdock.tajnaveza.net\/pl\/wp-json\/wp\/v2\/product_tag?post=945"}],"curies":[{"name":"wp","href":"https:\/\/api.w.org\/{rel}","templated":true}]}}