{"id":946,"date":"2025-03-15T21:07:21","date_gmt":"2025-03-15T21:07:21","guid":{"rendered":"https:\/\/keysdock.com\/?post_type=product&#038;p=946"},"modified":"2025-10-19T07:29:58","modified_gmt":"2025-10-19T07:29:58","slug":"office-2021-home-business-mac-klucz-licencja","status":"publish","type":"product","link":"https:\/\/keysdock.tajnaveza.net\/pl\/produkt\/office-2021-home-business-mac-klucz-licencja\/","title":{"rendered":"Office 2021 Home &#038; Business MAC Product Key Lifetime License"},"content":{"rendered":"<p><strong>Microsoft Office 2021 Home &amp; Business dla komputer\u00f3w Mac - najlepszy pakiet produktywno\u015bci dla profesjonalist\u00f3w i ma\u0142ych firm<\/strong><\/p>\n<h3><strong>Opis<\/strong><\/h3>\n<p>Microsoft Office 2021 Home &amp; Business dla komputer\u00f3w Mac to <strong>bogaty w funkcje i zoptymalizowany pakiet produktywno\u015bci<\/strong> zaprojektowany dla <strong>profesjonali\u015bci, ma\u0142e firmy i u\u017cytkownicy domowi<\/strong> kt\u00f3rzy potrzebuj\u0105 niezawodnych narz\u0119dzi do <strong>tworzenie dokument\u00f3w, zarz\u0105dzanie danymi, komunikacja i prezentacje<\/strong>. Zbudowany dla <strong>macOS<\/strong>to wydanie oferuje <strong>od\u015bwie\u017cony interfejs u\u017cytkownika, zwi\u0119kszona wydajno\u015b\u0107 i lepsze funkcje wsp\u00f3\u0142pracy<\/strong>zapewniaj\u0105c p\u0142ynny i wydajny przep\u0142yw pracy.<\/p>\n<p>Z <strong>model jednorazowego zakupu<\/strong>Office 2021 Home &amp; Business dla komputer\u00f3w Mac zapewnia wszystkie niezb\u0119dne aplikacje Office bez konieczno\u015bci posiadania subskrypcji, co czyni go op\u0142acalnym i d\u0142ugoterminowym rozwi\u0105zaniem.<\/p>\n<h3><strong>Do\u0142\u0105czone aplikacje<\/strong><\/h3>\n<ul>\n<li><strong>Word 2021 dla komputer\u00f3w Mac<\/strong> - Profesjonalne przetwarzanie tekstu z ulepszonym formatowaniem i narz\u0119dziami do wsp\u00f3\u0142pracy.<\/li>\n<li><strong>Excel 2021 dla komputer\u00f3w Mac<\/strong> - Zaawansowane arkusze kalkulacyjne z <strong>nowe funkcje, takie jak XLOOKUP, LET i tablice dynamiczne<\/strong>.<\/li>\n<li><strong>PowerPoint 2021 dla komputer\u00f3w Mac<\/strong> - Tw\u00f3rz wspania\u0142e prezentacje za pomoc\u0105 <strong>ulepszone przej\u015bcia, eksport wideo 4K i przeprojektowany interfejs u\u017cytkownika<\/strong>.<\/li>\n<li><strong>Outlook 2021 dla komputer\u00f3w Mac<\/strong> - Ulepszone zarz\u0105dzanie poczt\u0105 e-mail dzi\u0119ki <strong>skoncentrowana skrzynka odbiorcza, szybsze wyszukiwanie i @wzmianki<\/strong>.<\/li>\n<li><strong>OneNote dla komputer\u00f3w Mac<\/strong> - Cyfrowy notatnik do organizowania notatek, zada\u0144 i pomys\u0142\u00f3w.<\/li>\n<\/ul>\n<h3><strong>Kluczowe cechy<\/strong><\/h3>\n<p>\u2705 <strong>Zoptymalizowany dla macOS<\/strong> - <strong>Natywne wsparcie dla uk\u0142ad\u00f3w Apple Silicon (M1 i M2)<\/strong> oraz <strong>macOS Monterey i nowsze<\/strong>.<br \/>\n\u2705 <strong>Bezproblemowa integracja z chmur\u0105<\/strong> - Zapisuj i uzyskuj dost\u0119p do dokument\u00f3w w dowolnym miejscu dzi\u0119ki <strong>OneDrive i SharePoint<\/strong>.<br \/>\n\u2705 <strong>Wsp\u00f3\u0142praca w czasie rzeczywistym<\/strong> - Wsp\u00f3\u0142praca nad dokumentami z <strong>funkcje wsp\u00f3\u0142tworzenia i automatycznego zapisywania<\/strong>.<br \/>\n\u2705 <strong>Ulepszenia wydajno\u015bci i pr\u0119dko\u015bci<\/strong> - Szybciej <strong>Czasy uruchamiania, lepsza responsywno\u015b\u0107 i p\u0142ynniejsze przej\u015bcia interfejsu u\u017cytkownika<\/strong>.<br \/>\n\u2705 <strong>Nowe funkcje programu Excel<\/strong> - <strong>XLOOKUP, tablice dynamiczne, funkcja LET i nowe typy danych<\/strong> dla lepszej analizy.<br \/>\n\u2705 <strong>Ulepszenia programu PowerPoint<\/strong> - <strong>Przej\u015bcia Morph, lepsze nagrania slajd\u00f3w i ulepszona obs\u0142uga multimedi\u00f3w<\/strong>.<br \/>\n\u2705 <strong>Ulepszenia perspektywy<\/strong> - <strong>Nowe narz\u0119dzie t\u0142umacza, aktualizacje kalendarza i ulepszone wyszukiwanie w celu szybszego zarz\u0105dzania poczt\u0105 e-mail<\/strong>.<br \/>\n\u2705 <strong>AutoSave i historia wersji<\/strong> - Automatyczne zapisywanie zmian i przywracanie poprzednich wersji plik\u00f3w.<br \/>\n\u2705 <strong>Jednorazowy zakup, bez subskrypcji<\/strong> - Ciesz si\u0119 <strong>sta\u0142y dost\u0119p<\/strong> bez miesi\u0119cznych lub rocznych op\u0142at.<\/p>\n<h3><strong>Minimalne wymagania systemowe<\/strong><\/h3>\n<ul>\n<li><strong>Procesor<\/strong>: Mac z procesorem Intel lub Apple Silicon (M1\/M2)<\/li>\n<li><strong>RAM<\/strong>: 4 GB minimum<\/li>\n<li><strong>Przechowywanie<\/strong>: 10 GB dost\u0119pnego miejsca na dysku<\/li>\n<li><strong>Wy\u015bwietlacz<\/strong>: Rozdzielczo\u015b\u0107 1280\u00d7800 lub wy\u017csza<\/li>\n<li><strong>System operacyjny<\/strong>macOS Monterey (12.0) lub nowszy<\/li>\n<li class=\"translation-block\"><strong>Po\u0142\u0105czenie internetowe<\/strong>: Wymagane do aktywacji, aktualizacji i us\u0142ug w chmurze<\/li>\n<\/ul>\n<h3><strong>Dlaczego warto wybra\u0107 Microsoft Office 2021 Home &amp; Business dla komputer\u00f3w Mac?<\/strong><\/h3>\n<p>\ud83d\udd39 <strong>Idealny dla u\u017cytkownik\u00f3w domowych i biznesowych<\/strong> - Kompletny pakiet zwi\u0119kszaj\u0105cy produktywno\u015b\u0107 dla <strong>dokumenty, arkusze kalkulacyjne, wiadomo\u015bci e-mail i prezentacje<\/strong>.<br \/>\n\ud83d\udd39 <strong>Zoptymalizowany dla macOS i Apple Silicon<\/strong> - Biegi <strong>dzia\u0142a p\u0142ynnie na komputerach MacBook, iMac, Mac Mini i Mac Studio<\/strong>.<br \/>\n\ud83d\udd39 <strong>P\u0142ynna wsp\u00f3\u0142praca<\/strong> - Wydajna praca z <strong>OneDrive, SharePoint i narz\u0119dzia do wsp\u00f3\u0142autorstwa<\/strong>.<br \/>\n\ud83d\udd39 <strong>Zaawansowane funkcje zwi\u0119kszaj\u0105ce produktywno\u015b\u0107<\/strong> - <strong>Ulepszone funkcje programu Excel, animacje programu PowerPoint i inteligentniejsze zarz\u0105dzanie poczt\u0105 e-mail<\/strong>.<br \/>\n\ud83d\udd39 <strong>Nie jest wymagana subskrypcja<\/strong> - <strong>Zakup jednorazowy<\/strong>zapewniaj\u0105c d\u0142ugoterminow\u0105 warto\u015b\u0107 bez ponoszenia bie\u017c\u0105cych koszt\u00f3w.<\/p>\n<p>Aktualizacja do <strong>Microsoft Office 2021 Home &amp; Business dla komputer\u00f3w Mac<\/strong> dzisiaj i <strong>Zwi\u0119ksz swoj\u0105 produktywno\u015b\u0107 dzi\u0119ki najnowszemu i najpot\u0119\u017cniejszemu pakietowi Office dla macOS<\/strong>! \ud83d\ude80\ud83d\udcbb\ud83d\udcca<\/p>","protected":false},"excerpt":{"rendered":"<p>Microsoft Office 2021 Home &amp; Business for Mac \u2013 The Ultimate Productivity Suite for Professionals &amp; Small Businesses Description Microsoft Office 2021 Home &amp; Business for Mac is a feature-rich and optimized productivity suite designed for professionals, small businesses, and home users who need reliable tools for document creation, data management, communication, and presentations. Built [&hellip;]<\/p>","protected":false},"featured_media":984,"comment_status":"open","ping_status":"closed","template":"","meta":{"_gspb_post_css":""},"product_brand":[],"product_cat":[62],"product_tag":[64],"class_list":{"0":"post-946","1":"product","2":"type-product","3":"status-publish","4":"has-post-thumbnail","6":"product_cat-office","7":"product_tag-office-mac","9":"first","10":"instock","11":"shipping-taxable","12":"product-type-external"},"_links":{"self":[{"href":"https:\/\/keysdock.tajnaveza.net\/pl\/wp-json\/wp\/v2\/product\/946","targetHints":{"allow":["GET"]}}],"collection":[{"href":"https:\/\/keysdock.tajnaveza.net\/pl\/wp-json\/wp\/v2\/product"}],"about":[{"href":"https:\/\/keysdock.tajnaveza.net\/pl\/wp-json\/wp\/v2\/types\/product"}],"replies":[{"embeddable":true,"href":"https:\/\/keysdock.tajnaveza.net\/pl\/wp-json\/wp\/v2\/comments?post=946"}],"wp:featuredmedia":[{"embeddable":true,"href":"https:\/\/keysdock.tajnaveza.net\/pl\/wp-json\/wp\/v2\/media\/984"}],"wp:attachment":[{"href":"https:\/\/keysdock.tajnaveza.net\/pl\/wp-json\/wp\/v2\/media?parent=946"}],"wp:term":[{"taxonomy":"product_brand","embeddable":true,"href":"https:\/\/keysdock.tajnaveza.net\/pl\/wp-json\/wp\/v2\/product_brand?post=946"},{"taxonomy":"product_cat","embeddable":true,"href":"https:\/\/keysdock.tajnaveza.net\/pl\/wp-json\/wp\/v2\/product_cat?post=946"},{"taxonomy":"product_tag","embeddable":true,"href":"https:\/\/keysdock.tajnaveza.net\/pl\/wp-json\/wp\/v2\/product_tag?post=946"}],"curies":[{"name":"wp","href":"https:\/\/api.w.org\/{rel}","templated":true}]}}