{"id":949,"date":"2025-03-15T21:07:21","date_gmt":"2025-03-15T21:07:21","guid":{"rendered":"https:\/\/keysdock.com\/?post_type=product&#038;p=949"},"modified":"2025-10-19T07:29:23","modified_gmt":"2025-10-19T07:29:23","slug":"office-2019-professional-plus-klucz-licencja","status":"publish","type":"product","link":"https:\/\/keysdock.tajnaveza.net\/pl\/produkt\/office-2019-professional-plus-klucz-licencja\/","title":{"rendered":"Office 2019 Professional Plus Key Klucz Licencja"},"content":{"rendered":"<p><strong>Microsoft Office 2019 Professional Plus - najlepszy pakiet biurowy dla firm i profesjonalist\u00f3w<\/strong><\/p>\n<h3><strong>Opis<\/strong><\/h3>\n<p>Pakiet Microsoft Office 2019 Professional Plus to <strong>pot\u0119\u017cny, bogaty w funkcje pakiet biurowy klasy korporacyjnej<\/strong> zaprojektowany dla <strong>firm, profesjonalist\u00f3w i organizacji<\/strong> kt\u00f3re wymagaj\u0105 <strong>zaawansowane narz\u0119dzia do tworzenia dokument\u00f3w, zarz\u0105dzania danymi i wsp\u00f3\u0142pracy<\/strong>. Z ulepszonym <strong>bezpiecze\u0144stwo, \u0142\u0105czno\u015b\u0107 z chmur\u0105 i funkcje zwi\u0119kszaj\u0105ce produktywno\u015b\u0107<\/strong>Pakiet Office 2019 Professional Plus zapewnia p\u0142ynne <strong>Do\u015bwiadczenie w pracy offline i online<\/strong> bez konieczno\u015bci posiadania subskrypcji.<\/p>\n<p>To <strong>jednorazowy zakup<\/strong> edycja jest idealna dla tych, kt\u00f3rzy potrzebuj\u0105 <strong>D\u0142ugotrwa\u0142a niezawodno\u015b\u0107 i wydajne aplikacje Office<\/strong> bez cz\u0119stych aktualizacji i zale\u017cno\u015bci od chmury.<\/p>\n<h3><strong>Do\u0142\u0105czone aplikacje<\/strong><\/h3>\n<ul>\n<li><strong>Word 2019<\/strong> - Zaawansowane przetwarzanie tekstu z ulepszonymi narz\u0119dziami do wsp\u00f3\u0142pracy i formatowania.<\/li>\n<li><strong>Excel 2019<\/strong> - Rozszerzone arkusze kalkulacyjne z <strong>nowe funkcje analizy danych, Power Query, Power Pivot i wykresy<\/strong>.<\/li>\n<li><strong>PowerPoint 2019<\/strong> - Tw\u00f3rz anga\u017cuj\u0105ce prezentacje za pomoc\u0105 <strong>Przej\u015bcie Morph, eksport wideo 4K i funkcja Zoom<\/strong>.<\/li>\n<li><strong>Outlook 2019<\/strong> - Wydajne zarz\u0105dzanie poczt\u0105 e-mail i kalendarzem dzi\u0119ki <strong>skoncentrowana skrzynka odbiorcza i ulepszone wyszukiwanie<\/strong>.<\/li>\n<li><strong>Access 2019<\/strong> - Pot\u0119\u017cny system zarz\u0105dzania baz\u0105 danych dla <strong>\u015aledzenie danych, automatyzacja i raportowanie<\/strong>.<\/li>\n<li><strong>Wydawca 2019<\/strong> - Tworzenie profesjonalnej jako\u015bci materia\u0142\u00f3w marketingowych i publikacji biznesowych.<\/li>\n<li><strong>OneNote<\/strong> - Cyfrowe tworzenie notatek za pomoc\u0105 <strong>Synchronizacja w chmurze dla organizacji i dost\u0119pno\u015bci<\/strong>.<\/li>\n<li><strong>Skype dla firm<\/strong> - Zintegrowane narz\u0119dzia komunikacji dla <strong>wideokonferencje i przesy\u0142anie wiadomo\u015bci<\/strong>.<\/li>\n<\/ul>\n<h3><strong>Kluczowe cechy<\/strong><\/h3>\n<p>\u2705 <strong>Jednorazowy zakup, bez subskrypcji<\/strong> - <strong>Posiadaj Office 2019 na sta\u0142e<\/strong> bez powtarzaj\u0105cych si\u0119 op\u0142at.<br \/>\n\u2705 <strong>Ulepszone narz\u0119dzia zwi\u0119kszaj\u0105ce produktywno\u015b\u0107<\/strong> - <strong>Funkcje oparte na sztucznej inteligencji<\/strong> w programach Word, Excel i Outlook w celu zwi\u0119kszenia wydajno\u015bci.<br \/>\n\u2705 <strong>Opcje chmury i lokalnej pami\u0119ci masowej<\/strong> - Zapisywanie i uzyskiwanie dost\u0119pu do dokument\u00f3w <strong>lokalnie lub za po\u015brednictwem OneDrive i SharePoint<\/strong>.<br \/>\n\u2705 <strong>Zaawansowana analiza danych w programie Excel<\/strong> - U\u017cycie <strong>XLOOKUP, nowe wykresy i Power Query<\/strong> dla lepszego wgl\u0105du w dane.<br \/>\n\u2705 <strong>Inteligentniejsze zarz\u0105dzanie poczt\u0105 e-mail w Outlooku<\/strong> - <strong>Skoncentrowana skrzynka odbiorcza, @wzmianki i ulepszone funkcje kalendarza<\/strong>.<br \/>\n\u2705 <strong>Ulepszone funkcje wsp\u00f3\u0142pracy<\/strong> - <strong>Wsp\u00f3\u0142tworzenie w czasie rzeczywistym<\/strong> w programach Word i PowerPoint do pracy zespo\u0142owej.<br \/>\n\u2705 <strong>Zwi\u0119kszone bezpiecze\u0144stwo i zgodno\u015b\u0107<\/strong> - <strong>Wbudowane funkcje zapobiegania utracie danych (DLP), uwierzytelniania wielosk\u0142adnikowego i szyfrowania plik\u00f3w.<\/strong>.<br \/>\n\u2705 <strong>Zmodernizowany interfejs u\u017cytkownika<\/strong> - A <strong>Czystsza, bardziej intuicyjna konstrukcja<\/strong> dla zwi\u0119kszenia wydajno\u015bci.<br \/>\n\u2705 <strong>Lepsza wydajno\u015b\u0107 i stabilno\u015b\u0107<\/strong> - Szybsza reakcja aplikacji, <strong>zoptymalizowany czas uruchamiania i ulepszona wielozadaniowo\u015b\u0107<\/strong>.<\/p>\n<h3><strong>Minimalne wymagania systemowe<\/strong><\/h3>\n<ul>\n<li class=\"translation-block\"><strong>Procesor<\/strong>: dwurdzeniowy procesor 1,6 GHz lub szybszy<\/li>\n<li class=\"translation-block\"><strong>Pami\u0119\u0107 RAM<\/strong>: 4 GB (64-bitowa) \/ 2 GB (32-bitowa)<\/li>\n<li class=\"translation-block\"><strong>Pami\u0119\u0107 masowa<\/strong>: 4 GB dost\u0119pnego miejsca na dysku<\/li>\n<li class=\"translation-block\"><strong>Wy\u015bwietlacz<\/strong>: rozdzielczo\u015b\u0107 1280\u00d7768 lub wy\u017csza<\/li>\n<li><strong>System operacyjny<\/strong>: Windows 10, Windows 11, Windows Server 2019<\/li>\n<li class=\"translation-block\"><strong>Grafika<\/strong>: DirectX 9 lub nowszy ze sterownikiem WDDM 2.0+<\/li>\n<li class=\"translation-block\"><strong>Po\u0142\u0105czenie internetowe<\/strong>: Wymagane do aktywacji, aktualizacji i us\u0142ug w chmurze<\/li>\n<\/ul>\n<h3><strong>Dlaczego warto wybra\u0107 Microsoft Office 2019 Professional Plus?<\/strong><\/h3>\n<p>\ud83d\udd39 <strong>Najlepsze dla firm i zaawansowanych u\u017cytkownik\u00f3w<\/strong> - Bogaty zestaw funkcji dla <strong>tworzenie dokument\u00f3w, zarz\u0105dzanie danymi i profesjonalna komunikacja<\/strong>.<br \/>\n\ud83d\udd39 <strong>Brak op\u0142at cyklicznych<\/strong> - <strong>Zakup jednorazowy<\/strong> zapewnia op\u0142acalno\u015b\u0107 w czasie.<br \/>\n\ud83d\udd39 <strong>P\u0142ynna integracja<\/strong> - Dzia\u0142a z <strong>OneDrive, SharePoint i Exchange<\/strong> dla produktywno\u015bci biznesowej.<br \/>\n\ud83d\udd39 <strong>Pot\u0119\u017cne narz\u0119dzia danych<\/strong> - Zaawansowany <strong>Funkcje programu Excel, przej\u015bcia programu PowerPoint i automatyzacja programu Outlook<\/strong>.<br \/>\n\ud83d\udd39 <strong>Niezawodno\u015b\u0107 i bezpiecze\u0144stwo<\/strong> - <strong>Bezpiecze\u0144stwo i zgodno\u015b\u0107 klasy korporacyjnej<\/strong> w celu ochrony wra\u017cliwych danych biznesowych.<\/p>\n<p>Aktualizacja do <strong>Microsoft Office 2019 Professional Plus<\/strong> dzisiaj i do\u015bwiadczy\u0107 <strong>pot\u0119\u017cny, bezpieczny i wydajny pakiet zwi\u0119kszaj\u0105cy produktywno\u015b\u0107<\/strong> stworzony dla nowoczesnych firm! \ud83d\ude80\ud83d\udcbb\ud83d\udcca<\/p>","protected":false},"excerpt":{"rendered":"<p>Microsoft Office 2019 Professional Plus \u2013 The Ultimate Productivity Suite for Businesses &amp; Professionals Description Microsoft Office 2019 Professional Plus is a powerful, feature-rich, and enterprise-level productivity suite designed for businesses, professionals, and organizations that require advanced document creation, data management, and collaboration tools. With enhanced security, cloud connectivity, and productivity features, Office 2019 Professional [&hellip;]<\/p>","protected":false},"featured_media":1080,"comment_status":"open","ping_status":"closed","template":"","meta":{"_gspb_post_css":""},"product_brand":[],"product_cat":[62],"product_tag":[63],"class_list":{"0":"post-949","1":"product","2":"type-product","3":"status-publish","4":"has-post-thumbnail","6":"product_cat-office","7":"product_tag-office-pc","9":"first","10":"instock","11":"shipping-taxable","12":"product-type-external"},"_links":{"self":[{"href":"https:\/\/keysdock.tajnaveza.net\/pl\/wp-json\/wp\/v2\/product\/949","targetHints":{"allow":["GET"]}}],"collection":[{"href":"https:\/\/keysdock.tajnaveza.net\/pl\/wp-json\/wp\/v2\/product"}],"about":[{"href":"https:\/\/keysdock.tajnaveza.net\/pl\/wp-json\/wp\/v2\/types\/product"}],"replies":[{"embeddable":true,"href":"https:\/\/keysdock.tajnaveza.net\/pl\/wp-json\/wp\/v2\/comments?post=949"}],"wp:featuredmedia":[{"embeddable":true,"href":"https:\/\/keysdock.tajnaveza.net\/pl\/wp-json\/wp\/v2\/media\/1080"}],"wp:attachment":[{"href":"https:\/\/keysdock.tajnaveza.net\/pl\/wp-json\/wp\/v2\/media?parent=949"}],"wp:term":[{"taxonomy":"product_brand","embeddable":true,"href":"https:\/\/keysdock.tajnaveza.net\/pl\/wp-json\/wp\/v2\/product_brand?post=949"},{"taxonomy":"product_cat","embeddable":true,"href":"https:\/\/keysdock.tajnaveza.net\/pl\/wp-json\/wp\/v2\/product_cat?post=949"},{"taxonomy":"product_tag","embeddable":true,"href":"https:\/\/keysdock.tajnaveza.net\/pl\/wp-json\/wp\/v2\/product_tag?post=949"}],"curies":[{"name":"wp","href":"https:\/\/api.w.org\/{rel}","templated":true}]}}