{"id":955,"date":"2025-03-15T21:07:21","date_gmt":"2025-03-15T21:07:21","guid":{"rendered":"https:\/\/keysdock.com\/?post_type=product&#038;p=955"},"modified":"2025-10-19T07:25:56","modified_gmt":"2025-10-19T07:25:56","slug":"visio-2019-professional-klucz-licencja","status":"publish","type":"product","link":"https:\/\/keysdock.tajnaveza.net\/pl\/produkt\/visio-2019-professional-klucz-licencja\/","title":{"rendered":"Visio 2019 Professional Key Klucz Licencja"},"content":{"rendered":"<p><strong>Microsoft Visio 2019 Professional - Zaawansowane tworzenie diagram\u00f3w i wizualizacja danych<\/strong><\/p>\n<h3><strong>Opis<\/strong><\/h3>\n<p>Microsoft Visio 2019 Professional to <strong>Pot\u0119\u017cne oprogramowanie do tworzenia diagram\u00f3w i wizualizacji<\/strong> zaprojektowany dla <strong>profesjonali\u015bci biznesowi, specjali\u015bci IT, in\u017cynierowie i projektanci<\/strong> kt\u00f3rzy musz\u0105 stworzy\u0107 <strong>szczeg\u00f3\u0142owe schematy blokowe, schematy organizacyjne, diagramy sieciowe, plany pi\u0119ter i mapy proces\u00f3w<\/strong>. Z <strong>inteligentna automatyzacja, zaawansowane szablony i p\u0142ynna integracja z platform\u0105 Microsoft 365<\/strong>pomaga u\u017cytkownikom <strong>efektywnie projektowa\u0107, wizualizowa\u0107 i udost\u0119pnia\u0107 z\u0142o\u017cone informacje<\/strong>.<\/p>\n<p>Ta edycja zawiera <strong>wsp\u00f3\u0142praca w czasie rzeczywistym, zaawansowane dostosowywanie kszta\u0142t\u00f3w i ulepszone funkcje \u0142\u0105czenia danych<\/strong>dzi\u0119ki czemu idealnie nadaje si\u0119 do <strong>zespo\u0142y pracuj\u0105ce nad projektami technicznymi i biznesowymi<\/strong>.<\/p>\n<h3><strong>Kluczowe cechy<\/strong><\/h3>\n<p>\u2705 <strong>Profesjonalne narz\u0119dzia do tworzenia diagram\u00f3w<\/strong> - Utw\u00f3rz <strong>schematy blokowe, mapy my\u015bli, schematy organizacyjne i diagramy sieciowe<\/strong> z \u0142atwo\u015bci\u0105.<br \/>\n\u2705 <strong>Wizualizacje oparte na danych<\/strong> - <strong>\u0141\u0105czno\u015b\u0107 ze \u017ar\u00f3d\u0142ami danych w czasie rzeczywistym, takimi jak Excel, SQL Server i SharePoint<\/strong> do dynamicznej wizualizacji.<br \/>\n\u2705 <strong>Ulepszona wsp\u00f3\u0142praca i wsp\u00f3\u0142autorstwo<\/strong> - Praca nad diagramami <strong>jednocze\u015bnie z cz\u0142onkami zespo\u0142u w czasie rzeczywistym<\/strong>.<br \/>\n\u2705 <strong>SmartShapes i AutoConnect<\/strong> - <strong>Automatycznie dostosuj kszta\u0142ty i z\u0142\u0105cza<\/strong> dla bardziej profesjonalnego wygl\u0105du.<br \/>\n\u2705 <strong>Wbudowane narz\u0119dzia UML i Wireframing<\/strong> - Utw\u00f3rz <strong>architektura oprogramowania, szkielety aplikacji i modelowanie baz danych<\/strong> przy u\u017cyciu standardowych narz\u0119dzi UML.<br \/>\n\u2705 <strong>Integracja z chmur\u0105 i kompatybilno\u015b\u0107 z Microsoft 365<\/strong> - \u0141atwe udost\u0119pnianie i edytowanie diagram\u00f3w za pomoc\u0105 <strong>OneDrive, SharePoint i Teams<\/strong>.<br \/>\n\u2705 <strong>Zaawansowane szablony i wzorniki<\/strong> - Wst\u0119pnie zbudowany <strong>szablony dla biznesu, IT, in\u017cynierii i plany pi\u0119ter<\/strong> do szybkiego tworzenia diagram\u00f3w.<br \/>\n\u2705 <strong>Opcje eksportu i zgodno\u015bci<\/strong> - Zapisuj i eksportuj diagramy w wielu formatach, w tym <strong>Pliki PDF, PNG i AutoCAD<\/strong>.<br \/>\n\u2705 <strong>Bezpiecze\u0144stwo i zgodno\u015b\u0107 na poziomie przedsi\u0119biorstwa<\/strong> - Zapewnij bezpiecze\u0144stwo danych projektu dzi\u0119ki <strong>Wbudowane funkcje bezpiecze\u0144stwa<\/strong>.<br \/>\n\u2705 <strong>Wy\u015bwietlanie i edytowanie programu Visio online<\/strong> - <strong>Wsp\u00f3\u0142praca za po\u015brednictwem przegl\u0105darki internetowej<\/strong> bez konieczno\u015bci korzystania z aplikacji komputerowej.<\/p>\n<h3><strong>Dost\u0119pne wydania<\/strong><\/h3>\n<p>\ud83d\udd39 <strong>Visio Standard 2019<\/strong> - Idealny dla <strong>indywidualni u\u017cytkownicy<\/strong> potrzebuj\u0105cych podstawowych narz\u0119dzi do tworzenia diagram\u00f3w.<br \/>\n\ud83d\udd39 <strong>Visio Professional 2019<\/strong> - Zawiera <strong>wsp\u00f3\u0142praca zespo\u0142owa, integracja danych i zaawansowane funkcje tworzenia diagram\u00f3w<\/strong>dzi\u0119ki czemu jest najlepszy dla <strong>firmy i specjali\u015bci IT<\/strong>.<\/p>\n<h3><strong>Minimalne wymagania systemowe<\/strong><\/h3>\n<ul>\n<li class=\"translation-block\"><strong>Procesor<\/strong>: dwurdzeniowy procesor 1,6 GHz lub szybszy<\/li>\n<li class=\"translation-block\"><strong>Pami\u0119\u0107 RAM<\/strong>: 4 GB (64-bitowa) \/ 2 GB (32-bitowa)<\/li>\n<li class=\"translation-block\"><strong>Pami\u0119\u0107 masowa<\/strong>: 4 GB dost\u0119pnego miejsca na dysku<\/li>\n<li class=\"translation-block\"><strong>Wy\u015bwietlacz<\/strong>: rozdzielczo\u015b\u0107 1280\u00d7768 lub wy\u017csza<\/li>\n<li><strong>System operacyjny<\/strong>: Windows 10, Windows 11, Windows Server 2019<\/li>\n<li class=\"translation-block\"><strong>Grafika<\/strong>: DirectX 9 lub nowszy ze sterownikiem WDDM 2.0+<\/li>\n<li><strong>Po\u0142\u0105czenie internetowe<\/strong>: Wymagane do aktywacji, aktualizacji i wsp\u00f3\u0142pracy w chmurze<\/li>\n<\/ul>\n<h3><strong>Dlaczego warto wybra\u0107 Microsoft Visio 2019 Professional?<\/strong><\/h3>\n<p>\ud83d\udd39 <strong>Zaawansowane mo\u017cliwo\u015bci tworzenia diagram\u00f3w<\/strong> - <strong>Tworzenie szczeg\u00f3\u0142owych, opartych na danych i profesjonalnych wizualizacji<\/strong>.<br \/>\n\ud83d\udd39 <strong>Wsp\u00f3\u0142praca w czasie rzeczywistym i obs\u0142uga chmury<\/strong> - <strong>Bezproblemowa wsp\u00f3\u0142praca z zespo\u0142ami dzi\u0119ki integracji z platform\u0105 Microsoft 365<\/strong>.<br \/>\n\ud83d\udd39 <strong>Inteligentne \u0142\u0105czenie danych i automatyzacja<\/strong> - <strong>Automatyczna aktualizacja diagram\u00f3w na podstawie zewn\u0119trznych \u017ar\u00f3de\u0142 danych<\/strong>.<br \/>\n\ud83d\udd39 <strong>Idealny dla u\u017cytkownik\u00f3w biznesowych i technicznych<\/strong> - Najlepsze dla <strong>Specjali\u015bci IT, in\u017cynierowie, projektanci i kierownicy projekt\u00f3w<\/strong>.<br \/>\n\ud83d\udd39 <strong>Jednorazowy zakup, subskrypcja nie jest wymagana<\/strong> - <strong>Do\u017cywotni dost\u0119p<\/strong> przy pojedynczym zakupie.<\/p>\n<p>Aktualizacja do <strong>Microsoft Visio 2019 Professional<\/strong> dzisiaj i <strong>przekszta\u0142canie z\u0142o\u017conych danych w przejrzyste, profesjonalne diagramy wizualne<\/strong>! \ud83d\ude80\ud83d\udcca\ud83d\udccc<\/p>","protected":false},"excerpt":{"rendered":"<p>Microsoft Visio 2019 Professional \u2013 Advanced Diagramming &amp; Data Visualization Description Microsoft Visio 2019 Professional is a powerful diagramming and visualization software designed for business professionals, IT specialists, engineers, and designers who need to create detailed flowcharts, organizational charts, network diagrams, floor plans, and process maps. With intelligent automation, advanced templates, and seamless integration with [&hellip;]<\/p>","protected":false},"featured_media":990,"comment_status":"open","ping_status":"closed","template":"","meta":{"_gspb_post_css":""},"product_brand":[],"product_cat":[65],"product_tag":[66],"class_list":{"0":"post-955","1":"product","2":"type-product","3":"status-publish","4":"has-post-thumbnail","6":"product_cat-misc","7":"product_tag-visio","9":"first","10":"instock","11":"shipping-taxable","12":"product-type-external"},"_links":{"self":[{"href":"https:\/\/keysdock.tajnaveza.net\/pl\/wp-json\/wp\/v2\/product\/955","targetHints":{"allow":["GET"]}}],"collection":[{"href":"https:\/\/keysdock.tajnaveza.net\/pl\/wp-json\/wp\/v2\/product"}],"about":[{"href":"https:\/\/keysdock.tajnaveza.net\/pl\/wp-json\/wp\/v2\/types\/product"}],"replies":[{"embeddable":true,"href":"https:\/\/keysdock.tajnaveza.net\/pl\/wp-json\/wp\/v2\/comments?post=955"}],"wp:featuredmedia":[{"embeddable":true,"href":"https:\/\/keysdock.tajnaveza.net\/pl\/wp-json\/wp\/v2\/media\/990"}],"wp:attachment":[{"href":"https:\/\/keysdock.tajnaveza.net\/pl\/wp-json\/wp\/v2\/media?parent=955"}],"wp:term":[{"taxonomy":"product_brand","embeddable":true,"href":"https:\/\/keysdock.tajnaveza.net\/pl\/wp-json\/wp\/v2\/product_brand?post=955"},{"taxonomy":"product_cat","embeddable":true,"href":"https:\/\/keysdock.tajnaveza.net\/pl\/wp-json\/wp\/v2\/product_cat?post=955"},{"taxonomy":"product_tag","embeddable":true,"href":"https:\/\/keysdock.tajnaveza.net\/pl\/wp-json\/wp\/v2\/product_tag?post=955"}],"curies":[{"name":"wp","href":"https:\/\/api.w.org\/{rel}","templated":true}]}}