{"id":964,"date":"2025-03-15T21:07:43","date_gmt":"2025-03-15T21:07:43","guid":{"rendered":"https:\/\/keysdock.com\/?post_type=product&#038;p=964"},"modified":"2025-10-19T07:33:43","modified_gmt":"2025-10-19T07:33:43","slug":"visio-2021-professional-klucz-licencja","status":"publish","type":"product","link":"https:\/\/keysdock.tajnaveza.net\/pl\/produkt\/visio-2021-professional-klucz-licencja\/","title":{"rendered":"Visio 2021 Professional Key Klucz Licencja"},"content":{"rendered":"<p><strong>Microsoft Visio 2021 Professional - najlepsze narz\u0119dzie do tworzenia diagram\u00f3w i wizualizacji<\/strong><\/p>\n<h3><strong>Opis<\/strong><\/h3>\n<p>Microsoft Visio 2021 Professional to <strong>Pot\u0119\u017cne oprogramowanie do tworzenia diagram\u00f3w i wizualizacji<\/strong> zaprojektowany dla <strong>firm, specjalist\u00f3w IT, in\u017cynier\u00f3w i zespo\u0142\u00f3w<\/strong> kt\u00f3rzy musz\u0105 stworzy\u0107 <strong>szczeg\u00f3\u0142owe schematy blokowe, schematy organizacyjne, diagramy sieciowe, plany pi\u0119ter, projekty in\u017cynieryjne i modelowanie proces\u00f3w biznesowych<\/strong>.<\/p>\n<p>Z <strong>ulepszone narz\u0119dzia do wsp\u00f3\u0142pracy, zmodernizowany interfejs i p\u0142ynna integracja z Microsoft 365 i us\u0142ugami w chmurze<\/strong>Visio 2021 Professional pomaga u\u017cytkownikom <strong>projektowa\u0107, wizualizowa\u0107 i skutecznie przekazywa\u0107 z\u0142o\u017cone informacje<\/strong>.<\/p>\n<h3><strong>Kluczowe cechy<\/strong><\/h3>\n<p>\u2705 <strong>Zaawansowane tworzenie diagram\u00f3w i wykres\u00f3w<\/strong> - Projekt <strong>schematy blokowe, mapy my\u015bli, schematy organizacyjne i diagramy techniczne<\/strong> z \u0142atwo\u015bci\u0105.<br \/>\n\u2705 <strong>Ulepszony interfejs u\u017cytkownika i szablony<\/strong> - Od\u015bwie\u017cony interfejs i <strong>gotowe szablony<\/strong> dla szybszego tworzenia diagram\u00f3w.<br \/>\n\u2705 <strong>Diagramy oparte na danych<\/strong> - <strong>\u0141\u0105czenie danych w czasie rzeczywistym z program\u00f3w Excel, SQL i SharePoint<\/strong> do tworzenia dynamicznych efekt\u00f3w wizualnych.<br \/>\n\u2705 <strong>Wsp\u00f3\u0142praca i wsp\u00f3\u0142autorstwo<\/strong> - <strong>Wielu u\u017cytkownik\u00f3w mo\u017ce edytowa\u0107 diagramy w czasie rzeczywistym<\/strong>, poprawiaj\u0105c prac\u0119 zespo\u0142ow\u0105.<br \/>\n\u2705 <strong>Narz\u0119dzia bran\u017cowe<\/strong> - Zawiera <strong>szablony dla sieci IT, proces\u00f3w biznesowych, in\u017cynierii i projektowania oprogramowania<\/strong>.<br \/>\n\u2705 <strong>AutoConnect i SmartShapes<\/strong> - Automatycznie <strong>\u0142\u0105czenie obiekt\u00f3w i dostosowywanie uk\u0142ad\u00f3w<\/strong> aby szybciej tworzy\u0107 profesjonalne projekty.<br \/>\n\u2705 <strong>Integracja z chmur\u0105 i kompatybilno\u015b\u0107 z Microsoft 365<\/strong> - Dzia\u0142a bezproblemowo z <strong>OneDrive, SharePoint i Teams<\/strong>.<br \/>\n\u2705 <strong>Wsparcie w zakresie UML i Wireframing<\/strong> - Projekt <strong>architektura oprogramowania, szkielety aplikacji i modelowanie baz danych<\/strong> z wbudowanymi narz\u0119dziami UML.<br \/>\n\u2705 <strong>Zwi\u0119kszone bezpiecze\u0144stwo i zgodno\u015b\u0107<\/strong> - <strong>Bezpiecze\u0144stwo klasy korporacyjnej<\/strong> w celu ochrony wra\u017cliwych danych projektu.<br \/>\n\u2705 <strong>Obs\u0142uga podgl\u0105du online programu Visio<\/strong> - Udost\u0119pnij i <strong>wsp\u00f3\u0142praca nad diagramami za po\u015brednictwem przegl\u0105darki internetowej<\/strong>.<\/p>\n<h3><strong>Dost\u0119pne wydania<\/strong><\/h3>\n<p>\ud83d\udd39 <strong>Visio Standard 2021<\/strong> - Najlepsze dla <strong>indywidualni u\u017cytkownicy, kt\u00f3rzy potrzebuj\u0105 podstawowych narz\u0119dzi do tworzenia diagram\u00f3w<\/strong>.<br \/>\n\ud83d\udd39 <strong>Visio Professional 2021<\/strong> - Zawiera <strong>zaawansowane szablony, wsp\u00f3\u0142praca w czasie rzeczywistym, integracja z chmur\u0105 i ulepszona wizualizacja danych<\/strong>idealny dla firm i specjalist\u00f3w IT.<\/p>\n<h3><strong>Minimalne wymagania systemowe<\/strong><\/h3>\n<ul>\n<li class=\"translation-block\"><strong>Procesor<\/strong>: dwurdzeniowy procesor 1,6 GHz lub szybszy<\/li>\n<li class=\"translation-block\"><strong>Pami\u0119\u0107 RAM<\/strong>: 4 GB (64-bitowa) \/ 2 GB (32-bitowa)<\/li>\n<li class=\"translation-block\"><strong>Pami\u0119\u0107 masowa<\/strong>: 4 GB dost\u0119pnego miejsca na dysku<\/li>\n<li class=\"translation-block\"><strong>Wy\u015bwietlacz<\/strong>: rozdzielczo\u015b\u0107 1280\u00d7768 lub wy\u017csza<\/li>\n<li><strong>System operacyjny<\/strong>: Windows 10, Windows 11<\/li>\n<li class=\"translation-block\"><strong>Grafika<\/strong>: DirectX 9 lub nowszy ze sterownikiem WDDM 2.0+<\/li>\n<li><strong>Po\u0142\u0105czenie internetowe<\/strong>: Wymagane do aktywacji, aktualizacji i wsp\u00f3\u0142pracy w chmurze<\/li>\n<\/ul>\n<h3><strong>Dlaczego warto wybra\u0107 Microsoft Visio 2021 Professional?<\/strong><\/h3>\n<p>\ud83d\udd39 <strong>Zaawansowane tworzenie diagram\u00f3w dla biznesu i IT<\/strong> - Idealny dla <strong>Tworzenie szczeg\u00f3\u0142owych, profesjonalnych diagram\u00f3w<\/strong>.<br \/>\n\ud83d\udd39 <strong>Wsp\u00f3\u0142praca w czasie rzeczywistym i integracja z chmur\u0105<\/strong> - <strong>Natychmiastowa edycja i udost\u0119pnianie diagram\u00f3w zespo\u0142om<\/strong>.<br \/>\n\ud83d\udd39 <strong>Diagramy oparte na danych<\/strong> - Link <strong>\u0179r\u00f3d\u0142a danych w czasie rzeczywistym dla dok\u0142adnej wizualizacji<\/strong>.<br \/>\n\ud83d\udd39 <strong>Microsoft 365 i kompatybilno\u015b\u0107 z chmur\u0105<\/strong> - Dzia\u0142a bezproblemowo z <strong>Excel, Teams, SharePoint i OneDrive<\/strong>.<br \/>\n\ud83d\udd39 <strong>Jednorazowy zakup, subskrypcja nie jest wymagana<\/strong> - <strong>Do\u017cywotni dost\u0119p<\/strong> bez powtarzaj\u0105cych si\u0119 op\u0142at.<\/p>\n<p>Aktualizacja do <strong>Microsoft Visio 2021 Professional<\/strong> dzisiaj i <strong>przekszta\u0142canie z\u0142o\u017conych danych w \u0142atwe do zrozumienia diagramy wizualne<\/strong>! \ud83d\ude80\ud83d\udcca\ud83d\udccc<\/p>","protected":false},"excerpt":{"rendered":"<p>Microsoft Visio 2021 Professional \u2013 The Ultimate Diagramming &amp; Visualization Tool Description Microsoft Visio 2021 Professional is a powerful diagramming and visualization software designed for businesses, IT professionals, engineers, and teams who need to create detailed flowcharts, organizational charts, network diagrams, floor plans, engineering designs, and business process modeling. With enhanced collaboration tools, a modernized [&hellip;]<\/p>","protected":false},"featured_media":991,"comment_status":"open","ping_status":"closed","template":"","meta":{"_gspb_post_css":""},"product_brand":[],"product_cat":[65],"product_tag":[66],"class_list":{"0":"post-964","1":"product","2":"type-product","3":"status-publish","4":"has-post-thumbnail","6":"product_cat-misc","7":"product_tag-visio","9":"first","10":"instock","11":"shipping-taxable","12":"product-type-external"},"_links":{"self":[{"href":"https:\/\/keysdock.tajnaveza.net\/pl\/wp-json\/wp\/v2\/product\/964","targetHints":{"allow":["GET"]}}],"collection":[{"href":"https:\/\/keysdock.tajnaveza.net\/pl\/wp-json\/wp\/v2\/product"}],"about":[{"href":"https:\/\/keysdock.tajnaveza.net\/pl\/wp-json\/wp\/v2\/types\/product"}],"replies":[{"embeddable":true,"href":"https:\/\/keysdock.tajnaveza.net\/pl\/wp-json\/wp\/v2\/comments?post=964"}],"wp:featuredmedia":[{"embeddable":true,"href":"https:\/\/keysdock.tajnaveza.net\/pl\/wp-json\/wp\/v2\/media\/991"}],"wp:attachment":[{"href":"https:\/\/keysdock.tajnaveza.net\/pl\/wp-json\/wp\/v2\/media?parent=964"}],"wp:term":[{"taxonomy":"product_brand","embeddable":true,"href":"https:\/\/keysdock.tajnaveza.net\/pl\/wp-json\/wp\/v2\/product_brand?post=964"},{"taxonomy":"product_cat","embeddable":true,"href":"https:\/\/keysdock.tajnaveza.net\/pl\/wp-json\/wp\/v2\/product_cat?post=964"},{"taxonomy":"product_tag","embeddable":true,"href":"https:\/\/keysdock.tajnaveza.net\/pl\/wp-json\/wp\/v2\/product_tag?post=964"}],"curies":[{"name":"wp","href":"https:\/\/api.w.org\/{rel}","templated":true}]}}