{"id":965,"date":"2025-03-15T21:07:43","date_gmt":"2025-03-15T21:07:43","guid":{"rendered":"https:\/\/keysdock.com\/?post_type=product&#038;p=965"},"modified":"2025-10-19T07:33:34","modified_gmt":"2025-10-19T07:33:34","slug":"project-2019-professional-klucz-licencja","status":"publish","type":"product","link":"https:\/\/keysdock.tajnaveza.net\/pl\/produkt\/project-2019-professional-klucz-licencja\/","title":{"rendered":"Project 2019 Professional Key Klucz Licencja"},"content":{"rendered":"<p><strong>Microsoft Project 2019 Professional - Zaawansowane zarz\u0105dzanie projektami dla firm i zespo\u0142\u00f3w<\/strong><\/p>\n<h3><strong>Opis<\/strong><\/h3>\n<p>Microsoft Project 2019 Professional to <strong>Pot\u0119\u017cne rozwi\u0105zanie do zarz\u0105dzania projektami<\/strong> zaprojektowany dla <strong>firm, kierownik\u00f3w projekt\u00f3w i zespo\u0142\u00f3w<\/strong> kt\u00f3rzy musz\u0105 skutecznie <strong>planowanie, \u015bledzenie i zarz\u0105dzanie projektami<\/strong> wszystkich rozmiar\u00f3w. Z <strong>ulepszone narz\u0119dzia do planowania, wsp\u00f3\u0142pracy i raportowania<\/strong>zapewnia <strong>lepsza alokacja zasob\u00f3w, zwi\u0119kszona produktywno\u015b\u0107 i p\u0142ynna praca zespo\u0142owa<\/strong>.<\/p>\n<p>Ta edycja oferuje <strong>integracja z chmur\u0105, wsp\u00f3\u0142tworzenie w czasie rzeczywistym i zaawansowana analityka<\/strong>co czyni go idealnym rozwi\u0105zaniem dla organizacji, kt\u00f3re wymagaj\u0105 <strong>precyzja i wydajno\u015b\u0107 w realizacji projekt\u00f3w<\/strong>.<\/p>\n<h3><strong>Kluczowe cechy<\/strong><\/h3>\n<p>\u2705 <strong>Inteligentne planowanie i automatyzacja zada\u0144<\/strong> - Automatyzuje <strong>Zale\u017cno\u015bci zada\u0144, daty rozpocz\u0119cia i przep\u0142ywy pracy w projekcie<\/strong>.<br \/>\n\u2705 <strong>Zaawansowane wykresy Gantta i widoki osi czasu<\/strong> - Wizualizacja <strong>post\u0119p projektu, kamienie milowe i sekwencje zada\u0144<\/strong>.<br \/>\n\u2705 <strong>Zarz\u0105dzanie zasobami i bud\u017cetem<\/strong> - \u015acie\u017cka <strong>godziny pracy, finanse i alokacja zasob\u00f3w<\/strong> skutecznie.<br \/>\n\u2705 <strong>Wsp\u00f3\u0142praca i integracja z chmur\u0105<\/strong> - Dzia\u0142a z <strong>Microsoft Teams, SharePoint i OneDrive<\/strong> dla lepszej koordynacji projektu.<br \/>\n\u2705 <strong>Gotowe szablony projekt\u00f3w<\/strong> - Zacznij szybko od <strong>Szablony zgodne ze standardami bran\u017cowymi<\/strong> dla r\u00f3\u017cnych typ\u00f3w projekt\u00f3w.<br \/>\n\u2705 <strong>Konfigurowalne raporty i pulpity nawigacyjne<\/strong> - Generowanie <strong>Wgl\u0105d w czasie rzeczywistym, \u015bledzenie koszt\u00f3w i podsumowania wydajno\u015bci<\/strong>.<br \/>\n\u2705 <strong>Wiele widok\u00f3w projektu<\/strong> - U\u017cycie <strong>Widoki siatki, tablicy, osi czasu i Kanban<\/strong> dla lepszej organizacji.<br \/>\n\u2705 <strong>Priorytetyzacja zada\u0144 oparta na sztucznej inteligencji<\/strong> - <strong>Koncentracja na najwa\u017cniejszych zadaniach<\/strong> z automatyczn\u0105 pomoc\u0105 w planowaniu.<br \/>\n\u2705 <strong>Wsp\u00f3\u0142tworzenie i aktualizacje w czasie rzeczywistym<\/strong> - Wielu u\u017cytkownik\u00f3w mo\u017ce <strong>jednoczesna edycja projekt\u00f3w<\/strong> z synchronizacj\u0105 w chmurze.<br \/>\n\u2705 <strong>Bezpiecze\u0144stwo klasy korporacyjnej<\/strong> - Chroni <strong>wra\u017cliwe dane projektu z zaawansowanymi funkcjami bezpiecze\u0144stwa<\/strong>.<\/p>\n<h3><strong>Jaka jest r\u00f3\u017cnica mi\u0119dzy Project 2019 Standard i Professional?<\/strong><\/h3>\n<p>\ud83d\udd39 <strong>Project Standard 2019<\/strong> - Najlepsze dla <strong>indywidualni u\u017cytkownicy zarz\u0105dzaj\u0105cy ma\u0142ymi i \u015brednimi projektami<\/strong>.<br \/>\n\ud83d\udd39 <strong>Project Professional 2019<\/strong> - Zawiera <strong>narz\u0119dzia do wsp\u00f3\u0142pracy, integracja z chmur\u0105, zaawansowane zarz\u0105dzanie zasobami<\/strong>idealny dla zespo\u0142\u00f3w i przedsi\u0119biorstw.<\/p>\n<h3><strong>Minimalne wymagania systemowe<\/strong><\/h3>\n<ul>\n<li class=\"translation-block\"><strong>Procesor<\/strong>: dwurdzeniowy procesor 1,6 GHz lub szybszy<\/li>\n<li class=\"translation-block\"><strong>Pami\u0119\u0107 RAM<\/strong>: 4 GB (64-bitowa) \/ 2 GB (32-bitowa)<\/li>\n<li class=\"translation-block\"><strong>Pami\u0119\u0107 masowa<\/strong>: 4 GB dost\u0119pnego miejsca na dysku<\/li>\n<li class=\"translation-block\"><strong>Wy\u015bwietlacz<\/strong>: rozdzielczo\u015b\u0107 1280\u00d7768 lub wy\u017csza<\/li>\n<li><strong>System operacyjny<\/strong>: Windows 10, Windows 11, Windows Server 2019<\/li>\n<li class=\"translation-block\"><strong>Grafika<\/strong>: DirectX 9 lub nowszy ze sterownikiem WDDM 2.0+<\/li>\n<li><strong>Po\u0142\u0105czenie internetowe<\/strong>: Wymagane do aktywacji, aktualizacji i wsp\u00f3\u0142pracy w chmurze<\/li>\n<\/ul>\n<h3><strong>Dlaczego warto wybra\u0107 Microsoft Project 2019 Professional?<\/strong><\/h3>\n<p>\ud83d\udd39 <strong>Najlepsze dla firm i przedsi\u0119biorstw<\/strong> - Wsparcie <strong>z\u0142o\u017cone projekty, koordynacja wielu zespo\u0142\u00f3w i aktualizacje w czasie rzeczywistym<\/strong>.<br \/>\n\ud83d\udd39 <strong>Usprawnione zarz\u0105dzanie zadaniami<\/strong> - \u0141atwo <strong>przypisywanie, \u015bledzenie i dostosowywanie zada\u0144<\/strong> z automatyzacj\u0105.<br \/>\n\ud83d\udd39 <strong>Zaawansowane raporty wizualne i analityczne<\/strong> - Utw\u00f3rz <strong>interaktywne wykresy, zestawienia koszt\u00f3w i podsumowania projekt\u00f3w<\/strong>.<br \/>\n\ud83d\udd39 <strong>Wsp\u00f3\u0142praca w czasie rzeczywistym<\/strong> - Po\u0142\u0105cz z <strong>Teams, SharePoint i Microsoft 365 do p\u0142ynnej pracy zespo\u0142owej<\/strong>.<br \/>\n\ud83d\udd39 <strong>Jednorazowy zakup, bez subskrypcji<\/strong> - <strong>Do\u017cywotni dost\u0119p<\/strong> z jednorazow\u0105 p\u0142atno\u015bci\u0105.<\/p>\n<p>Aktualizacja do <strong>Microsoft Project 2019 Professional<\/strong> dzisiaj i <strong>usprawnij planowanie, \u015bledzenie i realizacj\u0119 projekt\u00f3w dzi\u0119ki \u015bwiatowej klasy narz\u0119dziom<\/strong>! \ud83d\ude80\ud83d\udcca\ud83d\udcc5<\/p>","protected":false},"excerpt":{"rendered":"<p>Microsoft Project 2019 Professional \u2013 Advanced Project Management for Businesses &amp; Teams Description Microsoft Project 2019 Professional is a powerful project management solution designed for businesses, project managers, and teams who need to efficiently plan, track, and manage projects of all sizes. With enhanced scheduling, collaboration, and reporting tools, it ensures better resource allocation, improved [&hellip;]<\/p>","protected":false},"featured_media":992,"comment_status":"open","ping_status":"closed","template":"","meta":{"_gspb_post_css":""},"product_brand":[],"product_cat":[65],"product_tag":[69],"class_list":{"0":"post-965","1":"product","2":"type-product","3":"status-publish","4":"has-post-thumbnail","6":"product_cat-misc","7":"product_tag-project","9":"first","10":"instock","11":"shipping-taxable","12":"product-type-external"},"_links":{"self":[{"href":"https:\/\/keysdock.tajnaveza.net\/pl\/wp-json\/wp\/v2\/product\/965","targetHints":{"allow":["GET"]}}],"collection":[{"href":"https:\/\/keysdock.tajnaveza.net\/pl\/wp-json\/wp\/v2\/product"}],"about":[{"href":"https:\/\/keysdock.tajnaveza.net\/pl\/wp-json\/wp\/v2\/types\/product"}],"replies":[{"embeddable":true,"href":"https:\/\/keysdock.tajnaveza.net\/pl\/wp-json\/wp\/v2\/comments?post=965"}],"wp:featuredmedia":[{"embeddable":true,"href":"https:\/\/keysdock.tajnaveza.net\/pl\/wp-json\/wp\/v2\/media\/992"}],"wp:attachment":[{"href":"https:\/\/keysdock.tajnaveza.net\/pl\/wp-json\/wp\/v2\/media?parent=965"}],"wp:term":[{"taxonomy":"product_brand","embeddable":true,"href":"https:\/\/keysdock.tajnaveza.net\/pl\/wp-json\/wp\/v2\/product_brand?post=965"},{"taxonomy":"product_cat","embeddable":true,"href":"https:\/\/keysdock.tajnaveza.net\/pl\/wp-json\/wp\/v2\/product_cat?post=965"},{"taxonomy":"product_tag","embeddable":true,"href":"https:\/\/keysdock.tajnaveza.net\/pl\/wp-json\/wp\/v2\/product_tag?post=965"}],"curies":[{"name":"wp","href":"https:\/\/api.w.org\/{rel}","templated":true}]}}