{"id":966,"date":"2025-03-15T21:07:43","date_gmt":"2025-03-15T21:07:43","guid":{"rendered":"https:\/\/keysdock.com\/?post_type=product&#038;p=966"},"modified":"2025-10-19T07:32:55","modified_gmt":"2025-10-19T07:32:55","slug":"project-2021-professional-klucz-licencja","status":"publish","type":"product","link":"https:\/\/keysdock.tajnaveza.net\/pl\/produkt\/project-2021-professional-klucz-licencja\/","title":{"rendered":"Project 2021 Professional Key Klucz Licencja"},"content":{"rendered":"<p><strong>Kup klucz Project 2021 Professional  w najlepszej cenie \u2013 oryginalna licencja z do\u017cywotni\u0105 aktywacj\u0105.<\/strong><\/p>\n<h3><strong>Opis<\/strong><\/h3>\n<p>Microsoft Project 2021 Professional to <strong>Zaawansowane oprogramowanie do zarz\u0105dzania projektami<\/strong> zaprojektowany dla <strong>firmy, przedsi\u0119biorstwa i profesjonalni kierownicy projekt\u00f3w<\/strong> kt\u00f3rzy wymagaj\u0105 <strong>efektywne planowanie, \u015bledzenie i realizacja projekt\u00f3w<\/strong>. Z <strong>Planowanie oparte na sztucznej inteligencji, integracja z chmur\u0105, wsp\u00f3\u0142praca w czasie rzeczywistym i ulepszona analityka.<\/strong>zapewnia <strong>Zaawansowane narz\u0119dzia pozwalaj\u0105ce realizowa\u0107 projekty zgodnie z harmonogramem i bud\u017cetem<\/strong>.<\/p>\n<p>Ta edycja jest <strong>Idealny dla zespo\u0142\u00f3w pracuj\u0105cych nad z\u0142o\u017conymi projektami na du\u017c\u0105 skal\u0119.<\/strong>oferuj\u0105c p\u0142ynn\u0105 integracj\u0119 z <strong>Microsoft Teams, SharePoint i Microsoft 365<\/strong> dla lepszej wsp\u00f3\u0142pracy.<\/p>\n<h3><strong>Kluczowe cechy<\/strong><\/h3>\n<p>\u2705 <strong>Harmonogramowanie i automatyzacja zada\u0144 z wykorzystaniem sztucznej inteligencji<\/strong> - Automatycznie ustawia <strong>zale\u017cno\u015bci zada\u0144, czasy trwania i \u015bcie\u017cki krytyczne<\/strong>.<br \/>\n\u2705 <strong>Interaktywne wykresy Gantta i widoki osi czasu<\/strong> - Zapewnia <strong>wizualne \u015bledzenie post\u0119p\u00f3w projektu, kamieni milowych i termin\u00f3w<\/strong>.<br \/>\n\u2705 <strong>Zaawansowane zarz\u0105dzanie zasobami i kosztami<\/strong> - Przypisywanie i monitorowanie <strong>bud\u017cety, obci\u0105\u017cenia i wykorzystanie zasob\u00f3w<\/strong>.<br \/>\n\u2705 <strong>P\u0142ynna wsp\u00f3\u0142praca i integracja z chmur\u0105<\/strong> - Dzia\u0142a z <strong>Microsoft Teams, SharePoint i OneDrive<\/strong> w celu poprawy koordynacji projekt\u00f3w.<br \/>\n\u2705 <strong>Wbudowane szablony projekt\u00f3w<\/strong> - Szybkie rozpoczynanie projekt\u00f3w dzi\u0119ki <strong>gotowe szablony<\/strong> dla r\u00f3\u017cnych bran\u017c.<br \/>\n\u2705 <strong>Zaawansowane narz\u0119dzia raportowania i pulpitu nawigacyjnego<\/strong> - Generowanie <strong>podsumowania post\u0119p\u00f3w, analizy finansowe i oceny ryzyka<\/strong>.<br \/>\n\u2705 <strong>Wiele widok\u00f3w projektu<\/strong> - Wybierz pomi\u0119dzy <strong>Siatka, tablica Kanban, Gantt i o\u015b czasu<\/strong> widoki zapewniaj\u0105ce elastyczno\u015b\u0107.<br \/>\n\u2705 <strong>Wsp\u00f3\u0142tworzenie i edycja w czasie rzeczywistym<\/strong> - Wielu cz\u0142onk\u00f3w zespo\u0142u mo\u017ce <strong>jednoczesna edycja i aktualizacja plik\u00f3w projektu<\/strong>.<br \/>\n\u2705 <strong>Zaawansowane bezpiecze\u0144stwo i zgodno\u015b\u0107<\/strong> - Zapewnia <strong>Ochrona klasy korporacyjnej dla wra\u017cliwych danych projektu<\/strong>.<br \/>\n\u2705 <strong>Integracja Business Intelligence<\/strong> - Kompatybilny z <strong>Power BI dla szczeg\u00f3\u0142owych informacji o projektach i niestandardowych raport\u00f3w<\/strong>.<\/p>\n<h3><strong>Dost\u0119pne wydania<\/strong><\/h3>\n<p>\ud83d\udd39 <strong>Standard projektu 2021<\/strong> - Najlepsze dla <strong>osoby zarz\u0105dzaj\u0105ce ma\u0142ymi i \u015brednimi projektami<\/strong>.<br \/>\n\ud83d\udd39 <strong>Project Professional 2021<\/strong> - Zawiera <strong>wsp\u00f3\u0142praca zespo\u0142owa, zaawansowane zarz\u0105dzanie zasobami i obs\u0142uga chmury<\/strong>dzi\u0119ki czemu idealnie nadaje si\u0119 dla firm i du\u017cych zespo\u0142\u00f3w.<\/p>\n<h3><strong>Minimalne wymagania systemowe<\/strong><\/h3>\n<ul>\n<li class=\"translation-block\"><strong>Procesor<\/strong>: dwurdzeniowy procesor 1,6 GHz lub szybszy<\/li>\n<li class=\"translation-block\"><strong>Pami\u0119\u0107 RAM<\/strong>: 4 GB (64-bitowa) \/ 2 GB (32-bitowa)<\/li>\n<li class=\"translation-block\"><strong>Pami\u0119\u0107 masowa<\/strong>: 4 GB dost\u0119pnego miejsca na dysku<\/li>\n<li class=\"translation-block\"><strong>Wy\u015bwietlacz<\/strong>: rozdzielczo\u015b\u0107 1280\u00d7768 lub wy\u017csza<\/li>\n<li><strong>System operacyjny<\/strong>: Windows 10, Windows 11<\/li>\n<li class=\"translation-block\"><strong>Grafika<\/strong>: DirectX 9 lub nowszy ze sterownikiem WDDM 2.0+<\/li>\n<li><strong>Po\u0142\u0105czenie internetowe<\/strong>: Wymagane do aktywacji, aktualizacji i wsp\u00f3\u0142pracy w chmurze<\/li>\n<\/ul>\n<h3><strong>Dlaczego warto wybra\u0107 Microsoft Project 2021 Professional?<\/strong><\/h3>\n<p>\ud83d\udd39 <strong>Idealny dla zespo\u0142\u00f3w i przedsi\u0119biorstw<\/strong> - <strong>Zarz\u0105dza z\u0142o\u017conymi, wielozespo\u0142owymi projektami, wsp\u00f3\u0142pracuj\u0105c w czasie rzeczywistym.<\/strong>.<br \/>\n\ud83d\udd39 <strong>Inteligentna automatyzacja zada\u0144<\/strong> - <strong>Planowanie oparte na sztucznej inteligencji optymalizuje harmonogramy i wydajno\u015b\u0107 projekt\u00f3w<\/strong>.<br \/>\n\ud83d\udd39 <strong>Kompleksowe \u015bledzenie wydajno\u015bci<\/strong> - <strong>Skuteczne monitorowanie bud\u017cet\u00f3w, harmonogram\u00f3w i obci\u0105\u017cenia prac\u0105<\/strong>.<br \/>\n\ud83d\udd39 <strong>P\u0142ynna integracja z platform\u0105 Microsoft 365<\/strong> - Dzia\u0142a z <strong>Excel, Outlook, Power BI i Microsoft Teams<\/strong>.<br \/>\n\ud83d\udd39 <strong>Jednorazowy zakup, bez subskrypcji<\/strong> - <strong>Do\u017cywotni dost\u0119p<\/strong> bez powtarzaj\u0105cych si\u0119 op\u0142at.<\/p>\n<p>Aktualizacja do <strong>Microsoft Project 2021 Professional<\/strong> dzisiaj i we\u017a <strong>zarz\u0105dzanie projektami na wy\u017cszy poziom<\/strong> z pot\u0119\u017cnymi narz\u0119dziami do planowania, \u015bledzenia i wsp\u00f3\u0142pracy! \ud83d\ude80\ud83d\udcca\ud83d\udcc5<\/p>","protected":false},"excerpt":{"rendered":"<p>Microsoft Project 2021 Professional \u2013 The Ultimate Project Management Solution Description Microsoft Project 2021 Professional is an advanced project management software designed for businesses, enterprises, and professional project managers who require efficient planning, tracking, and execution of projects. With AI-powered scheduling, cloud integration, real-time collaboration, and enhanced analytics, it provides powerful tools to keep projects [&hellip;]<\/p>","protected":false},"featured_media":993,"comment_status":"open","ping_status":"closed","template":"","meta":{"_gspb_post_css":""},"product_brand":[],"product_cat":[65],"product_tag":[69],"class_list":{"0":"post-966","1":"product","2":"type-product","3":"status-publish","4":"has-post-thumbnail","6":"product_cat-misc","7":"product_tag-project","9":"first","10":"instock","11":"shipping-taxable","12":"product-type-external"},"_links":{"self":[{"href":"https:\/\/keysdock.tajnaveza.net\/pl\/wp-json\/wp\/v2\/product\/966","targetHints":{"allow":["GET"]}}],"collection":[{"href":"https:\/\/keysdock.tajnaveza.net\/pl\/wp-json\/wp\/v2\/product"}],"about":[{"href":"https:\/\/keysdock.tajnaveza.net\/pl\/wp-json\/wp\/v2\/types\/product"}],"replies":[{"embeddable":true,"href":"https:\/\/keysdock.tajnaveza.net\/pl\/wp-json\/wp\/v2\/comments?post=966"}],"wp:featuredmedia":[{"embeddable":true,"href":"https:\/\/keysdock.tajnaveza.net\/pl\/wp-json\/wp\/v2\/media\/993"}],"wp:attachment":[{"href":"https:\/\/keysdock.tajnaveza.net\/pl\/wp-json\/wp\/v2\/media?parent=966"}],"wp:term":[{"taxonomy":"product_brand","embeddable":true,"href":"https:\/\/keysdock.tajnaveza.net\/pl\/wp-json\/wp\/v2\/product_brand?post=966"},{"taxonomy":"product_cat","embeddable":true,"href":"https:\/\/keysdock.tajnaveza.net\/pl\/wp-json\/wp\/v2\/product_cat?post=966"},{"taxonomy":"product_tag","embeddable":true,"href":"https:\/\/keysdock.tajnaveza.net\/pl\/wp-json\/wp\/v2\/product_tag?post=966"}],"curies":[{"name":"wp","href":"https:\/\/api.w.org\/{rel}","templated":true}]}}