{"id":967,"date":"2025-03-15T21:07:43","date_gmt":"2025-03-15T21:07:43","guid":{"rendered":"https:\/\/keysdock.com\/?post_type=product&#038;p=967"},"modified":"2025-10-19T07:32:47","modified_gmt":"2025-10-19T07:32:47","slug":"visual-studio-professional-2019-klucz-licencja","status":"publish","type":"product","link":"https:\/\/keysdock.tajnaveza.net\/pl\/produkt\/visual-studio-professional-2019-klucz-licencja\/","title":{"rendered":"Visual Studio Professional 2019 Key Klucz Licencja"},"content":{"rendered":"<p><strong>Kup klucz Visual Studio Professional 2019  w najlepszej cenie \u2013 oryginalna licencja z do\u017cywotni\u0105 aktywacj\u0105.<\/strong><\/p>\n<h3><strong>Opis<\/strong><\/h3>\n<p>Visual Studio Professional 2019 to <strong>kompleksowe zintegrowane \u015brodowisko programistyczne (IDE)<\/strong> zaprojektowany dla <strong>profesjonalni deweloperzy<\/strong> kt\u00f3rzy potrzebuj\u0105 <strong>zaawansowane narz\u0119dzia do kodowania, debugowania i wsp\u00f3\u0142pracy<\/strong>. Dzi\u0119ki obs\u0142udze wielu j\u0119zyk\u00f3w programowania, integracji z chmur\u0105 i wysoce produktywnemu interfejsowi, umo\u017cliwia programistom tworzenie <strong>nowoczesne aplikacje webowe, desktopowe, mobilne i chmurowe<\/strong> z wydajno\u015bci\u0105 i precyzj\u0105.<\/p>\n<h3><strong>Kluczowe cechy<\/strong><\/h3>\n<p>\u2705 <strong>Ulepszony edytor kodu<\/strong> - <strong>IntelliSense oparty na sztucznej inteligencji<\/strong>, refaktoryzacja kodu i wsp\u00f3\u0142praca w czasie rzeczywistym.<br \/>\n\u2705 <strong>Zaawansowane debugowanie i diagnostyka<\/strong> - Ustawiaj punkty przerwania, sprawdzaj zmienne i debuguj za pomoc\u0105 <strong>Live Share i IntelliTrace<\/strong>.<br \/>\n\u2705 <strong>P\u0142ynna integracja z Git<\/strong> - <strong>Wbudowane repozytoria Git<\/strong> dla \u0142atwej kontroli wersji i wsp\u00f3\u0142pracy.<br \/>\n\u2705 <strong>Rozw\u00f3j mi\u0119dzyplatformowy<\/strong> - Tworzenie aplikacji dla <strong>Windows, macOS, Android, iOS, Linux i Internet<\/strong>.<br \/>\n\u2705 <strong>Rozw\u00f3j w chmurze przy u\u017cyciu platformy Azure<\/strong> - <strong>P\u0142ynna integracja z Microsoft Azure<\/strong> dla aplikacji opartych na chmurze.<br \/>\n\u2705 <strong>Visual Studio Live Share<\/strong> - Wsp\u00f3\u0142praca w czasie rzeczywistym dla <strong>programowanie w parach i rozw\u00f3j zespo\u0142owy<\/strong>.<br \/>\n\u2705 <strong>Pot\u0119\u017cne narz\u0119dzia do testowania<\/strong> - Zawiera <strong>testowanie jednostkowe, pokrycie kodu i profilowanie wydajno\u015bci<\/strong>.<br \/>\n\u2705 <strong>Kompleksowa obs\u0142uga baz danych<\/strong> - Po\u0142\u0105cz z <strong>SQL Server, MySQL, PostgreSQL<\/strong>i inne bazy danych.<br \/>\n\u2705 <strong>Funkcja CodeLens<\/strong> - Zapewnia wgl\u0105d w <strong>zmiany kodu, odniesienia i elementy robocze<\/strong>.<br \/>\n\u2705 <strong>Rozbudowany rynek rozszerze\u0144<\/strong> - Dostosuj swoje \u015brodowisko programistyczne za pomoc\u0105 <strong>tysi\u0105ce rozszerze\u0144<\/strong>.<\/p>\n<h3><strong>Minimalne wymagania systemowe<\/strong><\/h3>\n<ul>\n<li><strong>Procesor<\/strong>: 1,8 GHz lub szybszy, zalecany 64-bitowy<\/li>\n<li><strong>RAM<\/strong>2 GB (zalecane 8 GB)<\/li>\n<li><strong>Przechowywanie<\/strong>: Minimum <strong>20 GB<\/strong> dost\u0119pna przestrze\u0144<\/li>\n<li><strong>Grafika<\/strong>: DirectX 9 kompatybilny ze sterownikiem WDDM 1.0<\/li>\n<li><strong>Wy\u015bwietlacz<\/strong>: Rozdzielczo\u015b\u0107 1366\u00d7768 lub wy\u017csza<\/li>\n<li><strong>System operacyjny<\/strong>: Windows 10, Windows Server 2016\/2019<\/li>\n<li><strong>Po\u0142\u0105czenie internetowe<\/strong>: Wymagane do aktualizacji, aktywacji i us\u0142ug online.<\/li>\n<\/ul>\n<h3><strong>Dlaczego warto wybra\u0107 Visual Studio Professional 2019?<\/strong><\/h3>\n<p>\ud83d\udd39 <strong>Idealny dla profesjonalnych programist\u00f3w<\/strong> - Zaawansowane funkcje dla <strong>przedsi\u0119biorstwa i komercyjne<\/strong> rozw\u00f3j oprogramowania.<br \/>\n\ud83d\udd39 <strong>Usprawniona wsp\u00f3\u0142praca<\/strong> - <strong>Live Share, GitHub i Azure DevOps<\/strong> zwi\u0119kszy\u0107 produktywno\u015b\u0107 zespo\u0142u.<br \/>\n\ud83d\udd39 <strong>Kompleksowe debugowanie i testowanie<\/strong> - Narz\u0119dzia takie jak <strong>IntelliTrace, CodeLens i testy jednostkowe<\/strong> zapewni\u0107 wysok\u0105 jako\u015b\u0107 kodu.<br \/>\n\ud83d\udd39 <strong>Gotowo\u015b\u0107 do pracy w chmurze i skalowalno\u015b\u0107<\/strong> - Rozw\u00f3j <strong>aplikacje natywne dla chmury<\/strong> z <strong>Obs\u0142uga platformy Microsoft Azure<\/strong>.<br \/>\n\ud83d\udd39 <strong>Elastyczno\u015b\u0107 i mo\u017cliwo\u015b\u0107 rozbudowy<\/strong> - <strong>Obs\u0142uga wielu j\u0119zyk\u00f3w programowania<\/strong> w tym <strong>C#, C++, Python, JavaScript i nie tylko<\/strong>.<\/p>\n<p>Aktualizacja do <strong>Visual Studio Professional 2019<\/strong> oraz <strong>zwi\u0119kszenie produktywno\u015bci dzi\u0119ki zaawansowanemu, skalowalnemu i po\u0142\u0105czonemu z chmur\u0105 \u015brodowisku programistycznemu<\/strong>! \ud83d\ude80\ud83d\udc68\u200d\ud83d\udcbb\ud83d\udca1<\/p>","protected":false},"excerpt":{"rendered":"<p>Visual Studio Professional 2019 \u2013 Powerful Development Environment for Professionals Description Visual Studio Professional 2019 is a comprehensive integrated development environment (IDE) designed for professional developers who need advanced tools for coding, debugging, and collaboration. With support for multiple programming languages, cloud integration, and a highly productive interface, it enables developers to build modern applications [&hellip;]<\/p>","protected":false},"featured_media":1003,"comment_status":"open","ping_status":"closed","template":"","meta":{"_gspb_post_css":""},"product_brand":[],"product_cat":[65],"product_tag":[70],"class_list":{"0":"post-967","1":"product","2":"type-product","3":"status-publish","4":"has-post-thumbnail","6":"product_cat-misc","7":"product_tag-visual-studio","9":"first","10":"instock","11":"shipping-taxable","12":"product-type-external"},"_links":{"self":[{"href":"https:\/\/keysdock.tajnaveza.net\/pl\/wp-json\/wp\/v2\/product\/967","targetHints":{"allow":["GET"]}}],"collection":[{"href":"https:\/\/keysdock.tajnaveza.net\/pl\/wp-json\/wp\/v2\/product"}],"about":[{"href":"https:\/\/keysdock.tajnaveza.net\/pl\/wp-json\/wp\/v2\/types\/product"}],"replies":[{"embeddable":true,"href":"https:\/\/keysdock.tajnaveza.net\/pl\/wp-json\/wp\/v2\/comments?post=967"}],"wp:featuredmedia":[{"embeddable":true,"href":"https:\/\/keysdock.tajnaveza.net\/pl\/wp-json\/wp\/v2\/media\/1003"}],"wp:attachment":[{"href":"https:\/\/keysdock.tajnaveza.net\/pl\/wp-json\/wp\/v2\/media?parent=967"}],"wp:term":[{"taxonomy":"product_brand","embeddable":true,"href":"https:\/\/keysdock.tajnaveza.net\/pl\/wp-json\/wp\/v2\/product_brand?post=967"},{"taxonomy":"product_cat","embeddable":true,"href":"https:\/\/keysdock.tajnaveza.net\/pl\/wp-json\/wp\/v2\/product_cat?post=967"},{"taxonomy":"product_tag","embeddable":true,"href":"https:\/\/keysdock.tajnaveza.net\/pl\/wp-json\/wp\/v2\/product_tag?post=967"}],"curies":[{"name":"wp","href":"https:\/\/api.w.org\/{rel}","templated":true}]}}