{"id":968,"date":"2025-03-15T21:07:43","date_gmt":"2025-03-15T21:07:43","guid":{"rendered":"https:\/\/keysdock.com\/?post_type=product&#038;p=968"},"modified":"2025-10-19T07:32:36","modified_gmt":"2025-10-19T07:32:36","slug":"visual-studio-professional-2022-klucz-licencja","status":"publish","type":"product","link":"https:\/\/keysdock.tajnaveza.net\/pl\/produkt\/visual-studio-professional-2022-klucz-licencja\/","title":{"rendered":"Visual Studio Professional 2022 Key Klucz Licencja"},"content":{"rendered":"<p><strong>Kup klucz Visual Studio Professional 2022  w najlepszej cenie \u2013 oryginalna licencja z do\u017cywotni\u0105 aktywacj\u0105.<\/strong><\/p>\n<h3><strong>Opis<\/strong><\/h3>\n<p>Visual Studio Professional 2022 to <strong>wydajne, skalowalne i wspierane przez sztuczn\u0105 inteligencj\u0119 zintegrowane \u015brodowisko programistyczne (IDE)<\/strong> zaprojektowany dla <strong>profesjonalni programi\u015bci, zespo\u0142y i przedsi\u0119biorstwa<\/strong>. Z <strong>ulepszone debugowanie, wsp\u00f3\u0142praca w czasie rzeczywistym, integracja z chmur\u0105 i IntelliCode oparty na sztucznej inteligencji<\/strong>zapewnia usprawnione \u015brodowisko programistyczne dla <strong>tworzenie nowoczesnych aplikacji internetowych, desktopowych, mobilnych i chmurowych<\/strong>.<\/p>\n<p>Ta wersja jest <strong>64-bitowy<\/strong>co czyni go najbardziej wydajnym i <strong>wysoka wydajno\u015b\u0107<\/strong> Visual Studio jeszcze, zdolny do obs\u0142ugi <strong>Wi\u0119ksze projekty i z\u0142o\u017cone rozwi\u0105zania<\/strong> bez spowolnie\u0144.<\/p>\n<h3><strong>Kluczowe cechy<\/strong><\/h3>\n<p>\u2705 <strong>Architektura 64-bitowa<\/strong> - Uchwyty <strong>wi\u0119ksze projekty z lepsz\u0105 wydajno\u015bci\u0105 i stabilno\u015bci\u0105<\/strong>.<br \/>\n\u2705 <strong>IntelliCode oparty na sztucznej inteligencji<\/strong> - Pomaga przy <strong>sugestie dotycz\u0105ce kodu, refaktoryzacja i zapobieganie b\u0142\u0119dom<\/strong>.<br \/>\n\u2705 <strong>Zaawansowane debugowanie i diagnostyka<\/strong> - Zawiera <strong>Debugowanie na \u017cywo, IntelliTrace i debugowanie podr\u00f3\u017cy w czasie<\/strong>.<br \/>\n\u2705 <strong>P\u0142ynna integracja z Git i GitHub<\/strong> - Wbudowany <strong>kontrola wersji<\/strong> oraz <strong>narz\u0119dzia do wsp\u00f3\u0142pracy zespo\u0142owej<\/strong>.<br \/>\n\u2705 <strong>Rozw\u00f3j mi\u0119dzyplatformowy<\/strong> - Wsparcie <strong>Windows, macOS, Android, iOS, Linux i Internet<\/strong> aplikacje.<br \/>\n\u2705 <strong>Rozw\u00f3j w chmurze przy u\u017cyciu platformy Azure<\/strong> - Tw\u00f3rz, wdra\u017caj i skaluj aplikacje za pomoc\u0105 <strong>Integracja z platform\u0105 Microsoft Azure<\/strong>.<br \/>\n\u2705 <strong>Wsp\u00f3\u0142praca Live Share<\/strong> - Program w parach i przegl\u0105d kodu w <strong>w czasie rzeczywistym z cz\u0142onkami zespo\u0142u<\/strong>.<br \/>\n\u2705 <strong>Pot\u0119\u017cne narz\u0119dzia do testowania<\/strong> - Zawiera <strong>testowanie jednostkowe, testowanie obci\u0105\u017cenia i frameworki do testowania interfejsu u\u017cytkownika<\/strong>.<br \/>\n\u2705 <strong>Obs\u0142uga Blazor i .NET 6+<\/strong> - Nowoczesny <strong>rozw\u00f3j sieci i chmury<\/strong> z <strong>ASP.NET Core, C# i Razor<\/strong>.<br \/>\n\u2705 <strong>Kompleksowa obs\u0142uga baz danych<\/strong> - Po\u0142\u0105cz z <strong>SQL Server, MySQL, PostgreSQL<\/strong>i nie tylko.<br \/>\n\u2705 <strong>Rozbudowany rynek i rozszerzenia<\/strong> - Dostosuj IDE za pomoc\u0105 <strong>tysi\u0105ce wtyczek i narz\u0119dzi<\/strong>.<\/p>\n<h3><strong>Minimalne wymagania systemowe<\/strong><\/h3>\n<ul>\n<li><strong>Procesor<\/strong>: 1,8 GHz lub szybszy, zalecany 64-bitowy<\/li>\n<li><strong>RAM<\/strong>: Minimum 4 GB (zalecane 16 GB)<\/li>\n<li><strong>Przechowywanie<\/strong>minimum 20 GB wolnego miejsca<\/li>\n<li><strong>Grafika<\/strong>: DirectX 9 kompatybilny ze sterownikiem WDDM 1.0<\/li>\n<li><strong>Wy\u015bwietlacz<\/strong>: Rozdzielczo\u015b\u0107 1366\u00d7768 lub wy\u017csza<\/li>\n<li><strong>System operacyjny<\/strong>: Windows 10 (wersja 1909+) \/ Windows 11 \/ Windows Server 2016, 2019, 2022<\/li>\n<li><strong>Po\u0142\u0105czenie internetowe<\/strong>: Wymagane do aktywacji, aktualizacji i us\u0142ug online.<\/li>\n<\/ul>\n<h3><strong>Dlaczego warto wybra\u0107 Visual Studio Professional 2022?<\/strong><\/h3>\n<p>\ud83d\udd39 <strong>Zoptymalizowany dla du\u017cych projekt\u00f3w<\/strong> - 64-bitowa architektura zapewnia <strong>Lepsza wydajno\u015b\u0107 i skalowalno\u015b\u0107<\/strong>.<br \/>\n\ud83d\udd39 <strong>Produktywno\u015b\u0107 wspomagana przez AI<\/strong> - <strong>IntelliCode<\/strong> przyspiesza rozw\u00f3j dzi\u0119ki <strong>inteligentne sugestie dotycz\u0105ce kodu<\/strong>.<br \/>\n\ud83d\udd39 <strong>Ulepszone debugowanie i testowanie<\/strong> - <strong>Zaawansowane debugowanie, diagnostyka na \u017cywo i testy jednostkowe<\/strong> dla wysokiej jako\u015bci oprogramowania.<br \/>\n\ud83d\udd39 <strong>Bezproblemowa integracja z chmur\u0105<\/strong> - <strong>Tworzenie aplikacji natywnych dla chmury<\/strong> z <strong>Obs\u0142uga platform Azure, Docker i Kubernetes<\/strong>.<br \/>\n\ud83d\udd39 <strong>Najlepsze dla zespo\u0142\u00f3w i przedsi\u0119biorstw<\/strong> - <strong>Live Share, GitHub i DevOps<\/strong> narz\u0119dzia poprawiaj\u0105 wsp\u00f3\u0142prac\u0119 i wydajno\u015b\u0107.<br \/>\n\ud83d\udd39 <strong>Obs\u0142uga najnowszych technologii<\/strong> - <strong>.NET 6+, C#, Python, JavaScript, TypeScript i inne<\/strong>.<\/p>\n<p>Aktualizacja do <strong>Visual Studio Professional 2022<\/strong> dzisiaj i do\u015bwiadczy\u0107 <strong>szybszy, inteligentniejszy i bardziej wydajny rozw\u00f3j<\/strong>! \ud83d\ude80\ud83d\udcbb\u26a1<\/p>","protected":false},"excerpt":{"rendered":"<p>Visual Studio Professional 2022 \u2013 The Ultimate IDE for Professional Developers Description Visual Studio Professional 2022 is a powerful, scalable, and AI-assisted integrated development environment (IDE) designed for professional developers, teams, and enterprises. With enhanced debugging, real-time collaboration, cloud integration, and AI-powered IntelliCode, it provides a streamlined development experience for building modern applications for web, [&hellip;]<\/p>","protected":false},"featured_media":1004,"comment_status":"open","ping_status":"closed","template":"","meta":{"_gspb_post_css":""},"product_brand":[],"product_cat":[65],"product_tag":[70],"class_list":{"0":"post-968","1":"product","2":"type-product","3":"status-publish","4":"has-post-thumbnail","6":"product_cat-misc","7":"product_tag-visual-studio","9":"first","10":"instock","11":"shipping-taxable","12":"product-type-external"},"_links":{"self":[{"href":"https:\/\/keysdock.tajnaveza.net\/pl\/wp-json\/wp\/v2\/product\/968","targetHints":{"allow":["GET"]}}],"collection":[{"href":"https:\/\/keysdock.tajnaveza.net\/pl\/wp-json\/wp\/v2\/product"}],"about":[{"href":"https:\/\/keysdock.tajnaveza.net\/pl\/wp-json\/wp\/v2\/types\/product"}],"replies":[{"embeddable":true,"href":"https:\/\/keysdock.tajnaveza.net\/pl\/wp-json\/wp\/v2\/comments?post=968"}],"wp:featuredmedia":[{"embeddable":true,"href":"https:\/\/keysdock.tajnaveza.net\/pl\/wp-json\/wp\/v2\/media\/1004"}],"wp:attachment":[{"href":"https:\/\/keysdock.tajnaveza.net\/pl\/wp-json\/wp\/v2\/media?parent=968"}],"wp:term":[{"taxonomy":"product_brand","embeddable":true,"href":"https:\/\/keysdock.tajnaveza.net\/pl\/wp-json\/wp\/v2\/product_brand?post=968"},{"taxonomy":"product_cat","embeddable":true,"href":"https:\/\/keysdock.tajnaveza.net\/pl\/wp-json\/wp\/v2\/product_cat?post=968"},{"taxonomy":"product_tag","embeddable":true,"href":"https:\/\/keysdock.tajnaveza.net\/pl\/wp-json\/wp\/v2\/product_tag?post=968"}],"curies":[{"name":"wp","href":"https:\/\/api.w.org\/{rel}","templated":true}]}}