{"id":971,"date":"2025-03-15T21:07:43","date_gmt":"2025-03-15T21:07:43","guid":{"rendered":"https:\/\/keysdock.com\/?post_type=product&#038;p=971"},"modified":"2025-10-19T07:32:26","modified_gmt":"2025-10-19T07:32:26","slug":"outlook-2019-klucz-licencja","status":"publish","type":"product","link":"https:\/\/keysdock.tajnaveza.net\/pl\/produkt\/outlook-2019-klucz-licencja\/","title":{"rendered":"Outlook 2019 Key Klucz Licencja"},"content":{"rendered":"<p><strong>Microsoft Outlook 2019 - najlepsze rozwi\u0105zanie do obs\u0142ugi poczty e-mail i zwi\u0119kszania produktywno\u015bci<\/strong><\/p>\n<h3><strong>Opis<\/strong><\/h3>\n<p>Microsoft Outlook 2019 to <strong>Zaawansowana aplikacja do obs\u0142ugi poczty e-mail i kalendarza<\/strong> zaprojektowany dla <strong>profesjonali\u015bci, firmy i osoby prywatne<\/strong> kt\u00f3rzy potrzebuj\u0105 <strong>p\u0142ynna komunikacja, planowanie i zarz\u0105dzanie zadaniami<\/strong>. Z przyjaznym dla u\u017cytkownika interfejsem, <strong>ulepszone funkcje bezpiecze\u0144stwa i zwi\u0119kszona wydajno\u015b\u0107<\/strong>Outlook 2019 to idealne rozwi\u0105zanie do zarz\u0105dzania <strong>wiadomo\u015bci e-mail, spotkania, kontakty i zadania w efektywny spos\u00f3b<\/strong>.<\/p>\n<p>Niezale\u017cnie od tego, czy pracujesz w biurze, czy zdalnie, Outlook 2019 zapewnia <strong>Sprawna wsp\u00f3\u0142praca i organizacja<\/strong>zapewniaj\u0105c \u0142\u0105czno\u015b\u0107 i produktywno\u015b\u0107.<\/p>\n<h3><strong>Kluczowe cechy<\/strong><\/h3>\n<p>\u2705 <strong>Usprawnione zarz\u0105dzanie poczt\u0105 e-mail<\/strong> - Uporz\u0105dkuj swoj\u0105 skrzynk\u0119 odbiorcz\u0105 za pomoc\u0105 <strong>Skoncentrowana skrzynka odbiorcza, kategorie i filtry<\/strong>.<br \/>\n\u2705 <strong>Ulepszony kalendarz i planowanie<\/strong> - \u0141atwe planowanie spotka\u0144, ustawianie przypomnie\u0144 i synchronizacja kalendarzy.<br \/>\n\u2705 <strong>Zaawansowane bezpiecze\u0144stwo i prywatno\u015b\u0107<\/strong> - Wbudowana ochrona przed <strong>phishing, z\u0142o\u015bliwe oprogramowanie i spam<\/strong>.<br \/>\n\u2705 <strong>Obs\u0142uga trybu offline<\/strong> - Dost\u0119p do wiadomo\u015bci e-mail, kalendarza i zada\u0144 <strong>bez po\u0142\u0105czenia z Internetem<\/strong>.<br \/>\n\u2705 <strong>Zintegrowane centrum kontakt\u00f3w i os\u00f3b<\/strong> - Efektywnie zarz\u0105dzaj kontaktami za pomoc\u0105 <strong>ujednolicone ksi\u0105\u017cki adresowe<\/strong>.<br \/>\n\u2705 <strong>Ulepszona funkcjonalno\u015b\u0107 wyszukiwania<\/strong> - Szybkie wyszukiwanie wiadomo\u015bci e-mail, za\u0142\u0105cznik\u00f3w i wydarze\u0144 w kalendarzu.<br \/>\n\u2705 <strong>Integracja zada\u0144 i notatek<\/strong> - Zachowaj produktywno\u015b\u0107 dzi\u0119ki <strong>listy zada\u0144, karteczki samoprzylepne i przypomnienia<\/strong>.<br \/>\n\u2705 <strong>Bezproblemowa obs\u0142uga platformy Microsoft 365 i Exchange<\/strong> - Dzia\u0142a z <strong>Microsoft Exchange, OneDrive i SharePoint<\/strong>.<br \/>\n\u2705 <strong>Obs\u0142uga wielu kont e-mail<\/strong> - \u0141atwe zarz\u0105dzanie <strong>Konta Gmail, Yahoo, Outlook.com i IMAP\/POP<\/strong>.<br \/>\n\u2705 <strong>Automatyczna odpowied\u017a i automatyzacja regu\u0142<\/strong> - Konfiguracja <strong>odpowiedzi poza biurem, filtry i regu\u0142y automatyzacji<\/strong>.<br \/>\n\u2705 <strong>Zaktualizowany interfejs u\u017cytkownika<\/strong> - A <strong>nowoczesny, uporz\u0105dkowany interfejs u\u017cytkownika<\/strong> dla lepszej czytelno\u015bci i wydajno\u015bci.<\/p>\n<h3><strong>Minimalne wymagania systemowe<\/strong><\/h3>\n<ul>\n<li><strong>Procesor<\/strong>: 2-rdzeniowy procesor 1,6 GHz lub szybszy<\/li>\n<li class=\"translation-block\"><strong>Pami\u0119\u0107 RAM<\/strong>: 4 GB (64-bitowa) \/ 2 GB (32-bitowa)<\/li>\n<li class=\"translation-block\"><strong>Pami\u0119\u0107 masowa<\/strong>: 4 GB dost\u0119pnego miejsca na dysku<\/li>\n<li class=\"translation-block\"><strong>Wy\u015bwietlacz<\/strong>: rozdzielczo\u015b\u0107 1280\u00d7768 lub wy\u017csza<\/li>\n<li><strong>System operacyjny<\/strong>: Windows 10 \/ Windows 11 \/ Windows Server 2019<\/li>\n<li class=\"translation-block\"><strong>Grafika<\/strong>: DirectX 9 lub nowszy ze sterownikiem WDDM 2.0+<\/li>\n<li><strong>Po\u0142\u0105czenie internetowe<\/strong>: Wymagane do aktywacji, aktualizacji i integracji z chmur\u0105<\/li>\n<\/ul>\n<h3><strong>Dlaczego warto wybra\u0107 Microsoft Outlook 2019?<\/strong><\/h3>\n<p>\ud83d\udd39 <strong>Profesjonalne zarz\u0105dzanie poczt\u0105 e-mail<\/strong> - <strong>B\u0105d\u017a zorganizowany<\/strong> z inteligentnym sortowaniem skrzynek odbiorczych, filtrami i \u015bledzeniem wiadomo\u015bci e-mail.<br \/>\n\ud83d\udd39 <strong>Bezproblemowa integracja kalendarza<\/strong> - Harmonogram <strong>spotkania, przypomnienia i wydarzenia<\/strong> z \u0142atwo\u015bci\u0105.<br \/>\n\ud83d\udd39 <strong>Zwi\u0119kszone bezpiecze\u0144stwo<\/strong> - Wbudowany <strong>antyphishing, ochrona przed z\u0142o\u015bliwym oprogramowaniem i filtrowanie spamu<\/strong>.<br \/>\n\ud83d\udd39 <strong>Idealny do u\u017cytku biznesowego i osobistego<\/strong> - Wsparcie <strong>wiele kont e-mail i us\u0142ugi Microsoft 365<\/strong>.<br \/>\n\ud83d\udd39 <strong>Dost\u0119p offline i narz\u0119dzia zwi\u0119kszaj\u0105ce produktywno\u015b\u0107<\/strong> - Praca w dowolnym miejscu i czasie, z <strong>tryb offline, zadania i notatki<\/strong>.<\/p>\n<p>Aktualizacja do <strong>Microsoft Outlook 2019<\/strong> dzisiaj i do\u015bwiadczy\u0107 <strong>lepsza komunikacja e-mail, planowanie i produktywno\u015b\u0107<\/strong>! \ud83d\udce7\ud83d\udcc5\ud83d\ude80<\/p>","protected":false},"excerpt":{"rendered":"<p>Microsoft Outlook 2019 \u2013 The Ultimate Email &amp; Productivity Solution Description Microsoft Outlook 2019 is a powerful email and calendar application designed for professionals, businesses, and individuals who need seamless communication, scheduling, and task management. With a user-friendly interface, enhanced security features, and improved performance, Outlook 2019 is the perfect solution for managing emails, appointments, [&hellip;]<\/p>","protected":false},"featured_media":1007,"comment_status":"open","ping_status":"closed","template":"","meta":{"_gspb_post_css":""},"product_brand":[],"product_cat":[62],"product_tag":[74],"class_list":{"0":"post-971","1":"product","2":"type-product","3":"status-publish","4":"has-post-thumbnail","6":"product_cat-office","7":"product_tag-outlook","9":"first","10":"instock","11":"shipping-taxable","12":"product-type-external"},"_links":{"self":[{"href":"https:\/\/keysdock.tajnaveza.net\/pl\/wp-json\/wp\/v2\/product\/971","targetHints":{"allow":["GET"]}}],"collection":[{"href":"https:\/\/keysdock.tajnaveza.net\/pl\/wp-json\/wp\/v2\/product"}],"about":[{"href":"https:\/\/keysdock.tajnaveza.net\/pl\/wp-json\/wp\/v2\/types\/product"}],"replies":[{"embeddable":true,"href":"https:\/\/keysdock.tajnaveza.net\/pl\/wp-json\/wp\/v2\/comments?post=971"}],"wp:featuredmedia":[{"embeddable":true,"href":"https:\/\/keysdock.tajnaveza.net\/pl\/wp-json\/wp\/v2\/media\/1007"}],"wp:attachment":[{"href":"https:\/\/keysdock.tajnaveza.net\/pl\/wp-json\/wp\/v2\/media?parent=971"}],"wp:term":[{"taxonomy":"product_brand","embeddable":true,"href":"https:\/\/keysdock.tajnaveza.net\/pl\/wp-json\/wp\/v2\/product_brand?post=971"},{"taxonomy":"product_cat","embeddable":true,"href":"https:\/\/keysdock.tajnaveza.net\/pl\/wp-json\/wp\/v2\/product_cat?post=971"},{"taxonomy":"product_tag","embeddable":true,"href":"https:\/\/keysdock.tajnaveza.net\/pl\/wp-json\/wp\/v2\/product_tag?post=971"}],"curies":[{"name":"wp","href":"https:\/\/api.w.org\/{rel}","templated":true}]}}