{"id":972,"date":"2025-03-15T21:07:43","date_gmt":"2025-03-15T21:07:43","guid":{"rendered":"https:\/\/keysdock.com\/?post_type=product&#038;p=972"},"modified":"2025-10-19T07:32:18","modified_gmt":"2025-10-19T07:32:18","slug":"outlook-2021-klucz-licencja","status":"publish","type":"product","link":"https:\/\/keysdock.tajnaveza.net\/pl\/produkt\/outlook-2021-klucz-licencja\/","title":{"rendered":"Outlook 2021 Key Klucz Licencja"},"content":{"rendered":"<p><strong>Microsoft Outlook 2021 - najlepsze rozwi\u0105zanie do zarz\u0105dzania poczt\u0105 e-mail i kalendarzem<\/strong><\/p>\n<h3><strong>Opis<\/strong><\/h3>\n<p>Microsoft Outlook 2021 to <strong>wydajne zarz\u0105dzanie poczt\u0105 e-mail, kalendarzem i zadaniami<\/strong> aplikacja przeznaczona dla <strong>profesjonali\u015bci, firmy i u\u017cytkownicy indywidualni<\/strong>. Z <strong>zwi\u0119kszone bezpiecze\u0144stwo, inteligentniejsza organizacja poczty e-mail i p\u0142ynna integracja z Microsoft 365 i us\u0142ugami w chmurze<\/strong>Outlook 2021 oferuje bardziej intuicyjne i produktywne \u015brodowisko. Niezale\u017cnie od tego, czy zarz\u0105dzasz wieloma kontami e-mail, planujesz spotkania, czy wsp\u00f3\u0142pracujesz z zespo\u0142ami, Outlook 2021 zapewnia porz\u0105dek i \u0142\u0105czno\u015b\u0107.<\/p>\n<h3><strong>Kluczowe cechy<\/strong><\/h3>\n<p>\u2705 <strong>Usprawnione zarz\u0105dzanie poczt\u0105 e-mail<\/strong> - <strong>Skoncentrowana skrzynka odbiorcza, inteligentne filtry i ulepszone wyszukiwanie<\/strong> dla \u0142atwej organizacji poczty e-mail.<br \/>\n\u2705 <strong>Zmodernizowany kalendarz i planowanie<\/strong> - <strong>Ustawiaj przypomnienia, rezerwuj spotkania i p\u0142ynnie synchronizuj wiele kalendarzy<\/strong>.<br \/>\n\u2705 <strong>Zaawansowane zabezpieczenia i ochrona przed phishingiem<\/strong> - <strong>Wbudowane funkcje bezpiecze\u0144stwa<\/strong> ochrona przed spamem, phishingiem i z\u0142o\u015bliwym oprogramowaniem.<br \/>\n\u2705 <strong>Dost\u0119p offline i synchronizacja<\/strong> - Odczytywanie, tworzenie i zarz\u0105dzanie wiadomo\u015bciami e-mail nawet <strong>bez po\u0142\u0105czenia z Internetem<\/strong>.<br \/>\n\u2705 <strong>P\u0142ynna integracja z platform\u0105 Microsoft 365<\/strong> - Dzia\u0142a p\u0142ynnie z <strong>Exchange, OneDrive, SharePoint i Teams<\/strong>.<br \/>\n\u2705 <strong>Obs\u0142uga wielu kont e-mail<\/strong> - Zarz\u0105dzanie <strong>Gmail, Yahoo, Outlook.com, konta IMAP\/POP<\/strong> w jednym miejscu.<br \/>\n\u2705 <strong>Ulepszona funkcjonalno\u015b\u0107 wyszukiwania<\/strong> - <strong>Szybsze, bardziej inteligentne wyszukiwanie<\/strong> przy u\u017cyciu Microsoft AI do wyszukiwania wiadomo\u015bci e-mail, za\u0142\u0105cznik\u00f3w i wydarze\u0144.<br \/>\n\u2705 <strong>Integracja listy zada\u0144 i zada\u0144 do wykonania<\/strong> - \u015aled\u017a <strong>wa\u017cne zadania, karteczki samoprzylepne i przypomnienia<\/strong>.<br \/>\n\u2705 <strong>Regu\u0142y automatycznych odpowiedzi i wiadomo\u015bci e-mail<\/strong> - <strong>Konfigurowanie wiadomo\u015bci poza biurem, regu\u0142 automatyzacji i szablon\u00f3w wiadomo\u015bci e-mail<\/strong>.<br \/>\n\u2705 <strong>Zaktualizowany interfejs u\u017cytkownika<\/strong> - A <strong>nowoczesny, bardziej przejrzysty wygl\u0105d z konfigurowalnymi opcjami wst\u0105\u017cki<\/strong> dla lepszego do\u015bwiadczenia u\u017cytkownika.<br \/>\n\u2705 <strong>Funkcje t\u0142umacza i dyktowania<\/strong> - \u0141atwo <strong>T\u0142umaczenie wiadomo\u015bci e-mail w czasie rzeczywistym<\/strong> i u\u017cywa\u0107 <strong>pisanie g\u0142osowe<\/strong> dla wydajno\u015bci.<br \/>\n\u2705 <strong>Ulepszenia wydajno\u015bci i stabilno\u015bci<\/strong> - Szybciej <strong>Czas uruchamiania, lepsza responsywno\u015b\u0107 i mniejsza liczba awarii<\/strong>.<\/p>\n<h3><strong>Minimalne wymagania systemowe<\/strong><\/h3>\n<ul>\n<li><strong>Procesor<\/strong>: 2-rdzeniowy procesor 1,6 GHz lub szybszy<\/li>\n<li class=\"translation-block\"><strong>Pami\u0119\u0107 RAM<\/strong>: 4 GB (64-bitowa) \/ 2 GB (32-bitowa)<\/li>\n<li class=\"translation-block\"><strong>Pami\u0119\u0107 masowa<\/strong>: 4 GB dost\u0119pnego miejsca na dysku<\/li>\n<li class=\"translation-block\"><strong>Wy\u015bwietlacz<\/strong>: rozdzielczo\u015b\u0107 1280\u00d7768 lub wy\u017csza<\/li>\n<li><strong>System operacyjny<\/strong>: Windows 10 \/ Windows 11<\/li>\n<li class=\"translation-block\"><strong>Grafika<\/strong>: DirectX 9 lub nowszy ze sterownikiem WDDM 2.0+<\/li>\n<li><strong>Po\u0142\u0105czenie internetowe<\/strong>: Wymagane do aktywacji, aktualizacji i us\u0142ug Microsoft 365<\/li>\n<\/ul>\n<h3><strong>Dlaczego warto wybra\u0107 Microsoft Outlook 2021?<\/strong><\/h3>\n<p>\ud83d\udd39 <strong>Najlepsze do u\u017cytku osobistego i biznesowego<\/strong> - Efektywne zarz\u0105dzanie wiadomo\u015bciami e-mail, kalendarzami i zadaniami w jednej aplikacji.<br \/>\n\ud83d\udd39 <strong>Bezproblemowa integracja z chmur\u0105<\/strong> - Synchronizuj wiadomo\u015bci e-mail i pliki mi\u0119dzy urz\u0105dzeniami za pomoc\u0105 <strong>OneDrive i Microsoft 365<\/strong>.<br \/>\n\ud83d\udd39 <strong>Inteligentne i bezpieczne zarz\u0105dzanie poczt\u0105 e-mail<\/strong> - <strong>Ochrona przed phishingiem, z\u0142o\u015bliwym oprogramowaniem i ulepszone filtrowanie<\/strong> dla bezpieczniejszej skrzynki odbiorczej.<br \/>\n\ud83d\udd39 <strong>Wy\u017csza wydajno\u015b\u0107 i funkcje oparte na sztucznej inteligencji<\/strong> - Ulepszony <strong>narz\u0119dzia do wyszukiwania, dyktowania i t\u0142umaczenia<\/strong> zwi\u0119kszy\u0107 produktywno\u015b\u0107.<br \/>\n\ud83d\udd39 <strong>Tryb offline i obs\u0142uga wielu kont<\/strong> - <strong>Zachowaj produktywno\u015b\u0107 w dowolnym miejscu<\/strong>nawet bez po\u0142\u0105czenia z Internetem.<\/p>\n<p>Aktualizacja do <strong>Microsoft Outlook 2021<\/strong> ju\u017c dzi\u015b i ciesz si\u0119 <strong>szybciej, inteligentniej i bezpieczniej<\/strong> e-mail i do\u015bwiadczenie w planowaniu! \ud83d\udce7\ud83d\udcc5\ud83d\ude80<\/p>","protected":false},"excerpt":{"rendered":"<p>Microsoft Outlook 2021 \u2013 The Ultimate Email &amp; Calendar Management Solution Description Microsoft Outlook 2021 is a powerful and efficient email, calendar, and task management application designed for professionals, businesses, and personal users. With enhanced security, smarter email organization, and seamless integration with Microsoft 365 and cloud services, Outlook 2021 offers a more intuitive and [&hellip;]<\/p>","protected":false},"featured_media":1008,"comment_status":"open","ping_status":"closed","template":"","meta":{"_gspb_post_css":""},"product_brand":[],"product_cat":[62],"product_tag":[74],"class_list":{"0":"post-972","1":"product","2":"type-product","3":"status-publish","4":"has-post-thumbnail","6":"product_cat-office","7":"product_tag-outlook","9":"first","10":"instock","11":"shipping-taxable","12":"product-type-external"},"_links":{"self":[{"href":"https:\/\/keysdock.tajnaveza.net\/pl\/wp-json\/wp\/v2\/product\/972","targetHints":{"allow":["GET"]}}],"collection":[{"href":"https:\/\/keysdock.tajnaveza.net\/pl\/wp-json\/wp\/v2\/product"}],"about":[{"href":"https:\/\/keysdock.tajnaveza.net\/pl\/wp-json\/wp\/v2\/types\/product"}],"replies":[{"embeddable":true,"href":"https:\/\/keysdock.tajnaveza.net\/pl\/wp-json\/wp\/v2\/comments?post=972"}],"wp:featuredmedia":[{"embeddable":true,"href":"https:\/\/keysdock.tajnaveza.net\/pl\/wp-json\/wp\/v2\/media\/1008"}],"wp:attachment":[{"href":"https:\/\/keysdock.tajnaveza.net\/pl\/wp-json\/wp\/v2\/media?parent=972"}],"wp:term":[{"taxonomy":"product_brand","embeddable":true,"href":"https:\/\/keysdock.tajnaveza.net\/pl\/wp-json\/wp\/v2\/product_brand?post=972"},{"taxonomy":"product_cat","embeddable":true,"href":"https:\/\/keysdock.tajnaveza.net\/pl\/wp-json\/wp\/v2\/product_cat?post=972"},{"taxonomy":"product_tag","embeddable":true,"href":"https:\/\/keysdock.tajnaveza.net\/pl\/wp-json\/wp\/v2\/product_tag?post=972"}],"curies":[{"name":"wp","href":"https:\/\/api.w.org\/{rel}","templated":true}]}}