{"id":973,"date":"2025-03-15T21:07:43","date_gmt":"2025-03-15T21:07:43","guid":{"rendered":"https:\/\/keysdock.com\/?post_type=product&#038;p=973"},"modified":"2025-10-19T07:32:06","modified_gmt":"2025-10-19T07:32:06","slug":"access-2019-klucz-licencja","status":"publish","type":"product","link":"https:\/\/keysdock.tajnaveza.net\/pl\/produkt\/access-2019-klucz-licencja\/","title":{"rendered":"Access 2019 Key Klucz Licencja"},"content":{"rendered":"<p><strong>Microsoft Access 2019 - wydajne zarz\u0105dzanie bazami danych dla firm i profesjonalist\u00f3w<\/strong><\/p>\n<h3><strong>Opis<\/strong><\/h3>\n<p>Microsoft Access 2019 to <strong>wszechstronny i przyjazny dla u\u017cytkownika system zarz\u0105dzania baz\u0105 danych (DBMS)<\/strong> zaprojektowany dla <strong>firmy, profesjonali\u015bci i deweloperzy<\/strong> kt\u00f3rzy potrzebuj\u0105 skutecznego sposobu na <strong>przechowywanie, organizowanie i analizowanie danych<\/strong>. Z <strong>intuicyjne szablony, zaawansowane funkcje zapyta\u0144 i p\u0142ynna integracja z platform\u0105 Microsoft 365<\/strong>, Access 2019 umo\u017cliwia u\u017cytkownikom <strong>tworzenie baz danych i zarz\u0105dzanie nimi<\/strong> bez konieczno\u015bci posiadania specjalistycznej wiedzy technicznej.<\/p>\n<p>Niezale\u017cnie od tego, czy zarz\u0105dzasz rejestrami klient\u00f3w, zapasami czy danymi finansowymi, Microsoft Access 2019 zapewnia <strong>solidne narz\u0119dzia do organizacji danych, raportowania i automatyzacji<\/strong>.<\/p>\n<h3><strong>Kluczowe cechy<\/strong><\/h3>\n<p>\u2705 <strong>\u0141atwe w u\u017cyciu szablony baz danych<\/strong> - Szybkie tworzenie baz danych przy u\u017cyciu <strong>gotowe szablony<\/strong> dla r\u00f3\u017cnych potrzeb biznesowych.<br \/>\n\u2705 <strong>Zaawansowane narz\u0119dzia zapyta\u0144 i raportowania<\/strong> - U\u017cycie <strong>SQL, makra i Visual Basic for Applications (VBA)<\/strong> do automatyzacji danych.<br \/>\n\u2705 <strong>P\u0142ynna integracja z Microsoft 365 i SQL Server<\/strong> - Po\u0142\u0105cz swoj\u0105 baz\u0119 danych z <strong>Excel, SharePoint i us\u0142ugi oparte na chmurze<\/strong>.<br \/>\n\u2705 <strong>Automatyzacja formularzy i wprowadzania danych<\/strong> - Utw\u00f3rz <strong>niestandardowe formularze, automatyzacja przep\u0142yw\u00f3w pracy i poprawa interakcji z u\u017cytkownikiem<\/strong>.<br \/>\n\u2705 <strong>Zwi\u0119kszone bezpiecze\u0144stwo i ochrona danych<\/strong> - Zabezpiecz bazy danych za pomoc\u0105 <strong>ochrona has\u0142em i szyfrowanie<\/strong>.<br \/>\n\u2705 <strong>Zaawansowane narz\u0119dzia importu i eksportu danych<\/strong> - \u0141atwy import\/eksport danych z <strong>Excel, XML, ODBC i nie tylko<\/strong>.<br \/>\n\u2705 <strong>Obs\u0142uga relacyjnych baz danych<\/strong> - <strong>Zarz\u0105dzanie z\u0142o\u017conymi relacjami danych<\/strong> z po\u0142\u0105czonymi tabelami i zapytaniami.<br \/>\n\u2705 <strong>Wsp\u00f3\u0142praca wielu u\u017cytkownik\u00f3w<\/strong> - Bezpieczne udost\u0119pnianie baz danych mi\u0119dzy zespo\u0142ami i organizacjami.<br \/>\n\u2705 <strong>Zwi\u0119kszona wydajno\u015b\u0107 i stabilno\u015b\u0107<\/strong> - Szybsze wykonywanie zapyta\u0144 i <strong>Zoptymalizowana wydajno\u015b\u0107 bazy danych<\/strong>.<br \/>\n\u2705 <strong>Zmodernizowane wykresy i wizualizacja danych<\/strong> - Utw\u00f3rz <strong>interaktywne raporty i pulpity nawigacyjne<\/strong> do analizy danych.<br \/>\n\u2705 <strong>Automatyzacja makr i VBA<\/strong> - Automatyzacja powtarzalnych zada\u0144 i <strong>poprawa wydajno\u015bci przep\u0142ywu pracy<\/strong>.<\/p>\n<h3><strong>Minimalne wymagania systemowe<\/strong><\/h3>\n<ul>\n<li class=\"translation-block\"><strong>Procesor<\/strong>: dwurdzeniowy procesor 1,6 GHz lub szybszy<\/li>\n<li class=\"translation-block\"><strong>Pami\u0119\u0107 RAM<\/strong>: 4 GB (64-bitowa) \/ 2 GB (32-bitowa)<\/li>\n<li class=\"translation-block\"><strong>Pami\u0119\u0107 masowa<\/strong>: 4 GB dost\u0119pnego miejsca na dysku<\/li>\n<li class=\"translation-block\"><strong>Wy\u015bwietlacz<\/strong>: rozdzielczo\u015b\u0107 1280\u00d7768 lub wy\u017csza<\/li>\n<li><strong>System operacyjny<\/strong>: Windows 10 \/ Windows 11 \/ Windows Server 2019<\/li>\n<li class=\"translation-block\"><strong>Grafika<\/strong>: DirectX 9 lub nowszy ze sterownikiem WDDM 2.0+<\/li>\n<li><strong>Po\u0142\u0105czenie internetowe<\/strong>: Wymagane do aktywacji, aktualizacji i integracji z chmur\u0105<\/li>\n<\/ul>\n<h3><strong>Dlaczego warto wybra\u0107 Microsoft Access 2019?<\/strong><\/h3>\n<p>\ud83d\udd39 <strong>Idealny dla firm i profesjonalist\u00f3w<\/strong> - Zarz\u0105dzanie <strong>bazy danych, zapasy, dane klient\u00f3w i dokumentacja finansowa<\/strong> \u0142atwo.<br \/>\n\ud83d\udd39 <strong>Elastyczne zarz\u0105dzanie danymi<\/strong> - Wsparcie <strong>du\u017ce zbiory danych, wsp\u00f3\u0142praca wielu u\u017cytkownik\u00f3w i relacyjne bazy danych<\/strong>.<br \/>\n\ud83d\udd39 <strong>Bezproblemowa integracja z Microsoft<\/strong> - Dzia\u0142a z <strong>Excel, SQL Server, Power BI i SharePoint<\/strong>.<br \/>\n\ud83d\udd39 <strong>Zaawansowana automatyzacja i personalizacja<\/strong> - U\u017cycie <strong>VBA i makra<\/strong> aby usprawni\u0107 przep\u0142yw pracy.<br \/>\n\ud83d\udd39 <strong>Zwi\u0119kszone bezpiecze\u0144stwo i wydajno\u015b\u0107<\/strong> - Chro\u0144 wra\u017cliwe dane za pomoc\u0105 <strong>szyfrowanie hase\u0142 i zoptymalizowane przetwarzanie<\/strong>.<\/p>\n<p>Aktualizacja do <strong>Microsoft Access 2019<\/strong> dzisiaj i <strong>uproszczenie zarz\u0105dzania danymi, zwi\u0119kszenie wydajno\u015bci i odblokowanie zaawansowanych funkcji raportowania<\/strong>! \ud83d\udcca\ud83d\udcbe\ud83d\ude80<\/p>","protected":false},"excerpt":{"rendered":"<p>Microsoft Access 2019 \u2013 Powerful Database Management for Businesses &amp; Professionals Description Microsoft Access 2019 is a versatile and user-friendly database management system (DBMS) designed for businesses, professionals, and developers who need an efficient way to store, organize, and analyze data. With intuitive templates, advanced query capabilities, and seamless integration with Microsoft 365, Access 2019 [&hellip;]<\/p>","protected":false},"featured_media":1009,"comment_status":"open","ping_status":"closed","template":"","meta":{"_gspb_post_css":""},"product_brand":[],"product_cat":[62],"product_tag":[75],"class_list":{"0":"post-973","1":"product","2":"type-product","3":"status-publish","4":"has-post-thumbnail","6":"product_cat-office","7":"product_tag-access","9":"first","10":"instock","11":"shipping-taxable","12":"product-type-external"},"_links":{"self":[{"href":"https:\/\/keysdock.tajnaveza.net\/pl\/wp-json\/wp\/v2\/product\/973","targetHints":{"allow":["GET"]}}],"collection":[{"href":"https:\/\/keysdock.tajnaveza.net\/pl\/wp-json\/wp\/v2\/product"}],"about":[{"href":"https:\/\/keysdock.tajnaveza.net\/pl\/wp-json\/wp\/v2\/types\/product"}],"replies":[{"embeddable":true,"href":"https:\/\/keysdock.tajnaveza.net\/pl\/wp-json\/wp\/v2\/comments?post=973"}],"wp:featuredmedia":[{"embeddable":true,"href":"https:\/\/keysdock.tajnaveza.net\/pl\/wp-json\/wp\/v2\/media\/1009"}],"wp:attachment":[{"href":"https:\/\/keysdock.tajnaveza.net\/pl\/wp-json\/wp\/v2\/media?parent=973"}],"wp:term":[{"taxonomy":"product_brand","embeddable":true,"href":"https:\/\/keysdock.tajnaveza.net\/pl\/wp-json\/wp\/v2\/product_brand?post=973"},{"taxonomy":"product_cat","embeddable":true,"href":"https:\/\/keysdock.tajnaveza.net\/pl\/wp-json\/wp\/v2\/product_cat?post=973"},{"taxonomy":"product_tag","embeddable":true,"href":"https:\/\/keysdock.tajnaveza.net\/pl\/wp-json\/wp\/v2\/product_tag?post=973"}],"curies":[{"name":"wp","href":"https:\/\/api.w.org\/{rel}","templated":true}]}}