{"id":974,"date":"2025-03-15T21:07:43","date_gmt":"2025-03-15T21:07:43","guid":{"rendered":"https:\/\/keysdock.com\/?post_type=product&#038;p=974"},"modified":"2025-10-19T07:31:55","modified_gmt":"2025-10-19T07:31:55","slug":"access-2021-klucz-licencja","status":"publish","type":"product","link":"https:\/\/keysdock.tajnaveza.net\/pl\/produkt\/access-2021-klucz-licencja\/","title":{"rendered":"Access 2021 Key Klucz Licencja"},"content":{"rendered":"<p><strong>Kup klucz Access 2021  w najlepszej cenie \u2013 oryginalna licencja z do\u017cywotni\u0105 aktywacj\u0105.<\/strong><\/p>\n<h3><strong>Opis<\/strong><\/h3>\n<p>Microsoft Access 2021 to <strong>wydajny i przyjazny dla u\u017cytkownika system zarz\u0105dzania baz\u0105 danych (DBMS)<\/strong> zaprojektowany dla <strong>firmy, profesjonali\u015bci i deweloperzy<\/strong> kt\u00f3rzy potrzebuj\u0105 <strong>wydajne przechowywanie, organizacja i analiza danych<\/strong>. Z <strong>Lepsza wydajno\u015b\u0107, wi\u0119ksze bezpiecze\u0144stwo i p\u0142ynna integracja z platform\u0105 Microsoft 365<\/strong>, Access 2021 upraszcza proces <strong>tworzenie, zarz\u0105dzanie i automatyzacja baz danych<\/strong> dla potrzeb biznesowych, finansowych lub operacyjnych.<\/p>\n<p>Niezale\u017cnie od tego, czy \u015bledzisz zapasy, zarz\u0105dzasz rejestrami klient\u00f3w, czy generujesz raporty, <strong>Microsoft Access 2021<\/strong> zapewnia <strong>zaawansowane narz\u0119dzia dla relacyjnych baz danych, zapyta\u0144 i automatyzacji<\/strong>Dzi\u0119ki temu jest to idealne rozwi\u0105zanie dla przep\u0142yw\u00f3w pracy opartych na danych.<\/p>\n<h3><strong>Kluczowe cechy<\/strong><\/h3>\n<p>\u2705 <strong>\u0141atwe w u\u017cyciu szablony baz danych<\/strong> - Zacznij szybko od <strong>gotowe szablony<\/strong> dla r\u00f3\u017cnych bran\u017c i przypadk\u00f3w u\u017cycia.<br \/>\n\u2705 <strong>Zaawansowane narz\u0119dzia zapyta\u0144 i raportowania<\/strong> - Wykorzystanie <strong>SQL, makra i Visual Basic for Applications (VBA)<\/strong> dla z\u0142o\u017conych operacji na danych.<br \/>\n\u2705 <strong>Lepsza wydajno\u015b\u0107 i stabilno\u015b\u0107<\/strong> - <strong>Szybsze przetwarzanie, zoptymalizowane zapytania i mniejsze op\u00f3\u017anienia<\/strong>.<br \/>\n\u2705 <strong>Zwi\u0119kszone bezpiecze\u0144stwo i szyfrowanie danych<\/strong> - Ochrona baz danych za pomoc\u0105 <strong>ochrona has\u0142em, szyfrowanie i uprawnienia dla wielu u\u017cytkownik\u00f3w<\/strong>.<br \/>\n\u2705 <strong>Bezproblemowa integracja z platform\u0105 Microsoft 365 i chmur\u0105<\/strong> - Synchronizacja danych z <strong>Excel, SharePoint, SQL Server i OneDrive<\/strong>.<br \/>\n\u2705 <strong>Zmodernizowane wykresy i wizualizacja danych<\/strong> - Utw\u00f3rz <strong>interaktywne raporty, pulpity nawigacyjne i analizy w czasie rzeczywistym<\/strong>.<br \/>\n\u2705 <strong>Rozszerzona \u0142\u0105czno\u015b\u0107 danych<\/strong> - Import\/eksport danych z <strong>Excel, XML, ODBC, SQL i us\u0142ugi sieciowe<\/strong>.<br \/>\n\u2705 <strong>Wsp\u00f3\u0142praca wielu u\u017cytkownik\u00f3w<\/strong> - <strong>Jednoczesne udost\u0119pnianie i edytowanie baz danych<\/strong> mi\u0119dzy zespo\u0142ami i dzia\u0142ami.<br \/>\n\u2705 <strong>VBA i automatyzacja makr<\/strong> - <strong>Automatyzacja powtarzalnych zada\u0144<\/strong>, poprawi\u0107 wydajno\u015b\u0107 i usprawni\u0107 przep\u0142ywy pracy.<br \/>\n\u2705 <strong>Zaktualizowany interfejs u\u017cytkownika<\/strong> - Od\u015bwie\u017cona konstrukcja dla lepszej <strong>nawigacja i dost\u0119pno\u015b\u0107<\/strong>.<\/p>\n<h3><strong>Minimalne wymagania systemowe<\/strong><\/h3>\n<ul>\n<li class=\"translation-block\"><strong>Procesor<\/strong>: dwurdzeniowy procesor 1,6 GHz lub szybszy<\/li>\n<li class=\"translation-block\"><strong>Pami\u0119\u0107 RAM<\/strong>: 4 GB (64-bitowa) \/ 2 GB (32-bitowa)<\/li>\n<li class=\"translation-block\"><strong>Pami\u0119\u0107 masowa<\/strong>: 4 GB dost\u0119pnego miejsca na dysku<\/li>\n<li class=\"translation-block\"><strong>Wy\u015bwietlacz<\/strong>: rozdzielczo\u015b\u0107 1280\u00d7768 lub wy\u017csza<\/li>\n<li><strong>System operacyjny<\/strong>: Windows 10 \/ Windows 11<\/li>\n<li class=\"translation-block\"><strong>Grafika<\/strong>: DirectX 9 lub nowszy ze sterownikiem WDDM 2.0+<\/li>\n<li><strong>Po\u0142\u0105czenie internetowe<\/strong>: Wymagane do aktywacji, aktualizacji i us\u0142ug Microsoft 365<\/li>\n<\/ul>\n<h3><strong>Dlaczego warto wybra\u0107 Microsoft Access 2021?<\/strong><\/h3>\n<p>\ud83d\udd39 <strong>Zaprojektowany dla firm i profesjonalist\u00f3w<\/strong> - \u0141atwe zarz\u0105dzanie <strong>dane klient\u00f3w, zapasy, finanse i dokumentacja operacyjna<\/strong>.<br \/>\n\ud83d\udd39 <strong>Solidne i skalowalne zarz\u0105dzanie danymi<\/strong> - <strong>Obs\u0142uga du\u017cych zbior\u00f3w danych<\/strong>relacyjnych baz danych i \u015brodowisk wielou\u017cytkownikowych.<br \/>\n\ud83d\udd39 <strong>Gotowo\u015b\u0107 na chmur\u0119 i Microsoft 365<\/strong> - Bezproblemowa integracja z <strong>Excel, Power BI, SQL Server i SharePoint<\/strong>.<br \/>\n\ud83d\udd39 <strong>Zaawansowane raportowanie i automatyzacja<\/strong> - Utw\u00f3rz <strong>spersonalizowane raporty, automatyzacja przep\u0142yw\u00f3w pracy i zwi\u0119kszenie produktywno\u015bci<\/strong>.<br \/>\n\ud83d\udd39 <strong>Wysokie bezpiecze\u0144stwo i niezawodno\u015b\u0107<\/strong> - <strong>Ochrona wra\u017cliwych danych<\/strong> z wbudowanym <strong>Funkcje szyfrowania i zabezpiecze\u0144<\/strong>.<\/p>\n<p>Aktualizacja do <strong>Microsoft Access 2021<\/strong> dzisiaj i <strong>przej\u0105\u0107 kontrol\u0119 nad danymi dzi\u0119ki zaawansowanym narz\u0119dziom do zarz\u0105dzania, automatyzacji i analizy<\/strong>! \ud83d\udcca\ud83d\udcbe\ud83d\ude80<\/p>","protected":false},"excerpt":{"rendered":"<p>Microsoft Access 2021 \u2013 The Ultimate Database Management Solution Description Microsoft Access 2021 is a powerful and user-friendly database management system (DBMS) designed for businesses, professionals, and developers who need efficient data storage, organization, and analysis. With improved performance, enhanced security, and seamless integration with Microsoft 365, Access 2021 simplifies the process of creating, managing, [&hellip;]<\/p>","protected":false},"featured_media":1010,"comment_status":"open","ping_status":"closed","template":"","meta":{"_gspb_post_css":""},"product_brand":[],"product_cat":[62],"product_tag":[75],"class_list":{"0":"post-974","1":"product","2":"type-product","3":"status-publish","4":"has-post-thumbnail","6":"product_cat-office","7":"product_tag-access","9":"first","10":"instock","11":"shipping-taxable","12":"product-type-external"},"_links":{"self":[{"href":"https:\/\/keysdock.tajnaveza.net\/pl\/wp-json\/wp\/v2\/product\/974","targetHints":{"allow":["GET"]}}],"collection":[{"href":"https:\/\/keysdock.tajnaveza.net\/pl\/wp-json\/wp\/v2\/product"}],"about":[{"href":"https:\/\/keysdock.tajnaveza.net\/pl\/wp-json\/wp\/v2\/types\/product"}],"replies":[{"embeddable":true,"href":"https:\/\/keysdock.tajnaveza.net\/pl\/wp-json\/wp\/v2\/comments?post=974"}],"wp:featuredmedia":[{"embeddable":true,"href":"https:\/\/keysdock.tajnaveza.net\/pl\/wp-json\/wp\/v2\/media\/1010"}],"wp:attachment":[{"href":"https:\/\/keysdock.tajnaveza.net\/pl\/wp-json\/wp\/v2\/media?parent=974"}],"wp:term":[{"taxonomy":"product_brand","embeddable":true,"href":"https:\/\/keysdock.tajnaveza.net\/pl\/wp-json\/wp\/v2\/product_brand?post=974"},{"taxonomy":"product_cat","embeddable":true,"href":"https:\/\/keysdock.tajnaveza.net\/pl\/wp-json\/wp\/v2\/product_cat?post=974"},{"taxonomy":"product_tag","embeddable":true,"href":"https:\/\/keysdock.tajnaveza.net\/pl\/wp-json\/wp\/v2\/product_tag?post=974"}],"curies":[{"name":"wp","href":"https:\/\/api.w.org\/{rel}","templated":true}]}}