{"id":975,"date":"2025-03-15T21:07:43","date_gmt":"2025-03-15T21:07:43","guid":{"rendered":"https:\/\/keysdock.com\/?post_type=product&#038;p=975"},"modified":"2026-02-07T05:56:36","modified_gmt":"2026-02-07T05:56:36","slug":"kaspersky-premium-2025-1-urzadzenie-1-rok-klucz","status":"publish","type":"product","link":"https:\/\/keysdock.tajnaveza.net\/pl\/produkt\/kaspersky-premium-2025-1-urzadzenie-1-rok-klucz\/","title":{"rendered":"Kaspersky Premium 2025 |1 urzadzenie - 1 rok| Key Klucz Licencja"},"content":{"rendered":"<p><strong>Kaspersky Premium Antivirus - najwy\u017csze bezpiecze\u0144stwo i ochrona prywatno\u015bci<\/strong><\/p>\n<h3><strong>Opis<\/strong><\/h3>\n<p>Kaspersky Premium Antivirus jest <strong>Zaawansowane, kompleksowe rozwi\u0105zanie zabezpieczaj\u0105ce<\/strong> zaprojektowany dla <strong>Kompleksowa ochrona, prywatno\u015b\u0107 i optymalizacja wydajno\u015bci<\/strong>. Oferuje <strong>ochrona antywirusowa w czasie rzeczywistym, ochrona przed ransomware, zapobieganie kradzie\u017cy to\u017csamo\u015bci i narz\u0119dzia do ochrony prywatno\u015bci<\/strong>zapewniaj\u0105c <strong>bezpieczny i p\u0142ynny<\/strong> cyfrowe do\u015bwiadczenie w ca\u0142ym <strong>Urz\u0105dzenia z systemem Windows, macOS, Android i iOS<\/strong>.<\/p>\n<p>Z <strong>Wykrywanie zagro\u017ce\u0144 oparte na sztucznej inteligencji, szyfrowane przegl\u0105danie i wbudowana sie\u0107 VPN.<\/strong>Kaspersky Premium Antivirus jest idealny dla <strong>u\u017cytkownicy domowi, profesjonali\u015bci i rodziny<\/strong> kt\u00f3rzy wymagaj\u0105 <strong>maksymalne bezpiecze\u0144stwo, prywatno\u015b\u0107 i optymalizacja wydajno\u015bci urz\u0105dzenia<\/strong>.<\/p>\n<h3><strong>Kluczowe cechy<\/strong><\/h3>\n<p>\u2705 <strong>Ochrona przed zagro\u017ceniami w czasie rzeczywistym<\/strong> - Wykrywa i usuwa <strong>wirusy, z\u0142o\u015bliwe oprogramowanie, oprogramowanie szpieguj\u0105ce, oprogramowanie ransomware i zaawansowane cyberzagro\u017cenia<\/strong>.<br \/>\n\u2705 <strong>Wielowarstwowa ochrona przed ransomware<\/strong> - Chroni <strong>wra\u017cliwe dane z szyfrowania<\/strong> i zapobiega atakom ransomware.<br \/>\n\u2705 <strong>Ochrona sieci i antyphishing oparte na sztucznej inteligencji<\/strong> - Bloki <strong>nieuczciwe strony internetowe, oszustwa internetowe i z\u0142o\u015bliwe pliki do pobrania<\/strong>.<br \/>\n\u2705 <strong>Bezpieczny firewall i ochrona sieci<\/strong> - Monitory <strong>Ruch przychodz\u0105cy i wychodz\u0105cy<\/strong> aby zapobiec nieautoryzowanemu dost\u0119powi.<br \/>\n\u2705 <strong>Nieograniczona sie\u0107 VPN (bezpieczne przegl\u0105danie)<\/strong> - Szyfruje <strong>ruch internetowy<\/strong> do anonimowego i prywatnego przegl\u0105dania.<br \/>\n\u2705 <strong>Ochrona to\u017csamo\u015bci i mened\u017cer hase\u0142<\/strong> - <strong>Bezpieczne przechowywanie hase\u0142<\/strong> i chroni dane osobowe przed kradzie\u017c\u0105.<br \/>\n\u2705 <strong>Ochrona kamery internetowej i mikrofonu<\/strong> - Zapobiega <strong>oprogramowanie szpieguj\u0105ce przed potajemnym dost\u0119pem do kamery i mikrofonu<\/strong>.<br \/>\n\u2705 <strong>Monitorowanie ciemnej sieci<\/strong> - Skany <strong>ciemnej sieci w poszukiwaniu skradzionych danych osobowych i ostrzega o naruszeniach<\/strong>.<br \/>\n\u2705 <strong>Kontrola rodzicielska i tryb bezpiecznego dziecka<\/strong> - Monitory <strong>czas wy\u015bwietlania, blokuje szkodliwe tre\u015bci i \u015bledzi lokalizacj\u0119 urz\u0105dzenia<\/strong>.<br \/>\n\u2705 <strong>Inteligentne czyszczenie i optymalizacja wydajno\u015bci<\/strong> - <strong>Zwi\u0119ksza wydajno\u015b\u0107 systemu<\/strong> usuwaj\u0105c niepotrzebne pliki i nieu\u017cywane aplikacje.<br \/>\n\u2705 <strong>Ochrona USB i dysk\u00f3w zewn\u0119trznych<\/strong> - Skany <strong>wymienne urz\u0105dzenia pami\u0119ci masowej<\/strong> aby zapobiec infekcjom z\u0142o\u015bliwym oprogramowaniem.<br \/>\n\u2705 <strong>Automatyczne aktualizacje oprogramowania<\/strong> - Zapewnia <strong>zainstalowane aplikacje pozostaj\u0105 bezpieczne i aktualne<\/strong>.<\/p>\n<h3><strong>Minimalne wymagania systemowe<\/strong><\/h3>\n<h4><strong>Windows<\/strong><\/h4>\n<ul>\n<li><strong>Procesor<\/strong>: 1 GHz lub szybszy<\/li>\n<li><strong>RAM<\/strong>minimum 2 GB<\/li>\n<li><strong>Przechowywanie<\/strong>2 GB dost\u0119pnego miejsca na dysku<\/li>\n<li><strong>System operacyjny<\/strong>: Windows 11, Windows 10, Windows 8.1, Windows 8, Windows 7 (SP1)<\/li>\n<li><strong>Po\u0142\u0105czenie internetowe<\/strong>: Wymagane do aktywacji, aktualizacji i zabezpiecze\u0144 opartych na chmurze.<\/li>\n<\/ul>\n<h4><strong>macOS<\/strong><\/h4>\n<ul>\n<li><strong>Procesor<\/strong>: Mac z procesorem Intel lub Apple Silicon (M1\/M2)<\/li>\n<li><strong>RAM<\/strong>minimum 2 GB<\/li>\n<li><strong>Przechowywanie<\/strong>: 1,5 GB dost\u0119pnego miejsca na dysku<\/li>\n<li><strong>System operacyjny<\/strong>macOS 10.12 (Sierra) lub nowszy<\/li>\n<\/ul>\n<h4><strong>Android i iOS<\/strong><\/h4>\n<ul>\n<li><strong>System operacyjny<\/strong>: Android 6.0 lub nowszy \/ iOS 12.0 lub nowszy<\/li>\n<li><strong>Dost\u0119pne funkcje<\/strong>: Antywirus, ochrona przed kradzie\u017c\u0105, VPN i ochrona prywatno\u015bci<\/li>\n<\/ul>\n<h3><strong>Dlaczego warto wybra\u0107 Kaspersky Premium Antivirus?<\/strong><\/h3>\n<p>\ud83d\udd39 <strong>Pe\u0142ne bezpiecze\u0144stwo na wszystkich urz\u0105dzeniach<\/strong> - Pokrowce <strong>Windows, Mac, Android i iOS<\/strong>.<br \/>\n\ud83d\udd39 <strong>Ochrona przed z\u0142o\u015bliwym oprogramowaniem i oprogramowaniem ransomware oparta na sztucznej inteligencji<\/strong> - Wykrywa <strong>natychmiastowe zagro\u017cenia cybernetyczne<\/strong> z zaawansowanymi zabezpieczeniami AI.<br \/>\n\ud83d\udd39 <strong>Zwi\u0119kszona ochrona prywatno\u015bci i to\u017csamo\u015bci<\/strong> - <strong>VPN, monitorowanie dark web i mened\u017cer hase\u0142<\/strong> bezpiecze\u0144stwo danych osobowych.<br \/>\n\ud83d\udd39 <strong>Inteligentna optymalizacja wydajno\u015bci<\/strong> - Wzmocnienia <strong>szybko\u015b\u0107 i wydajno\u015b\u0107<\/strong> jednocze\u015bnie zabezpieczaj\u0105c swoje urz\u0105dzenia.<br \/>\n\ud83d\udd39 <strong>Bezpieczne dzieci i kontrola rodzicielska<\/strong> - Zapewnia <strong>Bezpiecze\u0144stwo rodziny dzi\u0119ki monitorowaniu ekranu i filtrowaniu online<\/strong>.<\/p>\n<p>Aktualizacja do <strong>Kaspersky Premium Antivirus<\/strong> dzisiaj dla <strong>najwy\u017cszy poziom bezpiecze\u0144stwa, prywatno\u015bci i optymalizacji wydajno\u015bci<\/strong>! \ud83d\ude80\ud83d\udee1\ufe0f\ud83d\udd12<\/p>","protected":false},"excerpt":{"rendered":"<p>Kaspersky Premium Antivirus \u2013 Ultimate Security &amp; Privacy Protection Description Kaspersky Premium Antivirus is an advanced, all-in-one security solution designed for comprehensive protection, privacy, and performance optimization. It offers real-time antivirus protection, anti-ransomware defense, identity theft prevention, and privacy tools, ensuring a secure and smooth digital experience across Windows, macOS, Android, and iOS devices. With [&hellip;]<\/p>","protected":false},"featured_media":1011,"comment_status":"open","ping_status":"closed","template":"","meta":{"_gspb_post_css":""},"product_brand":[],"product_cat":[76],"product_tag":[77],"class_list":{"0":"post-975","1":"product","2":"type-product","3":"status-publish","4":"has-post-thumbnail","6":"product_cat-antivirus","7":"product_tag-kaspersky","9":"first","10":"instock","11":"shipping-taxable","12":"product-type-external"},"_links":{"self":[{"href":"https:\/\/keysdock.tajnaveza.net\/pl\/wp-json\/wp\/v2\/product\/975","targetHints":{"allow":["GET"]}}],"collection":[{"href":"https:\/\/keysdock.tajnaveza.net\/pl\/wp-json\/wp\/v2\/product"}],"about":[{"href":"https:\/\/keysdock.tajnaveza.net\/pl\/wp-json\/wp\/v2\/types\/product"}],"replies":[{"embeddable":true,"href":"https:\/\/keysdock.tajnaveza.net\/pl\/wp-json\/wp\/v2\/comments?post=975"}],"wp:featuredmedia":[{"embeddable":true,"href":"https:\/\/keysdock.tajnaveza.net\/pl\/wp-json\/wp\/v2\/media\/1011"}],"wp:attachment":[{"href":"https:\/\/keysdock.tajnaveza.net\/pl\/wp-json\/wp\/v2\/media?parent=975"}],"wp:term":[{"taxonomy":"product_brand","embeddable":true,"href":"https:\/\/keysdock.tajnaveza.net\/pl\/wp-json\/wp\/v2\/product_brand?post=975"},{"taxonomy":"product_cat","embeddable":true,"href":"https:\/\/keysdock.tajnaveza.net\/pl\/wp-json\/wp\/v2\/product_cat?post=975"},{"taxonomy":"product_tag","embeddable":true,"href":"https:\/\/keysdock.tajnaveza.net\/pl\/wp-json\/wp\/v2\/product_tag?post=975"}],"curies":[{"name":"wp","href":"https:\/\/api.w.org\/{rel}","templated":true}]}}