{"id":976,"date":"2025-03-15T21:07:43","date_gmt":"2025-03-15T21:07:43","guid":{"rendered":"https:\/\/keysdock.com\/?post_type=product&#038;p=976"},"modified":"2025-10-19T07:31:38","modified_gmt":"2025-10-19T07:31:38","slug":"kaspersky-plus-2025-1-urzadzenie-1-rok-klucz","status":"publish","type":"product","link":"https:\/\/keysdock.tajnaveza.net\/pl\/produkt\/kaspersky-plus-2025-1-urzadzenie-1-rok-klucz\/","title":{"rendered":"Kaspersky plus 2025 |1 urzadzenie - 1 rok| Key Klucz Licencja"},"content":{"rendered":"<p><strong>Kaspersky Plus Antivirus - zaawansowana ochrona, prywatno\u015b\u0107 i wydajno\u015b\u0107<\/strong><\/p>\n<h3><strong>Opis<\/strong><\/h3>\n<p>Kaspersky Plus Antivirus jest <strong>Bogaty w funkcje pakiet zabezpiecze\u0144<\/strong> zaprojektowany, aby zapewni\u0107 <strong>Zwi\u0119kszona ochrona, prywatno\u015b\u0107 i optymalizacja systemu<\/strong> dla <strong>Urz\u0105dzenia z systemem Windows, macOS, Android i iOS<\/strong>. Oferuje <strong>ochrona antywirusowa w czasie rzeczywistym, zaawansowane narz\u0119dzia antyphishingowe, wbudowany VPN i funkcje zwi\u0119kszaj\u0105ce wydajno\u015b\u0107<\/strong>zapewniaj\u0105c <strong>bezpieczne, prywatne i p\u0142ynne do\u015bwiadczenie cyfrowe<\/strong>.<\/p>\n<p>Z <strong>Oparte na sztucznej inteligencji wykrywanie z\u0142o\u015bliwego oprogramowania, bezpieczne przegl\u0105danie i ochrona to\u017csamo\u015bci<\/strong>Kaspersky Plus jest idealny dla <strong>u\u017cytkownicy, kt\u00f3rzy potrzebuj\u0105 cyberbezpiecze\u0144stwa na wy\u017cszym poziomie bez spowalniania swoich urz\u0105dze\u0144<\/strong>.<\/p>\n<h3><strong>Kluczowe cechy<\/strong><\/h3>\n<p>\u2705 <strong>Ochrona przed zagro\u017ceniami w czasie rzeczywistym<\/strong> - <strong>Blokuje wirusy, z\u0142o\u015bliwe oprogramowanie, oprogramowanie szpieguj\u0105ce i oprogramowanie ransomware<\/strong> zanim zd\u0105\u017c\u0105 uszkodzi\u0107 urz\u0105dzenie.<br \/>\n\u2705 <strong>Wielowarstwowa ochrona przed ransomware<\/strong> - Zapobiega <strong>szyfrowanie plik\u00f3w i ochrona wa\u017cnych danych<\/strong>.<br \/>\n\u2705 <strong>Ochrona sieci i antyphishing oparte na sztucznej inteligencji<\/strong> - Wykrywa i blokuje <strong>fa\u0142szywe strony internetowe, wiadomo\u015bci phishingowe i fa\u0142szywe strony bankowe<\/strong>.<br \/>\n\u2705 <strong>Nieograniczona sie\u0107 VPN (bezpieczne przegl\u0105danie)<\/strong> - Szyfruje <strong>ruch internetowy<\/strong> dla anonimowych i <strong>bezpieczne przegl\u0105danie publicznych sieci Wi-Fi<\/strong>.<br \/>\n\u2705 <strong>Zapora sieciowa i monitorowanie sieci<\/strong> - Zapobiega <strong>nieautoryzowany dost\u0119p<\/strong> oraz <strong>chroni przed hakerami<\/strong> systemu.<br \/>\n\u2705 <strong>Ochrona kamery internetowej i mikrofonu<\/strong> - Przystanki <strong>oprogramowanie szpieguj\u0105ce przed potajemnym dost\u0119pem do kamery internetowej i mikrofonu<\/strong>.<br \/>\n\u2705 <strong>Inteligentna optymalizacja wydajno\u015bci<\/strong> - Czy\u015bci <strong>niepotrzebnych plik\u00f3w, przyspiesza czas rozruchu i poprawia wydajno\u015b\u0107 urz\u0105dzenia<\/strong>.<br \/>\n\u2705 <strong>Monitorowanie ciemnej sieci<\/strong> - Skany <strong>Ciemna sie\u0107 w poszukiwaniu skradzionych danych osobowych<\/strong> i ostrzega o naruszeniach bezpiecze\u0144stwa.<br \/>\n\u2705 <strong>Bezpieczna bankowo\u015b\u0107 internetowa i zakupy<\/strong> - <strong>Szyfrowanie transakcji finansowych<\/strong> i zapobiega oszustwom.<br \/>\n\u2705 <strong>Mened\u017cer hase\u0142<\/strong> - Bezpiecznie <strong>przechowuje, automatycznie wype\u0142nia i generuje silne has\u0142a<\/strong>.<br \/>\n\u2705 <strong>Kontrola rodzicielska i tryb bezpiecznego dziecka<\/strong> - Filtry <strong>szkodliwe tre\u015bci i ogranicza czas sp\u0119dzany przez dzieci przed ekranem<\/strong>.<br \/>\n\u2705 <strong>Ochrona urz\u0105dze\u0144 USB<\/strong> - Skany <strong>zewn\u0119trzne urz\u0105dzenia pami\u0119ci masowej<\/strong> pod k\u0105tem z\u0142o\u015bliwego oprogramowania i zagro\u017ce\u0144 bezpiecze\u0144stwa.<\/p>\n<h3><strong>Minimalne wymagania systemowe<\/strong><\/h3>\n<h4><strong>Windows<\/strong><\/h4>\n<ul>\n<li><strong>Procesor<\/strong>: 1 GHz lub szybszy<\/li>\n<li><strong>RAM<\/strong>minimum 2 GB<\/li>\n<li><strong>Przechowywanie<\/strong>2 GB dost\u0119pnego miejsca na dysku<\/li>\n<li><strong>System operacyjny<\/strong>: Windows 11, Windows 10, Windows 8.1, Windows 8, Windows 7 (SP1)<\/li>\n<li><strong>Po\u0142\u0105czenie internetowe<\/strong>: Wymagane do aktywacji, aktualizacji i zabezpiecze\u0144 opartych na chmurze.<\/li>\n<\/ul>\n<h4><strong>macOS<\/strong><\/h4>\n<ul>\n<li><strong>Procesor<\/strong>: Mac z procesorem Intel lub Apple Silicon (M1\/M2)<\/li>\n<li><strong>RAM<\/strong>minimum 2 GB<\/li>\n<li><strong>Przechowywanie<\/strong>: 1,5 GB dost\u0119pnego miejsca na dysku<\/li>\n<li><strong>System operacyjny<\/strong>macOS 10.12 (Sierra) lub nowszy<\/li>\n<\/ul>\n<h4><strong>Android i iOS<\/strong><\/h4>\n<ul>\n<li><strong>System operacyjny<\/strong>: Android 6.0 lub nowszy \/ iOS 12.0 lub nowszy<\/li>\n<li><strong>Dost\u0119pne funkcje<\/strong>: Antywirus, ochrona przed kradzie\u017c\u0105, VPN i ochrona prywatno\u015bci<\/li>\n<\/ul>\n<h3><strong>Dlaczego warto wybra\u0107 Kaspersky Plus Antivirus?<\/strong><\/h3>\n<p>\ud83d\udd39 <strong>Kompleksowy pakiet bezpiecze\u0144stwa i wydajno\u015bci<\/strong> - <strong>\u0141\u0105czy w sobie narz\u0119dzia antywirusowe, VPN i optymalizacyjne.<\/strong> w jednym opakowaniu.<br \/>\n\ud83d\udd39 <strong>Pot\u0119\u017cna ochrona oparta na sztucznej inteligencji<\/strong> - Wykrywa i neutralizuje <strong>cyberzagro\u017cenia w czasie rzeczywistym<\/strong>.<br \/>\n\ud83d\udd39 <strong>Ochrona prywatno\u015bci i to\u017csamo\u015bci<\/strong> - Utrzymuje <strong>bezpiecze\u0144stwo danych osobowych<\/strong> z <strong>VPN, ochrona przed \u015bledzeniem i zarz\u0105dzanie has\u0142ami<\/strong>.<br \/>\n\ud83d\udd39 <strong>Zwi\u0119ksza wydajno\u015b\u0107 komputer\u00f3w i urz\u0105dze\u0144 mobilnych<\/strong> - <strong>Czy\u015bci ba\u0142agan w systemie<\/strong> i poprawia <strong>szybko\u015b\u0107 i wydajno\u015b\u0107<\/strong>.<br \/>\n\ud83d\udd39 <strong>Bezpieczne przegl\u0105danie i bezpieczne transakcje<\/strong> - <strong>Chroni dane finansowe i zapobiega atakom phishingowym<\/strong>.<\/p>\n<p>Aktualizacja do <strong>Kaspersky Plus Antivirus<\/strong> dzisiaj dla <strong>wy\u017cszy poziom bezpiecze\u0144stwa, prywatno\u015bci i optymalizacji systemu<\/strong>! \ud83d\ude80\ud83d\udee1\ufe0f\ud83d\udd12<\/p>","protected":false},"excerpt":{"rendered":"<p>Kaspersky Plus Antivirus \u2013 Advanced Security, Privacy &amp; Performance Description Kaspersky Plus Antivirus is a feature-rich security suite designed to provide enhanced protection, privacy, and system optimization for Windows, macOS, Android, and iOS devices. It offers real-time antivirus protection, advanced anti-phishing tools, a built-in VPN, and performance-boosting features, ensuring a safe, private, and smooth digital [&hellip;]<\/p>","protected":false},"featured_media":1012,"comment_status":"open","ping_status":"closed","template":"","meta":{"_gspb_post_css":""},"product_brand":[],"product_cat":[76],"product_tag":[77],"class_list":{"0":"post-976","1":"product","2":"type-product","3":"status-publish","4":"has-post-thumbnail","6":"product_cat-antivirus","7":"product_tag-kaspersky","9":"first","10":"instock","11":"shipping-taxable","12":"product-type-external"},"_links":{"self":[{"href":"https:\/\/keysdock.tajnaveza.net\/pl\/wp-json\/wp\/v2\/product\/976","targetHints":{"allow":["GET"]}}],"collection":[{"href":"https:\/\/keysdock.tajnaveza.net\/pl\/wp-json\/wp\/v2\/product"}],"about":[{"href":"https:\/\/keysdock.tajnaveza.net\/pl\/wp-json\/wp\/v2\/types\/product"}],"replies":[{"embeddable":true,"href":"https:\/\/keysdock.tajnaveza.net\/pl\/wp-json\/wp\/v2\/comments?post=976"}],"wp:featuredmedia":[{"embeddable":true,"href":"https:\/\/keysdock.tajnaveza.net\/pl\/wp-json\/wp\/v2\/media\/1012"}],"wp:attachment":[{"href":"https:\/\/keysdock.tajnaveza.net\/pl\/wp-json\/wp\/v2\/media?parent=976"}],"wp:term":[{"taxonomy":"product_brand","embeddable":true,"href":"https:\/\/keysdock.tajnaveza.net\/pl\/wp-json\/wp\/v2\/product_brand?post=976"},{"taxonomy":"product_cat","embeddable":true,"href":"https:\/\/keysdock.tajnaveza.net\/pl\/wp-json\/wp\/v2\/product_cat?post=976"},{"taxonomy":"product_tag","embeddable":true,"href":"https:\/\/keysdock.tajnaveza.net\/pl\/wp-json\/wp\/v2\/product_tag?post=976"}],"curies":[{"name":"wp","href":"https:\/\/api.w.org\/{rel}","templated":true}]}}