{"id":977,"date":"2025-03-15T21:07:44","date_gmt":"2025-03-15T21:07:44","guid":{"rendered":"https:\/\/keysdock.com\/?post_type=product&#038;p=977"},"modified":"2025-10-19T07:35:10","modified_gmt":"2025-10-19T07:35:10","slug":"kaspersky-plus-2025-1-urzadzenie-1-rok-klucz-2","status":"publish","type":"product","link":"https:\/\/keysdock.tajnaveza.net\/pl\/produkt\/kaspersky-plus-2025-1-urzadzenie-1-rok-klucz-2\/","title":{"rendered":"Kaspersky Standard 2025 |1 urzadzenie - 1 rok|Key Klucz Licencja"},"content":{"rendered":"<p><strong>Kup klucz licencyjny Kaspersky plus 2025 na 1 urzadzenie (1 rok) w najlepszej cenie. Ochrona plus.<\/strong><\/p>\n<h3><strong>Opis<\/strong><\/h3>\n<p>Kaspersky Standard Antivirus to <strong>Lekkie, ale wydajne rozwi\u0105zanie zabezpieczaj\u0105ce<\/strong> zaprojektowany, aby zapewni\u0107 <strong>niezb\u0119dna ochrona<\/strong> przeciwko <strong>wirusy, z\u0142o\u015bliwe oprogramowanie, oprogramowanie ransomware, ataki phishingowe i zagro\u017cenia internetowe<\/strong>. Z <strong>wykrywanie zagro\u017ce\u0144 w czasie rzeczywistym, zaawansowane zabezpieczenia internetowe i narz\u0119dzia do optymalizacji wydajno\u015bci<\/strong>zapewnia <strong>Urz\u0105dzenia z systemem Windows i macOS pozostaj\u0105 bezpieczne i szybkie<\/strong> bez spowalniania ich.<\/p>\n<p>Kaspersky Standard Antivirus zapewnia <strong>Bezpiecze\u0144stwo oparte na sztucznej inteligencji<\/strong>, <strong>ochrona sieci<\/strong>oraz <strong>narz\u0119dzia zwi\u0119kszaj\u0105ce prywatno\u015b\u0107<\/strong>co czyni go idealnym wyborem dla <strong>U\u017cytkownicy domowi, profesjonali\u015bci i gracze<\/strong> kt\u00f3rzy chc\u0105 <strong>wydajne, bezproblemowe rozwi\u0105zanie zabezpieczaj\u0105ce<\/strong>.<\/p>\n<h3><strong>Kluczowe cechy<\/strong><\/h3>\n<p>\u2705 <strong>Ochrona antywirusowa w czasie rzeczywistym<\/strong> - Wykrywa i usuwa <strong>wirusy, z\u0142o\u015bliwe oprogramowanie, trojany, oprogramowanie ransomware i rootkity<\/strong>.<br \/>\n\u2705 <strong>Zaawansowana ochrona przed ransomware<\/strong> - Zapobiega <strong>nieautoryzowane szyfrowanie plik\u00f3w i ataki ransomware<\/strong>.<br \/>\n\u2705 <strong>Ochrona sieci i ochrona przed phishingiem<\/strong> - Bloki <strong>fa\u0142szywe strony internetowe, z\u0142o\u015bliwe pliki do pobrania i pr\u00f3by phishingu<\/strong>.<br \/>\n\u2705 <strong>Bezpiecze\u0144stwo sieci i zapora sieciowa<\/strong> - Monitory <strong>Ruch przychodz\u0105cy i wychodz\u0105cy<\/strong> aby zapobiega\u0107 cyberzagro\u017ceniom.<br \/>\n\u2705 <strong>Zoptymalizowana wydajno\u015b\u0107<\/strong> - Biegi <strong>cicho w tle<\/strong>zapewniaj\u0105c <strong>minimalny wp\u0142yw na szybko\u015b\u0107 systemu<\/strong>.<br \/>\n\u2705 <strong>Tryb gier i przesy\u0142ania strumieniowego<\/strong> - Zapobiega przerwom <strong>podczas grania w gry lub ogl\u0105dania film\u00f3w<\/strong>.<br \/>\n\u2705 <strong>Inteligentne skanowanie i automatyczne aktualizacje<\/strong> - <strong>Automatyczne aktualizacje bazy wirus\u00f3w i zaplanowane skanowanie<\/strong> chroni\u0107 swoje urz\u0105dzenie.<br \/>\n\u2705 <strong>Bezpieczne przegl\u0105danie stron internetowych<\/strong> - Bloki <strong>z\u0142o\u015bliwe linki, programy \u015bledz\u0105ce i oprogramowanie reklamowe<\/strong> dla bezpieczniejszego przegl\u0105dania.<br \/>\n\u2705 <strong>Ochrona urz\u0105dze\u0144 USB<\/strong> - Skany <strong>dyski zewn\u0119trzne i USB<\/strong> aby zapobiec infekcjom z\u0142o\u015bliwym oprogramowaniem.<\/p>\n<h3><strong>Minimalne wymagania systemowe<\/strong><\/h3>\n<h4><strong>Windows<\/strong><\/h4>\n<ul>\n<li><strong>Procesor<\/strong>: 1 GHz lub szybszy<\/li>\n<li><strong>RAM<\/strong>minimum 2 GB<\/li>\n<li><strong>Przechowywanie<\/strong>: 1,5 GB dost\u0119pnego miejsca na dysku<\/li>\n<li><strong>System operacyjny<\/strong>: Windows 11, Windows 10, Windows 8.1, Windows 8, Windows 7 (SP1)<\/li>\n<li><strong>Po\u0142\u0105czenie internetowe<\/strong>: Wymagane do aktywacji, aktualizacji i zabezpiecze\u0144 opartych na chmurze.<\/li>\n<\/ul>\n<h4><strong>macOS<\/strong><\/h4>\n<ul>\n<li><strong>Procesor<\/strong>: Mac z procesorem Intel lub Apple Silicon (M1\/M2)<\/li>\n<li><strong>RAM<\/strong>minimum 2 GB<\/li>\n<li><strong>Przechowywanie<\/strong>: 1,5 GB dost\u0119pnego miejsca na dysku<\/li>\n<li><strong>System operacyjny<\/strong>macOS 10.12 (Sierra) lub nowszy<\/li>\n<\/ul>\n<h3><strong>Dlaczego warto wybra\u0107 Kaspersky Standard Antivirus?<\/strong><\/h3>\n<p>\ud83d\udd39 <strong>Lekkie i szybkie zabezpieczenia<\/strong> - <strong>Dzia\u0142a wydajnie<\/strong> bez spowalniania komputera PC lub Mac.<br \/>\n\ud83d\udd39 <strong>Zaawansowana ochrona przed z\u0142o\u015bliwym oprogramowaniem i oprogramowaniem ransomware<\/strong> - <strong>Blokuje wirusy, oprogramowanie szpieguj\u0105ce i zagro\u017cenia typu ransomware<\/strong> w czasie rzeczywistym.<br \/>\n\ud83d\udd39 <strong>Bezpieczne przegl\u0105danie i ochrona przed phishingiem<\/strong> - Chroni przed <strong>z\u0142o\u015bliwe linki i oszustwa internetowe<\/strong>.<br \/>\n\ud83d\udd39 <strong>Automatyczne aktualizacje i inteligentne skanowanie<\/strong> - <strong>Aktualizowanie zabezpiecze\u0144<\/strong> z aktualizacjami w czasie rzeczywistym.<br \/>\n\ud83d\udd39 <strong>Idealny do u\u017cytku domowego i profesjonalnego<\/strong> - Idealny dla <strong>codzienne przegl\u0105danie, granie i zadania robocze<\/strong>.<\/p>\n<p>Aktualizacja do <strong>Kaspersky Standard Antivirus<\/strong> dzisiaj dla <strong>szybka, niezawodna i wydajna ochrona<\/strong>! \ud83d\ude80\ud83d\udee1\ufe0f\ud83d\udd12<\/p>","protected":false},"excerpt":{"rendered":"<p>Kaspersky Standard Antivirus \u2013 Essential Protection for Your Digital Life Description Kaspersky Standard Antivirus is a lightweight yet powerful security solution designed to provide essential protection against viruses, malware, ransomware, phishing attacks, and online threats. With real-time threat detection, advanced web security, and performance optimization tools, it ensures your Windows and macOS devices remain secure [&hellip;]<\/p>","protected":false},"featured_media":1013,"comment_status":"open","ping_status":"closed","template":"","meta":{"_gspb_post_css":""},"product_brand":[],"product_cat":[76],"product_tag":[77],"class_list":{"0":"post-977","1":"product","2":"type-product","3":"status-publish","4":"has-post-thumbnail","6":"product_cat-antivirus","7":"product_tag-kaspersky","9":"first","10":"instock","11":"shipping-taxable","12":"product-type-external"},"_links":{"self":[{"href":"https:\/\/keysdock.tajnaveza.net\/pl\/wp-json\/wp\/v2\/product\/977","targetHints":{"allow":["GET"]}}],"collection":[{"href":"https:\/\/keysdock.tajnaveza.net\/pl\/wp-json\/wp\/v2\/product"}],"about":[{"href":"https:\/\/keysdock.tajnaveza.net\/pl\/wp-json\/wp\/v2\/types\/product"}],"replies":[{"embeddable":true,"href":"https:\/\/keysdock.tajnaveza.net\/pl\/wp-json\/wp\/v2\/comments?post=977"}],"wp:featuredmedia":[{"embeddable":true,"href":"https:\/\/keysdock.tajnaveza.net\/pl\/wp-json\/wp\/v2\/media\/1013"}],"wp:attachment":[{"href":"https:\/\/keysdock.tajnaveza.net\/pl\/wp-json\/wp\/v2\/media?parent=977"}],"wp:term":[{"taxonomy":"product_brand","embeddable":true,"href":"https:\/\/keysdock.tajnaveza.net\/pl\/wp-json\/wp\/v2\/product_brand?post=977"},{"taxonomy":"product_cat","embeddable":true,"href":"https:\/\/keysdock.tajnaveza.net\/pl\/wp-json\/wp\/v2\/product_cat?post=977"},{"taxonomy":"product_tag","embeddable":true,"href":"https:\/\/keysdock.tajnaveza.net\/pl\/wp-json\/wp\/v2\/product_tag?post=977"}],"curies":[{"name":"wp","href":"https:\/\/api.w.org\/{rel}","templated":true}]}}