{"id":978,"date":"2025-03-15T21:07:44","date_gmt":"2025-03-15T21:07:44","guid":{"rendered":"https:\/\/keysdock.com\/?post_type=product&#038;p=978"},"modified":"2025-10-31T17:20:45","modified_gmt":"2025-10-31T17:20:45","slug":"kaspersky-total-security-antivirus-product-key-activation-1year-1pc","status":"publish","type":"product","link":"https:\/\/keysdock.tajnaveza.net\/pl\/produkt\/kaspersky-total-security-antivirus-product-key-activation-1year-1pc\/","title":{"rendered":"Kaspersky Total Security 2025 |1 urzadzenie - 1 rok| Key Klucz Licencja"},"content":{"rendered":"<p><strong>Kup klucz licencyjny Kaspersky Total Security 2025 na 1 urz\u0105dzenie (1 rok) w najlepszej cenie. Pe\u0142na ochrona.<\/strong><\/p>\n<h3><strong>Opis<\/strong><\/h3>\n<p>Kaspersky Total Security jest <strong>kompleksowy pakiet cyberbezpiecze\u0144stwa<\/strong> zaprojektowany, aby zapewni\u0107 <strong>maksymalna ochrona, prywatno\u015b\u0107 i optymalizacja wydajno\u015bci<\/strong> dla <strong>Urz\u0105dzenia z systemem Windows, macOS, Android i iOS<\/strong>. Oferuje <strong>ochrona antywirusowa w czasie rzeczywistym, ochrona przed oprogramowaniem ransomware, bezpieczna sie\u0107 VPN, zarz\u0105dzanie has\u0142ami, kontrola rodzicielska i monitorowanie dark web.<\/strong>zapewniaj\u0105c <strong>bezpieczne i p\u0142ynne do\u015bwiadczenie cyfrowe<\/strong> dla os\u00f3b indywidualnych i rodzin.<\/p>\n<p>Z <strong>wielowarstwowe zabezpieczenia, wykrywanie zagro\u017ce\u0144 oparte na sztucznej inteligencji i narz\u0119dzia zwi\u0119kszaj\u0105ce prywatno\u015b\u0107<\/strong>Kaspersky Total Security jest idealny dla <strong>u\u017cytkownicy, kt\u00f3rzy potrzebuj\u0105 najwy\u017cszej klasy ochrony przed cyberzagro\u017ceniami bez uszczerbku dla wydajno\u015bci systemu<\/strong>.<\/p>\n<h3><strong>Kluczowe cechy<\/strong><\/h3>\n<p>\u2705 <strong>Ochrona antywirusowa i przed z\u0142o\u015bliwym oprogramowaniem w czasie rzeczywistym<\/strong> - Bloki <strong>wirusy, z\u0142o\u015bliwe oprogramowanie, oprogramowanie szpieguj\u0105ce, oprogramowanie ransomware i ataki typu zero-day<\/strong>.<br \/>\n\u2705 <strong>Zaawansowana ochrona przed ransomware<\/strong> - Zapobiega <strong>szyfrowanie plik\u00f3w i ochrona wra\u017cliwych danych<\/strong>.<br \/>\n\u2705 <strong>Ochrona sieci i antyphishing oparte na sztucznej inteligencji<\/strong> - Wykrywa i blokuje <strong>fa\u0142szywe strony internetowe, wiadomo\u015bci phishingowe i oszuka\u0144cze strony bankowe<\/strong>.<br \/>\n\u2705 <strong>Bezpieczna sie\u0107 VPN (nielimitowane dane)<\/strong> - Szyfruje <strong>ruch internetowy<\/strong> dla prywatnych i <strong>bezpieczne przegl\u0105danie publicznych sieci Wi-Fi<\/strong>.<br \/>\n\u2705 <strong>Zapora sieciowa i monitorowanie sieci<\/strong> - Bloki <strong>w\u0142amania, pr\u00f3by hakowania i nieautoryzowany dost\u0119p<\/strong>.<br \/>\n\u2705 <strong>Ochrona kamery internetowej i mikrofonu<\/strong> - Zapobiega <strong>oprogramowanie szpieguj\u0105ce przed przej\u0119ciem kamery internetowej i mikrofonu<\/strong>.<br \/>\n\u2705 <strong>Monitorowanie ciemnej sieci<\/strong> - Skany <strong>Ciemna sie\u0107 w poszukiwaniu skradzionych danych osobowych<\/strong> i powiadamia u\u017cytkownika o naruszeniach.<br \/>\n\u2705 <strong>Bezpieczna bankowo\u015b\u0107 internetowa i zakupy<\/strong> - Szyfruje <strong>transakcje finansowe<\/strong> i zapobiega oszustwom.<br \/>\n\u2705 <strong>Mened\u017cer hase\u0142<\/strong> - Sklepy <strong>silne has\u0142a<\/strong> bezpiecznie i automatycznie wype\u0142nia dane uwierzytelniaj\u0105ce.<br \/>\n\u2705 <strong>Kontrola rodzicielska i tryb bezpiecznego dziecka<\/strong> - Filtry <strong>szkodliwe tre\u015bci, \u015bledzi czas sp\u0119dzany przed ekranem i lokalizuje urz\u0105dzenia dzieci<\/strong>.<br \/>\n\u2705 <strong>Inteligentne czyszczenie i optymalizacja systemu<\/strong> - Usuwa <strong>niepotrzebnych plik\u00f3w, przyspiesza czas rozruchu i poprawia wydajno\u015b\u0107<\/strong>.<br \/>\n\u2705 <strong>Ochrona USB i urz\u0105dze\u0144 zewn\u0119trznych<\/strong> - Skany <strong>wymienne urz\u0105dzenia pami\u0119ci masowej<\/strong> aby zapobiec infekcjom z\u0142o\u015bliwym oprogramowaniem.<br \/>\n\u2705 <strong>Automatyczne aktualizacje oprogramowania<\/strong> - Zapewnia <strong>zainstalowane aplikacje pozostaj\u0105 bezpieczne i aktualne<\/strong>.<\/p>\n<h3><strong>Minimalne wymagania systemowe<\/strong><\/h3>\n<h4><strong>Windows<\/strong><\/h4>\n<ul>\n<li><strong>Procesor<\/strong>: 1 GHz lub szybszy<\/li>\n<li><strong>RAM<\/strong>minimum 2 GB<\/li>\n<li><strong>Przechowywanie<\/strong>2 GB dost\u0119pnego miejsca na dysku<\/li>\n<li><strong>System operacyjny<\/strong>: Windows 11, Windows 10, Windows 8.1, Windows 8, Windows 7 (SP1)<\/li>\n<li><strong>Po\u0142\u0105czenie internetowe<\/strong>: Wymagane do aktywacji, aktualizacji i zabezpiecze\u0144 opartych na chmurze.<\/li>\n<\/ul>\n<h4><strong>macOS<\/strong><\/h4>\n<ul>\n<li><strong>Procesor<\/strong>: Mac z procesorem Intel lub Apple Silicon (M1\/M2)<\/li>\n<li><strong>RAM<\/strong>minimum 2 GB<\/li>\n<li><strong>Przechowywanie<\/strong>: 1,5 GB dost\u0119pnego miejsca na dysku<\/li>\n<li><strong>System operacyjny<\/strong>macOS 10.12 (Sierra) lub nowszy<\/li>\n<\/ul>\n<h4><strong>Android i iOS<\/strong><\/h4>\n<ul>\n<li><strong>System operacyjny<\/strong>: Android 6.0 lub nowszy \/ iOS 12.0 lub nowszy<\/li>\n<li><strong>Dost\u0119pne funkcje<\/strong>: Antywirus, ochrona przed kradzie\u017c\u0105, VPN i ochrona prywatno\u015bci<\/li>\n<\/ul>\n<h3><strong>Dlaczego warto wybra\u0107 Kaspersky Total Security?<\/strong><\/h3>\n<p>\ud83d\udd39 <strong>Kompleksowe zabezpieczenia dla ka\u017cdego urz\u0105dzenia<\/strong> - Pokrowce <strong>Windows, Mac, Android i iOS<\/strong> w a <strong>pojedyncza subskrypcja<\/strong>.<br \/>\n\ud83d\udd39 <strong>Maksymalna ochrona cyberbezpiecze\u0144stwa<\/strong> - Bloki <strong>wirusy, oprogramowanie ransomware, oprogramowanie szpieguj\u0105ce i pr\u00f3by phishingu<\/strong> w czasie rzeczywistym.<br \/>\n\ud83d\udd39 <strong>Zwi\u0119kszona prywatno\u015b\u0107 i bezpiecze\u0144stwo to\u017csamo\u015bci<\/strong> - Zawiera <strong>VPN, ochrona przed \u015bledzeniem i monitorowanie dark web<\/strong>.<br \/>\n\ud83d\udd39 <strong>Inteligentna optymalizacja wydajno\u015bci<\/strong> - Poprawia <strong>szybko\u015b\u0107 i wydajno\u015b\u0107 systemu<\/strong> jednocze\u015bnie zabezpieczaj\u0105c swoje urz\u0105dzenia.<br \/>\n\ud83d\udd39 <strong>Bezpieczne dzieci i kontrola rodzicielska<\/strong> - Zapewnia <strong>monitorowanie czasu przed ekranem i filtrowanie stron internetowych<\/strong> dla bezpiecze\u0144stwa dzieci.<\/p>\n<p>Aktualizacja do <strong>Kaspersky Total Security<\/strong> dzisiaj dla <strong>najwy\u017cszy poziom bezpiecze\u0144stwa, prywatno\u015bci i optymalizacji wydajno\u015bci<\/strong>! \ud83d\ude80\ud83d\udee1\ufe0f\ud83d\udd12<\/p>","protected":false},"excerpt":{"rendered":"<p>Kaspersky Total Security \u2013 Ultimate Protection for Your Digital Life Description Kaspersky Total Security is an all-in-one cybersecurity suite designed to provide maximum protection, privacy, and performance optimization for Windows, macOS, Android, and iOS devices. It offers real-time antivirus defense, ransomware protection, secure VPN, password management, parental controls, and dark web monitoring, ensuring a safe [&hellip;]<\/p>","protected":false},"featured_media":1014,"comment_status":"open","ping_status":"closed","template":"","meta":{"_gspb_post_css":""},"product_brand":[],"product_cat":[76],"product_tag":[77],"class_list":{"0":"post-978","1":"product","2":"type-product","3":"status-publish","4":"has-post-thumbnail","6":"product_cat-antivirus","7":"product_tag-kaspersky","9":"first","10":"instock","11":"shipping-taxable","12":"product-type-external"},"_links":{"self":[{"href":"https:\/\/keysdock.tajnaveza.net\/pl\/wp-json\/wp\/v2\/product\/978","targetHints":{"allow":["GET"]}}],"collection":[{"href":"https:\/\/keysdock.tajnaveza.net\/pl\/wp-json\/wp\/v2\/product"}],"about":[{"href":"https:\/\/keysdock.tajnaveza.net\/pl\/wp-json\/wp\/v2\/types\/product"}],"replies":[{"embeddable":true,"href":"https:\/\/keysdock.tajnaveza.net\/pl\/wp-json\/wp\/v2\/comments?post=978"}],"wp:featuredmedia":[{"embeddable":true,"href":"https:\/\/keysdock.tajnaveza.net\/pl\/wp-json\/wp\/v2\/media\/1014"}],"wp:attachment":[{"href":"https:\/\/keysdock.tajnaveza.net\/pl\/wp-json\/wp\/v2\/media?parent=978"}],"wp:term":[{"taxonomy":"product_brand","embeddable":true,"href":"https:\/\/keysdock.tajnaveza.net\/pl\/wp-json\/wp\/v2\/product_brand?post=978"},{"taxonomy":"product_cat","embeddable":true,"href":"https:\/\/keysdock.tajnaveza.net\/pl\/wp-json\/wp\/v2\/product_cat?post=978"},{"taxonomy":"product_tag","embeddable":true,"href":"https:\/\/keysdock.tajnaveza.net\/pl\/wp-json\/wp\/v2\/product_tag?post=978"}],"curies":[{"name":"wp","href":"https:\/\/api.w.org\/{rel}","templated":true}]}}