{"id":979,"date":"2025-03-15T21:07:44","date_gmt":"2025-03-15T21:07:44","guid":{"rendered":"https:\/\/keysdock.com\/?post_type=product&#038;p=979"},"modified":"2026-02-19T09:22:55","modified_gmt":"2026-02-19T09:22:55","slug":"eset-nod32-antivirus-2025-1-urzadzenie-1-rok-klucz","status":"publish","type":"product","link":"https:\/\/keysdock.tajnaveza.net\/pl\/produkt\/eset-nod32-antivirus-2025-1-urzadzenie-1-rok-klucz\/","title":{"rendered":"Eset Nod32 Antivirus 2025 |1 urzadzenie - 1 rok| Key Klucz Licencja"},"content":{"rendered":"<p><strong>ESET NOD32 Antivirus - lekkie i wydajne cyberzabezpieczenie dla Twojego komputera<\/strong><\/p>\n<h3><strong>Opis<\/strong><\/h3>\n<p>ESET NOD32 Antivirus jest programem <strong>szybkie, lekkie i skuteczne rozwi\u0105zanie zabezpieczaj\u0105ce<\/strong> zaprojektowany do ochrony <strong>Windows, macOS i Linux<\/strong> systemy przeciwko <strong>wirusy, z\u0142o\u015bliwe oprogramowanie, oprogramowanie ransomware, ataki phishingowe i zagro\u017cenia typu zero-day<\/strong>. Z <strong>Niski wp\u0142yw na system i zaawansowana heurystyka<\/strong>ESET zapewnia <strong>p\u0142ynne dzia\u0142anie<\/strong> bez spowalniania urz\u0105dzenia, dzi\u0119ki czemu idealnie nadaje si\u0119 do <strong>Gracze, profesjonali\u015bci i codzienni u\u017cytkownicy<\/strong>.<\/p>\n<p>Z jego <strong>Oparte na sztucznej inteligencji wykrywanie zagro\u017ce\u0144, blokowanie exploit\u00f3w i technologia antyphishingowa<\/strong>ESET NOD32 zapewnia <strong>Bezpiecze\u0144stwo w czasie rzeczywistym bez zb\u0119dnego nadmiaru oprogramowania i spowolnie\u0144<\/strong>.<\/p>\n<h3><strong>Kluczowe cechy<\/strong><\/h3>\n<p>\u2705 <strong>Ochrona antywirusowa w czasie rzeczywistym<\/strong> - Bloki <strong>wirusy, trojany, oprogramowanie ransomware, rootkity i oprogramowanie szpieguj\u0105ce<\/strong> zanim zd\u0105\u017c\u0105 uszkodzi\u0107 system.<br \/>\n\u2705 <strong>Zaawansowane uczenie maszynowe i obrona przed sztuczn\u0105 inteligencj\u0105<\/strong> - Zastosowania <strong>heurystyka i analiza behawioralna<\/strong> aby powstrzyma\u0107 zagro\u017cenia typu zero-day.<br \/>\n\u2705 <strong>Wielowarstwowa ochrona przed ransomware<\/strong> - Zapobiega <strong>nieautoryzowane szyfrowanie plik\u00f3w osobistych u\u017cytkownika<\/strong>.<br \/>\n\u2705 <strong>Niski wp\u0142yw na system i szybkie skanowanie<\/strong> - Biegi <strong>cicho w tle<\/strong> bez spowalniania gry lub pracy.<br \/>\n\u2705 <strong>Exploit Blocker<\/strong> - Chroni przed <strong>zaawansowane ataki na przegl\u0105darki, czytniki dokument\u00f3w i klient\u00f3w poczty e-mail<\/strong>.<br \/>\n\u2705 <strong>Anti-Phishing i ochrona sieci<\/strong> - Bloki <strong>oszuka\u0144cze strony internetowe i fa\u0142szywe strony bankowe<\/strong> aby chroni\u0107 swoje dane uwierzytelniaj\u0105ce.<br \/>\n\u2705 <strong>Kontrola urz\u0105dze\u0144 i ochrona USB<\/strong> - Skany <strong>dysk\u00f3w zewn\u0119trznych i zapobiega infekcjom z\u0142o\u015bliwym oprogramowaniem<\/strong> z urz\u0105dze\u0144 USB.<br \/>\n\u2705 <strong>Minimalne wyskakuj\u0105ce okienka i powiadomienia<\/strong> - Zapewnia <strong>Granie bez rozpraszania uwagi i tryb pe\u0142noekranowy<\/strong>.<br \/>\n\u2705 <strong>Zaawansowany system HIPS (Host-Based Intrusion Prevention System)<\/strong> - Niestandardowe regu\u0142y zabezpiecze\u0144 dla <strong>lepsza kontrola nad procesami systemowymi<\/strong>.<br \/>\n\u2705 <strong>Regularne i ciche aktualizacje<\/strong> - Zapewnia, \u017ce urz\u0105dzenie jest <strong>zawsze chroniony najnowszymi definicjami wirus\u00f3w<\/strong>.<\/p>\n<h3><strong>Minimalne wymagania systemowe<\/strong><\/h3>\n<h4><strong>Windows<\/strong><\/h4>\n<ul>\n<li><strong>Procesor<\/strong>: 1 GHz lub szybszy<\/li>\n<li><strong>RAM<\/strong>minimum 2 GB<\/li>\n<li><strong>Przechowywanie<\/strong>: 1 GB dost\u0119pnego miejsca na dysku<\/li>\n<li><strong>System operacyjny<\/strong>: Windows 11, Windows 10, Windows 8.1, Windows 8, Windows 7 (SP1)<\/li>\n<li><strong>Po\u0142\u0105czenie internetowe<\/strong>: Wymagane do aktywacji, aktualizacji i skanowania w chmurze.<\/li>\n<\/ul>\n<h4><strong>macOS<\/strong><\/h4>\n<ul>\n<li><strong>Procesor<\/strong>: Mac z procesorem Intel lub Apple Silicon (M1\/M2)<\/li>\n<li><strong>RAM<\/strong>minimum 2 GB<\/li>\n<li><strong>Przechowywanie<\/strong>: 1,5 GB dost\u0119pnego miejsca na dysku<\/li>\n<li><strong>System operacyjny<\/strong>macOS 10.12 (Sierra) lub nowszy<\/li>\n<\/ul>\n<h4><strong>Linux<\/strong><\/h4>\n<ul>\n<li><strong>Obs\u0142ugiwane dystrybucje<\/strong>: Ubuntu, Fedora, Debian, OpenSUSE (systemy 64-bitowe)<\/li>\n<\/ul>\n<h3><strong>Dlaczego warto wybra\u0107 ESET NOD32 Antivirus?<\/strong><\/h3>\n<p>\ud83d\udd39 <strong>Lekkie i szybkie zabezpieczenia<\/strong> - <strong>Zaprojektowany z my\u015bl\u0105 o wydajno\u015bci<\/strong> przy minimalnym wp\u0142ywie na system.<br \/>\n\ud83d\udd39 <strong>Pot\u0119\u017cne wykrywanie zagro\u017ce\u0144 oparte na sztucznej inteligencji<\/strong> - Chroni przed <strong>zaawansowane z\u0142o\u015bliwe oprogramowanie, ataki zero-day i zagro\u017cenia bezplikowe<\/strong>.<br \/>\n\ud83d\udd39 <strong>Bezpieczna bankowo\u015b\u0107 internetowa i ochrona przed phishingiem<\/strong> - <strong>Blokuje fa\u0142szywe strony internetowe<\/strong> kt\u00f3re kradn\u0105 dane osobowe i finansowe.<br \/>\n\ud83d\udd39 <strong>Idealny dla graczy i profesjonalist\u00f3w<\/strong> - <strong>Minimalna liczba wyskakuj\u0105cych okienek, ciche aktualizacje i zoptymalizowane wykorzystanie systemu<\/strong>.<br \/>\n\ud83d\udd39 <strong>Ochrona USB i urz\u0105dze\u0144 zewn\u0119trznych<\/strong> - <strong>Skanuje no\u015bniki wymienne<\/strong> dla zagro\u017ce\u0144 z\u0142o\u015bliwym oprogramowaniem.<\/p>\n<p>Aktualizacja do <strong>ESET NOD32 Antivirus<\/strong> dzisiaj dla <strong>lekka, szybka i skuteczna ochrona przed nowoczesnymi cyberzagro\u017ceniami<\/strong>! \ud83d\ude80\ud83d\udee1\ufe0f\ud83d\udd12<\/p>","protected":false},"excerpt":{"rendered":"<p>ESET NOD32 Antivirus \u2013 Lightweight &amp; Powerful Cybersecurity for Your PC Description ESET NOD32 Antivirus is a fast, lightweight, and effective security solution designed to protect Windows, macOS, and Linux systems against viruses, malware, ransomware, phishing attacks, and zero-day threats. With low system impact and advanced heuristics, ESET ensures smooth performance without slowing down your [&hellip;]<\/p>","protected":false},"featured_media":1015,"comment_status":"open","ping_status":"closed","template":"","meta":{"_gspb_post_css":""},"product_brand":[],"product_cat":[76],"product_tag":[78],"class_list":{"0":"post-979","1":"product","2":"type-product","3":"status-publish","4":"has-post-thumbnail","6":"product_cat-antivirus","7":"product_tag-eset","9":"first","10":"instock","11":"shipping-taxable","12":"product-type-external"},"_links":{"self":[{"href":"https:\/\/keysdock.tajnaveza.net\/pl\/wp-json\/wp\/v2\/product\/979","targetHints":{"allow":["GET"]}}],"collection":[{"href":"https:\/\/keysdock.tajnaveza.net\/pl\/wp-json\/wp\/v2\/product"}],"about":[{"href":"https:\/\/keysdock.tajnaveza.net\/pl\/wp-json\/wp\/v2\/types\/product"}],"replies":[{"embeddable":true,"href":"https:\/\/keysdock.tajnaveza.net\/pl\/wp-json\/wp\/v2\/comments?post=979"}],"wp:featuredmedia":[{"embeddable":true,"href":"https:\/\/keysdock.tajnaveza.net\/pl\/wp-json\/wp\/v2\/media\/1015"}],"wp:attachment":[{"href":"https:\/\/keysdock.tajnaveza.net\/pl\/wp-json\/wp\/v2\/media?parent=979"}],"wp:term":[{"taxonomy":"product_brand","embeddable":true,"href":"https:\/\/keysdock.tajnaveza.net\/pl\/wp-json\/wp\/v2\/product_brand?post=979"},{"taxonomy":"product_cat","embeddable":true,"href":"https:\/\/keysdock.tajnaveza.net\/pl\/wp-json\/wp\/v2\/product_cat?post=979"},{"taxonomy":"product_tag","embeddable":true,"href":"https:\/\/keysdock.tajnaveza.net\/pl\/wp-json\/wp\/v2\/product_tag?post=979"}],"curies":[{"name":"wp","href":"https:\/\/api.w.org\/{rel}","templated":true}]}}