{"id":981,"date":"2025-03-15T21:07:44","date_gmt":"2025-03-15T21:07:44","guid":{"rendered":"https:\/\/keysdock.com\/?post_type=product&#038;p=981"},"modified":"2025-10-19T07:34:27","modified_gmt":"2025-10-19T07:34:27","slug":"eset-smart-security-premium-2025-1-urzadzenie-1-rok-klucz","status":"publish","type":"product","link":"https:\/\/keysdock.tajnaveza.net\/pl\/produkt\/eset-smart-security-premium-2025-1-urzadzenie-1-rok-klucz\/","title":{"rendered":"Eset Smart Security Premium 2025 |1 urzadzenie - 1 rok| Key Klucz Licencja"},"content":{"rendered":"<p><strong>Kup klucz licencyjny ESET Smart Security Premium 2025 na 1 urz\u0105dzenie (1 rok) w najlepszej cenie. Zaawansowana ochrona.<\/strong><\/p>\n<h3><strong>Opis<\/strong><\/h3>\n<p>ESET Smart Security Premium to <strong>Zaawansowany, wielowarstwowy pakiet zabezpiecze\u0144<\/strong> zaprojektowany, aby oferowa\u0107 <strong>Pe\u0142na ochrona, prywatno\u015b\u0107 i optymalizacja wydajno\u015bci<\/strong> dla <strong>Urz\u0105dzenia z systemem Windows, macOS i Android<\/strong>. \u0141\u0105czy w sobie <strong>ochrona antywirusowa w czasie rzeczywistym, zaawansowana zapora sieciowa, funkcje antykradzie\u017cowe i zarz\u0105dzanie has\u0142ami<\/strong>zapewniaj\u0105c <strong>dane, to\u017csamo\u015b\u0107 i dzia\u0142ania online pozostaj\u0105 bezpieczne przed cyberzagro\u017ceniami<\/strong>.<\/p>\n<p>Z <strong>Wykrywanie zagro\u017ce\u0144 oparte na sztucznej inteligencji, bezpiecze\u0144stwo bankowe i ochrona przed ransomware<\/strong>ESET Smart Security Premium jest idealny dla <strong>u\u017cytkownicy domowi, profesjonali\u015bci i firmy<\/strong> szukaj\u0105cy <strong>najlepsze cyberbezpiecze\u0144stwo bez uszczerbku dla wydajno\u015bci systemu<\/strong>.<\/p>\n<h3><strong>Kluczowe cechy<\/strong><\/h3>\n<p>\u2705 <strong>Ochrona antywirusowa i przed z\u0142o\u015bliwym oprogramowaniem w czasie rzeczywistym<\/strong> - Wykrywa i usuwa <strong>wirusy, oprogramowanie szpieguj\u0105ce, oprogramowanie ransomware i rootkity<\/strong> zanim zd\u0105\u017c\u0105 zainfekowa\u0107 system.<br \/>\n\u2705 <strong>Zaawansowana ochrona przed ransomware<\/strong> - Zapobiega <strong>nieautoryzowane szyfrowanie plik\u00f3w osobistych<\/strong> i powstrzymuje ataki ransomware.<br \/>\n\u2705 <strong>Zapora sieciowa i ochrona sieci<\/strong> - Bloki <strong>w\u0142amania, pr\u00f3by hakowania i nieautoryzowany dost\u0119p<\/strong> do urz\u0105dzenia i sieci domowej.<br \/>\n\u2705 <strong>Ochrona kamery internetowej i mikrofonu<\/strong> - Zapobiega <strong>pr\u00f3by szpiegowania kamery i mikrofonu<\/strong> w celu ochrony prywatno\u015bci.<br \/>\n\u2705 <strong>Bezpieczna bankowo\u015b\u0107 internetowa i ochrona p\u0142atno\u015bci<\/strong> - Szyfruje <strong>transakcje finansowe<\/strong> i zapewnia <strong>bezpieczna bankowo\u015b\u0107 internetowa<\/strong>.<br \/>\n\u2705 <strong>Ochrona przed phishingiem i ochrona sieci oparta na sztucznej inteligencji<\/strong> - Wykrywa i blokuje <strong>Fa\u0142szywe strony internetowe, oszustwa phishingowe i fa\u0142szywe linki<\/strong>.<br \/>\n\u2705 <strong>Skaner bezpiecze\u0144stwa Wi-Fi<\/strong> - Skany <strong>Domowe i publiczne sieci Wi-Fi<\/strong> dla luk w zabezpieczeniach.<br \/>\n\u2705 <strong>Mened\u017cer hase\u0142<\/strong> - Bezpiecznie <strong>przechowuje i automatycznie wype\u0142nia has\u0142a<\/strong> dla wi\u0119kszego bezpiecze\u0144stwa i wygody.<br \/>\n\u2705 <strong>Kontrola rodzicielska<\/strong> - Umo\u017cliwia <strong>blokowanie nieodpowiednich tre\u015bci i ustalanie limit\u00f3w czasowych dla dzieci<\/strong>.<br \/>\n\u2705 <strong>Tryb gracza i cicha praca<\/strong> - Minimalizuje powiadomienia i skanowanie w tle dla <strong>nieprzerwane granie lub streamowanie<\/strong>.<br \/>\n\u2705 <strong>Exploit Blocker<\/strong> - Chroni przed <strong>Luki w przegl\u0105darkach i oprogramowaniu<\/strong> kt\u00f3re wykorzystuj\u0105 hakerzy.<br \/>\n\u2705 <strong>Ochrona USB i dysk\u00f3w zewn\u0119trznych<\/strong> - Skany <strong>Urz\u0105dzenia USB i pami\u0119\u0107 zewn\u0119trzna<\/strong> aby zapobiec infekcjom z\u0142o\u015bliwym oprogramowaniem.<br \/>\n\u2705 <strong>Funkcje antykradzie\u017cowe<\/strong> - Utwory <strong>zgubione lub skradzione urz\u0105dzenia<\/strong>umo\u017cliwiaj\u0105c <strong>zdalne blokowanie, lokalizowanie lub czyszczenie<\/strong> urz\u0105dzenie.<br \/>\n\u2705 <strong>Minimalny wp\u0142yw na system i szybka wydajno\u015b\u0107<\/strong> - <strong>Zoptymalizowany pod k\u0105tem szybko\u015bci<\/strong> z <strong>Niskie zu\u017cycie zasob\u00f3w<\/strong>.<\/p>\n<h3><strong>Minimalne wymagania systemowe<\/strong><\/h3>\n<h4><strong>Windows<\/strong><\/h4>\n<ul>\n<li><strong>Procesor<\/strong>: 1 GHz lub szybszy<\/li>\n<li><strong>RAM<\/strong>minimum 2 GB<\/li>\n<li><strong>Przechowywanie<\/strong>: 1 GB dost\u0119pnego miejsca na dysku<\/li>\n<li><strong>System operacyjny<\/strong>: Windows 11, Windows 10, Windows 8.1, Windows 8, Windows 7 (SP1)<\/li>\n<li><strong>Po\u0142\u0105czenie internetowe<\/strong>: Wymagane do aktywacji, aktualizacji i zabezpiecze\u0144 opartych na chmurze.<\/li>\n<\/ul>\n<h4><strong>macOS<\/strong><\/h4>\n<ul>\n<li><strong>Procesor<\/strong>: Mac z procesorem Intel lub Apple Silicon (M1\/M2)<\/li>\n<li><strong>RAM<\/strong>minimum 2 GB<\/li>\n<li><strong>Przechowywanie<\/strong>: 1,5 GB dost\u0119pnego miejsca na dysku<\/li>\n<li><strong>System operacyjny<\/strong>macOS 10.12 (Sierra) lub nowszy<\/li>\n<\/ul>\n<h4><strong>Android<\/strong><\/h4>\n<ul>\n<li><strong>System operacyjny<\/strong>: Android 6.0 lub nowszy<\/li>\n<li><strong>Dost\u0119pne funkcje<\/strong>: <strong>Antywirus, ochrona przed kradzie\u017c\u0105, blokada aplikacji i ochrona WWW<\/strong><\/li>\n<\/ul>\n<h3><strong>Dlaczego warto wybra\u0107 ESET Smart Security Premium?<\/strong><\/h3>\n<p>\ud83d\udd39 <strong>Kompleksowa ochrona przed cyberzagro\u017ceniami<\/strong> - Chroni przed <strong>wirusy, oprogramowanie ransomware, phishing i hakerzy<\/strong>.<br \/>\n\ud83d\udd39 <strong>Ochrona prywatno\u015bci i to\u017csamo\u015bci<\/strong> - Utrzymuje <strong>bezpieczne has\u0142a, kamera internetowa, mikrofon i transakcje online<\/strong>.<br \/>\n\ud83d\udd39 <strong>Zoptymalizowany pod k\u0105tem wydajno\u015bci<\/strong> - <strong>Dzia\u0142a cicho w tle przy minimalnym wp\u0142ywie na system<\/strong>.<br \/>\n\ud83d\udd39 <strong>Idealny do u\u017cytku domowego i profesjonalnego<\/strong> - Zapewnia <strong>bezpieczne transakcje, bezpieczne przegl\u0105danie i zaawansowane narz\u0119dzia antykradzie\u017cowe<\/strong>.<br \/>\n\ud83d\udd39 <strong>Bezpiecze\u0144stwo mi\u0119dzyplatformowe<\/strong> - Chroni <strong>Urz\u0105dzenia z systemem Windows, Mac i Android<\/strong> w ramach jednej subskrypcji.<\/p>\n<p>Aktualizacja do <strong>ESET Smart Security Premium<\/strong> dzisiaj dla <strong>najlepsze po\u0142\u0105czenie cyberbezpiecze\u0144stwa, prywatno\u015bci i optymalizacji systemu<\/strong>! \ud83d\ude80\ud83d\udee1\ufe0f\ud83d\udd12<\/p>","protected":false},"excerpt":{"rendered":"<p>ESET Smart Security Premium \u2013 Ultimate Protection for Your Digital Life Description ESET Smart Security Premium is an advanced, multi-layered security suite designed to offer complete protection, privacy, and performance optimization for Windows, macOS, and Android devices. It combines real-time antivirus defense, advanced firewall, anti-theft features, and password management, ensuring your data, identity, and online [&hellip;]<\/p>","protected":false},"featured_media":1017,"comment_status":"open","ping_status":"closed","template":"","meta":{"_gspb_post_css":""},"product_brand":[],"product_cat":[76],"product_tag":[78],"class_list":{"0":"post-981","1":"product","2":"type-product","3":"status-publish","4":"has-post-thumbnail","6":"product_cat-antivirus","7":"product_tag-eset","9":"first","10":"instock","11":"shipping-taxable","12":"product-type-external"},"_links":{"self":[{"href":"https:\/\/keysdock.tajnaveza.net\/pl\/wp-json\/wp\/v2\/product\/981","targetHints":{"allow":["GET"]}}],"collection":[{"href":"https:\/\/keysdock.tajnaveza.net\/pl\/wp-json\/wp\/v2\/product"}],"about":[{"href":"https:\/\/keysdock.tajnaveza.net\/pl\/wp-json\/wp\/v2\/types\/product"}],"replies":[{"embeddable":true,"href":"https:\/\/keysdock.tajnaveza.net\/pl\/wp-json\/wp\/v2\/comments?post=981"}],"wp:featuredmedia":[{"embeddable":true,"href":"https:\/\/keysdock.tajnaveza.net\/pl\/wp-json\/wp\/v2\/media\/1017"}],"wp:attachment":[{"href":"https:\/\/keysdock.tajnaveza.net\/pl\/wp-json\/wp\/v2\/media?parent=981"}],"wp:term":[{"taxonomy":"product_brand","embeddable":true,"href":"https:\/\/keysdock.tajnaveza.net\/pl\/wp-json\/wp\/v2\/product_brand?post=981"},{"taxonomy":"product_cat","embeddable":true,"href":"https:\/\/keysdock.tajnaveza.net\/pl\/wp-json\/wp\/v2\/product_cat?post=981"},{"taxonomy":"product_tag","embeddable":true,"href":"https:\/\/keysdock.tajnaveza.net\/pl\/wp-json\/wp\/v2\/product_tag?post=981"}],"curies":[{"name":"wp","href":"https:\/\/api.w.org\/{rel}","templated":true}]}}