{"id":982,"date":"2025-03-15T21:07:44","date_gmt":"2025-03-15T21:07:44","guid":{"rendered":"https:\/\/keysdock.com\/?post_type=product&#038;p=982"},"modified":"2025-10-19T07:34:12","modified_gmt":"2025-10-19T07:34:12","slug":"avast-premium-security-2025-1-urzadzenie-1-rok-klucz","status":"publish","type":"product","link":"https:\/\/keysdock.tajnaveza.net\/pl\/produkt\/avast-premium-security-2025-1-urzadzenie-1-rok-klucz\/","title":{"rendered":"Avast Premium Security 2025 |1 urzadzenie - 1 rok|Key Klucz Licencja"},"content":{"rendered":"<p><strong>Kup klucz licencyjny Avast Premium Security 2025 na 1 urz\u0105dzenie (1 rok) w najlepszej cenie. Pe\u0142na ochrona.<\/strong><\/p>\n<h3><strong>Opis<\/strong><\/h3>\n<p>Avast Premium Security to <strong>Kompleksowe rozwi\u0105zanie z zakresu cyberbezpiecze\u0144stwa<\/strong> zaprojektowany, aby chroni\u0107 <strong>Urz\u0105dzenia PC, Mac, Android i iOS<\/strong> z <strong>wirusy, z\u0142o\u015bliwe oprogramowanie, oprogramowanie ransomware, ataki phishingowe i zagro\u017cenia internetowe<\/strong>. Z <strong>ochrona w czasie rzeczywistym, wbudowana zapora sieciowa, os\u0142ona przed ransomware i zaawansowane narz\u0119dzia zabezpieczaj\u0105ce<\/strong>, Avast Premium Security zapewnia <strong>bezpieczne przegl\u0105danie, bezpieczna bankowo\u015b\u0107 internetowa i ochrona prywatno\u015bci<\/strong>.<\/p>\n<p>Ta wersja premium wykracza poza podstawow\u0105 ochron\u0119 antywirusow\u0105, zapewniaj\u0105c <strong>zaawansowane warstwy zabezpiecze\u0144<\/strong> dla <strong>bezpieczniejsze przegl\u0105danie Internetu, bezpiecze\u0144stwo urz\u0105dze\u0144 i kontrola prywatno\u015bci<\/strong>.<\/p>\n<h3><strong>Kluczowe cechy<\/strong><\/h3>\n<p>\u2705 <strong>Ochrona przed zagro\u017ceniami w czasie rzeczywistym<\/strong> - Bloki <strong>wirusy, oprogramowanie szpieguj\u0105ce, z\u0142o\u015bliwe oprogramowanie, oprogramowanie ransomware i zagro\u017cenia typu zero-day<\/strong> natychmiast.<br \/>\n\u2705 <strong>Zaawansowana ochrona przed ransomware<\/strong> - Uniemo\u017cliwia hakerom <strong>Szyfrowanie plik\u00f3w osobistych<\/strong> i \u017c\u0105daj\u0105c okupu.<br \/>\n\u2705 <strong>Ochrona sieci i ochrona przed phishingiem<\/strong> - Wykrywa i blokuje <strong>fa\u0142szywe strony internetowe, wiadomo\u015bci phishingowe i oszustwa internetowe<\/strong>.<br \/>\n\u2705 <strong>Zapora dwukierunkowa<\/strong> - Monitory <strong>przychodz\u0105cy i wychodz\u0105cy ruch sieciowy<\/strong> aby zapobiec nieautoryzowanemu dost\u0119powi.<br \/>\n\u2705 <strong>Skaner bezpiecze\u0144stwa Wi-Fi<\/strong> - Identyfikuje <strong>s\u0142abe sieci i potencjalne luki w zabezpieczeniach<\/strong>.<br \/>\n\u2705 <strong>Bezpieczna bankowo\u015b\u0107 internetowa i zakupy<\/strong> - Szyfruje <strong>transakcje finansowe<\/strong> i chroni przed oszustwami bankowymi.<br \/>\n\u2705 <strong>Zaawansowane zabezpieczenia poczty e-mail<\/strong> - Bloki <strong>niebezpieczne za\u0142\u0105czniki wiadomo\u015bci e-mail i pr\u00f3by wy\u0142udzenia informacji<\/strong>.<br \/>\n\u2705 <strong>Ochrona kamery internetowej i mikrofonu<\/strong> - Zapobiega <strong>oprogramowanie szpieguj\u0105ce przed dost\u0119pem do kamery internetowej i mikrofonu<\/strong>.<br \/>\n\u2705 <strong>Bezpieczna sie\u0107 VPN (dodatek opcjonalny)<\/strong> - Zapewnia <strong>anonimowe przegl\u0105danie i szyfrowanie po\u0142\u0105czenia internetowego<\/strong>.<br \/>\n\u2705 <strong>Kontrola rodzicielska i tarcza prywatno\u015bci<\/strong> - Ograniczenia <strong>szkodliwych tre\u015bci i \u015bledzi aktywno\u015b\u0107 urz\u0105dzenia w celu zapewnienia bezpieczniejszego przegl\u0105dania.<\/strong>.<br \/>\n\u2705 <strong>Automatyczne aktualizacje oprogramowania<\/strong> - Wykrywa <strong>przestarza\u0142e aplikacje i luki w zabezpieczeniach<\/strong> w zainstalowanym oprogramowaniu.<br \/>\n\u2705 <strong>Minimalny wp\u0142yw na system<\/strong> - Zoptymalizowany dla <strong>szybkie dzia\u0142anie bez spowalniania urz\u0105dzenia<\/strong>.<\/p>\n<h3><strong>Minimalne wymagania systemowe<\/strong><\/h3>\n<h4><strong>Windows<\/strong><\/h4>\n<ul>\n<li><strong>Procesor<\/strong>: 1 GHz lub szybszy<\/li>\n<li><strong>RAM<\/strong>minimum 2 GB<\/li>\n<li><strong>Przechowywanie<\/strong>2 GB dost\u0119pnego miejsca na dysku<\/li>\n<li><strong>System operacyjny<\/strong>: Windows 11, Windows 10, Windows 8.1, Windows 8, Windows 7 (SP1)<\/li>\n<li><strong>Po\u0142\u0105czenie internetowe<\/strong>: Wymagane do aktywacji, aktualizacji i wykrywania zagro\u017ce\u0144 w chmurze.<\/li>\n<\/ul>\n<h4><strong>macOS<\/strong><\/h4>\n<ul>\n<li><strong>Procesor<\/strong>: Mac z procesorem Intel lub Apple Silicon (M1\/M2)<\/li>\n<li><strong>RAM<\/strong>minimum 2 GB<\/li>\n<li><strong>Przechowywanie<\/strong>: 1 GB dost\u0119pnego miejsca na dysku<\/li>\n<li><strong>System operacyjny<\/strong>macOS 10.10 (Yosemite) lub nowszy<\/li>\n<\/ul>\n<h4><strong>Android i iOS<\/strong><\/h4>\n<ul>\n<li><strong>System operacyjny<\/strong>: Android 6.0 lub nowszy \/ iOS 12.0 lub nowszy<\/li>\n<li><strong>Dost\u0119pne funkcje<\/strong>: Antywirus, ochrona przed kradzie\u017c\u0105, VPN i ochrona WWW<\/li>\n<\/ul>\n<h3><strong>Dlaczego warto wybra\u0107 Avast Premium Security?<\/strong><\/h3>\n<p>\ud83d\udd39 <strong>Pe\u0142na ochrona na wszystkich urz\u0105dzeniach<\/strong> - Wsparcie <strong>Windows, Mac, Android i iOS<\/strong>.<br \/>\n\ud83d\udd39 <strong>Zaawansowana ochrona przed ransomware i internetem<\/strong> - Przystanki <strong>hakerzy, ataki phishingowe i oszustwa finansowe<\/strong>.<br \/>\n\ud83d\udd39 <strong>Bezpieczne transakcje online<\/strong> - Chroni <strong>bankowo\u015b\u0107 i zakupy<\/strong> przed cyberzagro\u017ceniami.<br \/>\n\ud83d\udd39 <strong>Prywatno\u015b\u0107 i bezpiecze\u0144stwo kamery internetowej<\/strong> - Zapobiega <strong>nieautoryzowany dost\u0119p do danych osobowych i kamer<\/strong>.<br \/>\n\ud83d\udd39 <strong>Kontrola rodzicielska i ochrona przed kradzie\u017c\u0105<\/strong> - Zapewnia <strong>Bezpiecze\u0144stwo rodziny dzi\u0119ki monitorowaniu online i \u015bledzeniu urz\u0105dze\u0144<\/strong>.<\/p>\n<p>Aktualizacja do <strong>Avast Premium Security<\/strong> dzisiaj i do\u015bwiadczy\u0107 <strong>W pe\u0142ni funkcjonalna, wysokowydajna ochrona Twojego cyfrowego \u017cycia<\/strong>! \ud83d\ude80\ud83d\udee1\ufe0f\ud83d\udd12<\/p>","protected":false},"excerpt":{"rendered":"<p>Avast Premium Security \u2013 Ultimate Online Protection for Your Devices Description Avast Premium Security is a comprehensive cybersecurity solution designed to protect your PC, Mac, Android, and iOS devices from viruses, malware, ransomware, phishing attacks, and online threats. With real-time protection, a built-in firewall, anti-ransomware shield, and advanced security tools, Avast Premium Security ensures safe [&hellip;]<\/p>","protected":false},"featured_media":1018,"comment_status":"open","ping_status":"closed","template":"","meta":{"_gspb_post_css":""},"product_brand":[],"product_cat":[76],"product_tag":[79],"class_list":{"0":"post-982","1":"product","2":"type-product","3":"status-publish","4":"has-post-thumbnail","6":"product_cat-antivirus","7":"product_tag-avast","9":"first","10":"instock","11":"shipping-taxable","12":"product-type-external"},"_links":{"self":[{"href":"https:\/\/keysdock.tajnaveza.net\/pl\/wp-json\/wp\/v2\/product\/982","targetHints":{"allow":["GET"]}}],"collection":[{"href":"https:\/\/keysdock.tajnaveza.net\/pl\/wp-json\/wp\/v2\/product"}],"about":[{"href":"https:\/\/keysdock.tajnaveza.net\/pl\/wp-json\/wp\/v2\/types\/product"}],"replies":[{"embeddable":true,"href":"https:\/\/keysdock.tajnaveza.net\/pl\/wp-json\/wp\/v2\/comments?post=982"}],"wp:featuredmedia":[{"embeddable":true,"href":"https:\/\/keysdock.tajnaveza.net\/pl\/wp-json\/wp\/v2\/media\/1018"}],"wp:attachment":[{"href":"https:\/\/keysdock.tajnaveza.net\/pl\/wp-json\/wp\/v2\/media?parent=982"}],"wp:term":[{"taxonomy":"product_brand","embeddable":true,"href":"https:\/\/keysdock.tajnaveza.net\/pl\/wp-json\/wp\/v2\/product_brand?post=982"},{"taxonomy":"product_cat","embeddable":true,"href":"https:\/\/keysdock.tajnaveza.net\/pl\/wp-json\/wp\/v2\/product_cat?post=982"},{"taxonomy":"product_tag","embeddable":true,"href":"https:\/\/keysdock.tajnaveza.net\/pl\/wp-json\/wp\/v2\/product_tag?post=982"}],"curies":[{"name":"wp","href":"https:\/\/api.w.org\/{rel}","templated":true}]}}