{"id":983,"date":"2025-03-15T21:07:44","date_gmt":"2025-03-15T21:07:44","guid":{"rendered":"https:\/\/keysdock.com\/?post_type=product&#038;p=983"},"modified":"2025-10-19T07:33:52","modified_gmt":"2025-10-19T07:33:52","slug":"avast-ultimate-2025-1-urzadzenie-1-rok-klucz","status":"publish","type":"product","link":"https:\/\/keysdock.tajnaveza.net\/pl\/produkt\/avast-ultimate-2025-1-urzadzenie-1-rok-klucz\/","title":{"rendered":"Avast Ultimate 2025 |1 urzadzenie - 1 rok|Key Klucz Licencja"},"content":{"rendered":"<p><strong>Avast Ultimate - kompleksowy pakiet bezpiecze\u0144stwa, wydajno\u015bci i prywatno\u015bci<\/strong><\/p>\n<h3><strong>Opis<\/strong><\/h3>\n<p>Avast Ultimate to <strong>wszechstronny pakiet bezpiecze\u0144stwa premium<\/strong> kt\u00f3ry zapewnia <strong>kompleksowa ochrona, optymalizacja systemu i narz\u0119dzia do ochrony prywatno\u015bci<\/strong> dla <strong>Urz\u0105dzenia z systemem Windows, macOS, Android i iOS<\/strong>. Obejmuje on <strong>Avast Premium Security, Avast Cleanup Premium, Avast SecureLine VPN i Avast AntiTrack<\/strong>zapewniaj\u0105c <strong>pe\u0142ne bezpiecze\u0144stwo online, lepsza wydajno\u015b\u0107 urz\u0105dzenia i zwi\u0119kszona prywatno\u015b\u0107<\/strong>.<\/p>\n<p>Z <strong>ochrona w czasie rzeczywistym przed z\u0142o\u015bliwym oprogramowaniem, oprogramowaniem ransomware, atakami phishingowymi i cyberzagro\u017ceniami<\/strong>wraz z <strong>Szyfrowanie VPN i narz\u0119dzia do optymalizacji systemu<\/strong>Avast Ultimate to idealny pakiet dla <strong>u\u017cytkownicy, kt\u00f3rzy oczekuj\u0105 maksymalnego bezpiecze\u0144stwa, szybko\u015bci i prywatno\u015bci online<\/strong>.<\/p>\n<h3><strong>Do\u0142\u0105czone produkty<\/strong><\/h3>\n<ul>\n<li><strong>Avast Premium Security<\/strong> - Zaawansowany <strong>antywirus, zapora sieciowa, ochrona przed oprogramowaniem ransomware i bezpiecze\u0144stwo sieciowe<\/strong>.<\/li>\n<li><strong>Avast Cleanup Premium<\/strong> - Optymalizuje <strong>Wydajno\u015b\u0107 komputera, usuwanie niepotrzebnych plik\u00f3w i zwi\u0119kszanie pr\u0119dko\u015bci.<\/strong>.<\/li>\n<li><strong>Avast SecureLine VPN<\/strong> - Szyfruje ruch internetowy dla <strong>Prywatne i anonimowe przegl\u0105danie<\/strong>.<\/li>\n<li><strong>Avast AntiTrack<\/strong> - Bloki <strong>\u015bledzenia online, uniemo\u017cliwia reklamodawcom profilowanie u\u017cytkownika i zwi\u0119ksza prywatno\u015b\u0107 cyfrow\u0105<\/strong>.<\/li>\n<\/ul>\n<h3><strong>Kluczowe cechy<\/strong><\/h3>\n<p>\u2705 <strong>Pe\u0142na ochrona antywirusowa i przed ransomware<\/strong> - Bloki <strong>wirusy, z\u0142o\u015bliwe oprogramowanie, oprogramowanie szpieguj\u0105ce i zagro\u017cenia phishingowe<\/strong>.<br \/>\n\u2705 <strong>Zaawansowana zapora sieciowa i zabezpieczenia internetowe<\/strong> - <strong>Dwukierunkowa zapora sieciowa, ochrona przed phishingiem i bezpieczne przegl\u0105danie stron internetowych<\/strong>.<br \/>\n\u2705 <strong>Usuwanie \u015bmieci i zb\u0119dnego oprogramowania<\/strong> - <strong>Czy\u015bci pami\u0119\u0107 podr\u0119czn\u0105, duplikaty plik\u00f3w i niechciane aplikacje.<\/strong> aby zwolni\u0107 miejsce na dysku.<br \/>\n\u2705 <strong>Automatyczne aktualizacje oprogramowania i sterownik\u00f3w<\/strong> - Zapewnia <strong>Komputer pozostaje zoptymalizowany i bezpieczny<\/strong>.<br \/>\n\u2705 <strong>Ochrona kamery internetowej i mikrofonu<\/strong> - Zapobiega <strong>nieautoryzowany dost\u0119p do kamery internetowej i mikrofonu<\/strong>.<br \/>\n\u2705 <strong>Bezpieczna sie\u0107 VPN (nielimitowane dane)<\/strong> - <strong>Szyfrowanie aktywno\u015bci online<\/strong> do prywatnego przegl\u0105dania i bezpieczniejszych po\u0142\u0105cze\u0144.<br \/>\n\u2705 <strong>Ochrona przed \u015bledzeniem<\/strong> - Bloki <strong>trackery internetowe i sieci reklamowe monitoruj\u0105ce aktywno\u015b\u0107 u\u017cytkownika<\/strong>.<br \/>\n\u2705 <strong>Wi\u0119ksza wydajno\u015b\u0107 komputera<\/strong> - <strong>Wy\u0142\u0105cza niepotrzebne programy startowe<\/strong> i optymalizuje zasoby systemowe.<br \/>\n\u2705 <strong>Bezpieczna bankowo\u015b\u0107 internetowa i zakupy<\/strong> - Chroni <strong>transakcji finansowych i zapobiega oszustwom bankowym<\/strong>.<br \/>\n\u2705 <strong>Kontrola rodzicielska i funkcje antykradzie\u017cowe<\/strong> - Zapewnia <strong>bezpiecze\u0144stwo rodziny i ochrona urz\u0105dze\u0144 przed kradzie\u017c\u0105<\/strong>.<\/p>\n<h3><strong>Minimalne wymagania systemowe<\/strong><\/h3>\n<h4><strong>Windows<\/strong><\/h4>\n<ul>\n<li><strong>Procesor<\/strong>: 1 GHz lub szybszy<\/li>\n<li><strong>RAM<\/strong>minimum 2 GB<\/li>\n<li><strong>Przechowywanie<\/strong>2 GB dost\u0119pnego miejsca na dysku<\/li>\n<li><strong>System operacyjny<\/strong>: Windows 11, Windows 10, Windows 8.1, Windows 8, Windows 7 (SP1)<\/li>\n<li><strong>Po\u0142\u0105czenie internetowe<\/strong>: Wymagane do aktywacji, aktualizacji i wykrywania zagro\u017ce\u0144 w chmurze.<\/li>\n<\/ul>\n<h4><strong>macOS<\/strong><\/h4>\n<ul>\n<li><strong>Procesor<\/strong>: Mac z procesorem Intel lub Apple Silicon (M1\/M2)<\/li>\n<li><strong>RAM<\/strong>minimum 2 GB<\/li>\n<li><strong>Przechowywanie<\/strong>: 1 GB dost\u0119pnego miejsca na dysku<\/li>\n<li><strong>System operacyjny<\/strong>macOS 10.10 (Yosemite) lub nowszy<\/li>\n<\/ul>\n<h4><strong>Android i iOS<\/strong><\/h4>\n<ul>\n<li><strong>System operacyjny<\/strong>: Android 6.0 lub nowszy \/ iOS 12.0 lub nowszy<\/li>\n<li><strong>Dost\u0119pne funkcje<\/strong>: Antywirus, ochrona przed kradzie\u017c\u0105, VPN i ochrona WWW<\/li>\n<\/ul>\n<h3><strong>Dlaczego warto wybra\u0107 Avast Ultimate?<\/strong><\/h3>\n<p>\ud83d\udd39 <strong>Pe\u0142na ochrona na wszystkich urz\u0105dzeniach<\/strong> - A <strong>Pojedyncza subskrypcja obejmuje systemy Windows, Mac, Android i iOS.<\/strong>.<br \/>\n\ud83d\udd39 <strong>Kompleksowy pakiet bezpiecze\u0144stwa i wydajno\u015bci<\/strong> - Kombinacje <strong>narz\u0119dzia antywirusowe, optymalizacyjne, VPN i do ochrony prywatno\u015bci<\/strong>.<br \/>\n\ud83d\udd39 <strong>Nieograniczony bezpieczny VPN<\/strong> - <strong>Przegl\u0105daj anonimowo<\/strong> oraz <strong>ochrona poufnych informacji<\/strong> z <strong>Szyfrowanie na poziomie wojskowym<\/strong>.<br \/>\n\ud83d\udd39 <strong>Szybszy, czystszy i bezpieczniejszy komputer<\/strong> - Wzmocnienia <strong>wydajno\u015b\u0107, usuwa \u015bmieci i naprawia problemy systemowe<\/strong>.<br \/>\n\ud83d\udd39 <strong>Maksymalna ochrona prywatno\u015bci<\/strong> - Bloki <strong>tracker\u00f3w, reklam i cyberprzest\u0119pc\u00f3w przed gromadzeniem danych osobowych<\/strong>.<\/p>\n<p>Aktualizacja do <strong>Avast Ultimate<\/strong> ju\u017c dzi\u015b i ciesz si\u0119 <strong>najwy\u017cszy poziom bezpiecze\u0144stwa, prywatno\u015bci i wydajno\u015bci dla wszystkich urz\u0105dze\u0144<\/strong>! \ud83d\ude80\ud83d\udee1\ufe0f\ud83d\udd12<\/p>","protected":false},"excerpt":{"rendered":"<p>Avast Ultimate \u2013 The All-in-One Security, Performance &amp; Privacy Suite Description Avast Ultimate is a premium all-in-one security suite that provides comprehensive protection, system optimization, and privacy tools for your Windows, macOS, Android, and iOS devices. It includes Avast Premium Security, Avast Cleanup Premium, Avast SecureLine VPN, and Avast AntiTrack, ensuring complete online safety, better [&hellip;]<\/p>","protected":false},"featured_media":1019,"comment_status":"open","ping_status":"closed","template":"","meta":{"_gspb_post_css":""},"product_brand":[],"product_cat":[76],"product_tag":[79],"class_list":{"0":"post-983","1":"product","2":"type-product","3":"status-publish","4":"has-post-thumbnail","6":"product_cat-antivirus","7":"product_tag-avast","9":"first","10":"instock","11":"shipping-taxable","12":"product-type-external"},"_links":{"self":[{"href":"https:\/\/keysdock.tajnaveza.net\/pl\/wp-json\/wp\/v2\/product\/983","targetHints":{"allow":["GET"]}}],"collection":[{"href":"https:\/\/keysdock.tajnaveza.net\/pl\/wp-json\/wp\/v2\/product"}],"about":[{"href":"https:\/\/keysdock.tajnaveza.net\/pl\/wp-json\/wp\/v2\/types\/product"}],"replies":[{"embeddable":true,"href":"https:\/\/keysdock.tajnaveza.net\/pl\/wp-json\/wp\/v2\/comments?post=983"}],"wp:featuredmedia":[{"embeddable":true,"href":"https:\/\/keysdock.tajnaveza.net\/pl\/wp-json\/wp\/v2\/media\/1019"}],"wp:attachment":[{"href":"https:\/\/keysdock.tajnaveza.net\/pl\/wp-json\/wp\/v2\/media?parent=983"}],"wp:term":[{"taxonomy":"product_brand","embeddable":true,"href":"https:\/\/keysdock.tajnaveza.net\/pl\/wp-json\/wp\/v2\/product_brand?post=983"},{"taxonomy":"product_cat","embeddable":true,"href":"https:\/\/keysdock.tajnaveza.net\/pl\/wp-json\/wp\/v2\/product_cat?post=983"},{"taxonomy":"product_tag","embeddable":true,"href":"https:\/\/keysdock.tajnaveza.net\/pl\/wp-json\/wp\/v2\/product_tag?post=983"}],"curies":[{"name":"wp","href":"https:\/\/api.w.org\/{rel}","templated":true}]}}