{"id":995,"date":"2025-03-15T21:08:06","date_gmt":"2025-03-15T21:08:06","guid":{"rendered":"https:\/\/keysdock.com\/?post_type=product&#038;p=995"},"modified":"2025-10-19T07:36:20","modified_gmt":"2025-10-19T07:36:20","slug":"avast-driver-updater-2025-1-urzadzenie-1-rok-klucz","status":"publish","type":"product","link":"https:\/\/keysdock.tajnaveza.net\/pl\/produkt\/avast-driver-updater-2025-1-urzadzenie-1-rok-klucz\/","title":{"rendered":"Avast Driver Updater 2025 |1 urzadzenie - 1 rok|Key Klucz Licencja"},"content":{"rendered":"<p><strong>Kup klucz licencyjny Avast Driver Updater 2025 na 1 urz\u0105dzenie (1 rok) w najlepszej cenie. Aktualizuj sterowniki \u0142atwo.<\/strong><\/p>\n<h3><strong>Opis<\/strong><\/h3>\n<p>Avast Driver Updater to <strong>zautomatyzowane narz\u0119dzie do zarz\u0105dzania kierowcami<\/strong> kt\u00f3ry zapewnia <strong>Komponenty sprz\u0119towe i urz\u0105dzenia peryferyjne komputera<\/strong> s\u0105 zawsze uruchamiane z <strong>najnowsze i najbardziej stabilne sterowniki<\/strong>. To <strong>skanuje, aktualizuje i naprawia nieaktualne, uszkodzone lub brakuj\u0105ce sterowniki<\/strong>ulepszanie systemu <strong>wydajno\u015b\u0107, stabilno\u015b\u0107 i bezpiecze\u0144stwo<\/strong>.<\/p>\n<p>Z <strong>Du\u017ca baza danych sterownik\u00f3w<\/strong> oraz <strong>Aktualizacje w czasie rzeczywistym<\/strong>Avast Driver Updater pomaga zapobiega\u0107 <strong>konflikty sprz\u0119towe, awarie systemu, op\u00f3\u017anienia w dzia\u0142aniu i problemy z kompatybilno\u015bci\u0105<\/strong>. Niezale\u017cnie od tego, czy jeste\u015b graczem, profesjonalist\u0105, czy zwyk\u0142ym u\u017cytkownikiem, to narz\u0119dzie zapewnia <strong>optymalna wydajno\u015b\u0107 systemu<\/strong>.<\/p>\n<h3><strong>Kluczowe cechy<\/strong><\/h3>\n<p>\u2705 <strong>Automatyczne skanowanie i aktualizacja sterownik\u00f3w<\/strong> - Identyfikuje i aktualizuje <strong>ponad 25 milion\u00f3w kierowc\u00f3w<\/strong> dla <strong>grafika, d\u017awi\u0119k, sie\u0107 i urz\u0105dzenia peryferyjne<\/strong>.<br \/>\n\u2705 <strong>Zmniejsza liczb\u0119 awarii i b\u0142\u0119d\u00f3w systemowych<\/strong> - Aktualizuje sterowniki, <strong>naprawianie b\u0142\u0119d\u00f3w powoduj\u0105cych spowolnienia systemu, BSOD i niestabilno\u015b\u0107<\/strong>.<br \/>\n\u2705 <strong>Poprawia wydajno\u015b\u0107 grafiki i gier<\/strong> - Aktualizacje <strong>Sterowniki GPU<\/strong> dla <strong>Lepsza liczba klatek na sekund\u0119, p\u0142ynniejsze renderowanie i zoptymalizowana wydajno\u015b\u0107<\/strong>.<br \/>\n\u2705 <strong>Poprawia jako\u015b\u0107 d\u017awi\u0119ku i audio<\/strong> - Zapewnia <strong>wyra\u017aniejszy d\u017awi\u0119k, mniej przerw w d\u017awi\u0119ku i mniejsze zniekszta\u0142cenia<\/strong>.<br \/>\n\u2705 <strong>Zwi\u0119ksza stabilno\u015b\u0107 sieci i \u0142\u0105czno\u015bci<\/strong> - Poprawki <strong>Problemy ze sterownikami Wi-Fi, Bluetooth i Ethernet<\/strong> dla bardziej <strong>stabilne po\u0142\u0105czenie internetowe<\/strong>.<br \/>\n\u2705 <strong>Aktualizacja jednym klikni\u0119ciem<\/strong> - Aktualizuje wszystkie sterowniki za pomoc\u0105 <strong>pojedyncze klikni\u0119cie<\/strong> dla wygody.<br \/>\n\u2705 <strong>Kopia zapasowa i przywracanie sterownik\u00f3w<\/strong> - Automatycznie tworzy <strong>punkty przywracania<\/strong> przed aktualizacjami, umo\u017cliwiaj\u0105c <strong>wycofanie<\/strong> w razie potrzeby.<br \/>\n\u2705 <strong>Monitorowanie kierowcy w czasie rzeczywistym<\/strong> - Wykrywa <strong>nieaktualne sterowniki w czasie rzeczywistym<\/strong> i powiadamia o aktualizacjach.<br \/>\n\u2705 <strong>Bezpieczne sterowniki z certyfikatem WHQL<\/strong> - <strong>Gwarantuje, \u017ce tylko zaufani kierowcy<\/strong> s\u0105 zainstalowane, aby zapobiec problemom z kompatybilno\u015bci\u0105.<br \/>\n\u2705 <strong>Zoptymalizowany pod k\u0105tem wydajno\u015bci systemu Windows<\/strong> - Zapobiega <strong>spowolnienie systemu, zawieszanie si\u0119 i b\u0142\u0119dy zwi\u0105zane ze sterownikami<\/strong>.<\/p>\n<h3><strong>Minimalne wymagania systemowe<\/strong><\/h3>\n<ul>\n<li><strong>Procesor<\/strong>: 1 GHz lub szybszy<\/li>\n<li><strong>RAM<\/strong>Minimum 256 MB<\/li>\n<li><strong>Przechowywanie<\/strong>: 400 MB wolnego miejsca na dysku<\/li>\n<li><strong>System operacyjny<\/strong>: Windows 11, Windows 10, Windows 8.1, Windows 8, Windows 7 (SP1)<\/li>\n<li><strong>Po\u0142\u0105czenie internetowe<\/strong>: Wymagane do aktualizacji i skanowania sterownik\u00f3w<\/li>\n<\/ul>\n<h3><strong>Dlaczego warto wybra\u0107 Avast Driver Updater?<\/strong><\/h3>\n<p>\ud83d\udd39 <strong>Zautomatyzowana konserwacja sterownik\u00f3w<\/strong> - <strong>Bez wysi\u0142ku skanuje, aktualizuje i naprawia sterowniki<\/strong>.<br \/>\n\ud83d\udd39 <strong>Poprawia wydajno\u015b\u0107 i stabilno\u015b\u0107<\/strong> - Zapobiega <strong>Awarie, spowolnienia i awarie sprz\u0119tu komputerowego<\/strong>.<br \/>\n\ud83d\udd39 <strong>Lepsze gry i grafika<\/strong> - Aktualizacje <strong>Sterowniki GPU<\/strong> dla <strong>P\u0142ynniejsza rozgrywka i wysokiej jako\u015bci oprawa wizualna<\/strong>.<br \/>\n\ud83d\udd39 <strong>Aktualizacje i wycofywanie jednym klikni\u0119ciem<\/strong> - \u0141atwo <strong>przywracanie poprzednich wersji<\/strong> w razie potrzeby.<br \/>\n\ud83d\udd39 <strong>Bezpieczni i zweryfikowani kierowcy<\/strong> - Tylko do pobrania <strong>oficjalne sterowniki z certyfikatem WHQL<\/strong>.<\/p>\n<p>Aktualizacja do <strong>Avast Driver Updater<\/strong> dzisiaj i <strong>szybszy, stabilniejszy i wydajniejszy komputer PC<\/strong>! \ud83d\ude80\ud83d\udd27\ud83d\udcbb<\/p>","protected":false},"excerpt":{"rendered":"<p>Avast Driver Updater \u2013 Keep Your PC Running Smoothly with Updated Drivers Description Avast Driver Updater is an automated driver management tool that ensures your PC&#8217;s hardware components and peripherals are always running with the latest and most stable drivers. It scans, updates, and fixes outdated, broken, or missing drivers, enhancing system performance, stability, and [&hellip;]<\/p>","protected":false},"featured_media":1021,"comment_status":"open","ping_status":"closed","template":"","meta":{"_gspb_post_css":""},"product_brand":[],"product_cat":[76],"product_tag":[79],"class_list":{"0":"post-995","1":"product","2":"type-product","3":"status-publish","4":"has-post-thumbnail","6":"product_cat-antivirus","7":"product_tag-avast","9":"first","10":"instock","11":"shipping-taxable","12":"product-type-external"},"_links":{"self":[{"href":"https:\/\/keysdock.tajnaveza.net\/pl\/wp-json\/wp\/v2\/product\/995","targetHints":{"allow":["GET"]}}],"collection":[{"href":"https:\/\/keysdock.tajnaveza.net\/pl\/wp-json\/wp\/v2\/product"}],"about":[{"href":"https:\/\/keysdock.tajnaveza.net\/pl\/wp-json\/wp\/v2\/types\/product"}],"replies":[{"embeddable":true,"href":"https:\/\/keysdock.tajnaveza.net\/pl\/wp-json\/wp\/v2\/comments?post=995"}],"wp:featuredmedia":[{"embeddable":true,"href":"https:\/\/keysdock.tajnaveza.net\/pl\/wp-json\/wp\/v2\/media\/1021"}],"wp:attachment":[{"href":"https:\/\/keysdock.tajnaveza.net\/pl\/wp-json\/wp\/v2\/media?parent=995"}],"wp:term":[{"taxonomy":"product_brand","embeddable":true,"href":"https:\/\/keysdock.tajnaveza.net\/pl\/wp-json\/wp\/v2\/product_brand?post=995"},{"taxonomy":"product_cat","embeddable":true,"href":"https:\/\/keysdock.tajnaveza.net\/pl\/wp-json\/wp\/v2\/product_cat?post=995"},{"taxonomy":"product_tag","embeddable":true,"href":"https:\/\/keysdock.tajnaveza.net\/pl\/wp-json\/wp\/v2\/product_tag?post=995"}],"curies":[{"name":"wp","href":"https:\/\/api.w.org\/{rel}","templated":true}]}}