{"id":996,"date":"2025-03-15T21:08:06","date_gmt":"2025-03-15T21:08:06","guid":{"rendered":"https:\/\/keysdock.com\/?post_type=product&#038;p=996"},"modified":"2025-10-19T07:36:12","modified_gmt":"2025-10-19T07:36:12","slug":"avast-cleanup-premium-2025-1-urzadzenie-1-rok-klucz","status":"publish","type":"product","link":"https:\/\/keysdock.tajnaveza.net\/pl\/produkt\/avast-cleanup-premium-2025-1-urzadzenie-1-rok-klucz\/","title":{"rendered":"Avast Cleanup Premium 2025 |1 urzadzenie - 1 rok|Key Klucz Licencja"},"content":{"rendered":"<p><strong>Avast Cleanup Premium - optymalizacja i przyspieszenie komputera bez wysi\u0142ku<\/strong><\/p>\n<h3><strong>Opis<\/strong><\/h3>\n<p>Avast Cleanup Premium to <strong>Zaawansowane narz\u0119dzie do optymalizacji komputera<\/strong> zaprojektowany do <strong>czyszczenie niepotrzebnych plik\u00f3w, zwi\u0119kszanie wydajno\u015bci i naprawianie b\u0142\u0119d\u00f3w<\/strong> kt\u00f3re spowalniaj\u0105 komputer. Z <strong>zautomatyzowana konserwacja, monitorowanie w czasie rzeczywistym i funkcje dog\u0142\u0119bnego czyszczenia<\/strong>pomaga utrzyma\u0107 <strong>Szybki, p\u0142ynny i pozbawiony ba\u0142aganu komputer z systemem Windows<\/strong>.<\/p>\n<p>Usuwaj\u0105c <strong>niepotrzebne pliki, przestarza\u0142e aplikacje i nadmiar rejestru<\/strong>Avast Cleanup Premium <strong>wyd\u0142u\u017ca \u017cywotno\u015b\u0107 baterii, zmniejsza liczb\u0119 awarii i zwi\u0119ksza og\u00f3ln\u0105 wydajno\u015b\u0107 systemu<\/strong>.<\/p>\n<h3><strong>Kluczowe cechy<\/strong><\/h3>\n<p>\u2705 <strong>Czyszczenie plik\u00f3w-\u015bmieci i pami\u0119ci podr\u0119cznej<\/strong> - <strong>Usuwa pliki tymczasowe, pami\u0119\u0107 podr\u0119czn\u0105 przegl\u0105darki i ba\u0142agan systemowy.<\/strong> aby zwolni\u0107 miejsce.<br \/>\n\u2705 <strong>PC Speed Booster<\/strong> - <strong>Wy\u0142\u0105cza niepotrzebne aplikacje startowe, procesy dzia\u0142aj\u0105ce w tle i oprogramowanie typu bloatware.<\/strong> aby przyspieszy\u0107 dzia\u0142anie komputera.<br \/>\n\u2705 <strong>Automatyczna konserwacja<\/strong> - <strong>Regularne skanowanie i czyszczenie<\/strong> \u015bmieci systemowe, \u015bledz\u0105ce pliki cookie i uszkodzone wpisy rejestru.<br \/>\n\u2705 <strong>Tryb u\u015bpienia dla aplikacji<\/strong> - <strong>Wstrzymuje nieu\u017cywane programy<\/strong> aby poprawi\u0107 wydajno\u015b\u0107 bez ich odinstalowywania.<br \/>\n\u2705 <strong>Narz\u0119dzie do czyszczenia rejestru<\/strong> - <strong>Naprawia uszkodzone wpisy rejestru<\/strong> aby ograniczy\u0107 awarie i b\u0142\u0119dy systemowe.<br \/>\n\u2705 <strong>Uninstaller for Bloatware<\/strong> - <strong>Wykrywa i usuwa niechciane programy, paski narz\u0119dzi i preinstalowane oprogramowanie.<\/strong>.<br \/>\n\u2705 <strong>Shortcut Cleaner<\/strong> - <strong>Usuwa uszkodzone skr\u00f3ty na pulpicie<\/strong> i nieaktualne wpisy systemowe.<br \/>\n\u2705 <strong>Defragmentacja i optymalizacja dysku<\/strong> - <strong>Optymalizuje rozmieszczenie plik\u00f3w<\/strong> dla szybszej reakcji systemu.<br \/>\n\u2705 <strong>Przed\u0142u\u017cacz \u017cywotno\u015bci baterii<\/strong> - <strong>Optymalizuje zu\u017cycie energii<\/strong> dla d\u0142u\u017cszej \u017cywotno\u015bci baterii laptopa.<br \/>\n\u2705 <strong>Aktualizacje i alerty w czasie rzeczywistym<\/strong> - <strong>Monitoruje wydajno\u015b\u0107 systemu<\/strong> oraz <strong>powiadamia u\u017cytkownika o potencjalnych problemach<\/strong>.<\/p>\n<h3><strong>Minimalne wymagania systemowe<\/strong><\/h3>\n<ul>\n<li><strong>Procesor<\/strong>: 1 GHz lub szybszy<\/li>\n<li><strong>RAM<\/strong>Minimum 256 MB<\/li>\n<li><strong>Przechowywanie<\/strong>2 GB dost\u0119pnego miejsca na dysku<\/li>\n<li><strong>System operacyjny<\/strong>: Windows 11, Windows 10, Windows 8.1, Windows 8, Windows 7 (SP1)<\/li>\n<li><strong>Po\u0142\u0105czenie internetowe<\/strong>: Wymagane do aktywacji, aktualizacji i skanowania w chmurze.<\/li>\n<\/ul>\n<h3><strong>Dlaczego warto wybra\u0107 Avast Cleanup Premium?<\/strong><\/h3>\n<p>\ud83d\udd39 <strong>Zwi\u0119ksza szybko\u015b\u0107 i wydajno\u015b\u0107 komputera<\/strong> - <strong>Optymalizuje zasoby systemowe<\/strong> dla szybszego przetwarzania danych.<br \/>\n\ud83d\udd39 <strong>Zwalnia miejsce na dysku<\/strong> - <strong>Usuwa niepotrzebne pliki, pami\u0119\u0107 podr\u0119czn\u0105 i stare dzienniki systemowe.<\/strong> aby odzyska\u0107 pami\u0119\u0107.<br \/>\n\ud83d\udd39 <strong>Naprawia typowe problemy z systemem Windows<\/strong> - <strong>Naprawia b\u0142\u0119dy rejestru, niedzia\u0142aj\u0105ce skr\u00f3ty i nadmiarowe oprogramowanie.<\/strong>.<br \/>\n\ud83d\udd39 <strong>Zwi\u0119ksza \u017cywotno\u015b\u0107 baterii<\/strong> - <strong>Optymalizuje zu\u017cycie energii w celu zwi\u0119kszenia wydajno\u015bci baterii laptopa<\/strong>.<br \/>\n\ud83d\udd39 <strong>Bezpieczna i zautomatyzowana konserwacja<\/strong> - <strong>Uruchamia automatyczne zadania czyszczenia<\/strong> bez zak\u0142\u00f3cania przep\u0142ywu pracy.<\/p>\n<p>Aktualizacja do <strong>Avast Cleanup Premium<\/strong> dzisiaj i <strong>cieszy\u0107 si\u0119 szybszym, bardziej responsywnym i wolnym od ba\u0142aganu komputerem<\/strong>! \ud83d\ude80\ud83d\udee0\ufe0f\ud83d\udcbb<\/p>","protected":false},"excerpt":{"rendered":"<p>Avast Cleanup Premium \u2013 Optimize &amp; Speed Up Your PC Effortlessly Description Avast Cleanup Premium is an advanced PC optimization tool designed to clean up junk files, boost performance, and fix issues that slow down your computer. With automated maintenance, real-time monitoring, and deep cleaning capabilities, it helps keep your Windows PC running fast, smooth, [&hellip;]<\/p>","protected":false},"featured_media":1022,"comment_status":"open","ping_status":"closed","template":"","meta":{"_gspb_post_css":""},"product_brand":[],"product_cat":[76],"product_tag":[79],"class_list":{"0":"post-996","1":"product","2":"type-product","3":"status-publish","4":"has-post-thumbnail","6":"product_cat-antivirus","7":"product_tag-avast","9":"first","10":"instock","11":"shipping-taxable","12":"product-type-external"},"_links":{"self":[{"href":"https:\/\/keysdock.tajnaveza.net\/pl\/wp-json\/wp\/v2\/product\/996","targetHints":{"allow":["GET"]}}],"collection":[{"href":"https:\/\/keysdock.tajnaveza.net\/pl\/wp-json\/wp\/v2\/product"}],"about":[{"href":"https:\/\/keysdock.tajnaveza.net\/pl\/wp-json\/wp\/v2\/types\/product"}],"replies":[{"embeddable":true,"href":"https:\/\/keysdock.tajnaveza.net\/pl\/wp-json\/wp\/v2\/comments?post=996"}],"wp:featuredmedia":[{"embeddable":true,"href":"https:\/\/keysdock.tajnaveza.net\/pl\/wp-json\/wp\/v2\/media\/1022"}],"wp:attachment":[{"href":"https:\/\/keysdock.tajnaveza.net\/pl\/wp-json\/wp\/v2\/media?parent=996"}],"wp:term":[{"taxonomy":"product_brand","embeddable":true,"href":"https:\/\/keysdock.tajnaveza.net\/pl\/wp-json\/wp\/v2\/product_brand?post=996"},{"taxonomy":"product_cat","embeddable":true,"href":"https:\/\/keysdock.tajnaveza.net\/pl\/wp-json\/wp\/v2\/product_cat?post=996"},{"taxonomy":"product_tag","embeddable":true,"href":"https:\/\/keysdock.tajnaveza.net\/pl\/wp-json\/wp\/v2\/product_tag?post=996"}],"curies":[{"name":"wp","href":"https:\/\/api.w.org\/{rel}","templated":true}]}}