{"id":997,"date":"2025-03-15T21:08:06","date_gmt":"2025-03-15T21:08:06","guid":{"rendered":"https:\/\/keysdock.com\/?post_type=product&#038;p=997"},"modified":"2025-10-19T07:35:54","modified_gmt":"2025-10-19T07:35:54","slug":"bitdefender-total-security-2025-5-urzadzen-1-rok-klucz","status":"publish","type":"product","link":"https:\/\/keysdock.tajnaveza.net\/pl\/produkt\/bitdefender-total-security-2025-5-urzadzen-1-rok-klucz\/","title":{"rendered":"BitDefender Total Security 2025 |5 urz\u0105dze\u0144 - 1 rok|Key Klucz Licencja"},"content":{"rendered":"<p><strong>Kup klucz BitDefender Total Security 2025 na 5 urz\u0105dze\u0144 (1 rok) w najlepszej cenie. Kompleksowa ochrona.<\/strong><\/p>\n<h3><strong>Opis<\/strong><\/h3>\n<p>Bitdefender Total Security jest <strong>Zaawansowane, wielowarstwowe rozwi\u0105zanie cyberbezpiecze\u0144stwa<\/strong> zaprojektowany do <strong>ochrona urz\u0105dze\u0144 przed wirusami, z\u0142o\u015bliwym oprogramowaniem, oprogramowaniem ransomware, phishingiem i zagro\u017ceniami internetowymi<\/strong>. Z <strong>Obs\u0142uga wielu platform<\/strong>zabezpiecza <strong>Windows, macOS, Android i iOS<\/strong> urz\u0105dze\u0144, zapewniaj\u0105c <strong>Pe\u0142na prywatno\u015b\u0107, ochrona to\u017csamo\u015bci i optymalizacja wydajno\u015bci<\/strong>.<\/p>\n<p>Wyposa\u017cony w <strong>Wykrywanie zagro\u017ce\u0144 oparte na sztucznej inteligencji, zabezpieczenia w czasie rzeczywistym i wbudowana sie\u0107 VPN.<\/strong>Bitdefender Total Security zapewnia <strong>wy\u017cszy poziom cyberbezpiecze\u0144stwa bez uszczerbku dla szybko\u015bci i u\u017cyteczno\u015bci<\/strong>.<\/p>\n<h3><strong>Kluczowe cechy<\/strong><\/h3>\n<p>\u2705 <strong>Wielowarstwowa ochrona<\/strong> - Bloki detekcji oparte na sztucznej inteligencji <strong>z\u0142o\u015bliwe oprogramowanie, oprogramowanie ransomware, oprogramowanie szpieguj\u0105ce i rootkity<\/strong> zanim zd\u0105\u017c\u0105 zainfekowa\u0107 urz\u0105dzenie.<br \/>\n\u2705 <strong>Bezpiecze\u0144stwo mi\u0119dzyplatformowe<\/strong> - Dzia\u0142a na <strong>Windows, macOS, Android i iOS<\/strong>oferuj\u0105c pe\u0142n\u0105 ochron\u0119 na wszystkich urz\u0105dzeniach.<br \/>\n\u2705 <strong>Zaawansowana ochrona przed ransomware<\/strong> - Zapobiega <strong>nieautoryzowane szyfrowanie plik\u00f3w<\/strong> z monitorowaniem zachowa\u0144 w czasie rzeczywistym.<br \/>\n\u2705 <strong>Ochrona sieci i ochrona przed phishingiem<\/strong> - Bloki <strong>niebezpieczne strony internetowe, oszustwa i nieuczciwe witryny bankowe<\/strong>.<br \/>\n\u2705 <strong>Wbudowany VPN (200 MB\/dzie\u0144)<\/strong> - <strong>Szyfrowanie ruchu internetowego<\/strong> dla anonimowego i bezpiecznego przegl\u0105dania.<br \/>\n\u2705 <strong>Kontrola rodzicielska<\/strong> - Monitoruj i ograniczaj czas sp\u0119dzany przed ekranem, \u015bled\u017a aktywno\u015b\u0107 dziecka w Internecie i filtruj nieodpowiednie tre\u015bci.<br \/>\n\u2705 <strong>Ochrona przed kradzie\u017c\u0105 i \u015bledzenie urz\u0105dze\u0144<\/strong> - Zlokalizuj, zablokuj lub zdalnie wyczy\u015b\u0107 zgubione lub skradzione urz\u0105dzenia.<br \/>\n\u2705 <strong>Zapora sieciowa i ochrona sieci<\/strong> - Zapobiega nieautoryzowanemu dost\u0119powi do systemu i zabezpiecza publiczne po\u0142\u0105czenia Wi-Fi.<br \/>\n\u2705 <strong>Ochrona kamery internetowej i mikrofonu<\/strong> - Bloki <strong>nieautoryzowany dost\u0119p<\/strong> do kamery i mikrofonu w celu zapewnienia prywatno\u015bci.<br \/>\n\u2705 <strong>Tryb autopilota<\/strong> - Oparte na sztucznej inteligencji <strong>Automatyczne wykrywanie i rozwi\u0105zywanie zagro\u017ce\u0144<\/strong> bez interwencji u\u017cytkownika.<br \/>\n\u2705 <strong>Minimalny wp\u0142yw na system<\/strong> - Zoptymalizowany pod k\u0105tem szybko\u015bci i wydajno\u015bci, zapewniaj\u0105cy p\u0142ynne dzia\u0142anie urz\u0105dzenia.<br \/>\n\u2705 <strong>Mened\u017cer hase\u0142<\/strong> - Bezpieczne przechowywanie i automatyczne uzupe\u0142nianie danych uwierzytelniaj\u0105cych do kont online.<\/p>\n<h3><strong>Minimalne wymagania systemowe<\/strong><\/h3>\n<h4><strong>Windows<\/strong><\/h4>\n<ul>\n<li><strong>Procesor<\/strong>: Dwurdzeniowy 1,6 GHz lub szybszy<\/li>\n<li><strong>RAM<\/strong>minimum 2 GB<\/li>\n<li><strong>Przechowywanie<\/strong>2,5 GB wolnego miejsca na dysku<\/li>\n<li><strong>System operacyjny<\/strong>: Windows 11, Windows 10, Windows 8.1, Windows 7 (SP1)<\/li>\n<li><strong>Po\u0142\u0105czenie internetowe<\/strong>: Wymagane do aktywacji i aktualizacji<\/li>\n<\/ul>\n<h4><strong>macOS<\/strong><\/h4>\n<ul>\n<li><strong>Procesor<\/strong>: Mac z procesorem Intel lub Apple Silicon (M1\/M2)<\/li>\n<li><strong>RAM<\/strong>minimum 2 GB<\/li>\n<li><strong>Przechowywanie<\/strong>: 1 GB dost\u0119pnego miejsca na dysku<\/li>\n<li><strong>System operacyjny<\/strong>macOS 10.10 (Yosemite) lub nowszy<\/li>\n<\/ul>\n<h4><strong>Android<\/strong><\/h4>\n<ul>\n<li><strong>System operacyjny<\/strong>: Android 5.0 lub nowszy<\/li>\n<li><strong>Po\u0142\u0105czenie internetowe<\/strong>: Wymagane do aktywacji i ochrony w czasie rzeczywistym<\/li>\n<\/ul>\n<h4><strong>iOS (ograniczone funkcje)<\/strong><\/h4>\n<ul>\n<li><strong>System operacyjny<\/strong>iOS 12.0 lub nowszy<\/li>\n<li><strong>Dost\u0119pne funkcje<\/strong>: Ochrona sieci, ochrona przed kradzie\u017c\u0105, VPN i monitorowanie prywatno\u015bci konta<\/li>\n<\/ul>\n<h3><strong>Dlaczego warto wybra\u0107 Bitdefender Total Security?<\/strong><\/h3>\n<p>\ud83d\udd39 <strong>Kompleksowa ochrona<\/strong> - Bezpiecze\u0144stwo <strong>Komputery PC, Mac, smartfony i tablety<\/strong> z jedn\u0105 subskrypcj\u0105.<br \/>\n\ud83d\udd39 <strong>Bezpiecze\u0144stwo oparte na sztucznej inteligencji<\/strong> - Ochrona w czasie rzeczywistym dzi\u0119ki <strong>wykrywanie zagro\u017ce\u0144 behawioralnych<\/strong>.<br \/>\n\ud83d\udd39 <strong>Prywatno\u015b\u0107 i bezpiecze\u0144stwo online<\/strong> - <strong>Ochrona VPN, kamery internetowej i mikrofonu<\/strong> dla pe\u0142nej prywatno\u015bci.<br \/>\n\ud83d\udd39 <strong>Kontrola rodzicielska i ochrona przed kradzie\u017c\u0105<\/strong> - Chro\u0144 swoje dzieci i urz\u0105dzenia <strong>bezpiecze\u0144stwo przed zagro\u017ceniami online<\/strong>.<br \/>\n\ud83d\udd39 <strong>Minimalny wp\u0142yw na system<\/strong> - <strong>Zoptymalizowany pod k\u0105tem szybko\u015bci<\/strong> bez spowalniania urz\u0105dze\u0144.<\/p>\n<p>Aktualizacja do <strong>Bitdefender Total Security<\/strong> dzisiaj dla <strong>pe\u0142na cyfrowa ochrona i prywatno\u015b\u0107 na wszystkich urz\u0105dzeniach<\/strong>! \ud83d\ude80\ud83d\udee1\ufe0f\ud83d\udd12<\/p>","protected":false},"excerpt":{"rendered":"<p>Bitdefender Total Security \u2013 All-in-One Protection for Your Digital Life Description Bitdefender Total Security is an advanced, multi-layered cybersecurity solution designed to protect your devices from viruses, malware, ransomware, phishing, and online threats. With cross-platform support, it secures Windows, macOS, Android, and iOS devices, ensuring complete privacy, identity protection, and performance optimization. Equipped with AI-powered [&hellip;]<\/p>","protected":false},"featured_media":1023,"comment_status":"open","ping_status":"closed","template":"","meta":{"_gspb_post_css":""},"product_brand":[],"product_cat":[76],"product_tag":[80],"class_list":{"0":"post-997","1":"product","2":"type-product","3":"status-publish","4":"has-post-thumbnail","6":"product_cat-antivirus","7":"product_tag-bitdefender","9":"first","10":"instock","11":"shipping-taxable","12":"product-type-external"},"_links":{"self":[{"href":"https:\/\/keysdock.tajnaveza.net\/pl\/wp-json\/wp\/v2\/product\/997","targetHints":{"allow":["GET"]}}],"collection":[{"href":"https:\/\/keysdock.tajnaveza.net\/pl\/wp-json\/wp\/v2\/product"}],"about":[{"href":"https:\/\/keysdock.tajnaveza.net\/pl\/wp-json\/wp\/v2\/types\/product"}],"replies":[{"embeddable":true,"href":"https:\/\/keysdock.tajnaveza.net\/pl\/wp-json\/wp\/v2\/comments?post=997"}],"wp:featuredmedia":[{"embeddable":true,"href":"https:\/\/keysdock.tajnaveza.net\/pl\/wp-json\/wp\/v2\/media\/1023"}],"wp:attachment":[{"href":"https:\/\/keysdock.tajnaveza.net\/pl\/wp-json\/wp\/v2\/media?parent=997"}],"wp:term":[{"taxonomy":"product_brand","embeddable":true,"href":"https:\/\/keysdock.tajnaveza.net\/pl\/wp-json\/wp\/v2\/product_brand?post=997"},{"taxonomy":"product_cat","embeddable":true,"href":"https:\/\/keysdock.tajnaveza.net\/pl\/wp-json\/wp\/v2\/product_cat?post=997"},{"taxonomy":"product_tag","embeddable":true,"href":"https:\/\/keysdock.tajnaveza.net\/pl\/wp-json\/wp\/v2\/product_tag?post=997"}],"curies":[{"name":"wp","href":"https:\/\/api.w.org\/{rel}","templated":true}]}}