{"id":998,"date":"2025-03-15T21:08:06","date_gmt":"2025-03-15T21:08:06","guid":{"rendered":"https:\/\/keysdock.com\/?post_type=product&#038;p=998"},"modified":"2026-02-16T05:49:37","modified_gmt":"2026-02-16T05:49:37","slug":"bitdefender-antivirus-plus-2025-1-urzadzenie-1-rok-klucz","status":"publish","type":"product","link":"https:\/\/keysdock.tajnaveza.net\/pl\/produkt\/bitdefender-antivirus-plus-2025-1-urzadzenie-1-rok-klucz\/","title":{"rendered":"BitDefender Antivirus Plus 2025 |1 urzadzenie - 1 rok|Key Klucz Licencja"},"content":{"rendered":"<p><strong>Kup klucz licencyjny BitDefender Antivirus Plus 2025 na 1 urz\u0105dzenie (1 rok) w najlepszej cenie. Ochrona podstawowa.<\/strong><\/p>\n<h3><strong>Opis<\/strong><\/h3>\n<p>Bitdefender Antivirus Plus jest programem <strong>Lekkie, wydajne i oparte na sztucznej inteligencji rozwi\u0105zanie zabezpieczaj\u0105ce<\/strong> zaprojektowany dla <strong>U\u017cytkownicy systemu Windows<\/strong> kt\u00f3rzy potrzebuj\u0105 <strong>ochrona w czasie rzeczywistym przed wirusami, z\u0142o\u015bliwym oprogramowaniem, oprogramowaniem ransomware, phishingiem i zagro\u017ceniami internetowymi<\/strong>. Oferuje <strong>Zaawansowane funkcje cyberbezpiecze\u0144stwa<\/strong>w tym <strong>wielowarstwowa ochrona przed ransomware, bezpieczna sie\u0107 VPN i narz\u0119dzia antyphishingowe<\/strong>jednocze\u015bnie zapewniaj\u0105c <strong>minimalny wp\u0142yw na wydajno\u015b\u0107 systemu<\/strong>.<\/p>\n<p>Z <strong>automatyczne wykrywanie zagro\u017ce\u0144 i zwi\u0119kszone bezpiecze\u0144stwo sieci<\/strong>Bitdefender Antivirus Plus jest idealny dla <strong>codzienni u\u017cytkownicy<\/strong> kt\u00f3rzy chc\u0105 <strong>szybko, bezpiecznie i bez obaw<\/strong> do\u015bwiadczenie komputerowe.<\/p>\n<h3><strong>Kluczowe cechy<\/strong><\/h3>\n<p>\u2705 <strong>Wykrywanie zagro\u017ce\u0144 w czasie rzeczywistym<\/strong> - Bloki <strong>wirusy, trojany, oprogramowanie szpieguj\u0105ce i zaawansowane z\u0142o\u015bliwe oprogramowanie<\/strong> zanim zd\u0105\u017c\u0105 zainfekowa\u0107 system.<br \/>\n\u2705 <strong>Zaawansowana ochrona przed ransomware<\/strong> - Wielowarstwowa ochrona zapobiega <strong>szyfrowanie plik\u00f3w i ataki ransomware<\/strong>.<br \/>\n\u2705 <strong>Ochrona sieci i ochrona przed phishingiem<\/strong> - Bloki <strong>fa\u0142szywe strony bankowe, phishing i oszustwa internetowe<\/strong>.<br \/>\n\u2705 <strong>Bitdefender VPN (200 MB\/dzie\u0144)<\/strong> - Szyfruje ruch internetowy dla <strong>bezpieczne i prywatne przegl\u0105danie<\/strong>.<br \/>\n\u2705 <strong>Anti-Tracker<\/strong> - Uniemo\u017cliwia witrynom \u015bledzenie zachowa\u0144 u\u017cytkownika podczas przegl\u0105dania i gromadzenie danych osobowych.<br \/>\n\u2705 <strong>Bezpiecze\u0144stwo bankowo\u015bci internetowej (Safepay\u2122)<\/strong> - Chroni <strong>transakcje finansowe i zakupy online<\/strong> przed cyberzagro\u017ceniami.<br \/>\n\u2705 <strong>Tryb ratunkowy<\/strong> - Eliminuje <strong>uporczywe z\u0142o\u015bliwe oprogramowanie, rootkity i infekcje sektora rozruchowego<\/strong> uruchamiaj\u0105c bezpieczne skanowanie przed uruchomieniem systemu.<br \/>\n\u2705 <strong>Autopilot i bezpiecze\u0144stwo oparte na sztucznej inteligencji<\/strong> - Automatycznie <strong>wykrywa i neutralizuje<\/strong> zagro\u017cenia bezpiecze\u0144stwa bez r\u0119cznej interwencji.<br \/>\n\u2705 <strong>Minimalny wp\u0142yw na system<\/strong> - <strong>Zoptymalizowany pod k\u0105tem szybko\u015bci i wydajno\u015bci<\/strong>, zapewniaj\u0105c brak spowolnie\u0144 podczas grania lub wielozadaniowo\u015bci.<br \/>\n\u2705 <strong>Wielowarstwowa ochrona przed z\u0142o\u015bliwym oprogramowaniem<\/strong> - Zastosowania <strong>analiza heurystyczna, skanowanie w chmurze i wykrywanie zachowa\u0144<\/strong> aby powstrzyma\u0107 zagro\u017cenia typu zero-day.<br \/>\n\u2705 <strong>Mened\u017cer hase\u0142<\/strong> - Bezpieczne przechowywanie i autouzupe\u0142nianie <strong>dane logowania<\/strong> dla wszystkich kont.<br \/>\n\u2705 <strong>Skaner podatno\u015bci<\/strong> - Wykrywa <strong>przestarza\u0142e oprogramowanie, s\u0142abe has\u0142a i luki w zabezpieczeniach systemu<\/strong> zanim stan\u0105 si\u0119 zagro\u017ceniem dla bezpiecze\u0144stwa.<\/p>\n<h3><strong>Minimalne wymagania systemowe<\/strong><\/h3>\n<ul>\n<li><strong>Procesor<\/strong>: Dwurdzeniowy 1,6 GHz lub szybszy<\/li>\n<li><strong>RAM<\/strong>minimum 2 GB<\/li>\n<li><strong>Przechowywanie<\/strong>2,5 GB dost\u0119pnego miejsca na dysku<\/li>\n<li><strong>System operacyjny<\/strong>: Windows 11, Windows 10, Windows 8.1, Windows 7 (SP1)<\/li>\n<li><strong>Po\u0142\u0105czenie internetowe<\/strong>: Wymagane do aktywacji, aktualizacji i skanowania w chmurze.<\/li>\n<\/ul>\n<h3><strong>Dlaczego warto wybra\u0107 Bitdefender Antivirus Plus?<\/strong><\/h3>\n<p>\ud83d\udd39 <strong>Niezb\u0119dna ochrona dla systemu Windows<\/strong> - Chroni przed <strong>wirusy, oprogramowanie szpieguj\u0105ce, oprogramowanie ransomware i zagro\u017cenia internetowe<\/strong>.<br \/>\n\ud83d\udd39 <strong>Ultraszybka wydajno\u015b\u0107<\/strong> - <strong>Lekki silnik bezpiecze\u0144stwa<\/strong> kt\u00f3re nie spowalniaj\u0105 komputera.<br \/>\n\ud83d\udd39 <strong>Bezpieczne transakcje online<\/strong> - <strong>Safepay\u2122 i ochrona przed phishingiem<\/strong> narz\u0119dzia chroni\u0105ce sesje bankowe i zakupowe.<br \/>\n\ud83d\udd39 <strong>VPN dla bezpiecznego przegl\u0105dania<\/strong> - Przegl\u0105daj <strong>anonimowo<\/strong> z <strong>Bitdefender VPN (200 MB\/dzie\u0144 w zestawie)<\/strong>.<br \/>\n\ud83d\udd39 <strong>Ustaw i zapomnij o bezpiecze\u0144stwie<\/strong> - <strong>Automatyczny tryb autopilota<\/strong> optymalizuje ustawienia zabezpiecze\u0144 w celu zapewnienia bezproblemowej ochrony.<\/p>\n<p>Aktualizacja do <strong>Bitdefender Antivirus Plus<\/strong> dzisiaj i <strong>szybka, inteligentna i niezawodna ochrona komputera z systemem Windows<\/strong>! \ud83d\ude80\ud83d\udee1\ufe0f\ud83d\udd12<\/p>","protected":false},"excerpt":{"rendered":"<p>Bitdefender Antivirus Plus \u2013 Essential Protection for Windows PCs Description Bitdefender Antivirus Plus is a lightweight, powerful, and AI-driven security solution designed for Windows users who need real-time protection against viruses, malware, ransomware, phishing, and online threats. It offers advanced cybersecurity features, including multi-layered ransomware protection, a secure VPN, and anti-phishing tools, all while ensuring [&hellip;]<\/p>","protected":false},"featured_media":1024,"comment_status":"open","ping_status":"closed","template":"","meta":{"_gspb_post_css":""},"product_brand":[],"product_cat":[76],"product_tag":[80],"class_list":{"0":"post-998","1":"product","2":"type-product","3":"status-publish","4":"has-post-thumbnail","6":"product_cat-antivirus","7":"product_tag-bitdefender","9":"first","10":"instock","11":"shipping-taxable","12":"product-type-external"},"_links":{"self":[{"href":"https:\/\/keysdock.tajnaveza.net\/pl\/wp-json\/wp\/v2\/product\/998","targetHints":{"allow":["GET"]}}],"collection":[{"href":"https:\/\/keysdock.tajnaveza.net\/pl\/wp-json\/wp\/v2\/product"}],"about":[{"href":"https:\/\/keysdock.tajnaveza.net\/pl\/wp-json\/wp\/v2\/types\/product"}],"replies":[{"embeddable":true,"href":"https:\/\/keysdock.tajnaveza.net\/pl\/wp-json\/wp\/v2\/comments?post=998"}],"wp:featuredmedia":[{"embeddable":true,"href":"https:\/\/keysdock.tajnaveza.net\/pl\/wp-json\/wp\/v2\/media\/1024"}],"wp:attachment":[{"href":"https:\/\/keysdock.tajnaveza.net\/pl\/wp-json\/wp\/v2\/media?parent=998"}],"wp:term":[{"taxonomy":"product_brand","embeddable":true,"href":"https:\/\/keysdock.tajnaveza.net\/pl\/wp-json\/wp\/v2\/product_brand?post=998"},{"taxonomy":"product_cat","embeddable":true,"href":"https:\/\/keysdock.tajnaveza.net\/pl\/wp-json\/wp\/v2\/product_cat?post=998"},{"taxonomy":"product_tag","embeddable":true,"href":"https:\/\/keysdock.tajnaveza.net\/pl\/wp-json\/wp\/v2\/product_tag?post=998"}],"curies":[{"name":"wp","href":"https:\/\/api.w.org\/{rel}","templated":true}]}}