{"id":999,"date":"2025-03-15T21:08:06","date_gmt":"2025-03-15T21:08:06","guid":{"rendered":"https:\/\/keysdock.com\/?post_type=product&#038;p=999"},"modified":"2025-10-19T07:35:35","modified_gmt":"2025-10-19T07:35:35","slug":"bitdefender-internet-security-2025-1-urzadzenie-1-rok-klucz","status":"publish","type":"product","link":"https:\/\/keysdock.tajnaveza.net\/pl\/produkt\/bitdefender-internet-security-2025-1-urzadzenie-1-rok-klucz\/","title":{"rendered":"BitDefender Internet Security 2025 |1 urzadzenie - 1 rok|Key Klucz Licencja"},"content":{"rendered":"<p><strong>Kup klucz licencyjny BitDefender Internet Security 2025 na 1 urz\u0105dzenie (1 rok) w najlepszej cenie. Bezpiecznie online.<\/strong><\/p>\n<h3><strong>Opis<\/strong><\/h3>\n<p>Bitdefender Internet Security jest <strong>Zaawansowane rozwi\u0105zanie bezpiecze\u0144stwa<\/strong> zaprojektowany specjalnie dla <strong>U\u017cytkownicy systemu Windows<\/strong> kt\u00f3rzy potrzebuj\u0105 <strong>ulepszona ochrona przed zagro\u017ceniami internetowymi, wirusami, oprogramowaniem ransomware, phishingiem i cyberatakami<\/strong>. Z <strong>wielowarstwowe zabezpieczenia, wbudowany firewall i funkcje ukierunkowane na prywatno\u015b\u0107<\/strong>zapewnia <strong>Szybkie, bezpieczne i bezproblemowe cyfrowe do\u015bwiadczenie<\/strong>.<\/p>\n<p>Ta edycja <strong>wykracza poza tradycyjn\u0105 ochron\u0119 antywirusow\u0105<\/strong> poprzez w\u0142\u0105czenie <strong>bezpieczna zapora sieciowa, ochrona przed \u015bledzeniem, ochrona kamery internetowej i mikrofonu oraz kontrola rodzicielska<\/strong>co czyni go doskona\u0142ym wyborem dla <strong>zar\u00f3wno u\u017cytkownicy indywidualni, jak i biznesowi<\/strong>.<\/p>\n<h3><strong>Kluczowe cechy<\/strong><\/h3>\n<p>\u2705 <strong>Ochrona przed z\u0142o\u015bliwym oprogramowaniem i wirusami w czasie rzeczywistym<\/strong> - Zastosowania <strong>Bezpiecze\u0144stwo oparte na sztucznej inteligencji<\/strong> do wykrywania i usuwania <strong>wirusy, trojany, oprogramowanie szpieguj\u0105ce i rootkity<\/strong> zanim wyrz\u0105dz\u0105 szkod\u0119.<br \/>\n\u2705 <strong>Wielowarstwowa ochrona przed ransomware<\/strong> - Przystanki <strong>ataki ransomware<\/strong> oraz <strong>zapobiega szyfrowaniu plik\u00f3w osobistych<\/strong>.<br \/>\n\u2705 <strong>Zapora dwukierunkowa<\/strong> - <strong>Monitoruje ruch sieciowy<\/strong> aby zablokowa\u0107 nieautoryzowany dost\u0119p i zapobiec pr\u00f3bom w\u0142amania.<br \/>\n\u2705 <strong>Ochrona kamery internetowej i mikrofonu<\/strong> - <strong>Zapobiega nieautoryzowanemu dost\u0119powi<\/strong> do kamery i mikrofonu, chroni\u0105c prywatno\u015b\u0107 u\u017cytkownika.<br \/>\n\u2705 <strong>Bezpieczna bankowo\u015b\u0107 internetowa i zakupy (Safepay\u2122)<\/strong> - <strong>Szyfrowana przegl\u0105darka<\/strong> dla bezpiecznych transakcji finansowych.<br \/>\n\u2705 <strong>Anti-Phishing i ochrona sieci<\/strong> - Bloki <strong>nieuczciwe strony internetowe, oszustwa internetowe i fa\u0142szywe strony bankowe<\/strong>.<br \/>\n\u2705 <strong>Bitdefender VPN (200 MB\/dzie\u0144)<\/strong> - Szyfruje <strong>ruch internetowy<\/strong> aby zapewni\u0107 bezpiecze\u0144stwo i prywatno\u015b\u0107 przegl\u0105dania.<br \/>\n\u2705 <strong>Antyspam i bezpiecze\u0144stwo poczty e-mail<\/strong> - Chroni przed <strong>z\u0142o\u015bliwe za\u0142\u0105czniki do wiadomo\u015bci e-mail, oszustwa phishingowe i spam<\/strong>.<br \/>\n\u2705 <strong>Kontrola rodzicielska<\/strong> - Umo\u017cliwia <strong>ustawianie limit\u00f3w czasu przed ekranem, blokowanie nieodpowiednich tre\u015bci i \u015bledzenie aktywno\u015bci online<\/strong>.<br \/>\n\u2705 <strong>Doradca ds. bezpiecze\u0144stwa Wi-Fi<\/strong> - Skany <strong>Sieci Wi-Fi<\/strong> w poszukiwaniu luk w zabezpieczeniach i ostrzega o potencjalnych zagro\u017ceniach.<br \/>\n\u2705 <strong>Zaawansowana obrona przed zagro\u017ceniami<\/strong> - Zastosowania <strong>wykrywanie zachowa\u0144<\/strong> aby zidentyfikowa\u0107 i zablokowa\u0107 <strong>ataki zero-day<\/strong> zanim zd\u0105\u017c\u0105 uszkodzi\u0107 system.<br \/>\n\u2705 <strong>Minimalny wp\u0142yw na system<\/strong> - Zaprojektowany dla <strong>szybka wydajno\u015b\u0107<\/strong>, zapewniaj\u0105c brak spowolnie\u0144 podczas grania lub wielozadaniowo\u015bci.<\/p>\n<h3><strong>Minimalne wymagania systemowe<\/strong><\/h3>\n<ul>\n<li><strong>Procesor<\/strong>: Dwurdzeniowy 1,6 GHz lub szybszy<\/li>\n<li><strong>RAM<\/strong>minimum 2 GB<\/li>\n<li><strong>Przechowywanie<\/strong>2,5 GB dost\u0119pnego miejsca na dysku<\/li>\n<li><strong>System operacyjny<\/strong>: Windows 11, Windows 10, Windows 8.1, Windows 7 (SP1)<\/li>\n<li><strong>Po\u0142\u0105czenie internetowe<\/strong>: Wymagane do aktywacji, aktualizacji i skanowania w chmurze.<\/li>\n<\/ul>\n<h3><strong>Dlaczego warto wybra\u0107 Bitdefender Internet Security?<\/strong><\/h3>\n<p>\ud83d\udd39 <strong>Kompleksowa ochrona<\/strong> - <strong>Ochrona przed z\u0142o\u015bliwym oprogramowaniem, oprogramowaniem ransomware i cyberzagro\u017ceniami<\/strong> z zaawansowanymi warstwami zabezpiecze\u0144.<br \/>\n\ud83d\udd39 <strong>Bezpieczne transakcje online<\/strong> - <strong>Safepay\u2122 i narz\u0119dzia antyphishingowe<\/strong> chroni\u0107 bankowo\u015b\u0107 internetow\u0105 i zakupy.<br \/>\n\ud83d\udd39 <strong>Zapora sieciowa i tarcza prywatno\u015bci<\/strong> - Zapobiega <strong>pr\u00f3by w\u0142ama\u0144 i nieautoryzowany dost\u0119p<\/strong> do danych osobowych.<br \/>\n\ud83d\udd39 <strong>Bezpiecze\u0144stwo kamery internetowej i mikrofonu<\/strong> - <strong>Blokuje oprogramowanie szpieguj\u0105ce przed potajemnym dost\u0119pem do kamery i mikrofonu.<\/strong>.<br \/>\n\ud83d\udd39 <strong>Kontrola rodzicielska i antyspam<\/strong> - Dbaj o swoj\u0105 rodzin\u0119 i skrzynk\u0119 e-mail <strong>bezpiecze\u0144stwo przed zagro\u017ceniami internetowymi<\/strong>.<\/p>\n<p>Aktualizacja do <strong>Bitdefender Internet Security<\/strong> ju\u017c dzi\u015b i ciesz si\u0119 <strong>bezpieczne, prywatne i b\u0142yskawiczne \u015brodowisko Windows<\/strong>! \ud83d\ude80\ud83d\udee1\ufe0f\ud83d\udd12<\/p>","protected":false},"excerpt":{"rendered":"<p>Bitdefender Internet Security \u2013 Advanced Protection for Windows PCs Description Bitdefender Internet Security is an advanced security solution designed specifically for Windows users who need enhanced protection against online threats, viruses, ransomware, phishing, and cyber attacks. With multi-layered security, a built-in firewall, and privacy-focused features, it provides a fast, secure, and worry-free digital experience. This [&hellip;]<\/p>","protected":false},"featured_media":1025,"comment_status":"open","ping_status":"closed","template":"","meta":{"_gspb_post_css":""},"product_brand":[],"product_cat":[76],"product_tag":[80],"class_list":{"0":"post-999","1":"product","2":"type-product","3":"status-publish","4":"has-post-thumbnail","6":"product_cat-antivirus","7":"product_tag-bitdefender","9":"first","10":"instock","11":"shipping-taxable","12":"product-type-external"},"_links":{"self":[{"href":"https:\/\/keysdock.tajnaveza.net\/pl\/wp-json\/wp\/v2\/product\/999","targetHints":{"allow":["GET"]}}],"collection":[{"href":"https:\/\/keysdock.tajnaveza.net\/pl\/wp-json\/wp\/v2\/product"}],"about":[{"href":"https:\/\/keysdock.tajnaveza.net\/pl\/wp-json\/wp\/v2\/types\/product"}],"replies":[{"embeddable":true,"href":"https:\/\/keysdock.tajnaveza.net\/pl\/wp-json\/wp\/v2\/comments?post=999"}],"wp:featuredmedia":[{"embeddable":true,"href":"https:\/\/keysdock.tajnaveza.net\/pl\/wp-json\/wp\/v2\/media\/1025"}],"wp:attachment":[{"href":"https:\/\/keysdock.tajnaveza.net\/pl\/wp-json\/wp\/v2\/media?parent=999"}],"wp:term":[{"taxonomy":"product_brand","embeddable":true,"href":"https:\/\/keysdock.tajnaveza.net\/pl\/wp-json\/wp\/v2\/product_brand?post=999"},{"taxonomy":"product_cat","embeddable":true,"href":"https:\/\/keysdock.tajnaveza.net\/pl\/wp-json\/wp\/v2\/product_cat?post=999"},{"taxonomy":"product_tag","embeddable":true,"href":"https:\/\/keysdock.tajnaveza.net\/pl\/wp-json\/wp\/v2\/product_tag?post=999"}],"curies":[{"name":"wp","href":"https:\/\/api.w.org\/{rel}","templated":true}]}}