{"id":1000,"date":"2025-03-15T21:08:06","date_gmt":"2025-03-15T21:08:06","guid":{"rendered":"https:\/\/keysdock.com\/?post_type=product&#038;p=1000"},"modified":"2025-10-19T07:35:28","modified_gmt":"2025-10-19T07:35:28","slug":"bitdefender-antivirus-mac-2025-1-dispozitiv-1-an-licenta","status":"publish","type":"product","link":"https:\/\/keysdock.tajnaveza.net\/ro\/produs\/bitdefender-antivirus-mac-2025-1-dispozitiv-1-an-licenta\/","title":{"rendered":"BitDefender Antivirus MAC 2025 | 1 dispozitiv - 1 an| Key Licenta"},"content":{"rendered":"<p><strong>Bitdefender Antivirus pentru Mac - Securitate \u0219i performan\u021b\u0103 maxime pentru macOS<\/strong><\/p>\n<h3><strong>Descriere<\/strong><\/h3>\n<p>Bitdefender Antivirus pentru Mac este un <strong>solu\u021bie de securitate puternic\u0103 \u0219i u\u0219oar\u0103<\/strong> concepute pentru <strong>v\u0103 proteja\u021bi Mac-ul de viru\u0219i, malware, ransomware, atacuri de phishing \u0219i amenin\u021b\u0103ri online<\/strong>. Cu <strong>protec\u021bie \u00een timp real, securitate multistratificat\u0103 \u0219i scanare rapid\u0103<\/strong>, Bitdefender ofer\u0103 <strong>securitate cibernetic\u0103 complet\u0103 f\u0103r\u0103 a v\u0103 \u00eencetini sistemul<\/strong>.<\/p>\n<p>Acesta este optimizat pentru <strong>macOS<\/strong>, asigur\u00e2nd <strong>performan\u021b\u0103 f\u0103r\u0103 \u00eentreruperi, impact minim asupra sistemului \u0219i compatibilitate total\u0103<\/strong> cu cele mai recente protocoale de securitate Apple.<\/p>\n<h3><strong>Caracteristici principale<\/strong><\/h3>\n<p>\u2705 <strong>Protec\u021bie \u00een timp real<\/strong> - Monitorizare continu\u0103 pentru <strong>detecteaz\u0103 \u0219i blocheaz\u0103 viru\u0219i, ransomware, spyware \u0219i alte amenin\u021b\u0103ri<\/strong>.<br \/>\n\u2705 <strong>Protec\u021bie anti-Ransomware<\/strong> - \u00cempiedic\u0103 hackerii s\u0103 v\u0103 cripteze fi\u0219ierele \u0219i s\u0103 cear\u0103 r\u0103scump\u0103rare.<br \/>\n\u2705 <strong>Eliminarea Adware &amp; Malware<\/strong> - Cur\u0103\u021b\u0103 software-ul nedorit \u0219i v\u0103 protejeaz\u0103 Mac-ul de pop-up-uri intruzive.<br \/>\n\u2705 <strong>Protec\u021bie web \u0219i Anti-Phishing<\/strong> - Blocuri <strong>site-uri web periculoase, site-uri bancare false \u0219i tentative de phishing<\/strong>.<br \/>\n\u2705 <strong>Pilot automat \u0219i securitate bazat\u0103 pe inteligen\u021b\u0103 artificial\u0103<\/strong> - Utiliz\u0103ri <strong>inteligen\u021b\u0103 artificial\u0103<\/strong> pentru a detecta \u0219i preveni automat amenin\u021b\u0103rile.<br \/>\n\u2705 <strong>Protec\u021bia Time Machine<\/strong> - \u00cempiedic\u0103 ransomware-ul s\u0103 manipuleze backup-urile.<br \/>\n\u2705 <strong>Scanare ultra-rapid\u0103<\/strong> - Func\u021bioneaz\u0103 rapid \u00een fundal, f\u0103r\u0103 a v\u0103 \u00eencetini sistemul.<br \/>\n\u2705 <strong>Impact minim asupra sistemului<\/strong> - <strong>Conceput pentru macOS<\/strong> pentru a asigura o securitate de top cu <strong>zero pierderi de performan\u021b\u0103<\/strong>.<br \/>\n\u2705 <strong>VPN inclus (200MB\/zi)<\/strong> - Navigare sigur\u0103 \u0219i protec\u021bie a confiden\u021bialit\u0103\u021bii cu <strong>criptare VPN \u00eencorporat\u0103<\/strong>.<br \/>\n\u2705 <strong>Controale parentale<\/strong> - Gestiona\u021bi \u0219i filtra\u021bi con\u021binutul pentru o navigare pe internet mai sigur\u0103.<\/p>\n<h3><strong>Cerin\u021be minime de sistem<\/strong><\/h3>\n<ul>\n<li><strong>Procesor<\/strong>: Mac pe baz\u0103 de Intel sau Apple Silicon (M1\/M2)<\/li>\n<li><strong>RAM<\/strong>: 2 GB minim<\/li>\n<li><strong>Depozitare<\/strong>: 1 GB spa\u021biu disponibil pe disc<\/li>\n<li><strong>Sistem de operare<\/strong>: macOS 10.10 (Yosemite) sau ulterior<\/li>\n<li><strong>Conexiune la internet<\/strong>: Necesar pentru instalare, actualiz\u0103ri \u0219i detectarea amenin\u021b\u0103rilor bazate pe cloud<\/li>\n<\/ul>\n<h3><strong>De ce s\u0103 alege\u021bi Bitdefender Antivirus pentru Mac?<\/strong><\/h3>\n<p>\ud83d\udd39 <strong>Cea mai bun\u0103 protec\u021bie la nivel de clas\u0103 \u00eempotriva programelor malware<\/strong> - <strong>Motor de securitate de top<\/strong> detecteaz\u0103 \u0219i elimin\u0103 <strong>Amenin\u021b\u0103ri specifice Mac<\/strong>.<br \/>\n\ud83d\udd39 <strong>U\u0219oare \u0219i rapide<\/strong> - <strong>Optimizat pentru macOS<\/strong> f\u0103r\u0103 \u00eencetiniri ale sistemului.<br \/>\n\ud83d\udd39 <strong>Blocheaz\u0103 phishing-ul \u0219i site-urile web periculoase<\/strong> - Protejeaz\u0103 <strong>date personale, parole \u0219i detalii financiare<\/strong>.<br \/>\n\ud83d\udd39 <strong>Ap\u0103rare \u00eempotriva Ransomware \u0219i protec\u021bie Time Machine<\/strong> - P\u0103streaz\u0103 fi\u0219ierele \u0219i backup-urile \u00een siguran\u021b\u0103.<br \/>\n\ud83d\udd39 <strong>Protec\u021bia confiden\u021bialit\u0103\u021bii cu VPN<\/strong> - Navigare online sigur\u0103 cu <strong>criptare \u0219i anonimat<\/strong>.<\/p>\n<p>Actualiza\u021bi la <strong>Bitdefender Antivirus pentru Mac<\/strong> ast\u0103zi \u0219i bucura\u021bi-v\u0103 de <strong>protec\u021bie rapid\u0103, puternic\u0103 \u0219i complet\u0103 pentru dispozitivul dvs. macOS<\/strong>! \ud83d\ude80\ud83d\udee1\ufe0f\ud83d\udcbb<\/p>","protected":false},"excerpt":{"rendered":"<p>Bitdefender Antivirus for Mac \u2013 Ultimate Security &amp; Performance for macOS Description Bitdefender Antivirus for Mac is a powerful and lightweight security solution designed to protect your Mac from viruses, malware, ransomware, phishing attacks, and online threats. With real-time protection, multi-layered security, and fast scanning, Bitdefender provides complete cybersecurity without slowing down your system. It [&hellip;]<\/p>","protected":false},"featured_media":1026,"comment_status":"open","ping_status":"closed","template":"","meta":{"_gspb_post_css":""},"product_brand":[],"product_cat":[76],"product_tag":[80],"class_list":{"0":"post-1000","1":"product","2":"type-product","3":"status-publish","4":"has-post-thumbnail","6":"product_cat-antivirus","7":"product_tag-bitdefender","9":"first","10":"instock","11":"shipping-taxable","12":"product-type-external"},"_links":{"self":[{"href":"https:\/\/keysdock.tajnaveza.net\/ro\/wp-json\/wp\/v2\/product\/1000","targetHints":{"allow":["GET"]}}],"collection":[{"href":"https:\/\/keysdock.tajnaveza.net\/ro\/wp-json\/wp\/v2\/product"}],"about":[{"href":"https:\/\/keysdock.tajnaveza.net\/ro\/wp-json\/wp\/v2\/types\/product"}],"replies":[{"embeddable":true,"href":"https:\/\/keysdock.tajnaveza.net\/ro\/wp-json\/wp\/v2\/comments?post=1000"}],"wp:featuredmedia":[{"embeddable":true,"href":"https:\/\/keysdock.tajnaveza.net\/ro\/wp-json\/wp\/v2\/media\/1026"}],"wp:attachment":[{"href":"https:\/\/keysdock.tajnaveza.net\/ro\/wp-json\/wp\/v2\/media?parent=1000"}],"wp:term":[{"taxonomy":"product_brand","embeddable":true,"href":"https:\/\/keysdock.tajnaveza.net\/ro\/wp-json\/wp\/v2\/product_brand?post=1000"},{"taxonomy":"product_cat","embeddable":true,"href":"https:\/\/keysdock.tajnaveza.net\/ro\/wp-json\/wp\/v2\/product_cat?post=1000"},{"taxonomy":"product_tag","embeddable":true,"href":"https:\/\/keysdock.tajnaveza.net\/ro\/wp-json\/wp\/v2\/product_tag?post=1000"}],"curies":[{"name":"wp","href":"https:\/\/api.w.org\/{rel}","templated":true}]}}