{"id":1001,"date":"2025-03-15T21:08:06","date_gmt":"2025-03-15T21:08:06","guid":{"rendered":"https:\/\/keysdock.com\/?post_type=product&#038;p=1001"},"modified":"2025-10-19T07:35:20","modified_gmt":"2025-10-19T07:35:20","slug":"windows-server-2022-standard-key-licenta","status":"publish","type":"product","link":"https:\/\/keysdock.tajnaveza.net\/ro\/produs\/windows-server-2022-standard-key-licenta\/","title":{"rendered":"Windows Server 2022 Standard Product Key Licenta"},"content":{"rendered":"<p><strong>Cump\u0103r\u0103 licen\u021ba Windows Server 2022 Standard la cel mai bun pre\u0163 \u2013 activare pe via\u0163\u0103 garantat\u0103.<\/strong><\/p>\n<h3><strong>Descriere<\/strong><\/h3>\n<p>Windows Server 2022 Standard este un <strong>sistem de operare pentru servere de \u00eenalt\u0103 performan\u021b\u0103, sigur \u0219i versatil<\/strong> conceput pentru \u00eentreprinderile \u0219i organiza\u021biile mici \u0219i mijlocii. Acesta ofer\u0103 <strong>securitate robust\u0103, capabilit\u0103\u021bi de cloud hibrid \u0219i performan\u021b\u0103 \u00eembun\u0103t\u0103\u021bit\u0103 a aplica\u021biilor<\/strong> oferind \u00een acela\u0219i timp sprijin pentru <strong>virtualizarea, munca la distan\u021b\u0103 \u0219i integrarea \u00een cloud<\/strong>. Ideal pentru \u00eentreprinderile care caut\u0103 <strong>scalabilitate, fiabilitate \u0219i securitate sporit\u0103<\/strong>, Windows Server 2022 Standard este construit pentru a gestiona <strong>cerin\u021bele IT moderne<\/strong> eficient.<\/p>\n<h3><strong>Caracteristici principale<\/strong><\/h3>\n<p>\u2705 <strong>Securitate sporit\u0103 cu Secured-Core<\/strong> - Avansat <strong>Windows Defender ATP, Secure Boot \u0219i protec\u021bie firmware<\/strong>.<br \/>\n\u2705 <strong>Virtualizare \u00eembun\u0103t\u0103\u021bit\u0103<\/strong> - Suporturi <strong>dou\u0103 ma\u0219ini virtuale (VM)<\/strong> \u0219i <strong>o gazd\u0103 Hyper-V<\/strong>.<br \/>\n\u2705 <strong>Suport pentru cloud hibrid<\/strong> - Integrare perfect\u0103 cu <strong>Microsoft Azure<\/strong> pentru implement\u0103ri hibride.<br \/>\n\u2705 <strong>Centrul de administrare Windows<\/strong> - Management centralizat, bazat pe web, pentru administrarea u\u0219oar\u0103 a serverelor.<br \/>\n\u2705 <strong>Serviciul de migrare a stoc\u0103rii<\/strong> - Migra\u021bi cu u\u0219urin\u021b\u0103 serverele \u0219i datele din versiunile anterioare.<br \/>\n\u2705 <strong>Re\u021bele mai bune cu SMB over QUIC<\/strong> - Acces mai rapid \u0219i mai sigur la fi\u0219iere de la distan\u021b\u0103.<br \/>\n\u2705 <strong>Gestionarea avansat\u0103 a fi\u0219ierelor \u0219i a stoc\u0103rii<\/strong> - Suporturi <strong>ReFS, Storage Spaces Direct (S2D) \u0219i deduplicare<\/strong>.<br \/>\n\u2705 <strong>Failover Clustering &amp; Echilibrarea sarcinii<\/strong> - <strong>Minimizeaz\u0103 timpii mor\u021bi<\/strong> pentru aplica\u021bii critice de afaceri.<br \/>\n\u2705 <strong>Containere Windows \u00eencorporate<\/strong> - Alearg\u0103 modern <strong>aplica\u021bii containerizate<\/strong> folosind <strong>Containere Windows \u0219i Kubernetes<\/strong>.<br \/>\n\u2705 <strong>Suport pentru serviciile Remote Desktop (RDS)<\/strong> - Accesa\u021bi \u00een siguran\u021b\u0103 sta\u021biile de lucru de la distan\u021b\u0103 cu <strong>RDS CALs<\/strong>.<\/p>\n<h3><strong>Cerin\u021be minime de sistem<\/strong><\/h3>\n<ul>\n<li><strong>Procesor<\/strong>: Procesor pe 64 de bi\u021bi de 1,4 GHz cu <strong>arhitectur\u0103 x64<\/strong><\/li>\n<li><strong>RAM<\/strong>: 2 GB (experien\u021b\u0103 desktop) \/ 512 MB (Server Core)<\/li>\n<li><strong>Depozitare<\/strong>: 36 GB spa\u021biu liber minim<\/li>\n<li><strong>Grafic\u0103<\/strong>: DirectX 9 compatibil cu <strong>Driver WDDM 1.0<\/strong><\/li>\n<li><strong>Afi\u0219aj<\/strong>: Rezolu\u021bie 1024\u00d7768 sau mai mare<\/li>\n<li><strong>Re\u021bea<\/strong>: Adaptor Gigabit Ethernet<\/li>\n<li><strong>Firmware<\/strong>: UEFI 2.3.1c cu capacitate Secure Boot (recomandat)<\/li>\n<li><strong>Conexiune la internet<\/strong>: Necesar pentru actualiz\u0103ri \u0219i activare<\/li>\n<\/ul>\n<h3><strong>De ce s\u0103 alege\u021bi Windows Server 2022 Standard?<\/strong><\/h3>\n<p>\ud83d\udd39 <strong>Perfect pentru \u00eentreprinderile mici \u0219i mijlocii<\/strong> - Scalabil, rentabil \u0219i optimizat pentru volumele de lucru zilnice.<br \/>\n\ud83d\udd39 <strong>Securitate \u0219i conformitate puternice<\/strong> - <strong>Server Secured-Core<\/strong> asigur\u0103 protec\u021bia \u00eempotriva amenin\u021b\u0103rilor moderne.<br \/>\n\ud83d\udd39 <strong>Infrastructur\u0103 preg\u0103tit\u0103 pentru cloud<\/strong> - <strong>Capacit\u0103\u021bi hibride Azure<\/strong> extinde\u021bi-v\u0103 serverul \u00een cloud.<br \/>\n\ud83d\udd39 <strong>Suport fiabil pentru virtualizare<\/strong> - Permite <strong>dou\u0103 ma\u0219ini virtuale<\/strong> pentru o mai bun\u0103 gestionare a resurselor.<br \/>\n\ud83d\udd39 <strong>Re\u021bele \u0219i acces la distan\u021b\u0103 \u00eembun\u0103t\u0103\u021bite<\/strong> - <strong>SMB peste QUIC \u0219i RDS<\/strong> permite munca la distan\u021b\u0103 \u00een condi\u021bii de siguran\u021b\u0103.<\/p>\n<p>Actualiza\u021bi la <strong>Windows Server 2022 Standard<\/strong> ast\u0103zi \u0219i <strong>\u00eembun\u0103t\u0103\u021bi\u021bi-v\u0103 afacerea cu performan\u021b\u0103, securitate \u0219i scalabilitate<\/strong>! \ud83c\udfe2\ud83d\udd12\u26a1<\/p>","protected":false},"excerpt":{"rendered":"<p>Windows Server 2022 Standard \u2013 Secure, Reliable, and Optimized for Business Workloads Description Windows Server 2022 Standard is a high-performance, secure, and versatile server operating system designed for small to medium-sized businesses and organizations. It offers robust security, hybrid cloud capabilities, and improved application performance while providing support for virtualization, remote work, and cloud integration. [&hellip;]<\/p>","protected":false},"featured_media":1027,"comment_status":"open","ping_status":"closed","template":"","meta":{"_gspb_post_css":""},"product_brand":[],"product_cat":[81],"product_tag":[82],"class_list":{"0":"post-1001","1":"product","2":"type-product","3":"status-publish","4":"has-post-thumbnail","6":"product_cat-server","7":"product_tag-server","9":"first","10":"instock","11":"shipping-taxable","12":"product-type-external"},"_links":{"self":[{"href":"https:\/\/keysdock.tajnaveza.net\/ro\/wp-json\/wp\/v2\/product\/1001","targetHints":{"allow":["GET"]}}],"collection":[{"href":"https:\/\/keysdock.tajnaveza.net\/ro\/wp-json\/wp\/v2\/product"}],"about":[{"href":"https:\/\/keysdock.tajnaveza.net\/ro\/wp-json\/wp\/v2\/types\/product"}],"replies":[{"embeddable":true,"href":"https:\/\/keysdock.tajnaveza.net\/ro\/wp-json\/wp\/v2\/comments?post=1001"}],"wp:featuredmedia":[{"embeddable":true,"href":"https:\/\/keysdock.tajnaveza.net\/ro\/wp-json\/wp\/v2\/media\/1027"}],"wp:attachment":[{"href":"https:\/\/keysdock.tajnaveza.net\/ro\/wp-json\/wp\/v2\/media?parent=1001"}],"wp:term":[{"taxonomy":"product_brand","embeddable":true,"href":"https:\/\/keysdock.tajnaveza.net\/ro\/wp-json\/wp\/v2\/product_brand?post=1001"},{"taxonomy":"product_cat","embeddable":true,"href":"https:\/\/keysdock.tajnaveza.net\/ro\/wp-json\/wp\/v2\/product_cat?post=1001"},{"taxonomy":"product_tag","embeddable":true,"href":"https:\/\/keysdock.tajnaveza.net\/ro\/wp-json\/wp\/v2\/product_tag?post=1001"}],"curies":[{"name":"wp","href":"https:\/\/api.w.org\/{rel}","templated":true}]}}