{"id":1002,"date":"2025-03-15T21:08:07","date_gmt":"2025-03-15T21:08:07","guid":{"rendered":"https:\/\/keysdock.com\/?post_type=product&#038;p=1002"},"modified":"2025-10-19T07:36:37","modified_gmt":"2025-10-19T07:36:37","slug":"windows-server-2022-datacenter-key-licenta","status":"publish","type":"product","link":"https:\/\/keysdock.tajnaveza.net\/ro\/produs\/windows-server-2022-datacenter-key-licenta\/","title":{"rendered":"Windows Server 2022 Datacenter Product Key Licenta"},"content":{"rendered":"<p><strong>Cump\u0103r\u0103 licen\u021ba Windows Server 2022 Datacenter la cel mai bun pre\u0163 \u2013 activare pe via\u0163\u0103 garantat\u0103.<\/strong><\/p>\n<h3><strong>Descriere<\/strong><\/h3>\n<p>Windows Server 2022 Datacenter este un <strong>de \u00eenalt\u0103 performan\u021b\u0103, foarte sigure \u0219i scalabile<\/strong> sistem de operare pentru servere conceput pentru \u00eentreprinderi, centre de date \u0219i companii care necesit\u0103 <strong>virtualizare avansat\u0103, integrare \u00een cloud hibrid \u0219i securitate sporit\u0103<\/strong>. Construit pentru <strong>sarcini de lucru la cerere ridicat\u0103<\/strong>, aceast\u0103 edi\u021bie ofer\u0103 <strong>drepturi nelimitate de virtualizare<\/strong>, <strong>infrastructur\u0103 hiperconvergent\u0103 (HCI)<\/strong> sprijin \u0219i <strong>capabilit\u0103\u021bi cloud-ready<\/strong> pentru a asigura opera\u021biuni f\u0103r\u0103 \u00eentreruperi \u00een mediile IT moderne.<\/p>\n<h3><strong>Caracteristici principale<\/strong><\/h3>\n<p>\u2705 <strong>Virtualizare nelimitat\u0103<\/strong> - Executa\u021bi o <strong>num\u0103r nelimitat de ma\u0219ini virtuale<\/strong> cu Hyper-V.<br \/>\n\u2705 <strong>Integrare hibrid\u0103 Azure<\/strong> - Conecta\u021bi f\u0103r\u0103 probleme serverele locale la <strong>Microsoft Azure<\/strong>.<br \/>\n\u2705 <strong>Securitate avansat\u0103 cu Secured-Core Server<\/strong> - Include <strong>Windows Defender ATP<\/strong>, <strong>boot securizat<\/strong>, \u0219i <strong>protec\u021bie firmware<\/strong>.<br \/>\n\u2705 <strong>Hotpatching<\/strong> - Aplica\u021bi actualiz\u0103rile de securitate <strong>f\u0103r\u0103 repornire<\/strong>, reduc\u00e2nd timpii mor\u021bi.<br \/>\n\u2705 <strong>Serviciul de migrare a stoc\u0103rii<\/strong> - <strong>Migrare u\u0219oar\u0103<\/strong> servere de fi\u0219iere de la <strong>versiuni mai vechi<\/strong> la Windows Server 2022.<br \/>\n\u2705 <strong>Re\u021bele definite de software (SDN)<\/strong> - Avansat <strong>securitatea, performan\u021ba \u0219i automatizarea re\u021belelor<\/strong>.<br \/>\n\u2705 <strong>Hyper-V \u0219i ma\u0219ini virtuale protejate<\/strong> - Proteja\u021bi <strong>Sarcini de lucru VM<\/strong> \u00eempotriva accesului neautorizat \u0219i a falsific\u0103rii.<br \/>\n\u2705 <strong>Centrul de administrare Windows<\/strong> - O interfa\u021b\u0103 centralizat\u0103, bazat\u0103 pe browser, pentru <strong>gestionarea serverelor<\/strong>.<br \/>\n\u2705 <strong>Disponibilitate ridicat\u0103 \u0219i recuperare \u00een caz de dezastru<\/strong> - Built-in <strong>failover clustering \u0219i replicare<\/strong> pentru un serviciu ne\u00eentrerupt.<br \/>\n\u2705 <strong>Containerizare \u00eembun\u0103t\u0103\u021bit\u0103<\/strong> - Suporturi <strong>Containere Windows \u0219i Kubernetes<\/strong> pentru aplica\u021bii native \u00een cloud.<br \/>\n\u2705 <strong>Stocare \u0219i deduplicare \u00eembun\u0103t\u0103\u021bit\u0103 a fi\u0219ierelor<\/strong> - Gestionarea eficient\u0103 a stoc\u0103rii cu <strong>ReFS \u0219i Storage Spaces Direct (S2D)<\/strong>.<\/p>\n<h3><strong>Cerin\u021be minime de sistem<\/strong><\/h3>\n<ul>\n<li><strong>Procesor<\/strong>: Procesor pe 64 de bi\u021bi de 1,4 GHz cu <strong>arhitectur\u0103 x64<\/strong><\/li>\n<li><strong>RAM<\/strong>: 2 GB (experien\u021b\u0103 desktop) \/ 512 MB (Server Core)<\/li>\n<li><strong>Depozitare<\/strong>: 36 GB spa\u021biu liber minim<\/li>\n<li><strong>Grafic\u0103<\/strong>: DirectX 9 compatibil cu <strong>Driver WDDM 1.0<\/strong><\/li>\n<li><strong>Afi\u0219aj<\/strong>: Rezolu\u021bie 1024\u00d7768 sau mai mare<\/li>\n<li><strong>Re\u021bea<\/strong>: Adaptor Gigabit Ethernet<\/li>\n<li><strong>Firmware<\/strong>: UEFI 2.3.1c cu capacitate Secure Boot (recomandat)<\/li>\n<li><strong>Conexiune la internet<\/strong>: Necesar pentru actualiz\u0103ri \u0219i activare<\/li>\n<\/ul>\n<h3><strong>De ce s\u0103 alege\u021bi Windows Server 2022 Datacenter?<\/strong><\/h3>\n<p>\ud83d\udd39 <strong>Cel mai bun pentru \u00eentreprinderi \u0219i centre de date<\/strong> - Conceput pentru <strong>sarcini de lucru de \u00eenalt\u0103 performan\u021b\u0103<\/strong> \u0219i <strong>medii cu virtualizare intens\u0103<\/strong>.<br \/>\n\ud83d\udd39 <strong>Drepturi de virtualizare nelimitate<\/strong> - The <strong>Edi\u021bia Datacenter<\/strong> permite <strong>nelimitat<\/strong> VM-uri, ceea ce \u00eel face rentabil pentru opera\u021biunile la scar\u0103 larg\u0103.<br \/>\n\ud83d\udd39 <strong>Nivelul urm\u0103tor de securitate<\/strong> - <strong>Secured-Core<\/strong> protec\u021bie, <strong>Windows Defender<\/strong>, \u0219i <strong>Protec\u021bia avansat\u0103 \u00eempotriva amenin\u021b\u0103rilor (ATP)<\/strong>.<br \/>\n\ud83d\udd39 <strong>Hibrid Cloud-Ready<\/strong> - <strong>Integrare Azure<\/strong> pentru scalabilitate cloud \u0219i infrastructur\u0103 hibrid\u0103.<br \/>\n\ud83d\udd39 <strong>Disponibilitate ridicat\u0103 \u0219i continuitate a activit\u0103\u021bii<\/strong> - <strong>Failover clustering, replicare \u0219i SDN<\/strong> asigur\u0103 un timp minim de inactivitate.<\/p>\n<p>Actualiza\u021bi la <strong>Windows Server 2022 Datacenter<\/strong> ast\u0103zi \u0219i experimenta\u021bi <strong>securitate, performan\u021b\u0103 \u0219i scalabilitate de neegalat<\/strong> pentru volumele de lucru IT moderne! \ud83c\udfe2\ud83d\udd12\u26a1<\/p>","protected":false},"excerpt":{"rendered":"<p>Windows Server 2022 Datacenter \u2013 The Ultimate Enterprise-Grade Server Solution Description Windows Server 2022 Datacenter is a high-performance, highly secure, and scalable server operating system designed for enterprises, data centers, and businesses requiring advanced virtualization, hybrid cloud integration, and enhanced security. Built for high-demand workloads, this edition provides unlimited virtualization rights, hyper-converged infrastructure (HCI) support, [&hellip;]<\/p>","protected":false},"featured_media":1028,"comment_status":"open","ping_status":"closed","template":"","meta":{"_gspb_post_css":""},"product_brand":[],"product_cat":[81],"product_tag":[82],"class_list":{"0":"post-1002","1":"product","2":"type-product","3":"status-publish","4":"has-post-thumbnail","6":"product_cat-server","7":"product_tag-server","9":"first","10":"instock","11":"shipping-taxable","12":"product-type-external"},"_links":{"self":[{"href":"https:\/\/keysdock.tajnaveza.net\/ro\/wp-json\/wp\/v2\/product\/1002","targetHints":{"allow":["GET"]}}],"collection":[{"href":"https:\/\/keysdock.tajnaveza.net\/ro\/wp-json\/wp\/v2\/product"}],"about":[{"href":"https:\/\/keysdock.tajnaveza.net\/ro\/wp-json\/wp\/v2\/types\/product"}],"replies":[{"embeddable":true,"href":"https:\/\/keysdock.tajnaveza.net\/ro\/wp-json\/wp\/v2\/comments?post=1002"}],"wp:featuredmedia":[{"embeddable":true,"href":"https:\/\/keysdock.tajnaveza.net\/ro\/wp-json\/wp\/v2\/media\/1028"}],"wp:attachment":[{"href":"https:\/\/keysdock.tajnaveza.net\/ro\/wp-json\/wp\/v2\/media?parent=1002"}],"wp:term":[{"taxonomy":"product_brand","embeddable":true,"href":"https:\/\/keysdock.tajnaveza.net\/ro\/wp-json\/wp\/v2\/product_brand?post=1002"},{"taxonomy":"product_cat","embeddable":true,"href":"https:\/\/keysdock.tajnaveza.net\/ro\/wp-json\/wp\/v2\/product_cat?post=1002"},{"taxonomy":"product_tag","embeddable":true,"href":"https:\/\/keysdock.tajnaveza.net\/ro\/wp-json\/wp\/v2\/product_tag?post=1002"}],"curies":[{"name":"wp","href":"https:\/\/api.w.org\/{rel}","templated":true}]}}