{"id":1116,"date":"2025-03-16T10:34:08","date_gmt":"2025-03-16T10:34:08","guid":{"rendered":"https:\/\/keysdock.com\/?post_type=product&#038;p=1116"},"modified":"2025-10-19T07:44:02","modified_gmt":"2025-10-19T07:44:02","slug":"office-2021-professional-plus-key-licenta","status":"publish","type":"product","link":"https:\/\/keysdock.tajnaveza.net\/ro\/produs\/office-2021-professional-plus-key-licenta\/","title":{"rendered":"Office 2021 Professional Plus Product Key Licenta"},"content":{"rendered":"<p><strong>Microsoft Office 2021 Professional Plus - Cea mai bun\u0103 suit\u0103 de productivitate pentru \u00eentreprinderi \u0219i profesioni\u0219ti<\/strong><\/p>\n<h3><strong>Descriere<\/strong><\/h3>\n<p class=\"translation-block\">Microsoft Office 2021 Professional Plus este o <strong>suit\u0103 de productivitate puternic\u0103 \u0219i bogat\u0103 \u00een func\u021bii<\/strong> conceput\u0103 pentru <strong>business-uri, \u00eentreprinderi \u0219i profesioni\u0219ti<\/strong> care au nevoie de <strong>instrumente avansate de creare de documente, analiz\u0103 de date, colaborare \u0219i comunicare<\/strong>. Cu <strong>nu necesit\u0103 abonament<\/strong>, aceast\u0103 <strong>achizi\u021bie unic\u0103<\/strong> ofer\u0103 fiabilitate \u0219i securitate pe termen lung pentru utilizatorii care prefer\u0103 o experien\u021b\u0103 stabil\u0103, offline, oferind \u00een acela\u0219i timp conectivitate cloud pentru fluxuri de lucru moderne.<\/p>\n<p class=\"translation-block\">Aceast\u0103 ultim\u0103 versiune include <strong>performan\u021be \u00eembun\u0103t\u0103\u021bite, noi instrumente de colaborare \u0219i func\u021bii bazate pe inteligen\u021b\u0103 artificial\u0103<\/strong> pentru a stimula productivitatea \u0219i a simplifica procesele de lucru.<\/p>\n<h3><strong>Aplica\u021bii incluse<\/strong><\/h3>\n<ul>\n<li class=\"translation-block\"><strong>Word 2021<\/strong> - Procesare de text \u00eembun\u0103t\u0103\u021bit\u0103 cu <strong>colaborare \u00een timp real \u0219i editare bazat\u0103 pe AI<\/strong>.<\/li>\n<li class=\"translation-block\"><strong>Excel 2021<\/strong> - Foi de calcul \u00eembun\u0103t\u0103\u021bite cu <strong>XLOOKUP, Array-uri dinamice \u0219i Power Query &amp; PivotTables<\/strong> \u00eembun\u0103t\u0103\u021bite.<\/li>\n<li class=\"translation-block\"><strong>PowerPoint 2021<\/strong> - Crea\u021bi prezent\u0103ri uimitoare cu <strong>Tranzi\u021bie morph, anima\u021bii \u00eembun\u0103t\u0103\u021bite \u0219i co-autorat<\/strong>.<\/li>\n<li class=\"translation-block\"><strong>Outlook 2021<\/strong> - Gestionare mai inteligent\u0103 a e-mailului \u0219i a calendarului cu <strong>cercetare mai bun\u0103, c\u0103su\u021b\u0103 de primire concentrat\u0103 \u0219i @men\u021biuni<\/strong>.<\/li>\n<li class=\"translation-block\"><strong>Access 2021<\/strong> - Un instrument puternic de gestionare a bazelor de date pentru <strong>stocarea, analizarea \u0219i raportarea datelor<\/strong>.<\/li>\n<li class=\"translation-block\"><strong>Publisher 2021<\/strong> - Proiecta\u021bi <strong>materiale de marketing, bro\u0219uri \u0219i publica\u021bii<\/strong> profesionale.<\/li>\n<li class=\"translation-block\"><strong>OneNote 2021<\/strong> - Un notebook digital cu <strong>sincronizare \u00een cloud pentru organizare \u0219i luare de noti\u021be<\/strong>.<\/li>\n<li class=\"translation-block\"><b>Teams - <\/b>un spa\u021biu de lucru<b> pentru colaborare <\/b>\u0219i comunicare \u00een timp real, \u00eent\u00e2lniri, partajare de fi\u0219iere \u0219i aplica\u021bii.<\/li>\n<\/ul>\n<h3><strong>Caracteristici principale<\/strong><\/h3>\n<p class=\"translation-block\">\u2705 <strong>Achizi\u021bie unic\u0103, f\u0103r\u0103 abonament<\/strong> - <strong>De\u021bine\u021bi Office 2021 permanent<\/strong> f\u0103r\u0103 costuri recurente.<br>\r\n\u2705 <strong>Real-Time Co-Authoring<\/strong> - Lucra\u021bi la documente <strong>simultan cu colegii<\/strong> folosind colaborarea live.<br>\r\n\u2705 <strong>Performan\u021b\u0103 \u0219i vitez\u0103 \u00eembun\u0103t\u0103\u021bite<\/strong> - Timpi mai rapizi de lansare a aplica\u021biei \u0219i stabilitate \u00eembun\u0103t\u0103\u021bit\u0103.<br>\r\n\u2705 <strong>Op\u021biuni de stocare local\u0103 \u0219i \u00een cloud<\/strong> - Salva\u021bi documentele <strong>localmente sau prin OneDrive, SharePoint \u0219i Teams<\/strong>.<br>\r\n\u2705 <strong>Unelte Excel avansate<\/strong> - <strong>Func\u021bii noi (XLOOKUP, LET \u0219i Dynamic Arrays) \u0219i tabele pivot mai bune<\/strong>.<br>\r\n\u2705 <strong>Interfa\u021b\u0103 utilizator modernizat\u0103<\/strong> - Un aspect curat, re\u00eemprosp\u0103tat, cu <strong>mijloace de navigare \u0219i accesibilitate \u00eembun\u0103t\u0103\u021bite<\/strong>.<br>\r\n\u2705 <strong>Gestionare mai inteligent\u0103 a e-mailului \u0219i calendarului<\/strong> - <strong>Filtrare mai bun\u0103 a e-mailurilor, asistent de planificare \u0219i instrument de traducere Outlook<\/strong>.<br>\r\n\u2705 <strong>PowerPoint Upgrades<\/strong> - <strong>Ink Replay, \u00eenregistrare diapozitive \u00eembun\u0103t\u0103\u021bit\u0103 \u0219i export video 4K<\/strong>.<br>\r\n\u2705 <strong>Securitate \u0219i conformitate \u00eembun\u0103t\u0103\u021bite<\/strong> - <strong>Prevenirea pierderii datelor (DLP), autentificarea cu mai mul\u021bi factori \u0219i criptarea avansat\u0103<\/strong>.<br>\r\n\u2705 <strong>Better Dark Mode Support<\/strong> - Reduce\u021bi oboseala ochilor cu <strong>modul \u00eentunecat \u00eembun\u0103t\u0103\u021bit \u00een toate aplica\u021biile Office<\/strong>.<\/p>\n<h3><strong>Cerin\u021be minime de sistem<\/strong><\/h3>\n<ul>\n<li class=\"translation-block\"><strong>Procesor<\/strong>: 1,6 GHz sau mai rapid, procesor dual-core<\/li>\n<li class=\"translation-block\"><strong>RAM<\/strong>: 4 GB (64 de bi\u021bi) \/ 2 GB (32 de bi\u021bi)<\/li>\n<li class=\"translation-block\"><strong>Storage<\/strong>: 4 GB spa\u021biu disponibil pe disc<\/li>\n<li class=\"translation-block\"><strong>Display<\/strong>: rezolu\u021bie 1280\u00d7768 sau mai mare<\/li>\n<li class=\"translation-block\"><strong>Sistem de operare<\/strong>: Windows 10, Windows 11, Windows Server 2019\/2022<\/li>\n<li class=\"translation-block\"><strong>Graphics<\/strong>: DirectX 9 sau ulterior cu driver WDDM 2.0+<\/li>\n<li class=\"translation-block\"><strong>Conectare la internet<\/strong>: Necesar\u0103 pentru activare, actualiz\u0103ri \u0219i servicii cloud<\/li>\n<\/ul>\n<h3><strong>De ce s\u0103 alege\u021bi Microsoft Office 2021 Professional Plus?<\/strong><\/h3>\n<p class=\"translation-block\">\ud83d\udd39 <strong>Perfect pentru afaceri \u0219i \u00eentreprinderi<\/strong> - O suit\u0103 complet\u0103 pentru <strong>crearea de documente, gestionarea datelor \u0219i comunicare<\/strong>.<br>\r\n\ud83d\udd39 <strong>F\u0103r\u0103 taxe recurente<\/strong> - <strong>O singur\u0103 achizi\u021bie pentru utilizare pe via\u021b\u0103<\/strong> f\u0103r\u0103 abonamente.<br>\r\n\ud83d\udd39 <strong>Colaborare continu\u0103 \u0219i acces la cloud<\/strong> - Lucra\u021bi eficient cu integrarea <strong>OneDrive, SharePoint \u0219i Teams<\/strong>.<br>\r\n\ud83d\udd39 <strong>Func\u021bii avansate Excel &amp; PowerPoint<\/strong> - Cre\u0219te\u021bi productivitatea cu <strong>func\u021bii noi \u0219i instrumente vizuale \u00eembun\u0103t\u0103\u021bite<\/strong>.<br>\r\n\ud83d\udd39 <strong>Securitate \u0219i fiabilitate<\/strong> - <strong>Securitate de nivel enterprise \u0219i instrumente de conformitate<\/strong> pentru a proteja datele de afaceri sensibile.<\/p>\n<p class=\"translation-block\">Actualiza\u021bi ast\u0103zi la <strong>Microsoft Office 2021 Professional Plus<\/strong> \u0219i bucura\u021bi-v\u0103 de <strong>o experien\u021b\u0103 de productivitate rapid\u0103, sigur\u0103 \u0219i puternic\u0103<\/strong> pentru nevoile de afaceri moderne! \ud83d\ude80\ud83d\udcbb\ud83d\udcca<\/p>","protected":false},"excerpt":{"rendered":"<p>Microsoft Office 2021 Professional Plus \u2013 The Ultimate Productivity Suite for Businesses &amp; Professionals Description Microsoft Office 2021 Professional Plus is a powerful and feature-rich productivity suite designed for businesses, enterprises, and professionals who need advanced document creation, data analysis, collaboration, and communication tools. With no subscription required, this one-time purchase provides long-term reliability and [&hellip;]<\/p>","protected":false},"featured_media":1081,"comment_status":"open","ping_status":"closed","template":"","meta":{"_gspb_post_css":""},"product_brand":[],"product_cat":[62],"product_tag":[63],"class_list":{"0":"post-1116","1":"product","2":"type-product","3":"status-publish","4":"has-post-thumbnail","6":"product_cat-office","7":"product_tag-office-pc","9":"first","10":"instock","11":"shipping-taxable","12":"product-type-external"},"_links":{"self":[{"href":"https:\/\/keysdock.tajnaveza.net\/ro\/wp-json\/wp\/v2\/product\/1116","targetHints":{"allow":["GET"]}}],"collection":[{"href":"https:\/\/keysdock.tajnaveza.net\/ro\/wp-json\/wp\/v2\/product"}],"about":[{"href":"https:\/\/keysdock.tajnaveza.net\/ro\/wp-json\/wp\/v2\/types\/product"}],"replies":[{"embeddable":true,"href":"https:\/\/keysdock.tajnaveza.net\/ro\/wp-json\/wp\/v2\/comments?post=1116"}],"wp:featuredmedia":[{"embeddable":true,"href":"https:\/\/keysdock.tajnaveza.net\/ro\/wp-json\/wp\/v2\/media\/1081"}],"wp:attachment":[{"href":"https:\/\/keysdock.tajnaveza.net\/ro\/wp-json\/wp\/v2\/media?parent=1116"}],"wp:term":[{"taxonomy":"product_brand","embeddable":true,"href":"https:\/\/keysdock.tajnaveza.net\/ro\/wp-json\/wp\/v2\/product_brand?post=1116"},{"taxonomy":"product_cat","embeddable":true,"href":"https:\/\/keysdock.tajnaveza.net\/ro\/wp-json\/wp\/v2\/product_cat?post=1116"},{"taxonomy":"product_tag","embeddable":true,"href":"https:\/\/keysdock.tajnaveza.net\/ro\/wp-json\/wp\/v2\/product_tag?post=1116"}],"curies":[{"name":"wp","href":"https:\/\/api.w.org\/{rel}","templated":true}]}}