{"id":938,"date":"2025-03-15T21:07:21","date_gmt":"2025-03-15T21:07:21","guid":{"rendered":"https:\/\/keysdock.com\/?post_type=product&#038;p=938"},"modified":"2025-10-19T07:31:27","modified_gmt":"2025-10-19T07:31:27","slug":"windows-10-enterprise-key-licenta","status":"publish","type":"product","link":"https:\/\/keysdock.tajnaveza.net\/ro\/produs\/windows-10-enterprise-key-licenta\/","title":{"rendered":"Windows 10 Enterprise Product Key Licenta"},"content":{"rendered":"<p><strong>Windows 10 Enterprise - Solu\u021bia suprem\u0103 pentru afaceri \u0219i securitate<\/strong><\/p>\n<h3><strong>Descriere<\/strong><\/h3>\n<p>Windows 10 Enterprise este un sistem de operare puternic, sigur \u0219i scalabil, conceput pentru \u00eentreprinderi, corpora\u021bii \u0219i profesioni\u0219ti IT. Cu <strong>func\u021bii avansate de securitate<\/strong>, <strong>instrumente de gestionare de la distan\u021b\u0103<\/strong>, \u0219i <strong>performan\u021b\u0103 de nivel enterprise<\/strong>, asigur\u0103 eficien\u021ba, conformitatea \u0219i productivitatea \u00een toate organiza\u021biile. Aceast\u0103 versiune a Windows 10 este optimizat\u0103 pentru implement\u0103ri la scar\u0103 larg\u0103, oferind administratorilor IT control total asupra actualiz\u0103rilor de sistem, politicilor de securitate \u0219i gestion\u0103rii dispozitivelor.<\/p>\n<h3><strong>Caracteristici principale<\/strong><\/h3>\n<p>\u2705 <strong>Securitate avansat\u0103 \u0219i protec\u021bie \u00eempotriva amenin\u021b\u0103rilor<\/strong> - Include <strong>Protec\u021bia avansat\u0103 \u00eempotriva amenin\u021b\u0103rilor (ATP) Windows Defender<\/strong>, <strong>Criptare BitLocker<\/strong>, \u0219i <strong>Windows Hello<\/strong> autentificare biometric\u0103.<br \/>\n\u2705 <strong>Canalul de deservire pe termen lung (LTSC)<\/strong> - Reduce\u021bi \u00eentreruperile de actualizare cu stabilitate extins\u0103 \u0219i patch-uri de securitate.<br \/>\n\u2705 <strong>Windows Autopilot<\/strong> - Simplific\u0103 configurarea \u0219i implementarea dispozitivelor pentru \u00eentreprinderi.<br \/>\n\u2705 <strong>Microsoft Defender pentru Endpoint<\/strong> - Securitate de nivel enterprise \u00eempotriva programelor malware, ransomware \u0219i amenin\u021b\u0103rilor cibernetice.<br \/>\n\u2705 <strong>Azure Active Directory \u0219i politica de grup<\/strong> - Gestionarea f\u0103r\u0103 probleme a identit\u0103\u021bii \u00een cloud \u0219i controlul centralizat al sistemului.<br \/>\n\u2705 <strong>Desktop virtual Windows \u0219i acces la distan\u021b\u0103<\/strong> - Gestiona\u021bi sta\u021biile de lucru de oriunde cu <strong>Servicii desktop la distan\u021b\u0103 (RDS)<\/strong>.<br \/>\n\u2705 <strong>Managementul aplica\u021biilor \u0219i al datelor de nivel enterprise<\/strong> - Controla\u021bi accesul, gestiona\u021bi actualiz\u0103rile \u0219i aplica\u021bi politici de securitate.<br \/>\n\u2705 <strong>Suport DirectAccess &amp; VPN<\/strong> - Conexiuni la distan\u021b\u0103 securizate pentru angaja\u021bii care lucreaz\u0103 \u00een afara biroului.<br \/>\n\u2705 <strong>Windows Sandbox \u0219i Hyper-V<\/strong> - Rula\u021bi aplica\u021bii \u00eentr-un mediu securizat \u0219i izolat pentru testare \u0219i dezvoltare.<br \/>\n\u2705 <strong>Modul Enterprise pentru aplica\u021bii vechi<\/strong> - Asigur\u0103 compatibilitatea cu aplica\u021biile de afaceri mai vechi.<\/p>\n<h3><strong>Cerin\u021be minime de sistem<\/strong><\/h3>\n<ul>\n<li><strong>Procesor<\/strong>: Procesor compatibil de 1 GHz sau mai rapid<\/li>\n<li><strong>RAM<\/strong>: 2 GB (64 bi\u021bi) \/ 1 GB (32 bi\u021bi)<\/li>\n<li><strong>Depozitare<\/strong>: 20 GB (64 bi\u021bi) \/ 16 GB (32 bi\u021bi)<\/li>\n<li><strong>Grafic\u0103<\/strong>: DirectX 9 compatibil cu driverul WDDM 1.0<\/li>\n<li><strong>Afi\u0219aj<\/strong>: Rezolu\u021bie 800\u00d7600 sau mai mare<\/li>\n<li><strong>Conexiune la internet<\/strong>: Necesar pentru activare, actualiz\u0103ri \u0219i caracteristici enterprise<\/li>\n<\/ul>\n<h3><strong>De ce s\u0103 alege\u021bi Windows 10 Enterprise?<\/strong><\/h3>\n<p>\ud83d\udd39 <strong>Ideal pentru \u00eentreprinderi mari \u0219i departamente IT<\/strong> - Instrumente de securitate, gestionare \u0219i implementare scalabile.<br \/>\n\ud83d\udd39 <strong>Securitate \u0219i conformitate supreme<\/strong> - Protejeaz\u0103 \u00eempotriva amenin\u021b\u0103rilor cibernetice moderne cu solu\u021bii de securitate de nivel enterprise.<br \/>\n\ud83d\udd39 <strong>Implementare \u0219i actualiz\u0103ri flexibile<\/strong> - Controla\u021bi ciclurile de actualizare \u0219i modific\u0103rile sistemului pentru a men\u021bine productivitatea.<br \/>\n\ud83d\udd39 <strong>Integrare perfect\u0103 cu software-ul de afaceri<\/strong> - Optimizat pentru <strong>Microsoft 365, Azure \u0219i servicii cloud<\/strong>.<\/p>\n<p>Actualiza\u021bi la <strong>Windows 10 Enterprise<\/strong> pentru o <strong>sigur, stabil \u0219i eficient<\/strong> mediu de calcul adaptat pentru <strong>organiza\u021bii mari<\/strong> \u0219i <strong>Profesioni\u0219ti IT<\/strong>! \ud83c\udfe2\ud83d\udd12\ud83d\ude80<\/p>","protected":false},"excerpt":{"rendered":"<p>Windows 10 Enterprise \u2013 The Ultimate Solution for Business &amp; Security Description Windows 10 Enterprise is a powerful, secure, and scalable operating system designed for businesses, corporations, and IT professionals. With advanced security features, remote management tools, and enterprise-grade performance, it ensures efficiency, compliance, and productivity across organizations. This version of Windows 10 is optimized [&hellip;]<\/p>","protected":false},"featured_media":957,"comment_status":"open","ping_status":"closed","template":"","meta":{"_gspb_post_css":""},"product_brand":[],"product_cat":[56],"product_tag":[57],"class_list":{"0":"post-938","1":"product","2":"type-product","3":"status-publish","4":"has-post-thumbnail","6":"product_cat-operating-system","7":"product_tag-windows-10","9":"first","10":"instock","11":"shipping-taxable","12":"product-type-external"},"_links":{"self":[{"href":"https:\/\/keysdock.tajnaveza.net\/ro\/wp-json\/wp\/v2\/product\/938","targetHints":{"allow":["GET"]}}],"collection":[{"href":"https:\/\/keysdock.tajnaveza.net\/ro\/wp-json\/wp\/v2\/product"}],"about":[{"href":"https:\/\/keysdock.tajnaveza.net\/ro\/wp-json\/wp\/v2\/types\/product"}],"replies":[{"embeddable":true,"href":"https:\/\/keysdock.tajnaveza.net\/ro\/wp-json\/wp\/v2\/comments?post=938"}],"wp:featuredmedia":[{"embeddable":true,"href":"https:\/\/keysdock.tajnaveza.net\/ro\/wp-json\/wp\/v2\/media\/957"}],"wp:attachment":[{"href":"https:\/\/keysdock.tajnaveza.net\/ro\/wp-json\/wp\/v2\/media?parent=938"}],"wp:term":[{"taxonomy":"product_brand","embeddable":true,"href":"https:\/\/keysdock.tajnaveza.net\/ro\/wp-json\/wp\/v2\/product_brand?post=938"},{"taxonomy":"product_cat","embeddable":true,"href":"https:\/\/keysdock.tajnaveza.net\/ro\/wp-json\/wp\/v2\/product_cat?post=938"},{"taxonomy":"product_tag","embeddable":true,"href":"https:\/\/keysdock.tajnaveza.net\/ro\/wp-json\/wp\/v2\/product_tag?post=938"}],"curies":[{"name":"wp","href":"https:\/\/api.w.org\/{rel}","templated":true}]}}