{"id":939,"date":"2025-03-15T21:07:21","date_gmt":"2025-03-15T21:07:21","guid":{"rendered":"https:\/\/keysdock.com\/?post_type=product&#038;p=939"},"modified":"2025-10-19T07:31:16","modified_gmt":"2025-10-19T07:31:16","slug":"windows-11-enterprise-key-licenta","status":"publish","type":"product","link":"https:\/\/keysdock.tajnaveza.net\/ro\/produs\/windows-11-enterprise-key-licenta\/","title":{"rendered":"Windows 11 Enterprise Product Key Licenta"},"content":{"rendered":"<p><strong>Cump\u0103r\u0103 licen\u021ba Windows 11 Enterprise (retail &amp; OEM) la cel mai bun pre\u0163 \u2013 activare pe via\u0163\u0103 garantat\u0103.<\/strong><\/p>\n<h3><strong>Descriere<\/strong><\/h3>\n<p>Windows 11 Enterprise este un <strong>puternic, sigur \u0219i scalabil<\/strong> sistem de operare conceput pentru \u00eentreprinderi, corpora\u021bii \u0219i profesioni\u0219ti IT care necesit\u0103 <strong>securitate avansat\u0103, administrare de la distan\u021b\u0103 \u0219i performan\u021b\u0103 la nivel de \u00eentreprindere<\/strong>. Cu caracteristici adaptate pentru implementarea pe scar\u0103 larg\u0103, Windows 11 Enterprise ofer\u0103 <strong>securitate robust\u0103, gestionare simplificat\u0103 \u0219i integrare flexibil\u0103 \u00een cloud<\/strong> pentru a v\u0103 men\u021bine organiza\u021bia productiv\u0103 \u0219i protejat\u0103 \u00eempotriva amenin\u021b\u0103rilor cibernetice moderne.<\/p>\n<h3><strong>Caracteristici principale<\/strong><\/h3>\n<p>\u2705 <strong>Securitate \u0219i conformitate de nivel enterprise<\/strong> - Include <strong>Protec\u021bia avansat\u0103 \u00eempotriva amenin\u021b\u0103rilor (ATP) Windows Defender<\/strong>, <strong>Criptare BitLocker<\/strong>, \u0219i <strong>Cadrul de securitate Zero Trust<\/strong>.<br \/>\n\u2705 <strong>Windows Autopilot \u0219i Cloud Deployment<\/strong> - Automatiza\u021bi configurarea \u0219i implementarea dispozitivelor cu <strong>gestionare IT bazat\u0103 pe cloud<\/strong>.<br \/>\n\u2705 <strong>Canalul de deservire pe termen lung (LTSC)<\/strong> - Reduce\u021bi \u00eentreruperile de actualizare, men\u021bin\u00e2nd \u00een acela\u0219i timp securitatea \u0219i stabilitatea.<br \/>\n\u2705 <strong>Microsoft Defender pentru Endpoint<\/strong> - Securitate la nivel de \u00eentreprindere \u00eempotriva <strong>ransomware, malware \u0219i amenin\u021b\u0103ri informatice<\/strong>.<br \/>\n\u2705 <strong>Azure Active Directory \u0219i politica de grup<\/strong> - <strong>Gestionarea f\u0103r\u0103 \u00eentreruperi a identit\u0103\u021bii \u0219i accesului<\/strong> pentru administratorii IT.<br \/>\n\u2705 <strong>Desktop virtual Windows \u0219i lucru la distan\u021b\u0103<\/strong> - Gestiona\u021bi sta\u021biile de lucru de la distan\u021b\u0103 cu <strong>Servicii Remote Desktop (RDS) \u00eencorporate<\/strong>.<br \/>\n\u2705 <strong>Windows Sandbox \u0219i Hyper-V<\/strong> - Rula\u021bi aplica\u021bii \u0219i ma\u0219ini virtuale \u00eentr-un <strong>izolat, sigur<\/strong> mediu.<br \/>\n\u2705 <strong>DirectAccess \u0219i VPN mereu activ<\/strong> - <strong>Conexiuni securizate la distan\u021b\u0103<\/strong> pentru angaja\u021bii care lucreaz\u0103 \u00een afara biroului.<br \/>\n\u2705 <strong>Modul Enterprise pentru aplica\u021bii vechi<\/strong> - Asigur\u0103 <strong>compatibilitate cu aplica\u021bii de afaceri mai vechi<\/strong>.<br \/>\n\u2705 <strong>Controlul avansat al dispozitivelor \u0219i aplica\u021biilor<\/strong> - Aplicarea politicilor de securitate \u0219i <strong>control acces dispozitiv<\/strong> \u00een \u00eentreaga organiza\u021bie.<br \/>\n\u2705 <strong>Windows Update pentru \u00eentreprinderi<\/strong> - <strong>Controla\u021bi actualiz\u0103rile \u0219i politicile de implementare<\/strong> pentru a evita timpii mor\u021bi.<\/p>\n<h3><strong>Cerin\u021be minime de sistem<\/strong><\/h3>\n<ul>\n<li><strong>Procesor<\/strong>: 1 GHz sau mai rapid cu peste 2 nuclee pe un procesor compatibil pe 64 de bi\u021bi sau pe un sistem pe cip (SoC)<\/li>\n<li><strong>RAM<\/strong>: 4 GB (minim)<\/li>\n<li><strong>Depozitare<\/strong>: 64 GB (spa\u021biu liber minim)<\/li>\n<li><strong>Grafic\u0103<\/strong>: DirectX 12 compatibil cu driverul WDDM 2.0<\/li>\n<li><strong>Afi\u0219aj<\/strong>: Rezolu\u021bie 720p, ecran de 9\u2033 sau mai mare<\/li>\n<li><strong>TPM<\/strong>: Este necesar\u0103 versiunea 2.0 a TPM (Trusted Platform Module)<\/li>\n<li><strong>Secure Boot \u0219i Firmware UEFI<\/strong>: Necesar pentru securitate avansat\u0103<\/li>\n<li><strong>Conexiune la internet<\/strong>: Necesar pentru activare, actualiz\u0103ri \u0219i servicii cloud Microsoft<\/li>\n<\/ul>\n<h3><strong>De ce s\u0103 alege\u021bi Windows 11 Enterprise?<\/strong><\/h3>\n<p>\ud83d\udd39 <strong>Conceput pentru \u00eentreprinderi mari \u0219i profesioni\u0219ti IT<\/strong> - Nivel de \u00eentreprindere <strong>securitate, gestionare \u0219i scalabilitate<\/strong>.<br \/>\n\ud83d\udd39 <strong>Cea mai bun\u0103 securitate din clasa sa<\/strong> - Protejeaz\u0103 datele de afaceri sensibile cu <strong>BitLocker, Secure Boot \u0219i Advanced Threat Protection<\/strong>.<br \/>\n\ud83d\udd39 <strong>Optimizarea muncii \u00een cloud \u0219i hibride<\/strong> - Integrare complet\u0103 cu <strong>Microsoft 365, Azure \u0219i gestionarea IT bazat\u0103 pe cloud<\/strong>.<br \/>\n\ud83d\udd39 <strong>Implementare flexibil\u0103 \u0219i scalabil\u0103<\/strong> - Implementa\u021bi cu u\u0219urin\u021b\u0103 \u0219i <strong>gestiona\u021bi mai multe dispozitive<\/strong> cu <strong>Autopilot \u0219i politica de grup<\/strong>.<br \/>\n\ud83d\udd39 <strong>Construit pentru viitor<\/strong> - <strong>Capacit\u0103\u021bi de securitate, conformitate \u0219i lucru la distan\u021b\u0103 de nivel enterprise<\/strong>.<\/p>\n<p>Actualiza\u021bi la <strong>Windows 11 Enterprise<\/strong> pentru cele mai <strong>sigur, eficient \u0219i scalabil<\/strong> experien\u021b\u0103 de calcul \u00een afaceri! \ud83c\udfe2\ud83d\udd12\ud83d\ude80<\/p>","protected":false},"excerpt":{"rendered":"<p>Windows 11 Enterprise \u2013 The Ultimate Business-Grade Operating System Description Windows 11 Enterprise is a powerful, secure, and scalable operating system designed for businesses, corporations, and IT professionals who require advanced security, remote management, and enterprise-level performance. With features tailored for large-scale deployment, Windows 11 Enterprise provides robust security, streamlined management, and flexible cloud integration [&hellip;]<\/p>","protected":false},"featured_media":958,"comment_status":"open","ping_status":"closed","template":"","meta":{"_gspb_post_css":""},"product_brand":[],"product_cat":[56],"product_tag":[60],"class_list":{"0":"post-939","1":"product","2":"type-product","3":"status-publish","4":"has-post-thumbnail","6":"product_cat-operating-system","7":"product_tag-windows-11","9":"first","10":"instock","11":"shipping-taxable","12":"product-type-external"},"_links":{"self":[{"href":"https:\/\/keysdock.tajnaveza.net\/ro\/wp-json\/wp\/v2\/product\/939","targetHints":{"allow":["GET"]}}],"collection":[{"href":"https:\/\/keysdock.tajnaveza.net\/ro\/wp-json\/wp\/v2\/product"}],"about":[{"href":"https:\/\/keysdock.tajnaveza.net\/ro\/wp-json\/wp\/v2\/types\/product"}],"replies":[{"embeddable":true,"href":"https:\/\/keysdock.tajnaveza.net\/ro\/wp-json\/wp\/v2\/comments?post=939"}],"wp:featuredmedia":[{"embeddable":true,"href":"https:\/\/keysdock.tajnaveza.net\/ro\/wp-json\/wp\/v2\/media\/958"}],"wp:attachment":[{"href":"https:\/\/keysdock.tajnaveza.net\/ro\/wp-json\/wp\/v2\/media?parent=939"}],"wp:term":[{"taxonomy":"product_brand","embeddable":true,"href":"https:\/\/keysdock.tajnaveza.net\/ro\/wp-json\/wp\/v2\/product_brand?post=939"},{"taxonomy":"product_cat","embeddable":true,"href":"https:\/\/keysdock.tajnaveza.net\/ro\/wp-json\/wp\/v2\/product_cat?post=939"},{"taxonomy":"product_tag","embeddable":true,"href":"https:\/\/keysdock.tajnaveza.net\/ro\/wp-json\/wp\/v2\/product_tag?post=939"}],"curies":[{"name":"wp","href":"https:\/\/api.w.org\/{rel}","templated":true}]}}