{"id":941,"date":"2025-03-15T21:07:21","date_gmt":"2025-03-15T21:07:21","guid":{"rendered":"https:\/\/keysdock.com\/?post_type=product&#038;p=941"},"modified":"2025-10-19T07:30:36","modified_gmt":"2025-10-19T07:30:36","slug":"office-2016-professional-plus-key-licenta","status":"publish","type":"product","link":"https:\/\/keysdock.tajnaveza.net\/ro\/produs\/office-2016-professional-plus-key-licenta\/","title":{"rendered":"Office 2016 Professional Plus Product Key Licenta"},"content":{"rendered":"<p><strong>Microsoft Office 2016 Professional Plus - Suit\u0103 de productivitate puternic\u0103 pentru \u00eentreprinderi \u0219i profesioni\u0219ti<\/strong><\/p>\n<h3><strong>Descriere<\/strong><\/h3>\n<p>Microsoft Office 2016 Professional Plus este un <strong>suit\u0103 de productivitate cuprinz\u0103toare \u0219i eficient\u0103<\/strong> concepute pentru <strong>\u00eentreprinderi, profesioni\u0219ti \u0219i utilizatori avansa\u021bi<\/strong> care au nevoie de <strong>instrumente robuste de creare a documentelor, gestionare a datelor \u0219i comunicare<\/strong>. Cu <strong>func\u021bii de colaborare \u00eembun\u0103t\u0103\u021bite, integrare \u00een cloud \u0219i securitate \u00eembun\u0103t\u0103\u021bit\u0103<\/strong>, Office 2016 Professional Plus ajut\u0103 la eficientizarea fluxurilor de lucru \u0219i la cre\u0219terea eficien\u021bei \u00een cadrul echipelor \u0219i organiza\u021biilor.<\/p>\n<h3><strong>Aplica\u021bii incluse<\/strong><\/h3>\n<ul>\n<li><strong>Word 2016<\/strong> - Procesare avansat\u0103 de text cu noi instrumente de colaborare.<\/li>\n<li><strong>Excel 2016<\/strong> - Capacit\u0103\u021bi \u00eembun\u0103t\u0103\u021bite pentru foi de calcul cu <strong>Power Query, Power Pivot \u0219i noi tipuri de diagrame<\/strong>.<\/li>\n<li><strong>PowerPoint 2016<\/strong> - Crearea de prezent\u0103ri profesionale cu <strong>Tranzi\u021bia Morph \u0219i func\u021bia Designer<\/strong>.<\/li>\n<li><strong>Outlook 2016<\/strong> - Gestionarea \u00eembun\u0103t\u0103\u021bit\u0103 a e-mailului \u0219i a calendarului cu <strong>Inbox concentrat \u0219i c\u0103utare mai rapid\u0103<\/strong>.<\/li>\n<li><strong>Acces 2016<\/strong> - Gestionarea bazelor de date pentru urm\u0103rirea, analizarea \u0219i raportarea datelor.<\/li>\n<li><strong>Editura 2016<\/strong> - Proiecta\u021bi materiale de marketing \u0219i publica\u021bii de calitate profesional\u0103.<\/li>\n<li><strong>OneNote 2016<\/strong> - Luare de noti\u021be digital\u0103 cu <strong>sincronizare \u00een cloud pe mai multe dispozitive<\/strong>.<\/li>\n<li><strong>Skype pentru afaceri<\/strong> - Comunicare integrat\u0103 pentru apeluri video, mesagerie \u0219i \u00eent\u00e2lniri online.<\/li>\n<\/ul>\n<h3><strong>Caracteristici principale<\/strong><\/h3>\n<p>\u2705 <strong>Colaborare \u00eembun\u0103t\u0103\u021bit\u0103<\/strong> - <strong>Coautorat \u00een timp real<\/strong> \u00een Word, PowerPoint \u0219i OneNote.<br \/>\n\u2705 <strong>Integrare \u00een cloud<\/strong> - Conectivitate perfect\u0103 cu <strong>Servicii OneDrive, SharePoint \u0219i Microsoft 365<\/strong>.<br \/>\n\u2705 <strong>\u00cembun\u0103t\u0103\u021birea analizei datelor \u00een Excel<\/strong> - Noi func\u021bii, grafice \u0219i instrumente de vizualizare a datelor.<br \/>\n\u2705 <strong>Gestionarea mai bun\u0103 a e-mailurilor \u00een Outlook<\/strong> - <strong>Inbox concentrat, ata\u0219amente mai inteligente \u0219i filtrare \u00eembun\u0103t\u0103\u021bit\u0103<\/strong>.<br \/>\n\u2705 <strong>C\u0103utare inteligent\u0103<\/strong> - Integrate <strong>Instrument de cercetare bazat pe Bing<\/strong> pentru reg\u0103sirea rapid\u0103 a informa\u021biilor.<br \/>\n\u2705 <strong>Spune-mi articolul<\/strong> - A <strong>asistent de ajutor \u00eencorporat<\/strong> pentru g\u0103sirea mai rapid\u0103 a caracteristicilor.<br \/>\n\u2705 <strong>Securitate \u0219i conformitate \u00eembun\u0103t\u0103\u021bite<\/strong> - <strong>Prevenirea pierderii de date (DLP)<\/strong> \u0219i <strong>autentificare cu mai mul\u021bi factori<\/strong> pentru o securitate sporit\u0103.<br \/>\n\u2705 <strong>Panglic\u0103 \u0219i interfa\u021b\u0103 personalizabile<\/strong> - Personaliza\u021bi cu u\u0219urin\u021b\u0103 bare de instrumente \u0219i comenzi pentru o mai bun\u0103 eficien\u021b\u0103 a fluxului de lucru.<br \/>\n\u2705 <strong>Achizi\u021bie unic\u0103<\/strong> - Nu este necesar niciun abonament, ceea ce \u00eel face un <strong>solu\u021bie rentabil\u0103<\/strong> pentru \u00eentreprinderi.<\/p>\n<h3><strong>Cerin\u021be minime de sistem<\/strong><\/h3>\n<ul>\n<li><strong>Procesor<\/strong>: 1 GHz sau mai rapid, procesor x86 sau x64-bit cu set de instruc\u021biuni SSE2<\/li>\n<li><strong>RAM<\/strong>: 2 GB (32 de bi\u021bi) \/ 4 GB (64 de bi\u021bi)<\/li>\n<li><strong>Depozitare<\/strong>: 3 GB spa\u021biu disponibil pe disc<\/li>\n<li><strong>Afi\u0219aj<\/strong>: Rezolu\u021bie de 1280\u00d7800 sau mai mare<\/li>\n<li><strong>Sistem de operare<\/strong>: Windows 7, Windows 8, Windows 8.1, Windows 10, Windows Server 2008 R2, Windows Server 2012<\/li>\n<li><strong>Grafic\u0103<\/strong>: Se recomand\u0103 GPU compatibil DirectX 10<\/li>\n<li><strong>Conexiune la internet<\/strong>: Necesar pentru activare, actualiz\u0103ri \u0219i servicii online<\/li>\n<\/ul>\n<h3><strong>De ce s\u0103 alege\u021bi Microsoft Office 2016 Professional Plus?<\/strong><\/h3>\n<p>\ud83d\udd39 <strong>Perfect pentru \u00eentreprinderi \u0219i profesioni\u0219ti<\/strong> - Instrumente bogate \u00een func\u021bii pentru crearea de documente, gestionarea datelor \u0219i comunicare.<br \/>\n\ud83d\udd39 <strong>Stabil\u0103 \u0219i fiabil\u0103<\/strong> - Performan\u021b\u0103 dovedit\u0103 cu suport pe termen lung \u0219i actualiz\u0103ri de securitate.<br \/>\n\ud83d\udd39 <strong>Cloud \u0219i colaborare f\u0103r\u0103 \u00eentreruperi<\/strong> - Conecta\u021bi-v\u0103 cu <strong>OneDrive, SharePoint \u0219i Skype for Business<\/strong>.<br \/>\n\ud83d\udd39 <strong>Gestionarea avansat\u0103 a datelor \u0219i a e-mailurilor<\/strong> - <strong>Excel's Power Query, Power Pivot, \u0219i Outlook's filtrare mai inteligent\u0103<\/strong>.<br \/>\n\ud83d\udd39 <strong>Achizi\u021bie unic\u0103<\/strong> - F\u0103r\u0103 taxe recurente, oferind valoare pe termen lung pentru \u00eentreprinderi.<\/p>\n<p>Actualiza\u021bi la <strong>Microsoft Office 2016 Professional Plus<\/strong> ast\u0103zi \u0219i <strong>cre\u0219te\u021bi productivitatea cu func\u021bii avansate de management al documentelor, colaborare \u0219i securitate<\/strong>! \ud83d\ude80\ud83d\udcca\ud83d\udce7<\/p>","protected":false},"excerpt":{"rendered":"<p>Microsoft Office 2016 Professional Plus \u2013 Powerful Productivity Suite for Businesses &amp; Professionals Description Microsoft Office 2016 Professional Plus is a comprehensive and efficient productivity suite designed for businesses, professionals, and power users who need robust document creation, data management, and communication tools. With enhanced collaboration features, cloud integration, and improved security, Office 2016 Professional [&hellip;]<\/p>","protected":false},"featured_media":1079,"comment_status":"open","ping_status":"closed","template":"","meta":{"_gspb_post_css":""},"product_brand":[],"product_cat":[62],"product_tag":[63],"class_list":{"0":"post-941","1":"product","2":"type-product","3":"status-publish","4":"has-post-thumbnail","6":"product_cat-office","7":"product_tag-office-pc","9":"first","10":"instock","11":"shipping-taxable","12":"product-type-external"},"_links":{"self":[{"href":"https:\/\/keysdock.tajnaveza.net\/ro\/wp-json\/wp\/v2\/product\/941","targetHints":{"allow":["GET"]}}],"collection":[{"href":"https:\/\/keysdock.tajnaveza.net\/ro\/wp-json\/wp\/v2\/product"}],"about":[{"href":"https:\/\/keysdock.tajnaveza.net\/ro\/wp-json\/wp\/v2\/types\/product"}],"replies":[{"embeddable":true,"href":"https:\/\/keysdock.tajnaveza.net\/ro\/wp-json\/wp\/v2\/comments?post=941"}],"wp:featuredmedia":[{"embeddable":true,"href":"https:\/\/keysdock.tajnaveza.net\/ro\/wp-json\/wp\/v2\/media\/1079"}],"wp:attachment":[{"href":"https:\/\/keysdock.tajnaveza.net\/ro\/wp-json\/wp\/v2\/media?parent=941"}],"wp:term":[{"taxonomy":"product_brand","embeddable":true,"href":"https:\/\/keysdock.tajnaveza.net\/ro\/wp-json\/wp\/v2\/product_brand?post=941"},{"taxonomy":"product_cat","embeddable":true,"href":"https:\/\/keysdock.tajnaveza.net\/ro\/wp-json\/wp\/v2\/product_cat?post=941"},{"taxonomy":"product_tag","embeddable":true,"href":"https:\/\/keysdock.tajnaveza.net\/ro\/wp-json\/wp\/v2\/product_tag?post=941"}],"curies":[{"name":"wp","href":"https:\/\/api.w.org\/{rel}","templated":true}]}}