{"id":945,"date":"2025-03-15T21:07:21","date_gmt":"2025-03-15T21:07:21","guid":{"rendered":"https:\/\/keysdock.com\/?post_type=product&#038;p=945"},"modified":"2025-10-19T07:30:09","modified_gmt":"2025-10-19T07:30:09","slug":"office-2019-home-business-mac-key-licenta","status":"publish","type":"product","link":"https:\/\/keysdock.tajnaveza.net\/ro\/produs\/office-2019-home-business-mac-key-licenta\/","title":{"rendered":"Office 2019 Home &#038; Business MAC Product Key Lifetime License"},"content":{"rendered":"<p><strong>Microsoft Office 2019 Home &amp; Business pentru Mac - Suit\u0103 de productivitate puternic\u0103 pentru profesioni\u0219ti \u0219i \u00eentreprinderi mici<\/strong><\/p>\n<h3><strong>Descriere<\/strong><\/h3>\n<p>Microsoft Office 2019 Home &amp; Business pentru Mac este un <strong>suit\u0103 de productivitate bogat\u0103 \u00een func\u021bii \u0219i optimizat\u0103<\/strong> concepute pentru <strong>utilizatori casnici, profesioni\u0219ti \u0219i \u00eentreprinderi mici<\/strong> care au nevoie de instrumente fiabile pentru <strong>crearea de documente, analiza datelor, comunicare \u0219i prezent\u0103ri<\/strong>. Cu o <strong>interfa\u021b\u0103 de utilizator actualizat\u0103, performan\u021b\u0103 \u00eembun\u0103t\u0103\u021bit\u0103 \u0219i integrare perfect\u0103 cu macOS<\/strong>, Office 2019 asigur\u0103 un flux de lucru fluid \u0219i eficient.<\/p>\n<p>Aceasta <strong>achizi\u021bie unic\u0103<\/strong> edi\u021bia ofer\u0103 aplica\u021bii Office esen\u021biale cu <strong>f\u0103r\u0103 taxe de abonament recurente<\/strong>, ceea ce o face o solu\u021bie rentabil\u0103 pentru cei care prefer\u0103 o suit\u0103 Office de sine st\u0103t\u0103toare.<\/p>\n<h3><strong>Aplica\u021bii incluse<\/strong><\/h3>\n<ul>\n<li><strong>Word 2019 pentru Mac<\/strong> - Procesare de text profesional\u0103 cu instrumente \u00eembun\u0103t\u0103\u021bite de aspect \u0219i formatare.<\/li>\n<li><strong>Excel 2019 pentru Mac<\/strong> - Foi de calcul avansate cu noi grafice, func\u021bii \u0219i instrumente de vizualizare a datelor.<\/li>\n<li><strong>PowerPoint 2019 pentru Mac<\/strong> - Crea\u021bi prezent\u0103ri de impact cu <strong>Tranzi\u021bie Morph, Zoom \u0219i anima\u021bii \u00eembun\u0103t\u0103\u021bite<\/strong>.<\/li>\n<li><strong>Outlook 2019 pentru Mac<\/strong> - Gestionarea \u00eembun\u0103t\u0103\u021bit\u0103 a e-mailurilor cu o <strong>Inbox concentrat, asistent de planificare \u0219i c\u0103utare \u00eembun\u0103t\u0103\u021bit\u0103<\/strong>.<\/li>\n<li><strong>OneNote pentru Mac<\/strong> - \u00cenregistrare digital\u0103 a noti\u021belor cu sincronizare \u00een cloud pe mai multe dispozitive.<\/li>\n<\/ul>\n<h3><strong>Caracteristici principale<\/strong><\/h3>\n<p>\u2705 <strong>Optimizat pentru macOS<\/strong> - <strong>Suport nativ pentru afi\u0219ajul Retina<\/strong>, vizualizare pe tot ecranul \u0219i integrarea Touch Bar pentru MacBook-uri.<br \/>\n\u2705 <strong>Integrare perfect\u0103 \u00een cloud<\/strong> - Sincroniza\u021bi \u0219i stoca\u021bi fi\u0219iere cu <strong>OneDrive \u0219i SharePoint<\/strong> pentru acces u\u0219or oriunde.<br \/>\n\u2705 <strong>Colaborare \u00een timp real<\/strong> - Lucra\u021bi \u00eempreun\u0103 pe fi\u0219iere Word, Excel \u0219i PowerPoint cu <strong>sprijin pentru coautorat<\/strong>.<br \/>\n\u2705 <strong>Func\u021bii noi \u00een Excel<\/strong> - <strong>Array-uri dinamice, XLOOKUP \u0219i grafice noi<\/strong> pentru o mai bun\u0103 analiz\u0103 a datelor.<br \/>\n\u2705 <strong>Instrumente PowerPoint \u00eembun\u0103t\u0103\u021bite<\/strong> - <strong>Tranzi\u021bie Morph, export video 4K \u0219i noi instrumente pentru prezent\u0103ri de diapozitive<\/strong>.<br \/>\n\u2705 <strong>Experien\u021b\u0103 Outlook \u00eembun\u0103t\u0103\u021bit\u0103<\/strong> - <strong>Inbox concentrat, @men\u021biuni \u0219i asistent de planificare<\/strong> pentru o mai bun\u0103 productivitate a e-mailurilor.<br \/>\n\u2705 <strong>AutoSave &amp; Istoricul versiunii<\/strong> - Salva\u021bi automat modific\u0103rile \u0219i restaura\u021bi versiunile anterioare ale documentelor.<br \/>\n\u2705 <strong>Acces offline \u0219i achizi\u021bie o singur\u0103 dat\u0103<\/strong> - <strong>Nu este necesar niciun abonament<\/strong>, ceea ce o face o solu\u021bie rentabil\u0103.<\/p>\n<h3><strong>Cerin\u021be minime de sistem<\/strong><\/h3>\n<ul>\n<li><strong>Procesor<\/strong>: Procesor Mac bazat pe Intel<\/li>\n<li><strong>RAM<\/strong>: 4 GB minim<\/li>\n<li><strong>Depozitare<\/strong>: 10 GB spa\u021biu disponibil pe disc<\/li>\n<li><strong>Afi\u0219aj<\/strong>: Rezolu\u021bie de 1280\u00d7800 sau mai mare<\/li>\n<li><strong>Sistem de operare<\/strong>: macOS Mojave (10.14) sau ulterior<\/li>\n<li class=\"translation-block\"><strong>Conectare la internet<\/strong>: Necesar\u0103 pentru activare, actualiz\u0103ri \u0219i servicii cloud<\/li>\n<\/ul>\n<h3><strong>De ce s\u0103 alege\u021bi Microsoft Office 2019 Home &amp; Business pentru Mac?<\/strong><\/h3>\n<p>\ud83d\udd39 <strong>Ideal pentru utilizatorii casnici \u0219i de afaceri<\/strong> - O suit\u0103 complet\u0103 pentru <strong>procesare de text, foi de calcul, e-mail \u0219i prezent\u0103ri<\/strong>.<br \/>\n\ud83d\udd39 <strong>Optimizat pentru macOS<\/strong> - Alerg\u0103ri <strong>f\u0103r\u0103 probleme cu dispozitivele MacBook, iMac \u0219i Mac Mini<\/strong>, inclusiv <strong>Suport pentru afi\u0219ajul Retina<\/strong>.<br \/>\n\ud83d\udd39 <strong>Colaborare \u00eembun\u0103t\u0103\u021bit\u0103<\/strong> - <strong>Integrare OneDrive &amp; SharePoint<\/strong> pentru partajarea \u0219i editarea documentelor oriunde.<br \/>\n\ud83d\udd39 <strong>Caracteristici puternice de productivitate<\/strong> - Avansat <strong>Func\u021bii Excel, anima\u021bii PowerPoint \u0219i c\u0103utare Outlook \u00eembun\u0103t\u0103\u021bit\u0103<\/strong>.<br \/>\n\ud83d\udd39 <strong>Achizi\u021bie unic\u0103<\/strong> - <strong>F\u0103r\u0103 taxe de abonament lunare sau anuale<\/strong>, oferind valoare pe termen lung.<\/p>\n<p>Actualiza\u021bi la <strong>Microsoft Office 2019 Home &amp; Business pentru Mac<\/strong> ast\u0103zi \u0219i <strong>cre\u0219te\u021bi productivitatea cu o suit\u0103 Office modern\u0103, fiabil\u0103 \u0219i plin\u0103 de func\u021bii<\/strong>! \ud83d\ude80\ud83d\udcbb\ud83d\udcca<\/p>","protected":false},"excerpt":{"rendered":"<p>Microsoft Office 2019 Home &amp; Business for Mac \u2013 Powerful Productivity Suite for Professionals &amp; Small Businesses Description Microsoft Office 2019 Home &amp; Business for Mac is a feature-rich and optimized productivity suite designed for home users, professionals, and small businesses who need reliable tools for document creation, data analysis, communication, and presentations. With an [&hellip;]<\/p>","protected":false},"featured_media":963,"comment_status":"open","ping_status":"closed","template":"","meta":{"_gspb_post_css":""},"product_brand":[],"product_cat":[62],"product_tag":[64],"class_list":{"0":"post-945","1":"product","2":"type-product","3":"status-publish","4":"has-post-thumbnail","6":"product_cat-office","7":"product_tag-office-mac","9":"first","10":"instock","11":"shipping-taxable","12":"product-type-external"},"_links":{"self":[{"href":"https:\/\/keysdock.tajnaveza.net\/ro\/wp-json\/wp\/v2\/product\/945","targetHints":{"allow":["GET"]}}],"collection":[{"href":"https:\/\/keysdock.tajnaveza.net\/ro\/wp-json\/wp\/v2\/product"}],"about":[{"href":"https:\/\/keysdock.tajnaveza.net\/ro\/wp-json\/wp\/v2\/types\/product"}],"replies":[{"embeddable":true,"href":"https:\/\/keysdock.tajnaveza.net\/ro\/wp-json\/wp\/v2\/comments?post=945"}],"wp:featuredmedia":[{"embeddable":true,"href":"https:\/\/keysdock.tajnaveza.net\/ro\/wp-json\/wp\/v2\/media\/963"}],"wp:attachment":[{"href":"https:\/\/keysdock.tajnaveza.net\/ro\/wp-json\/wp\/v2\/media?parent=945"}],"wp:term":[{"taxonomy":"product_brand","embeddable":true,"href":"https:\/\/keysdock.tajnaveza.net\/ro\/wp-json\/wp\/v2\/product_brand?post=945"},{"taxonomy":"product_cat","embeddable":true,"href":"https:\/\/keysdock.tajnaveza.net\/ro\/wp-json\/wp\/v2\/product_cat?post=945"},{"taxonomy":"product_tag","embeddable":true,"href":"https:\/\/keysdock.tajnaveza.net\/ro\/wp-json\/wp\/v2\/product_tag?post=945"}],"curies":[{"name":"wp","href":"https:\/\/api.w.org\/{rel}","templated":true}]}}